{"id":697,"date":"2026-04-09T06:41:26","date_gmt":"2026-04-09T06:41:26","guid":{"rendered":"https:\/\/thucung.azdigi.shop\/?post_type=product&#038;p=697"},"modified":"2026-04-09T06:41:59","modified_gmt":"2026-04-09T06:41:59","slug":"pate-nutri-plan-holic-85g","status":"publish","type":"product","link":"https:\/\/thucung.azdigi.shop\/?product=pate-nutri-plan-holic-85g","title":{"rendered":"Pate Cho Ch\u00f3 Th\u1ecbt &#038; Rau C\u1ee7 Nutri Plan Holic (Lon 85g)"},"content":{"rendered":"<h2 data-section-id=\"uaa6bi\" data-start=\"480\" data-end=\"497\"><span role=\"text\"><strong data-start=\"483\" data-end=\"497\">Gi\u1edbi thi\u1ec7u<\/strong><\/span><\/h2>\n<p data-start=\"498\" data-end=\"681\">Nutri Plan Holic 85g l\u00e0 d\u00f2ng pate d\u00e0nh cho ch\u00f3 v\u1edbi s\u1ef1 k\u1ebft h\u1ee3p gi\u1eefa th\u1ecbt v\u00e0 rau c\u1ee7. S\u1ea3n ph\u1ea9m mang l\u1ea1i ngu\u1ed3n dinh d\u01b0\u1ee1ng c\u00e2n b\u1eb1ng, ph\u00f9 h\u1ee3p cho b\u1eefa \u0103n h\u1eb1ng ng\u00e0y ho\u1eb7c d\u00f9ng k\u00e8m v\u1edbi h\u1ea1t kh\u00f4.<\/p>\n<hr data-start=\"683\" data-end=\"686\" \/>\n<h2 data-section-id=\"1qk09l\" data-start=\"688\" data-end=\"716\"><span role=\"text\"><strong data-start=\"691\" data-end=\"716\">Th\u00e0nh ph\u1ea7n dinh d\u01b0\u1ee1ng<\/strong><\/span><\/h2>\n<p data-start=\"717\" data-end=\"752\">S\u1ea3n ph\u1ea9m ch\u1ee9a c\u00e1c th\u00e0nh ph\u1ea7n ch\u00ednh:<\/p>\n<ul data-start=\"753\" data-end=\"848\">\n<li data-section-id=\"iruegp\" data-start=\"753\" data-end=\"778\">Th\u1ecbt cung c\u1ea5p protein<\/li>\n<li data-section-id=\"1jrej5z\" data-start=\"779\" data-end=\"816\">Rau c\u1ee7 b\u1ed5 sung ch\u1ea5t x\u01a1 v\u00e0 vitamin<\/li>\n<li data-section-id=\"xbqbuk\" data-start=\"817\" data-end=\"848\">Kho\u00e1ng ch\u1ea5t h\u1ed7 tr\u1ee3 s\u1ee9c kh\u1ecfe<\/li>\n<\/ul>\n<p data-start=\"850\" data-end=\"915\">Nh\u1edd \u0111\u00f3, th\u00fa c\u01b0ng c\u00f3 th\u1ec3 h\u1ea5p th\u1ee5 dinh d\u01b0\u1ee1ng \u0111\u1ea7y \u0111\u1ee7 v\u00e0 d\u1ec5 d\u00e0ng h\u01a1n.<\/p>\n<hr data-start=\"917\" data-end=\"920\" \/>\n<h2 data-section-id=\"5fzsc9\" data-start=\"922\" data-end=\"948\"><span role=\"text\"><strong data-start=\"925\" data-end=\"948\">L\u1ee3i \u00edch khi s\u1eed d\u1ee5ng<\/strong><\/span><\/h2>\n<h3 data-section-id=\"1o0uwkx\" data-start=\"950\" data-end=\"973\"><span role=\"text\">\ud83c\udf57 <strong data-start=\"957\" data-end=\"973\">T\u0103ng kh\u1ea9u v\u1ecb<\/strong><\/span><\/h3>\n<p data-start=\"974\" data-end=\"1032\">Pate m\u1ec1m gi\u00fap ch\u00f3 \u0103n ngon h\u01a1n, \u0111\u1eb7c bi\u1ec7t v\u1edbi c\u00e1c b\u00e9 k\u00e9n \u0103n.<\/p>\n<h3 data-section-id=\"3dv2su\" data-start=\"1034\" data-end=\"1060\"><span role=\"text\">\ud83e\uddb4 <strong data-start=\"1041\" data-end=\"1060\">H\u1ed7 tr\u1ee3 ti\u00eau h\u00f3a<\/strong><\/span><\/h3>\n<p data-start=\"1061\" data-end=\"1103\">Rau c\u1ee7 gi\u00fap h\u1ec7 ti\u00eau h\u00f3a ho\u1ea1t \u0111\u1ed9ng \u1ed5n \u0111\u1ecbnh.<\/p>\n<h3 data-section-id=\"5s30n\" data-start=\"1105\" data-end=\"1133\"><span role=\"text\">\ud83d\udee1\ufe0f <strong data-start=\"1113\" data-end=\"1133\">Duy tr\u00ec s\u1ee9c kh\u1ecfe<\/strong><\/span><\/h3>\n<p data-start=\"1134\" data-end=\"1188\">Cung c\u1ea5p d\u01b0\u1ee1ng ch\u1ea5t c\u1ea7n thi\u1ebft cho ho\u1ea1t \u0111\u1ed9ng h\u1eb1ng ng\u00e0y.<\/p>\n<hr data-start=\"1190\" data-end=\"1193\" \/>\n<h2 data-section-id=\"e0kb79\" data-start=\"1195\" data-end=\"1219\"><span role=\"text\"><strong data-start=\"1198\" data-end=\"1219\">\u0110\u1ed1i t\u01b0\u1ee3ng s\u1eed d\u1ee5ng<\/strong><\/span><\/h2>\n<ul data-start=\"1220\" data-end=\"1297\">\n<li data-section-id=\"10zzkrq\" data-start=\"1220\" data-end=\"1251\">Ch\u00f3 con v\u00e0 ch\u00f3 tr\u01b0\u1edfng th\u00e0nh<\/li>\n<li data-section-id=\"3mo3e9\" data-start=\"1252\" data-end=\"1266\">Ch\u00f3 k\u00e9n \u0103n<\/li>\n<li data-section-id=\"kdlz85\" data-start=\"1267\" data-end=\"1297\">Ch\u00f3 c\u1ea7n b\u1ed5 sung dinh d\u01b0\u1ee1ng<\/li>\n<\/ul>\n<hr data-start=\"1299\" data-end=\"1302\" \/>\n<h2 data-section-id=\"1ou8prs\" data-start=\"1304\" data-end=\"1328\"><span role=\"text\"><strong data-start=\"1307\" data-end=\"1328\">H\u01b0\u1edbng d\u1eabn s\u1eed d\u1ee5ng<\/strong><\/span><\/h2>\n<ul data-start=\"1329\" data-end=\"1428\">\n<li data-section-id=\"w0odb5\" data-start=\"1329\" data-end=\"1365\">D\u00f9ng tr\u1ef1c ti\u1ebfp ho\u1eb7c tr\u1ed9n v\u1edbi h\u1ea1t<\/li>\n<li data-section-id=\"17l2o8z\" data-start=\"1366\" data-end=\"1399\">Cho \u0103n theo kh\u1ea9u ph\u1ea7n ph\u00f9 h\u1ee3p<\/li>\n<li data-section-id=\"1hg6k2j\" data-start=\"1400\" data-end=\"1428\">B\u1ea3o qu\u1ea3n l\u1ea1nh sau khi m\u1edf<\/li>\n<\/ul>\n<hr data-start=\"1430\" data-end=\"1433\" \/>\n<h2 data-section-id=\"bh4eov\" data-start=\"1435\" data-end=\"1450\"><span role=\"text\"><strong data-start=\"1438\" data-end=\"1450\">K\u1ebft lu\u1eadn<\/strong><\/span><\/h2>\n<p data-start=\"1451\" data-end=\"1594\">Nutri Plan Holic 85g l\u00e0 l\u1ef1a ch\u1ecdn ph\u00f9 h\u1ee3p cho b\u1eefa \u0103n dinh d\u01b0\u1ee1ng v\u00e0 ti\u1ec7n l\u1ee3i cho ch\u00f3. S\u1ea3n ph\u1ea9m gi\u00fap c\u1ea3i thi\u1ec7n kh\u1ea9u v\u1ecb v\u00e0 h\u1ed7 tr\u1ee3 s\u1ee9c kh\u1ecfe l\u00e2u d\u00e0i.<\/p>\n","protected":false},"excerpt":{"rendered":"<p>Gi\u1edbi thi\u1ec7u Nutri Plan Holic 85g l\u00e0 d\u00f2ng pate d\u00e0nh cho ch\u00f3 v\u1edbi s\u1ef1 k\u1ebft h\u1ee3p gi\u1eefa th\u1ecbt v\u00e0 rau c\u1ee7. S\u1ea3n ph\u1ea9m mang l\u1ea1i ngu\u1ed3n dinh d\u01b0\u1ee1ng c\u00e2n b\u1eb1ng, ph\u00f9 h\u1ee3p cho b\u1eefa \u0103n h\u1eb1ng ng\u00e0y ho\u1eb7c d\u00f9ng k\u00e8m v\u1edbi h\u1ea1t kh\u00f4. Th\u00e0nh ph\u1ea7n dinh d\u01b0\u1ee1ng S\u1ea3n ph\u1ea9m ch\u1ee9a c\u00e1c th\u00e0nh ph\u1ea7n ch\u00ednh: Th\u1ecbt [&#8230;]\n","protected":false},"featured_media":715,"comment_status":"open","ping_status":"closed","template":"","meta":[],"product_brand":[43],"product_cat":[33,36],"product_tag":[],"class_list":{"0":"post-697","1":"product","2":"type-product","3":"status-publish","4":"has-post-thumbnail","6":"product_brand-nutri-plan-holic","7":"product_cat-cho","8":"product_cat-thuc-an-uot","10":"first","11":"instock","12":"sale","13":"taxable","14":"shipping-taxable","15":"purchasable","16":"product-type-variable"},"yoast_head":"<!-- This site is optimized with the Yoast SEO plugin v26.9 - https:\/\/yoast.com\/product\/yoast-seo-wordpress\/ -->\n<title>Pate Cho Ch\u00f3 Th\u1ecbt &amp; Rau C\u1ee7 Nutri Plan Holic (Lon 85g) - Pobi shop<\/title>\n<meta name=\"description\" content=\"Pate Nutri Plan Holic 85g v\u1edbi th\u1ecbt v\u00e0 rau c\u1ee7, gi\u00fap ch\u00f3 \u0103n ngon, d\u1ec5 ti\u00eau h\u00f3a v\u00e0 b\u1ed5 sung dinh d\u01b0\u1ee1ng h\u1eb1ng ng\u00e0y.\" \/>\n<meta name=\"robots\" content=\"index, follow, max-snippet:-1, max-image-preview:large, max-video-preview:-1\" \/>\n<link rel=\"canonical\" href=\"https:\/\/thucung.azdigi.shop\/?product=pate-nutri-plan-holic-85g\" \/>\n<meta property=\"og:locale\" content=\"vi_VN\" \/>\n<meta property=\"og:type\" content=\"article\" \/>\n<meta property=\"og:title\" content=\"Pate Cho Ch\u00f3 Th\u1ecbt &amp; Rau C\u1ee7 Nutri Plan Holic (Lon 85g) - Pobi shop\" \/>\n<meta property=\"og:description\" content=\"Pate Nutri Plan Holic 85g v\u1edbi th\u1ecbt v\u00e0 rau c\u1ee7, gi\u00fap ch\u00f3 \u0103n ngon, d\u1ec5 ti\u00eau h\u00f3a v\u00e0 b\u1ed5 sung dinh d\u01b0\u1ee1ng h\u1eb1ng ng\u00e0y.\" \/>\n<meta property=\"og:url\" content=\"https:\/\/thucung.azdigi.shop\/?product=pate-nutri-plan-holic-85g\" \/>\n<meta property=\"og:site_name\" content=\"Pobi shop\" \/>\n<meta property=\"article:modified_time\" content=\"2026-04-09T06:41:59+00:00\" \/>\n<meta property=\"og:image\" content=\"https:\/\/thucung.azdigi.shop\/wp-content\/uploads\/2026\/04\/pate-cho-.png\" \/>\n\t<meta property=\"og:image:width\" content=\"566\" \/>\n\t<meta property=\"og:image:height\" content=\"562\" \/>\n\t<meta property=\"og:image:type\" content=\"image\/png\" \/>\n<meta name=\"twitter:card\" content=\"summary_large_image\" \/>\n<meta name=\"twitter:label1\" content=\"\u01af\u1edbc t\u00ednh th\u1eddi gian \u0111\u1ecdc\" \/>\n\t<meta name=\"twitter:data1\" content=\"2 ph\u00fat\" \/>\n<script type=\"application\/ld+json\" class=\"yoast-schema-graph\">{\"@context\":\"https:\/\/schema.org\",\"@graph\":[{\"@type\":\"WebPage\",\"@id\":\"https:\/\/thucung.azdigi.shop\/?product=pate-nutri-plan-holic-85g\",\"url\":\"https:\/\/thucung.azdigi.shop\/?product=pate-nutri-plan-holic-85g\",\"name\":\"Pate Cho Ch\u00f3 Th\u1ecbt & Rau C\u1ee7 Nutri Plan Holic (Lon 85g) - Pobi shop\",\"isPartOf\":{\"@id\":\"https:\/\/thucung.azdigi.shop\/#website\"},\"primaryImageOfPage\":{\"@id\":\"https:\/\/thucung.azdigi.shop\/?product=pate-nutri-plan-holic-85g#primaryimage\"},\"image\":{\"@id\":\"https:\/\/thucung.azdigi.shop\/?product=pate-nutri-plan-holic-85g#primaryimage\"},\"thumbnailUrl\":\"https:\/\/thucung.azdigi.shop\/wp-content\/uploads\/2026\/04\/pate-cho-.png\",\"datePublished\":\"2026-04-09T06:41:26+00:00\",\"dateModified\":\"2026-04-09T06:41:59+00:00\",\"description\":\"Pate Nutri Plan Holic 85g v\u1edbi th\u1ecbt v\u00e0 rau c\u1ee7, gi\u00fap ch\u00f3 \u0103n ngon, d\u1ec5 ti\u00eau h\u00f3a v\u00e0 b\u1ed5 sung dinh d\u01b0\u1ee1ng h\u1eb1ng ng\u00e0y.\",\"breadcrumb\":{\"@id\":\"https:\/\/thucung.azdigi.shop\/?product=pate-nutri-plan-holic-85g#breadcrumb\"},\"inLanguage\":\"vi\",\"potentialAction\":[{\"@type\":\"ReadAction\",\"target\":[\"https:\/\/thucung.azdigi.shop\/?product=pate-nutri-plan-holic-85g\"]}]},{\"@type\":\"ImageObject\",\"inLanguage\":\"vi\",\"@id\":\"https:\/\/thucung.azdigi.shop\/?product=pate-nutri-plan-holic-85g#primaryimage\",\"url\":\"https:\/\/thucung.azdigi.shop\/wp-content\/uploads\/2026\/04\/pate-cho-.png\",\"contentUrl\":\"https:\/\/thucung.azdigi.shop\/wp-content\/uploads\/2026\/04\/pate-cho-.png\",\"width\":566,\"height\":562},{\"@type\":\"BreadcrumbList\",\"@id\":\"https:\/\/thucung.azdigi.shop\/?product=pate-nutri-plan-holic-85g#breadcrumb\",\"itemListElement\":[{\"@type\":\"ListItem\",\"position\":1,\"name\":\"Trang ch\u1ee7\",\"item\":\"https:\/\/thucung.azdigi.shop\/\"},{\"@type\":\"ListItem\",\"position\":2,\"name\":\"C\u1eeda h\u00e0ng\",\"item\":\"https:\/\/thucung.azdigi.shop\/?page_id=137\"},{\"@type\":\"ListItem\",\"position\":3,\"name\":\"Pate Cho Ch\u00f3 Th\u1ecbt &#038; Rau C\u1ee7 Nutri Plan Holic (Lon 85g)\"}]},{\"@type\":\"WebSite\",\"@id\":\"https:\/\/thucung.azdigi.shop\/#website\",\"url\":\"https:\/\/thucung.azdigi.shop\/\",\"name\":\"Chuy\u00ean b\u00e1n th\u00fa c\u01b0ng, ph\u1ee5 ki\u1ec7n, th\u1ee9c \u0103n\",\"description\":\"\",\"potentialAction\":[{\"@type\":\"SearchAction\",\"target\":{\"@type\":\"EntryPoint\",\"urlTemplate\":\"https:\/\/thucung.azdigi.shop\/?s={search_term_string}\"},\"query-input\":{\"@type\":\"PropertyValueSpecification\",\"valueRequired\":true,\"valueName\":\"search_term_string\"}}],\"inLanguage\":\"vi\"}]}<\/script>\n<!-- \/ Yoast SEO plugin. -->","yoast_head_json":{"title":"Pate Cho Ch\u00f3 Th\u1ecbt & Rau C\u1ee7 Nutri Plan Holic (Lon 85g) - Pobi shop","description":"Pate Nutri Plan Holic 85g v\u1edbi th\u1ecbt v\u00e0 rau c\u1ee7, gi\u00fap ch\u00f3 \u0103n ngon, d\u1ec5 ti\u00eau h\u00f3a v\u00e0 b\u1ed5 sung dinh d\u01b0\u1ee1ng h\u1eb1ng ng\u00e0y.","robots":{"index":"index","follow":"follow","max-snippet":"max-snippet:-1","max-image-preview":"max-image-preview:large","max-video-preview":"max-video-preview:-1"},"canonical":"https:\/\/thucung.azdigi.shop\/?product=pate-nutri-plan-holic-85g","og_locale":"vi_VN","og_type":"article","og_title":"Pate Cho Ch\u00f3 Th\u1ecbt & Rau C\u1ee7 Nutri Plan Holic (Lon 85g) - Pobi shop","og_description":"Pate Nutri Plan Holic 85g v\u1edbi th\u1ecbt v\u00e0 rau c\u1ee7, gi\u00fap ch\u00f3 \u0103n ngon, d\u1ec5 ti\u00eau h\u00f3a v\u00e0 b\u1ed5 sung dinh d\u01b0\u1ee1ng h\u1eb1ng ng\u00e0y.","og_url":"https:\/\/thucung.azdigi.shop\/?product=pate-nutri-plan-holic-85g","og_site_name":"Pobi shop","article_modified_time":"2026-04-09T06:41:59+00:00","og_image":[{"width":566,"height":562,"url":"https:\/\/thucung.azdigi.shop\/wp-content\/uploads\/2026\/04\/pate-cho-.png","type":"image\/png"}],"twitter_card":"summary_large_image","twitter_misc":{"\u01af\u1edbc t\u00ednh th\u1eddi gian \u0111\u1ecdc":"2 ph\u00fat"},"schema":{"@context":"https:\/\/schema.org","@graph":[{"@type":"WebPage","@id":"https:\/\/thucung.azdigi.shop\/?product=pate-nutri-plan-holic-85g","url":"https:\/\/thucung.azdigi.shop\/?product=pate-nutri-plan-holic-85g","name":"Pate Cho Ch\u00f3 Th\u1ecbt & Rau C\u1ee7 Nutri Plan Holic (Lon 85g) - Pobi shop","isPartOf":{"@id":"https:\/\/thucung.azdigi.shop\/#website"},"primaryImageOfPage":{"@id":"https:\/\/thucung.azdigi.shop\/?product=pate-nutri-plan-holic-85g#primaryimage"},"image":{"@id":"https:\/\/thucung.azdigi.shop\/?product=pate-nutri-plan-holic-85g#primaryimage"},"thumbnailUrl":"https:\/\/thucung.azdigi.shop\/wp-content\/uploads\/2026\/04\/pate-cho-.png","datePublished":"2026-04-09T06:41:26+00:00","dateModified":"2026-04-09T06:41:59+00:00","description":"Pate Nutri Plan Holic 85g v\u1edbi th\u1ecbt v\u00e0 rau c\u1ee7, gi\u00fap ch\u00f3 \u0103n ngon, d\u1ec5 ti\u00eau h\u00f3a v\u00e0 b\u1ed5 sung dinh d\u01b0\u1ee1ng h\u1eb1ng ng\u00e0y.","breadcrumb":{"@id":"https:\/\/thucung.azdigi.shop\/?product=pate-nutri-plan-holic-85g#breadcrumb"},"inLanguage":"vi","potentialAction":[{"@type":"ReadAction","target":["https:\/\/thucung.azdigi.shop\/?product=pate-nutri-plan-holic-85g"]}]},{"@type":"ImageObject","inLanguage":"vi","@id":"https:\/\/thucung.azdigi.shop\/?product=pate-nutri-plan-holic-85g#primaryimage","url":"https:\/\/thucung.azdigi.shop\/wp-content\/uploads\/2026\/04\/pate-cho-.png","contentUrl":"https:\/\/thucung.azdigi.shop\/wp-content\/uploads\/2026\/04\/pate-cho-.png","width":566,"height":562},{"@type":"BreadcrumbList","@id":"https:\/\/thucung.azdigi.shop\/?product=pate-nutri-plan-holic-85g#breadcrumb","itemListElement":[{"@type":"ListItem","position":1,"name":"Trang ch\u1ee7","item":"https:\/\/thucung.azdigi.shop\/"},{"@type":"ListItem","position":2,"name":"C\u1eeda h\u00e0ng","item":"https:\/\/thucung.azdigi.shop\/?page_id=137"},{"@type":"ListItem","position":3,"name":"Pate Cho Ch\u00f3 Th\u1ecbt &#038; Rau C\u1ee7 Nutri Plan Holic (Lon 85g)"}]},{"@type":"WebSite","@id":"https:\/\/thucung.azdigi.shop\/#website","url":"https:\/\/thucung.azdigi.shop\/","name":"Chuy\u00ean b\u00e1n th\u00fa c\u01b0ng, ph\u1ee5 ki\u1ec7n, th\u1ee9c \u0103n","description":"","potentialAction":[{"@type":"SearchAction","target":{"@type":"EntryPoint","urlTemplate":"https:\/\/thucung.azdigi.shop\/?s={search_term_string}"},"query-input":{"@type":"PropertyValueSpecification","valueRequired":true,"valueName":"search_term_string"}}],"inLanguage":"vi"}]}},"_links":{"self":[{"href":"https:\/\/thucung.azdigi.shop\/index.php?rest_route=\/wp\/v2\/product\/697","targetHints":{"allow":["GET"]}}],"collection":[{"href":"https:\/\/thucung.azdigi.shop\/index.php?rest_route=\/wp\/v2\/product"}],"about":[{"href":"https:\/\/thucung.azdigi.shop\/index.php?rest_route=\/wp\/v2\/types\/product"}],"replies":[{"embeddable":true,"href":"https:\/\/thucung.azdigi.shop\/index.php?rest_route=%2Fwp%2Fv2%2Fcomments&post=697"}],"wp:featuredmedia":[{"embeddable":true,"href":"https:\/\/thucung.azdigi.shop\/index.php?rest_route=\/wp\/v2\/media\/715"}],"wp:attachment":[{"href":"https:\/\/thucung.azdigi.shop\/index.php?rest_route=%2Fwp%2Fv2%2Fmedia&parent=697"}],"wp:term":[{"taxonomy":"product_brand","embeddable":true,"href":"https:\/\/thucung.azdigi.shop\/index.php?rest_route=%2Fwp%2Fv2%2Fproduct_brand&post=697"},{"taxonomy":"product_cat","embeddable":true,"href":"https:\/\/thucung.azdigi.shop\/index.php?rest_route=%2Fwp%2Fv2%2Fproduct_cat&post=697"},{"taxonomy":"product_tag","embeddable":true,"href":"https:\/\/thucung.azdigi.shop\/index.php?rest_route=%2Fwp%2Fv2%2Fproduct_tag&post=697"}],"curies":[{"name":"wp","href":"https:\/\/api.w.org\/{rel}","templated":true}]}}