{"id":678,"date":"2026-04-08T11:48:29","date_gmt":"2026-04-08T11:48:29","guid":{"rendered":"https:\/\/thucung.azdigi.shop\/?post_type=product&#038;p=678"},"modified":"2026-04-08T11:48:29","modified_gmt":"2026-04-08T11:48:29","slug":"pate-cho-cho-pate-monge-nhieu-vi-100g","status":"publish","type":"product","link":"https:\/\/thucung.azdigi.shop\/?product=pate-cho-cho-pate-monge-nhieu-vi-100g","title":{"rendered":"Pate Cho Ch\u00f3 Pate Monge Nhi\u1ec1u V\u1ecb 100g"},"content":{"rendered":"<h1 data-section-id=\"1cpm0em\" data-start=\"151\" data-end=\"199\">Pate Cho Ch\u00f3 Monge Nhi\u1ec1u V\u1ecb 100g \u2013 Nh\u1eadp Kh\u1ea9u \u00dd<\/h1>\n<h2 data-section-id=\"1dkunbw\" data-start=\"201\" data-end=\"223\">Gi\u1edbi thi\u1ec7u s\u1ea3n ph\u1ea9m<\/h2>\n<p data-start=\"224\" data-end=\"496\">Pate cho ch\u00f3 Monge 100g l\u00e0 d\u00f2ng th\u1ee9c \u0103n \u01b0\u1edbt cao c\u1ea5p d\u00e0nh cho c\u00fan, \u0111\u01b0\u1ee3c nh\u1eadp kh\u1ea9u t\u1eeb \u00dd v\u1edbi nhi\u1ec1u h\u01b0\u01a1ng v\u1ecb th\u01a1m ngon, gi\u00fap k\u00edch th\u00edch v\u1ecb gi\u00e1c v\u00e0 h\u1ed7 tr\u1ee3 b\u1eefa \u0103n th\u00eam h\u1ea5p d\u1eabn. S\u1ea3n ph\u1ea9m c\u00f3 k\u1ebft c\u1ea5u m\u1ec1m m\u1ecbn, d\u1ec5 \u0103n, ph\u00f9 h\u1ee3p v\u1edbi nhi\u1ec1u gi\u1ed1ng ch\u00f3 \u1edf c\u00e1c giai \u0111o\u1ea1n ph\u00e1t tri\u1ec3n kh\u00e1c nhau.<\/p>\n<h2 data-section-id=\"1egc1x8\" data-start=\"498\" data-end=\"526\">\u0110i\u1ec3m n\u1ed5i b\u1eadt c\u1ee7a s\u1ea3n ph\u1ea9m<\/h2>\n<ul data-start=\"527\" data-end=\"851\">\n<li data-section-id=\"yvp0ck\" data-start=\"527\" data-end=\"584\">Th\u01b0\u01a1ng hi\u1ec7u Monge n\u1ed5i ti\u1ebfng, nh\u1eadp kh\u1ea9u tr\u1ef1c ti\u1ebfp t\u1eeb \u00dd<\/li>\n<li data-section-id=\"1ncf7ml\" data-start=\"585\" data-end=\"642\">Nhi\u1ec1u v\u1ecb th\u01a1m ngon, d\u1ec5 l\u1ef1a ch\u1ecdn theo s\u1edf th\u00edch c\u1ee7a c\u00fan<\/li>\n<li data-section-id=\"16g46z3\" data-start=\"643\" data-end=\"683\">K\u1ebft c\u1ea5u pate m\u1ec1m, d\u1ec5 \u0103n, d\u1ec5 ti\u00eau h\u00f3a<\/li>\n<li data-section-id=\"qkz1f\" data-start=\"684\" data-end=\"735\">C\u00f3 th\u1ec3 d\u00f9ng \u0103n tr\u1ef1c ti\u1ebfp ho\u1eb7c tr\u1ed9n c\u00f9ng h\u1ea1t kh\u00f4<\/li>\n<li data-section-id=\"kumo5h\" data-start=\"736\" data-end=\"791\">H\u1ed7 tr\u1ee3 k\u00edch th\u00edch v\u1ecb gi\u00e1c, t\u0103ng c\u1ea3m gi\u00e1c ngon mi\u1ec7ng<\/li>\n<li data-section-id=\"y03xz\" data-start=\"792\" data-end=\"851\">Ph\u00f9 h\u1ee3p l\u00e0m b\u1eefa ch\u00ednh, b\u1eefa ph\u1ee5 ho\u1eb7c pate th\u01b0\u1edfng cho ch\u00f3<\/li>\n<\/ul>\n<h2 data-section-id=\"qcs7cz\" data-start=\"853\" data-end=\"874\">Th\u00f4ng tin chi ti\u1ebft<\/h2>\n<ul data-start=\"875\" data-end=\"1098\">\n<li data-section-id=\"1y7bmes\" data-start=\"875\" data-end=\"920\">T\u00ean s\u1ea3n ph\u1ea9m: Pate cho ch\u00f3 Monge nhi\u1ec1u v\u1ecb<\/li>\n<li data-section-id=\"18cfm89\" data-start=\"921\" data-end=\"941\">Kh\u1ed1i l\u01b0\u1ee3ng: 100g<\/li>\n<li data-section-id=\"s7ucgy\" data-start=\"942\" data-end=\"956\">Xu\u1ea5t x\u1ee9: \u00dd<\/li>\n<li data-section-id=\"plmmxm\" data-start=\"957\" data-end=\"1020\">\u0110\u1ed1i t\u01b0\u1ee3ng s\u1eed d\u1ee5ng: Ch\u00f3 \u1edf nhi\u1ec1u \u0111\u1ed9 tu\u1ed5i, gi\u1ed1ng ch\u00f3 kh\u00e1c nhau<\/li>\n<li data-section-id=\"swq8by\" data-start=\"1021\" data-end=\"1057\">D\u1ea1ng th\u1ee9c \u0103n: Pate \/ th\u1ee9c \u0103n \u01b0\u1edbt<\/li>\n<li data-section-id=\"k7nd54\" data-start=\"1058\" data-end=\"1098\">Quy c\u00e1ch: G\u00f3i\/H\u1ed9p 100g t\u00f9y ph\u00e2n lo\u1ea1i<\/li>\n<\/ul>\n<h2 data-section-id=\"100tp8k\" data-start=\"1100\" data-end=\"1135\">C\u00f4ng d\u1ee5ng c\u1ee7a pate Monge cho ch\u00f3<\/h2>\n<p data-start=\"1136\" data-end=\"1352\">Pate Monge kh\u00f4ng ch\u1ec9 l\u00e0 m\u00f3n \u0103n kho\u00e1i kh\u1ea9u m\u00e0 c\u00f2n gi\u00fap b\u1ed5 sung dinh d\u01b0\u1ee1ng c\u1ea7n thi\u1ebft m\u1ed7i ng\u00e0y, h\u1ed7 tr\u1ee3 c\u00fan \u0103n ngon mi\u1ec7ng h\u01a1n. S\u1ea3n ph\u1ea9m \u0111\u1eb7c bi\u1ec7t ph\u00f9 h\u1ee3p v\u1edbi nh\u1eefng b\u00e9 k\u00e9n \u0103n, m\u1edbi \u1ed1m d\u1eady ho\u1eb7c c\u1ea7n \u0111\u1ed5i v\u1ecb trong kh\u1ea9u ph\u1ea7n \u0103n.<\/p>\n<p data-start=\"1354\" data-end=\"1460\">Ngo\u00e0i ra, pate c\u00f2n gi\u00fap b\u1eefa \u0103n c\u1ee7a ch\u00f3 tr\u1edf n\u00ean \u0111a d\u1ea1ng h\u01a1n, h\u1ea1n ch\u1ebf c\u1ea3m gi\u00e1c ng\u00e1n khi \u0103n h\u1ea1t kh\u00f4 li\u00ean t\u1ee5c.<\/p>\n<h2 data-section-id=\"69br7c\" data-start=\"1462\" data-end=\"1482\">H\u01b0\u1edbng d\u1eabn s\u1eed d\u1ee5ng<\/h2>\n<ul data-start=\"1483\" data-end=\"1719\">\n<li data-section-id=\"1ye87\" data-start=\"1483\" data-end=\"1503\">Cho \u0103n tr\u1ef1c ti\u1ebfp<\/li>\n<li data-section-id=\"1vbgb0b\" data-start=\"1504\" data-end=\"1555\">C\u00f3 th\u1ec3 tr\u1ed9n c\u00f9ng th\u1ee9c \u0103n h\u1ea1t \u0111\u1ec3 t\u0103ng \u0111\u1ed9 h\u1ea5p d\u1eabn<\/li>\n<li data-section-id=\"ll1sbb\" data-start=\"1556\" data-end=\"1625\">\u0110i\u1ec1u ch\u1ec9nh l\u01b0\u1ee3ng \u0103n t\u00f9y theo c\u00e2n n\u1eb7ng, \u0111\u1ed9 tu\u1ed5i v\u00e0 nhu c\u1ea7u c\u1ee7a ch\u00f3<\/li>\n<li data-section-id=\"16nvx7x\" data-start=\"1626\" data-end=\"1662\">B\u1ea3o qu\u1ea3n n\u01a1i kh\u00f4 r\u00e1o, tho\u00e1ng m\u00e1t<\/li>\n<li data-section-id=\"1659f2x\" data-start=\"1663\" data-end=\"1719\">Sau khi m\u1edf n\u00ean b\u1ea3o qu\u1ea3n ng\u0103n m\u00e1t t\u1ee7 l\u1ea1nh v\u00e0 d\u00f9ng s\u1edbm<\/li>\n<\/ul>\n<h2 data-section-id=\"6cgz5\" data-start=\"1721\" data-end=\"1739\">Cam k\u1ebft t\u1eeb shop<\/h2>\n<ul data-start=\"1740\" data-end=\"1911\">\n<li data-section-id=\"1ytandy\" data-start=\"1740\" data-end=\"1763\">S\u1ea3n ph\u1ea9m \u0111\u00fang m\u00f4 t\u1ea3<\/li>\n<li data-section-id=\"1802q3w\" data-start=\"1764\" data-end=\"1801\">H\u00e0ng nh\u1eadp kh\u1ea9u, \u0111\u00f3ng g\u00f3i c\u1ea9n th\u1eadn<\/li>\n<li data-section-id=\"xiukt\" data-start=\"1802\" data-end=\"1844\">H\u1ed7 tr\u1ee3 t\u01b0 v\u1ea5n ch\u1ecdn v\u1ecb ph\u00f9 h\u1ee3p cho boss<\/li>\n<li data-section-id=\"4m0sao\" data-start=\"1845\" data-end=\"1911\">H\u1ed7 tr\u1ee3 \u0111\u1ed5i tr\u1ea3 theo ch\u00ednh s\u00e1ch c\u1ee7a s\u00e0n n\u1ebfu l\u1ed7i t\u1eeb nh\u00e0 s\u1ea3n xu\u1ea5t<\/li>\n<\/ul>\n","protected":false},"excerpt":{"rendered":"<p>Pate Cho Ch\u00f3 Monge Nhi\u1ec1u V\u1ecb 100g \u2013 Nh\u1eadp Kh\u1ea9u \u00dd Gi\u1edbi thi\u1ec7u s\u1ea3n ph\u1ea9m Pate cho ch\u00f3 Monge 100g l\u00e0 d\u00f2ng th\u1ee9c \u0103n \u01b0\u1edbt cao c\u1ea5p d\u00e0nh cho c\u00fan, \u0111\u01b0\u1ee3c nh\u1eadp kh\u1ea9u t\u1eeb \u00dd v\u1edbi nhi\u1ec1u h\u01b0\u01a1ng v\u1ecb th\u01a1m ngon, gi\u00fap k\u00edch th\u00edch v\u1ecb gi\u00e1c v\u00e0 h\u1ed7 tr\u1ee3 b\u1eefa \u0103n th\u00eam h\u1ea5p d\u1eabn. S\u1ea3n [&#8230;]\n","protected":false},"featured_media":692,"comment_status":"open","ping_status":"closed","template":"","meta":[],"product_brand":[37],"product_cat":[33,36],"product_tag":[],"class_list":{"0":"post-678","1":"product","2":"type-product","3":"status-publish","4":"has-post-thumbnail","6":"product_brand-monge","7":"product_cat-cho","8":"product_cat-thuc-an-uot","10":"first","11":"instock","12":"sale","13":"taxable","14":"shipping-taxable","15":"purchasable","16":"product-type-variable"},"yoast_head":"<!-- This site is optimized with the Yoast SEO plugin v26.9 - https:\/\/yoast.com\/product\/yoast-seo-wordpress\/ -->\n<title>Pate Cho Ch\u00f3 Pate Monge Nhi\u1ec1u V\u1ecb 100g - Pobi shop<\/title>\n<meta name=\"description\" content=\"Pate cho ch\u00f3 Monge 100g l\u00e0 d\u00f2ng th\u1ee9c \u0103n \u01b0\u1edbt nh\u1eadp kh\u1ea9u t\u1eeb \u00dd, n\u1ed5i b\u1eadt v\u1edbi nhi\u1ec1u h\u01b0\u01a1ng v\u1ecb th\u01a1m ngon, m\u1ec1m m\u1ecbn v\u00e0 d\u1ec5 \u0103n. S\u1ea3n ph\u1ea9m ph\u00f9 h\u1ee3p cho ch\u00f3 \u1edf nhi\u1ec1u \u0111\u1ed9 tu\u1ed5i, \u0111\u1eb7c bi\u1ec7t l\u00e0 ch\u00f3 k\u00e9n \u0103n, ch\u00f3 c\u1ea7n \u0111\u1ed5i v\u1ecb ho\u1eb7c c\u1ea7n b\u1ed5 sung th\u00eam dinh d\u01b0\u1ee1ng trong b\u1eefa \u0103n h\u1eb1ng ng\u00e0y.\" \/>\n<meta name=\"robots\" content=\"index, follow, max-snippet:-1, max-image-preview:large, max-video-preview:-1\" \/>\n<link rel=\"canonical\" href=\"https:\/\/thucung.azdigi.shop\/?product=pate-cho-cho-pate-monge-nhieu-vi-100g\" \/>\n<meta property=\"og:locale\" content=\"vi_VN\" \/>\n<meta property=\"og:type\" content=\"article\" \/>\n<meta property=\"og:title\" content=\"Pate Cho Ch\u00f3 Pate Monge Nhi\u1ec1u V\u1ecb 100g - Pobi shop\" \/>\n<meta property=\"og:description\" content=\"Pate cho ch\u00f3 Monge 100g l\u00e0 d\u00f2ng th\u1ee9c \u0103n \u01b0\u1edbt nh\u1eadp kh\u1ea9u t\u1eeb \u00dd, n\u1ed5i b\u1eadt v\u1edbi nhi\u1ec1u h\u01b0\u01a1ng v\u1ecb th\u01a1m ngon, m\u1ec1m m\u1ecbn v\u00e0 d\u1ec5 \u0103n. S\u1ea3n ph\u1ea9m ph\u00f9 h\u1ee3p cho ch\u00f3 \u1edf nhi\u1ec1u \u0111\u1ed9 tu\u1ed5i, \u0111\u1eb7c bi\u1ec7t l\u00e0 ch\u00f3 k\u00e9n \u0103n, ch\u00f3 c\u1ea7n \u0111\u1ed5i v\u1ecb ho\u1eb7c c\u1ea7n b\u1ed5 sung th\u00eam dinh d\u01b0\u1ee1ng trong b\u1eefa \u0103n h\u1eb1ng ng\u00e0y.\" \/>\n<meta property=\"og:url\" content=\"https:\/\/thucung.azdigi.shop\/?product=pate-cho-cho-pate-monge-nhieu-vi-100g\" \/>\n<meta property=\"og:site_name\" content=\"Pobi shop\" \/>\n<meta property=\"og:image\" content=\"https:\/\/thucung.azdigi.shop\/wp-content\/uploads\/2026\/04\/pate-monge-cho-nhieu-vi.jpg\" \/>\n\t<meta property=\"og:image:width\" content=\"1000\" \/>\n\t<meta property=\"og:image:height\" content=\"1000\" \/>\n\t<meta property=\"og:image:type\" content=\"image\/jpeg\" \/>\n<meta name=\"twitter:card\" content=\"summary_large_image\" \/>\n<meta name=\"twitter:label1\" content=\"\u01af\u1edbc t\u00ednh th\u1eddi gian \u0111\u1ecdc\" \/>\n\t<meta name=\"twitter:data1\" content=\"3 ph\u00fat\" \/>\n<script type=\"application\/ld+json\" class=\"yoast-schema-graph\">{\"@context\":\"https:\/\/schema.org\",\"@graph\":[{\"@type\":\"WebPage\",\"@id\":\"https:\/\/thucung.azdigi.shop\/?product=pate-cho-cho-pate-monge-nhieu-vi-100g\",\"url\":\"https:\/\/thucung.azdigi.shop\/?product=pate-cho-cho-pate-monge-nhieu-vi-100g\",\"name\":\"Pate Cho Ch\u00f3 Pate Monge Nhi\u1ec1u V\u1ecb 100g - Pobi shop\",\"isPartOf\":{\"@id\":\"https:\/\/thucung.azdigi.shop\/#website\"},\"primaryImageOfPage\":{\"@id\":\"https:\/\/thucung.azdigi.shop\/?product=pate-cho-cho-pate-monge-nhieu-vi-100g#primaryimage\"},\"image\":{\"@id\":\"https:\/\/thucung.azdigi.shop\/?product=pate-cho-cho-pate-monge-nhieu-vi-100g#primaryimage\"},\"thumbnailUrl\":\"https:\/\/thucung.azdigi.shop\/wp-content\/uploads\/2026\/04\/pate-monge-cho-nhieu-vi.jpg\",\"datePublished\":\"2026-04-08T11:48:29+00:00\",\"description\":\"Pate cho ch\u00f3 Monge 100g l\u00e0 d\u00f2ng th\u1ee9c \u0103n \u01b0\u1edbt nh\u1eadp kh\u1ea9u t\u1eeb \u00dd, n\u1ed5i b\u1eadt v\u1edbi nhi\u1ec1u h\u01b0\u01a1ng v\u1ecb th\u01a1m ngon, m\u1ec1m m\u1ecbn v\u00e0 d\u1ec5 \u0103n. S\u1ea3n ph\u1ea9m ph\u00f9 h\u1ee3p cho ch\u00f3 \u1edf nhi\u1ec1u \u0111\u1ed9 tu\u1ed5i, \u0111\u1eb7c bi\u1ec7t l\u00e0 ch\u00f3 k\u00e9n \u0103n, ch\u00f3 c\u1ea7n \u0111\u1ed5i v\u1ecb ho\u1eb7c c\u1ea7n b\u1ed5 sung th\u00eam dinh d\u01b0\u1ee1ng trong b\u1eefa \u0103n h\u1eb1ng ng\u00e0y.\",\"breadcrumb\":{\"@id\":\"https:\/\/thucung.azdigi.shop\/?product=pate-cho-cho-pate-monge-nhieu-vi-100g#breadcrumb\"},\"inLanguage\":\"vi\",\"potentialAction\":[{\"@type\":\"ReadAction\",\"target\":[\"https:\/\/thucung.azdigi.shop\/?product=pate-cho-cho-pate-monge-nhieu-vi-100g\"]}]},{\"@type\":\"ImageObject\",\"inLanguage\":\"vi\",\"@id\":\"https:\/\/thucung.azdigi.shop\/?product=pate-cho-cho-pate-monge-nhieu-vi-100g#primaryimage\",\"url\":\"https:\/\/thucung.azdigi.shop\/wp-content\/uploads\/2026\/04\/pate-monge-cho-nhieu-vi.jpg\",\"contentUrl\":\"https:\/\/thucung.azdigi.shop\/wp-content\/uploads\/2026\/04\/pate-monge-cho-nhieu-vi.jpg\",\"width\":1000,\"height\":1000},{\"@type\":\"BreadcrumbList\",\"@id\":\"https:\/\/thucung.azdigi.shop\/?product=pate-cho-cho-pate-monge-nhieu-vi-100g#breadcrumb\",\"itemListElement\":[{\"@type\":\"ListItem\",\"position\":1,\"name\":\"Trang ch\u1ee7\",\"item\":\"https:\/\/thucung.azdigi.shop\/\"},{\"@type\":\"ListItem\",\"position\":2,\"name\":\"C\u1eeda h\u00e0ng\",\"item\":\"https:\/\/thucung.azdigi.shop\/?page_id=137\"},{\"@type\":\"ListItem\",\"position\":3,\"name\":\"Pate Cho Ch\u00f3 Pate Monge Nhi\u1ec1u V\u1ecb 100g\"}]},{\"@type\":\"WebSite\",\"@id\":\"https:\/\/thucung.azdigi.shop\/#website\",\"url\":\"https:\/\/thucung.azdigi.shop\/\",\"name\":\"Chuy\u00ean b\u00e1n th\u00fa c\u01b0ng, ph\u1ee5 ki\u1ec7n, th\u1ee9c \u0103n\",\"description\":\"\",\"potentialAction\":[{\"@type\":\"SearchAction\",\"target\":{\"@type\":\"EntryPoint\",\"urlTemplate\":\"https:\/\/thucung.azdigi.shop\/?s={search_term_string}\"},\"query-input\":{\"@type\":\"PropertyValueSpecification\",\"valueRequired\":true,\"valueName\":\"search_term_string\"}}],\"inLanguage\":\"vi\"}]}<\/script>\n<!-- \/ Yoast SEO plugin. -->","yoast_head_json":{"title":"Pate Cho Ch\u00f3 Pate Monge Nhi\u1ec1u V\u1ecb 100g - Pobi shop","description":"Pate cho ch\u00f3 Monge 100g l\u00e0 d\u00f2ng th\u1ee9c \u0103n \u01b0\u1edbt nh\u1eadp kh\u1ea9u t\u1eeb \u00dd, n\u1ed5i b\u1eadt v\u1edbi nhi\u1ec1u h\u01b0\u01a1ng v\u1ecb th\u01a1m ngon, m\u1ec1m m\u1ecbn v\u00e0 d\u1ec5 \u0103n. S\u1ea3n ph\u1ea9m ph\u00f9 h\u1ee3p cho ch\u00f3 \u1edf nhi\u1ec1u \u0111\u1ed9 tu\u1ed5i, \u0111\u1eb7c bi\u1ec7t l\u00e0 ch\u00f3 k\u00e9n \u0103n, ch\u00f3 c\u1ea7n \u0111\u1ed5i v\u1ecb ho\u1eb7c c\u1ea7n b\u1ed5 sung th\u00eam dinh d\u01b0\u1ee1ng trong b\u1eefa \u0103n h\u1eb1ng ng\u00e0y.","robots":{"index":"index","follow":"follow","max-snippet":"max-snippet:-1","max-image-preview":"max-image-preview:large","max-video-preview":"max-video-preview:-1"},"canonical":"https:\/\/thucung.azdigi.shop\/?product=pate-cho-cho-pate-monge-nhieu-vi-100g","og_locale":"vi_VN","og_type":"article","og_title":"Pate Cho Ch\u00f3 Pate Monge Nhi\u1ec1u V\u1ecb 100g - Pobi shop","og_description":"Pate cho ch\u00f3 Monge 100g l\u00e0 d\u00f2ng th\u1ee9c \u0103n \u01b0\u1edbt nh\u1eadp kh\u1ea9u t\u1eeb \u00dd, n\u1ed5i b\u1eadt v\u1edbi nhi\u1ec1u h\u01b0\u01a1ng v\u1ecb th\u01a1m ngon, m\u1ec1m m\u1ecbn v\u00e0 d\u1ec5 \u0103n. S\u1ea3n ph\u1ea9m ph\u00f9 h\u1ee3p cho ch\u00f3 \u1edf nhi\u1ec1u \u0111\u1ed9 tu\u1ed5i, \u0111\u1eb7c bi\u1ec7t l\u00e0 ch\u00f3 k\u00e9n \u0103n, ch\u00f3 c\u1ea7n \u0111\u1ed5i v\u1ecb ho\u1eb7c c\u1ea7n b\u1ed5 sung th\u00eam dinh d\u01b0\u1ee1ng trong b\u1eefa \u0103n h\u1eb1ng ng\u00e0y.","og_url":"https:\/\/thucung.azdigi.shop\/?product=pate-cho-cho-pate-monge-nhieu-vi-100g","og_site_name":"Pobi shop","og_image":[{"width":1000,"height":1000,"url":"https:\/\/thucung.azdigi.shop\/wp-content\/uploads\/2026\/04\/pate-monge-cho-nhieu-vi.jpg","type":"image\/jpeg"}],"twitter_card":"summary_large_image","twitter_misc":{"\u01af\u1edbc t\u00ednh th\u1eddi gian \u0111\u1ecdc":"3 ph\u00fat"},"schema":{"@context":"https:\/\/schema.org","@graph":[{"@type":"WebPage","@id":"https:\/\/thucung.azdigi.shop\/?product=pate-cho-cho-pate-monge-nhieu-vi-100g","url":"https:\/\/thucung.azdigi.shop\/?product=pate-cho-cho-pate-monge-nhieu-vi-100g","name":"Pate Cho Ch\u00f3 Pate Monge Nhi\u1ec1u V\u1ecb 100g - Pobi shop","isPartOf":{"@id":"https:\/\/thucung.azdigi.shop\/#website"},"primaryImageOfPage":{"@id":"https:\/\/thucung.azdigi.shop\/?product=pate-cho-cho-pate-monge-nhieu-vi-100g#primaryimage"},"image":{"@id":"https:\/\/thucung.azdigi.shop\/?product=pate-cho-cho-pate-monge-nhieu-vi-100g#primaryimage"},"thumbnailUrl":"https:\/\/thucung.azdigi.shop\/wp-content\/uploads\/2026\/04\/pate-monge-cho-nhieu-vi.jpg","datePublished":"2026-04-08T11:48:29+00:00","description":"Pate cho ch\u00f3 Monge 100g l\u00e0 d\u00f2ng th\u1ee9c \u0103n \u01b0\u1edbt nh\u1eadp kh\u1ea9u t\u1eeb \u00dd, n\u1ed5i b\u1eadt v\u1edbi nhi\u1ec1u h\u01b0\u01a1ng v\u1ecb th\u01a1m ngon, m\u1ec1m m\u1ecbn v\u00e0 d\u1ec5 \u0103n. S\u1ea3n ph\u1ea9m ph\u00f9 h\u1ee3p cho ch\u00f3 \u1edf nhi\u1ec1u \u0111\u1ed9 tu\u1ed5i, \u0111\u1eb7c bi\u1ec7t l\u00e0 ch\u00f3 k\u00e9n \u0103n, ch\u00f3 c\u1ea7n \u0111\u1ed5i v\u1ecb ho\u1eb7c c\u1ea7n b\u1ed5 sung th\u00eam dinh d\u01b0\u1ee1ng trong b\u1eefa \u0103n h\u1eb1ng ng\u00e0y.","breadcrumb":{"@id":"https:\/\/thucung.azdigi.shop\/?product=pate-cho-cho-pate-monge-nhieu-vi-100g#breadcrumb"},"inLanguage":"vi","potentialAction":[{"@type":"ReadAction","target":["https:\/\/thucung.azdigi.shop\/?product=pate-cho-cho-pate-monge-nhieu-vi-100g"]}]},{"@type":"ImageObject","inLanguage":"vi","@id":"https:\/\/thucung.azdigi.shop\/?product=pate-cho-cho-pate-monge-nhieu-vi-100g#primaryimage","url":"https:\/\/thucung.azdigi.shop\/wp-content\/uploads\/2026\/04\/pate-monge-cho-nhieu-vi.jpg","contentUrl":"https:\/\/thucung.azdigi.shop\/wp-content\/uploads\/2026\/04\/pate-monge-cho-nhieu-vi.jpg","width":1000,"height":1000},{"@type":"BreadcrumbList","@id":"https:\/\/thucung.azdigi.shop\/?product=pate-cho-cho-pate-monge-nhieu-vi-100g#breadcrumb","itemListElement":[{"@type":"ListItem","position":1,"name":"Trang ch\u1ee7","item":"https:\/\/thucung.azdigi.shop\/"},{"@type":"ListItem","position":2,"name":"C\u1eeda h\u00e0ng","item":"https:\/\/thucung.azdigi.shop\/?page_id=137"},{"@type":"ListItem","position":3,"name":"Pate Cho Ch\u00f3 Pate Monge Nhi\u1ec1u V\u1ecb 100g"}]},{"@type":"WebSite","@id":"https:\/\/thucung.azdigi.shop\/#website","url":"https:\/\/thucung.azdigi.shop\/","name":"Chuy\u00ean b\u00e1n th\u00fa c\u01b0ng, ph\u1ee5 ki\u1ec7n, th\u1ee9c \u0103n","description":"","potentialAction":[{"@type":"SearchAction","target":{"@type":"EntryPoint","urlTemplate":"https:\/\/thucung.azdigi.shop\/?s={search_term_string}"},"query-input":{"@type":"PropertyValueSpecification","valueRequired":true,"valueName":"search_term_string"}}],"inLanguage":"vi"}]}},"_links":{"self":[{"href":"https:\/\/thucung.azdigi.shop\/index.php?rest_route=\/wp\/v2\/product\/678","targetHints":{"allow":["GET"]}}],"collection":[{"href":"https:\/\/thucung.azdigi.shop\/index.php?rest_route=\/wp\/v2\/product"}],"about":[{"href":"https:\/\/thucung.azdigi.shop\/index.php?rest_route=\/wp\/v2\/types\/product"}],"replies":[{"embeddable":true,"href":"https:\/\/thucung.azdigi.shop\/index.php?rest_route=%2Fwp%2Fv2%2Fcomments&post=678"}],"wp:featuredmedia":[{"embeddable":true,"href":"https:\/\/thucung.azdigi.shop\/index.php?rest_route=\/wp\/v2\/media\/692"}],"wp:attachment":[{"href":"https:\/\/thucung.azdigi.shop\/index.php?rest_route=%2Fwp%2Fv2%2Fmedia&parent=678"}],"wp:term":[{"taxonomy":"product_brand","embeddable":true,"href":"https:\/\/thucung.azdigi.shop\/index.php?rest_route=%2Fwp%2Fv2%2Fproduct_brand&post=678"},{"taxonomy":"product_cat","embeddable":true,"href":"https:\/\/thucung.azdigi.shop\/index.php?rest_route=%2Fwp%2Fv2%2Fproduct_cat&post=678"},{"taxonomy":"product_tag","embeddable":true,"href":"https:\/\/thucung.azdigi.shop\/index.php?rest_route=%2Fwp%2Fv2%2Fproduct_tag&post=678"}],"curies":[{"name":"wp","href":"https:\/\/api.w.org\/{rel}","templated":true}]}}