{"id":666,"date":"2026-04-08T10:31:24","date_gmt":"2026-04-08T10:31:24","guid":{"rendered":"https:\/\/thucung.azdigi.shop\/?post_type=product&#038;p=666"},"modified":"2026-04-08T12:21:11","modified_gmt":"2026-04-08T12:21:11","slug":"hat-cho-cho-poodle-truong-thanh-royal-canin-poodle-adult","status":"publish","type":"product","link":"https:\/\/thucung.azdigi.shop\/?product=hat-cho-cho-poodle-truong-thanh-royal-canin-poodle-adult","title":{"rendered":"H\u1ea1t Cho Ch\u00f3 Royal Canin Poodle Adult"},"content":{"rendered":"<h1 data-section-id=\"tqvs5z\" data-start=\"114\" data-end=\"172\">H\u1ea1t Cho Ch\u00f3 Poodle Tr\u01b0\u1edfng Th\u00e0nh Royal Canin Poodle Adult<\/h1>\n<h2 data-section-id=\"1dkunbw\" data-start=\"174\" data-end=\"196\">Gi\u1edbi thi\u1ec7u s\u1ea3n ph\u1ea9m<\/h2>\n<p data-start=\"197\" data-end=\"469\">Royal Canin Poodle Adult l\u00e0 d\u00f2ng th\u1ee9c \u0103n h\u1ea1t cao c\u1ea5p \u0111\u01b0\u1ee3c \u0440\u0430\u0437\u0440\u0430\u0431\u043e\u0442\u0435\u043d\u043e ri\u00eang cho ch\u00f3 Poodle tr\u01b0\u1edfng th\u00e0nh. S\u1ea3n ph\u1ea9m \u0111\u00e1p \u1ee9ng nhu c\u1ea7u dinh d\u01b0\u1ee1ng \u0111\u1eb7c th\u00f9 c\u1ee7a gi\u1ed1ng ch\u00f3 Poodle, gi\u00fap h\u1ed7 tr\u1ee3 s\u1ee9c kh\u1ecfe t\u1ed5ng th\u1ec3, duy tr\u00ec b\u1ed9 l\u00f4ng \u0111\u1eb9p v\u00e0 th\u1ec3 tr\u1ea1ng \u1ed5n \u0111\u1ecbnh trong giai \u0111o\u1ea1n tr\u01b0\u1edfng th\u00e0nh.<\/p>\n<h2 data-section-id=\"1egc1x8\" data-start=\"471\" data-end=\"499\">\u0110i\u1ec3m n\u1ed5i b\u1eadt c\u1ee7a s\u1ea3n ph\u1ea9m<\/h2>\n<ul data-start=\"500\" data-end=\"773\">\n<li data-section-id=\"4sg0dd\" data-start=\"500\" data-end=\"552\">C\u00f4ng th\u1ee9c d\u00e0nh ri\u00eang cho ch\u00f3 Poodle tr\u01b0\u1edfng th\u00e0nh<\/li>\n<li data-section-id=\"1c4w9pl\" data-start=\"553\" data-end=\"603\">H\u1ed7 tr\u1ee3 duy tr\u00ec l\u00e0n da kh\u1ecfe v\u00e0 b\u1ed9 l\u00f4ng m\u1ec1m m\u01b0\u1ee3t<\/li>\n<li data-section-id=\"1bun8fb\" data-start=\"604\" data-end=\"661\">B\u1ed5 sung dinh d\u01b0\u1ee1ng c\u00e2n \u0111\u1ed1i gi\u00fap duy tr\u00ec th\u1ec3 tr\u1ea1ng t\u1ed1t<\/li>\n<li data-section-id=\"1k93zrr\" data-start=\"662\" data-end=\"714\">H\u1ea1t c\u00f3 h\u00ecnh d\u1ea1ng ph\u00f9 h\u1ee3p, h\u1ed7 tr\u1ee3 ch\u00f3 nhai d\u1ec5 h\u01a1n<\/li>\n<li data-section-id=\"6f4cwy\" data-start=\"715\" data-end=\"773\">M\u00f9i v\u1ecb th\u01a1m ngon, ph\u00f9 h\u1ee3p v\u1edbi kh\u1ea9u v\u1ecb c\u1ee7a nhi\u1ec1u b\u00e9 c\u00fan<\/li>\n<\/ul>\n<h2 data-section-id=\"qcs7cz\" data-start=\"775\" data-end=\"796\">Th\u00f4ng tin chi ti\u1ebft<\/h2>\n<ul data-start=\"797\" data-end=\"993\">\n<li data-section-id=\"1nku1dj\" data-start=\"797\" data-end=\"839\">T\u00ean s\u1ea3n ph\u1ea9m: Royal Canin Poodle Adult<\/li>\n<li data-section-id=\"13q3olr\" data-start=\"840\" data-end=\"891\">D\u00f2ng s\u1ea3n ph\u1ea9m: Th\u1ee9c \u0103n h\u1ea1t cho ch\u00f3 tr\u01b0\u1edfng th\u00e0nh<\/li>\n<li data-section-id=\"8qb1b1\" data-start=\"892\" data-end=\"938\">\u0110\u1ed1i t\u01b0\u1ee3ng s\u1eed d\u1ee5ng: Ch\u00f3 Poodle tr\u01b0\u1edfng th\u00e0nh<\/li>\n<li data-section-id=\"1m9e1z\" data-start=\"939\" data-end=\"967\">Th\u01b0\u01a1ng hi\u1ec7u: Royal Canin<\/li>\n<li data-section-id=\"pk9h4f\" data-start=\"968\" data-end=\"993\">D\u1ea1ng th\u1ee9c \u0103n: H\u1ea1t kh\u00f4<\/li>\n<\/ul>\n<h2 data-section-id=\"bwebn8\" data-start=\"995\" data-end=\"1020\">C\u00f4ng d\u1ee5ng c\u1ee7a s\u1ea3n ph\u1ea9m<\/h2>\n<p data-start=\"1021\" data-end=\"1333\">Royal Canin Poodle Adult gi\u00fap cung c\u1ea5p ngu\u1ed3n dinh d\u01b0\u1ee1ng ph\u00f9 h\u1ee3p cho ch\u00f3 Poodle trong giai \u0111o\u1ea1n tr\u01b0\u1edfng th\u00e0nh. S\u1ea3n ph\u1ea9m h\u1ed7 tr\u1ee3 ch\u0103m s\u00f3c l\u00e0n da v\u00e0 b\u1ed9 l\u00f4ng, \u0111\u1ed3ng th\u1eddi g\u00f3p ph\u1ea7n duy tr\u00ec s\u1ee9c kh\u1ecfe t\u1ed5ng th\u1ec3 v\u00e0 v\u00f3c d\u00e1ng c\u00e2n \u0111\u1ed1i. \u0110\u00e2y l\u00e0 l\u1ef1a ch\u1ecdn ph\u00f9 h\u1ee3p cho nh\u1eefng b\u00e9 Poodle c\u1ea7n m\u1ed9t ch\u1ebf \u0111\u1ed9 \u0103n ri\u00eang theo \u0111\u1eb7c \u0111i\u1ec3m gi\u1ed1ng lo\u00e0i.<\/p>\n<h2 data-section-id=\"69br7c\" data-start=\"1335\" data-end=\"1355\">H\u01b0\u1edbng d\u1eabn s\u1eed d\u1ee5ng<\/h2>\n<ul data-start=\"1356\" data-end=\"1618\">\n<li data-section-id=\"7zh5ip\" data-start=\"1356\" data-end=\"1438\">Cho \u0103n theo kh\u1ea9u ph\u1ea7n ph\u00f9 h\u1ee3p v\u1edbi c\u00e2n n\u1eb7ng, \u0111\u1ed9 tu\u1ed5i v\u00e0 m\u1ee9c \u0111\u1ed9 v\u1eadn \u0111\u1ed9ng c\u1ee7a ch\u00f3<\/li>\n<li data-section-id=\"euhyn2\" data-start=\"1439\" data-end=\"1495\">C\u00f3 th\u1ec3 chia th\u00e0nh nhi\u1ec1u b\u1eefa trong ng\u00e0y \u0111\u1ec3 d\u1ec5 h\u1ea5p thu<\/li>\n<li data-section-id=\"vm81e2\" data-start=\"1496\" data-end=\"1546\">Lu\u00f4n chu\u1ea9n b\u1ecb s\u1eb5n n\u01b0\u1edbc s\u1ea1ch cho ch\u00f3 khi \u0103n h\u1ea1t<\/li>\n<li data-section-id=\"kwgokr\" data-start=\"1547\" data-end=\"1618\">B\u1ea3o qu\u1ea3n s\u1ea3n ph\u1ea9m n\u01a1i kh\u00f4 r\u00e1o, tho\u00e1ng m\u00e1t, tr\u00e1nh \u00e1nh n\u1eafng tr\u1ef1c ti\u1ebfp<\/li>\n<\/ul>\n<h2 data-section-id=\"1cvkcll\" data-start=\"1620\" data-end=\"1641\">H\u01b0\u1edbng d\u1eabn b\u1ea3o qu\u1ea3n<\/h2>\n<ul data-start=\"1642\" data-end=\"1789\">\n<li data-section-id=\"163yf89\" data-start=\"1642\" data-end=\"1671\">\u0110\u1eady k\u00edn bao b\u00ec sau khi m\u1edf<\/li>\n<li data-section-id=\"1muczez\" data-start=\"1672\" data-end=\"1712\">B\u1ea3o qu\u1ea3n \u1edf n\u01a1i kh\u00f4 r\u00e1o, tr\u00e1nh \u1ea9m m\u1ed1c<\/li>\n<li data-section-id=\"iccjbb\" data-start=\"1713\" data-end=\"1789\">Tr\u00e1nh \u0111\u1ec3 s\u1ea3n ph\u1ea9m ti\u1ebfp x\u00fac tr\u1ef1c ti\u1ebfp v\u1edbi nhi\u1ec7t \u0111\u1ed9 cao ho\u1eb7c \u00e1nh n\u1eafng m\u1ea1nh<\/li>\n<\/ul>\n<h2 data-section-id=\"6cgz5\" data-start=\"1791\" data-end=\"1809\">Cam k\u1ebft t\u1eeb shop<\/h2>\n<ul data-start=\"1810\" data-end=\"1969\">\n<li data-section-id=\"1ytandy\" data-start=\"1810\" data-end=\"1833\">S\u1ea3n ph\u1ea9m \u0111\u00fang m\u00f4 t\u1ea3<\/li>\n<li data-section-id=\"znl1xc\" data-start=\"1834\" data-end=\"1870\">\u0110\u00f3ng g\u00f3i c\u1ea9n th\u1eadn tr\u01b0\u1edbc khi giao<\/li>\n<li data-section-id=\"3ghs6h\" data-start=\"1871\" data-end=\"1899\">H\u1ed7 tr\u1ee3 t\u01b0 v\u1ea5n nhi\u1ec7t t\u00ecnh<\/li>\n<li data-section-id=\"k0sxbk\" data-start=\"1900\" data-end=\"1969\">H\u1ed7 tr\u1ee3 \u0111\u1ed5i tr\u1ea3 theo ch\u00ednh s\u00e1ch c\u1ee7a s\u00e0n n\u1ebfu c\u00f3 l\u1ed7i t\u1eeb nh\u00e0 s\u1ea3n xu\u1ea5t<\/li>\n<\/ul>\n","protected":false},"excerpt":{"rendered":"<p>H\u1ea1t Cho Ch\u00f3 Poodle Tr\u01b0\u1edfng Th\u00e0nh Royal Canin Poodle Adult Gi\u1edbi thi\u1ec7u s\u1ea3n ph\u1ea9m Royal Canin Poodle Adult l\u00e0 d\u00f2ng th\u1ee9c \u0103n h\u1ea1t cao c\u1ea5p \u0111\u01b0\u1ee3c \u0440\u0430\u0437\u0440\u0430\u0431\u043e\u0442\u0435\u043d\u043e ri\u00eang cho ch\u00f3 Poodle tr\u01b0\u1edfng th\u00e0nh. S\u1ea3n ph\u1ea9m \u0111\u00e1p \u1ee9ng nhu c\u1ea7u dinh d\u01b0\u1ee1ng \u0111\u1eb7c th\u00f9 c\u1ee7a gi\u1ed1ng ch\u00f3 Poodle, gi\u00fap h\u1ed7 tr\u1ee3 s\u1ee9c kh\u1ecfe t\u1ed5ng th\u1ec3, duy [&#8230;]\n","protected":false},"featured_media":671,"comment_status":"open","ping_status":"closed","template":"","meta":[],"product_brand":[39],"product_cat":[33,32],"product_tag":[],"class_list":{"0":"post-666","1":"product","2":"type-product","3":"status-publish","4":"has-post-thumbnail","6":"product_brand-royal-canin","7":"product_cat-cho","8":"product_cat-thuc-an-hat","10":"first","11":"instock","12":"taxable","13":"shipping-taxable","14":"purchasable","15":"product-type-variable"},"yoast_head":"<!-- This site is optimized with the Yoast SEO plugin v26.9 - https:\/\/yoast.com\/product\/yoast-seo-wordpress\/ -->\n<title>H\u1ea1t Cho Ch\u00f3 Royal Canin Poodle Adult - Pobi shop<\/title>\n<meta name=\"description\" content=\"Royal Canin Poodle Adult l\u00e0 th\u1ee9c \u0103n h\u1ea1t cao c\u1ea5p d\u00e0nh ri\u00eang cho ch\u00f3 Poodle tr\u01b0\u1edfng th\u00e0nh, h\u1ed7 tr\u1ee3 duy tr\u00ec s\u1ee9c kh\u1ecfe, th\u1ec3 tr\u1ea1ng \u1ed5n \u0111\u1ecbnh v\u00e0 ch\u0103m s\u00f3c b\u1ed9 l\u00f4ng m\u1ec1m m\u01b0\u1ee3t.\" \/>\n<meta name=\"robots\" content=\"index, follow, max-snippet:-1, max-image-preview:large, max-video-preview:-1\" \/>\n<link rel=\"canonical\" href=\"https:\/\/thucung.azdigi.shop\/?product=hat-cho-cho-poodle-truong-thanh-royal-canin-poodle-adult\" \/>\n<meta property=\"og:locale\" content=\"vi_VN\" \/>\n<meta property=\"og:type\" content=\"article\" \/>\n<meta property=\"og:title\" content=\"H\u1ea1t Cho Ch\u00f3 Royal Canin Poodle Adult - Pobi shop\" \/>\n<meta property=\"og:description\" content=\"Royal Canin Poodle Adult l\u00e0 th\u1ee9c \u0103n h\u1ea1t cao c\u1ea5p d\u00e0nh ri\u00eang cho ch\u00f3 Poodle tr\u01b0\u1edfng th\u00e0nh, h\u1ed7 tr\u1ee3 duy tr\u00ec s\u1ee9c kh\u1ecfe, th\u1ec3 tr\u1ea1ng \u1ed5n \u0111\u1ecbnh v\u00e0 ch\u0103m s\u00f3c b\u1ed9 l\u00f4ng m\u1ec1m m\u01b0\u1ee3t.\" \/>\n<meta property=\"og:url\" content=\"https:\/\/thucung.azdigi.shop\/?product=hat-cho-cho-poodle-truong-thanh-royal-canin-poodle-adult\" \/>\n<meta property=\"og:site_name\" content=\"Pobi shop\" \/>\n<meta property=\"article:modified_time\" content=\"2026-04-08T12:21:11+00:00\" \/>\n<meta property=\"og:image\" content=\"https:\/\/thucung.azdigi.shop\/wp-content\/uploads\/2026\/04\/hat-royal-canin-poodle-adult-cho-cho-poodle-truong-thanh-paddy-2.webp\" \/>\n\t<meta property=\"og:image:width\" content=\"1876\" \/>\n\t<meta property=\"og:image:height\" content=\"1875\" \/>\n\t<meta property=\"og:image:type\" content=\"image\/webp\" \/>\n<meta name=\"twitter:card\" content=\"summary_large_image\" \/>\n<meta name=\"twitter:label1\" content=\"\u01af\u1edbc t\u00ednh th\u1eddi gian \u0111\u1ecdc\" \/>\n\t<meta name=\"twitter:data1\" content=\"3 ph\u00fat\" \/>\n<script type=\"application\/ld+json\" class=\"yoast-schema-graph\">{\"@context\":\"https:\/\/schema.org\",\"@graph\":[{\"@type\":\"WebPage\",\"@id\":\"https:\/\/thucung.azdigi.shop\/?product=hat-cho-cho-poodle-truong-thanh-royal-canin-poodle-adult\",\"url\":\"https:\/\/thucung.azdigi.shop\/?product=hat-cho-cho-poodle-truong-thanh-royal-canin-poodle-adult\",\"name\":\"H\u1ea1t Cho Ch\u00f3 Royal Canin Poodle Adult - Pobi shop\",\"isPartOf\":{\"@id\":\"https:\/\/thucung.azdigi.shop\/#website\"},\"primaryImageOfPage\":{\"@id\":\"https:\/\/thucung.azdigi.shop\/?product=hat-cho-cho-poodle-truong-thanh-royal-canin-poodle-adult#primaryimage\"},\"image\":{\"@id\":\"https:\/\/thucung.azdigi.shop\/?product=hat-cho-cho-poodle-truong-thanh-royal-canin-poodle-adult#primaryimage\"},\"thumbnailUrl\":\"https:\/\/thucung.azdigi.shop\/wp-content\/uploads\/2026\/04\/hat-royal-canin-poodle-adult-cho-cho-poodle-truong-thanh-paddy-2.webp\",\"datePublished\":\"2026-04-08T10:31:24+00:00\",\"dateModified\":\"2026-04-08T12:21:11+00:00\",\"description\":\"Royal Canin Poodle Adult l\u00e0 th\u1ee9c \u0103n h\u1ea1t cao c\u1ea5p d\u00e0nh ri\u00eang cho ch\u00f3 Poodle tr\u01b0\u1edfng th\u00e0nh, h\u1ed7 tr\u1ee3 duy tr\u00ec s\u1ee9c kh\u1ecfe, th\u1ec3 tr\u1ea1ng \u1ed5n \u0111\u1ecbnh v\u00e0 ch\u0103m s\u00f3c b\u1ed9 l\u00f4ng m\u1ec1m m\u01b0\u1ee3t.\",\"breadcrumb\":{\"@id\":\"https:\/\/thucung.azdigi.shop\/?product=hat-cho-cho-poodle-truong-thanh-royal-canin-poodle-adult#breadcrumb\"},\"inLanguage\":\"vi\",\"potentialAction\":[{\"@type\":\"ReadAction\",\"target\":[\"https:\/\/thucung.azdigi.shop\/?product=hat-cho-cho-poodle-truong-thanh-royal-canin-poodle-adult\"]}]},{\"@type\":\"ImageObject\",\"inLanguage\":\"vi\",\"@id\":\"https:\/\/thucung.azdigi.shop\/?product=hat-cho-cho-poodle-truong-thanh-royal-canin-poodle-adult#primaryimage\",\"url\":\"https:\/\/thucung.azdigi.shop\/wp-content\/uploads\/2026\/04\/hat-royal-canin-poodle-adult-cho-cho-poodle-truong-thanh-paddy-2.webp\",\"contentUrl\":\"https:\/\/thucung.azdigi.shop\/wp-content\/uploads\/2026\/04\/hat-royal-canin-poodle-adult-cho-cho-poodle-truong-thanh-paddy-2.webp\",\"width\":1876,\"height\":1875},{\"@type\":\"BreadcrumbList\",\"@id\":\"https:\/\/thucung.azdigi.shop\/?product=hat-cho-cho-poodle-truong-thanh-royal-canin-poodle-adult#breadcrumb\",\"itemListElement\":[{\"@type\":\"ListItem\",\"position\":1,\"name\":\"Trang ch\u1ee7\",\"item\":\"https:\/\/thucung.azdigi.shop\/\"},{\"@type\":\"ListItem\",\"position\":2,\"name\":\"C\u1eeda h\u00e0ng\",\"item\":\"https:\/\/thucung.azdigi.shop\/?page_id=137\"},{\"@type\":\"ListItem\",\"position\":3,\"name\":\"H\u1ea1t Cho Ch\u00f3 Royal Canin Poodle Adult\"}]},{\"@type\":\"WebSite\",\"@id\":\"https:\/\/thucung.azdigi.shop\/#website\",\"url\":\"https:\/\/thucung.azdigi.shop\/\",\"name\":\"Chuy\u00ean b\u00e1n th\u00fa c\u01b0ng, ph\u1ee5 ki\u1ec7n, th\u1ee9c \u0103n\",\"description\":\"\",\"potentialAction\":[{\"@type\":\"SearchAction\",\"target\":{\"@type\":\"EntryPoint\",\"urlTemplate\":\"https:\/\/thucung.azdigi.shop\/?s={search_term_string}\"},\"query-input\":{\"@type\":\"PropertyValueSpecification\",\"valueRequired\":true,\"valueName\":\"search_term_string\"}}],\"inLanguage\":\"vi\"}]}<\/script>\n<!-- \/ Yoast SEO plugin. -->","yoast_head_json":{"title":"H\u1ea1t Cho Ch\u00f3 Royal Canin Poodle Adult - Pobi shop","description":"Royal Canin Poodle Adult l\u00e0 th\u1ee9c \u0103n h\u1ea1t cao c\u1ea5p d\u00e0nh ri\u00eang cho ch\u00f3 Poodle tr\u01b0\u1edfng th\u00e0nh, h\u1ed7 tr\u1ee3 duy tr\u00ec s\u1ee9c kh\u1ecfe, th\u1ec3 tr\u1ea1ng \u1ed5n \u0111\u1ecbnh v\u00e0 ch\u0103m s\u00f3c b\u1ed9 l\u00f4ng m\u1ec1m m\u01b0\u1ee3t.","robots":{"index":"index","follow":"follow","max-snippet":"max-snippet:-1","max-image-preview":"max-image-preview:large","max-video-preview":"max-video-preview:-1"},"canonical":"https:\/\/thucung.azdigi.shop\/?product=hat-cho-cho-poodle-truong-thanh-royal-canin-poodle-adult","og_locale":"vi_VN","og_type":"article","og_title":"H\u1ea1t Cho Ch\u00f3 Royal Canin Poodle Adult - Pobi shop","og_description":"Royal Canin Poodle Adult l\u00e0 th\u1ee9c \u0103n h\u1ea1t cao c\u1ea5p d\u00e0nh ri\u00eang cho ch\u00f3 Poodle tr\u01b0\u1edfng th\u00e0nh, h\u1ed7 tr\u1ee3 duy tr\u00ec s\u1ee9c kh\u1ecfe, th\u1ec3 tr\u1ea1ng \u1ed5n \u0111\u1ecbnh v\u00e0 ch\u0103m s\u00f3c b\u1ed9 l\u00f4ng m\u1ec1m m\u01b0\u1ee3t.","og_url":"https:\/\/thucung.azdigi.shop\/?product=hat-cho-cho-poodle-truong-thanh-royal-canin-poodle-adult","og_site_name":"Pobi shop","article_modified_time":"2026-04-08T12:21:11+00:00","og_image":[{"width":1876,"height":1875,"url":"https:\/\/thucung.azdigi.shop\/wp-content\/uploads\/2026\/04\/hat-royal-canin-poodle-adult-cho-cho-poodle-truong-thanh-paddy-2.webp","type":"image\/webp"}],"twitter_card":"summary_large_image","twitter_misc":{"\u01af\u1edbc t\u00ednh th\u1eddi gian \u0111\u1ecdc":"3 ph\u00fat"},"schema":{"@context":"https:\/\/schema.org","@graph":[{"@type":"WebPage","@id":"https:\/\/thucung.azdigi.shop\/?product=hat-cho-cho-poodle-truong-thanh-royal-canin-poodle-adult","url":"https:\/\/thucung.azdigi.shop\/?product=hat-cho-cho-poodle-truong-thanh-royal-canin-poodle-adult","name":"H\u1ea1t Cho Ch\u00f3 Royal Canin Poodle Adult - Pobi shop","isPartOf":{"@id":"https:\/\/thucung.azdigi.shop\/#website"},"primaryImageOfPage":{"@id":"https:\/\/thucung.azdigi.shop\/?product=hat-cho-cho-poodle-truong-thanh-royal-canin-poodle-adult#primaryimage"},"image":{"@id":"https:\/\/thucung.azdigi.shop\/?product=hat-cho-cho-poodle-truong-thanh-royal-canin-poodle-adult#primaryimage"},"thumbnailUrl":"https:\/\/thucung.azdigi.shop\/wp-content\/uploads\/2026\/04\/hat-royal-canin-poodle-adult-cho-cho-poodle-truong-thanh-paddy-2.webp","datePublished":"2026-04-08T10:31:24+00:00","dateModified":"2026-04-08T12:21:11+00:00","description":"Royal Canin Poodle Adult l\u00e0 th\u1ee9c \u0103n h\u1ea1t cao c\u1ea5p d\u00e0nh ri\u00eang cho ch\u00f3 Poodle tr\u01b0\u1edfng th\u00e0nh, h\u1ed7 tr\u1ee3 duy tr\u00ec s\u1ee9c kh\u1ecfe, th\u1ec3 tr\u1ea1ng \u1ed5n \u0111\u1ecbnh v\u00e0 ch\u0103m s\u00f3c b\u1ed9 l\u00f4ng m\u1ec1m m\u01b0\u1ee3t.","breadcrumb":{"@id":"https:\/\/thucung.azdigi.shop\/?product=hat-cho-cho-poodle-truong-thanh-royal-canin-poodle-adult#breadcrumb"},"inLanguage":"vi","potentialAction":[{"@type":"ReadAction","target":["https:\/\/thucung.azdigi.shop\/?product=hat-cho-cho-poodle-truong-thanh-royal-canin-poodle-adult"]}]},{"@type":"ImageObject","inLanguage":"vi","@id":"https:\/\/thucung.azdigi.shop\/?product=hat-cho-cho-poodle-truong-thanh-royal-canin-poodle-adult#primaryimage","url":"https:\/\/thucung.azdigi.shop\/wp-content\/uploads\/2026\/04\/hat-royal-canin-poodle-adult-cho-cho-poodle-truong-thanh-paddy-2.webp","contentUrl":"https:\/\/thucung.azdigi.shop\/wp-content\/uploads\/2026\/04\/hat-royal-canin-poodle-adult-cho-cho-poodle-truong-thanh-paddy-2.webp","width":1876,"height":1875},{"@type":"BreadcrumbList","@id":"https:\/\/thucung.azdigi.shop\/?product=hat-cho-cho-poodle-truong-thanh-royal-canin-poodle-adult#breadcrumb","itemListElement":[{"@type":"ListItem","position":1,"name":"Trang ch\u1ee7","item":"https:\/\/thucung.azdigi.shop\/"},{"@type":"ListItem","position":2,"name":"C\u1eeda h\u00e0ng","item":"https:\/\/thucung.azdigi.shop\/?page_id=137"},{"@type":"ListItem","position":3,"name":"H\u1ea1t Cho Ch\u00f3 Royal Canin Poodle Adult"}]},{"@type":"WebSite","@id":"https:\/\/thucung.azdigi.shop\/#website","url":"https:\/\/thucung.azdigi.shop\/","name":"Chuy\u00ean b\u00e1n th\u00fa c\u01b0ng, ph\u1ee5 ki\u1ec7n, th\u1ee9c \u0103n","description":"","potentialAction":[{"@type":"SearchAction","target":{"@type":"EntryPoint","urlTemplate":"https:\/\/thucung.azdigi.shop\/?s={search_term_string}"},"query-input":{"@type":"PropertyValueSpecification","valueRequired":true,"valueName":"search_term_string"}}],"inLanguage":"vi"}]}},"_links":{"self":[{"href":"https:\/\/thucung.azdigi.shop\/index.php?rest_route=\/wp\/v2\/product\/666","targetHints":{"allow":["GET"]}}],"collection":[{"href":"https:\/\/thucung.azdigi.shop\/index.php?rest_route=\/wp\/v2\/product"}],"about":[{"href":"https:\/\/thucung.azdigi.shop\/index.php?rest_route=\/wp\/v2\/types\/product"}],"replies":[{"embeddable":true,"href":"https:\/\/thucung.azdigi.shop\/index.php?rest_route=%2Fwp%2Fv2%2Fcomments&post=666"}],"wp:featuredmedia":[{"embeddable":true,"href":"https:\/\/thucung.azdigi.shop\/index.php?rest_route=\/wp\/v2\/media\/671"}],"wp:attachment":[{"href":"https:\/\/thucung.azdigi.shop\/index.php?rest_route=%2Fwp%2Fv2%2Fmedia&parent=666"}],"wp:term":[{"taxonomy":"product_brand","embeddable":true,"href":"https:\/\/thucung.azdigi.shop\/index.php?rest_route=%2Fwp%2Fv2%2Fproduct_brand&post=666"},{"taxonomy":"product_cat","embeddable":true,"href":"https:\/\/thucung.azdigi.shop\/index.php?rest_route=%2Fwp%2Fv2%2Fproduct_cat&post=666"},{"taxonomy":"product_tag","embeddable":true,"href":"https:\/\/thucung.azdigi.shop\/index.php?rest_route=%2Fwp%2Fv2%2Fproduct_tag&post=666"}],"curies":[{"name":"wp","href":"https:\/\/api.w.org\/{rel}","templated":true}]}}