{"id":654,"date":"2026-04-08T10:18:51","date_gmt":"2026-04-08T10:18:51","guid":{"rendered":"https:\/\/thucung.azdigi.shop\/?post_type=product&#038;p=654"},"modified":"2026-04-08T12:25:12","modified_gmt":"2026-04-08T12:25:12","slug":"thuc-an-cho-cho-truong-thanh-ganador-thit-bo","status":"publish","type":"product","link":"https:\/\/thucung.azdigi.shop\/?product=thuc-an-cho-cho-truong-thanh-ganador-thit-bo","title":{"rendered":"Th\u1ee9c \u0102n Cho Ch\u00f3 Ganador Th\u1ecbt B\u00f2"},"content":{"rendered":"<h1 data-section-id=\"1enzq1\" data-start=\"104\" data-end=\"150\">Th\u1ee9c \u0102n Cho Ch\u00f3 Ganador Th\u1ecbt B\u00f2<\/h1>\n<h2 data-section-id=\"1dkunbw\" data-start=\"152\" data-end=\"174\">Gi\u1edbi thi\u1ec7u s\u1ea3n ph\u1ea9m<\/h2>\n<p data-start=\"175\" data-end=\"443\">Th\u1ee9c \u0103n cho ch\u00f3 tr\u01b0\u1edfng th\u00e0nh Ganador v\u1ecb th\u1ecbt b\u00f2 l\u00e0 d\u00f2ng h\u1ea1t dinh d\u01b0\u1ee1ng d\u00e0nh cho ch\u00f3 \u1edf giai \u0111o\u1ea1n tr\u01b0\u1edfng th\u00e0nh, gi\u00fap cung c\u1ea5p n\u0103ng l\u01b0\u1ee3ng v\u00e0 d\u01b0\u1ee1ng ch\u1ea5t c\u1ea7n thi\u1ebft cho ho\u1ea1t \u0111\u1ed9ng h\u1eb1ng ng\u00e0y. S\u1ea3n ph\u1ea9m c\u00f3 h\u01b0\u01a1ng v\u1ecb th\u1ecbt b\u00f2 th\u01a1m ngon, d\u1ec5 \u0103n, ph\u00f9 h\u1ee3p v\u1edbi kh\u1ea9u v\u1ecb c\u1ee7a nhi\u1ec1u b\u00e9 c\u00fan.<\/p>\n<h2 data-section-id=\"1egc1x8\" data-start=\"445\" data-end=\"473\">\u0110i\u1ec3m n\u1ed5i b\u1eadt c\u1ee7a s\u1ea3n ph\u1ea9m<\/h2>\n<ul data-start=\"474\" data-end=\"708\">\n<li data-section-id=\"1w8p1pw\" data-start=\"474\" data-end=\"509\">D\u00e0nh ri\u00eang cho ch\u00f3 tr\u01b0\u1edfng th\u00e0nh<\/li>\n<li data-section-id=\"1g8qnxg\" data-start=\"510\" data-end=\"560\">H\u01b0\u01a1ng v\u1ecb th\u1ecbt b\u00f2 th\u01a1m ngon, k\u00edch th\u00edch v\u1ecb gi\u00e1c<\/li>\n<li data-section-id=\"1gu225y\" data-start=\"561\" data-end=\"617\">Cung c\u1ea5p dinh d\u01b0\u1ee1ng c\u1ea7n thi\u1ebft cho ho\u1ea1t \u0111\u1ed9ng m\u1ed7i ng\u00e0y<\/li>\n<li data-section-id=\"1vu65tt\" data-start=\"618\" data-end=\"663\">D\u1ea1ng h\u1ea1t ti\u1ec7n l\u1ee3i, d\u1ec5 b\u1ea3o qu\u1ea3n v\u00e0 s\u1eed d\u1ee5ng<\/li>\n<li data-section-id=\"v93fqx\" data-start=\"664\" data-end=\"708\">Ph\u00f9 h\u1ee3p cho nhi\u1ec1u gi\u1ed1ng ch\u00f3 tr\u01b0\u1edfng th\u00e0nh<\/li>\n<\/ul>\n<h2 data-section-id=\"qcs7cz\" data-start=\"710\" data-end=\"731\">Th\u00f4ng tin chi ti\u1ebft<\/h2>\n<ul data-start=\"732\" data-end=\"946\">\n<li data-section-id=\"acc4zi\" data-start=\"732\" data-end=\"794\">T\u00ean s\u1ea3n ph\u1ea9m: Th\u1ee9c \u0103n cho ch\u00f3 tr\u01b0\u1edfng th\u00e0nh Ganador th\u1ecbt b\u00f2<\/li>\n<li data-section-id=\"eyujsl\" data-start=\"795\" data-end=\"833\">D\u00f2ng s\u1ea3n ph\u1ea9m: Th\u1ee9c \u0103n h\u1ea1t cho ch\u00f3<\/li>\n<li data-section-id=\"z313ho\" data-start=\"834\" data-end=\"855\">H\u01b0\u01a1ng v\u1ecb: Th\u1ecbt b\u00f2<\/li>\n<li data-section-id=\"oc5zb4\" data-start=\"856\" data-end=\"895\">\u0110\u1ed1i t\u01b0\u1ee3ng s\u1eed d\u1ee5ng: Ch\u00f3 tr\u01b0\u1edfng th\u00e0nh<\/li>\n<li data-section-id=\"pk9h4f\" data-start=\"896\" data-end=\"921\">D\u1ea1ng th\u1ee9c \u0103n: H\u1ea1t kh\u00f4<\/li>\n<li data-section-id=\"1ueopf9\" data-start=\"922\" data-end=\"946\">Th\u01b0\u01a1ng hi\u1ec7u: Ganador<\/li>\n<\/ul>\n<h2 data-section-id=\"bwebn8\" data-start=\"948\" data-end=\"973\">C\u00f4ng d\u1ee5ng c\u1ee7a s\u1ea3n ph\u1ea9m<\/h2>\n<p data-start=\"974\" data-end=\"1225\">Ganador v\u1ecb th\u1ecbt b\u00f2 gi\u00fap b\u1ed5 sung ngu\u1ed3n dinh d\u01b0\u1ee1ng c\u1ea7n thi\u1ebft cho ch\u00f3 tr\u01b0\u1edfng th\u00e0nh, h\u1ed7 tr\u1ee3 duy tr\u00ec th\u1ec3 tr\u1ea1ng \u1ed5n \u0111\u1ecbnh v\u00e0 cung c\u1ea5p n\u0103ng l\u01b0\u1ee3ng cho c\u00e1c ho\u1ea1t \u0111\u1ed9ng h\u1eb1ng ng\u00e0y. S\u1ea3n ph\u1ea9m ph\u00f9 h\u1ee3p d\u00f9ng l\u00e0m b\u1eefa \u0103n ch\u00ednh, ti\u1ec7n l\u1ee3i cho vi\u1ec7c ch\u0103m s\u00f3c th\u00fa c\u01b0ng m\u1ed7i ng\u00e0y.<\/p>\n<h2 data-section-id=\"69br7c\" data-start=\"1227\" data-end=\"1247\">H\u01b0\u1edbng d\u1eabn s\u1eed d\u1ee5ng<\/h2>\n<ul data-start=\"1248\" data-end=\"1490\">\n<li data-section-id=\"6s4g7c\" data-start=\"1248\" data-end=\"1321\">Cho \u0103n theo kh\u1ea9u ph\u1ea7n ph\u00f9 h\u1ee3p v\u1edbi c\u00e2n n\u1eb7ng v\u00e0 m\u1ee9c \u0111\u1ed9 v\u1eadn \u0111\u1ed9ng c\u1ee7a ch\u00f3<\/li>\n<li data-section-id=\"1crm974\" data-start=\"1322\" data-end=\"1364\">C\u00f3 th\u1ec3 chia th\u00e0nh 2 \u0111\u1ebfn 3 b\u1eefa m\u1ed7i ng\u00e0y<\/li>\n<li data-section-id=\"7qxvjr\" data-start=\"1365\" data-end=\"1411\">Lu\u00f4n chu\u1ea9n b\u1ecb s\u1eb5n n\u01b0\u1edbc s\u1ea1ch cho ch\u00f3 khi \u0103n<\/li>\n<li data-section-id=\"1m9cw8y\" data-start=\"1412\" data-end=\"1490\">N\u00ean chuy\u1ec3n \u0111\u1ed5i th\u1ee9c \u0103n t\u1eeb t\u1eeb n\u1ebfu thay \u0111\u1ed5i t\u1eeb s\u1ea3n ph\u1ea9m c\u0169 sang s\u1ea3n ph\u1ea9m m\u1edbi<\/li>\n<\/ul>\n<h2 data-section-id=\"1cvkcll\" data-start=\"1492\" data-end=\"1513\">H\u01b0\u1edbng d\u1eabn b\u1ea3o qu\u1ea3n<\/h2>\n<ul data-start=\"1514\" data-end=\"1688\">\n<li data-section-id=\"16nvx7x\" data-start=\"1514\" data-end=\"1550\">B\u1ea3o qu\u1ea3n n\u01a1i kh\u00f4 r\u00e1o, tho\u00e1ng m\u00e1t<\/li>\n<li data-section-id=\"14b2v40\" data-start=\"1551\" data-end=\"1579\">Tr\u00e1nh \u00e1nh n\u1eafng tr\u1ef1c ti\u1ebfp<\/li>\n<li data-section-id=\"q8fa0c\" data-start=\"1580\" data-end=\"1635\">\u0110\u1eady k\u00edn bao b\u00ec sau khi m\u1edf \u0111\u1ec3 gi\u1eef h\u1ea1t lu\u00f4n th\u01a1m ngon<\/li>\n<li data-section-id=\"xyd09d\" data-start=\"1636\" data-end=\"1688\">Tr\u00e1nh \u0111\u1ec3 s\u1ea3n ph\u1ea9m \u1edf n\u01a1i \u1ea9m m\u1ed1c ho\u1eb7c nhi\u1ec7t \u0111\u1ed9 cao<\/li>\n<\/ul>\n<h2 data-section-id=\"6cgz5\" data-start=\"1690\" data-end=\"1708\">Cam k\u1ebft t\u1eeb shop<\/h2>\n<ul data-start=\"1709\" data-end=\"1868\">\n<li data-section-id=\"1ytandy\" data-start=\"1709\" data-end=\"1732\">S\u1ea3n ph\u1ea9m \u0111\u00fang m\u00f4 t\u1ea3<\/li>\n<li data-section-id=\"znl1xc\" data-start=\"1733\" data-end=\"1769\">\u0110\u00f3ng g\u00f3i c\u1ea9n th\u1eadn tr\u01b0\u1edbc khi giao<\/li>\n<li data-section-id=\"3ghs6h\" data-start=\"1770\" data-end=\"1798\">H\u1ed7 tr\u1ee3 t\u01b0 v\u1ea5n nhi\u1ec7t t\u00ecnh<\/li>\n<li data-section-id=\"k0sxbk\" data-start=\"1799\" data-end=\"1868\">H\u1ed7 tr\u1ee3 \u0111\u1ed5i tr\u1ea3 theo ch\u00ednh s\u00e1ch c\u1ee7a s\u00e0n n\u1ebfu c\u00f3 l\u1ed7i t\u1eeb nh\u00e0 s\u1ea3n xu\u1ea5t<\/li>\n<\/ul>\n","protected":false},"excerpt":{"rendered":"<p>Th\u1ee9c \u0102n Cho Ch\u00f3 Ganador Th\u1ecbt B\u00f2 Gi\u1edbi thi\u1ec7u s\u1ea3n ph\u1ea9m Th\u1ee9c \u0103n cho ch\u00f3 tr\u01b0\u1edfng th\u00e0nh Ganador v\u1ecb th\u1ecbt b\u00f2 l\u00e0 d\u00f2ng h\u1ea1t dinh d\u01b0\u1ee1ng d\u00e0nh cho ch\u00f3 \u1edf giai \u0111o\u1ea1n tr\u01b0\u1edfng th\u00e0nh, gi\u00fap cung c\u1ea5p n\u0103ng l\u01b0\u1ee3ng v\u00e0 d\u01b0\u1ee1ng ch\u1ea5t c\u1ea7n thi\u1ebft cho ho\u1ea1t \u0111\u1ed9ng h\u1eb1ng ng\u00e0y. S\u1ea3n ph\u1ea9m c\u00f3 h\u01b0\u01a1ng v\u1ecb th\u1ecbt [&#8230;]\n","protected":false},"featured_media":659,"comment_status":"open","ping_status":"closed","template":"","meta":[],"product_brand":[40],"product_cat":[33,32],"product_tag":[],"class_list":{"0":"post-654","1":"product","2":"type-product","3":"status-publish","4":"has-post-thumbnail","6":"product_brand-ganador","7":"product_cat-cho","8":"product_cat-thuc-an-hat","10":"first","11":"instock","12":"taxable","13":"shipping-taxable","14":"purchasable","15":"product-type-variable"},"yoast_head":"<!-- This site is optimized with the Yoast SEO plugin v26.9 - https:\/\/yoast.com\/product\/yoast-seo-wordpress\/ -->\n<title>Th\u1ee9c \u0102n Cho Ch\u00f3 Ganador Th\u1ecbt B\u00f2 - Pobi shop<\/title>\n<meta name=\"description\" content=\"Ganador v\u1ecb th\u1ecbt b\u00f2 l\u00e0 th\u1ee9c \u0103n h\u1ea1t d\u00e0nh cho ch\u00f3 tr\u01b0\u1edfng th\u00e0nh, h\u01b0\u01a1ng v\u1ecb th\u01a1m ngon d\u1ec5 \u0103n, gi\u00fap b\u1ed5 sung dinh d\u01b0\u1ee1ng v\u00e0 n\u0103ng l\u01b0\u1ee3ng cho ho\u1ea1t \u0111\u1ed9ng m\u1ed7i ng\u00e0y.\" \/>\n<meta name=\"robots\" content=\"index, follow, max-snippet:-1, max-image-preview:large, max-video-preview:-1\" \/>\n<link rel=\"canonical\" href=\"https:\/\/thucung.azdigi.shop\/?product=thuc-an-cho-cho-truong-thanh-ganador-thit-bo\" \/>\n<meta property=\"og:locale\" content=\"vi_VN\" \/>\n<meta property=\"og:type\" content=\"article\" \/>\n<meta property=\"og:title\" content=\"Th\u1ee9c \u0102n Cho Ch\u00f3 Ganador Th\u1ecbt B\u00f2 - Pobi shop\" \/>\n<meta property=\"og:description\" content=\"Ganador v\u1ecb th\u1ecbt b\u00f2 l\u00e0 th\u1ee9c \u0103n h\u1ea1t d\u00e0nh cho ch\u00f3 tr\u01b0\u1edfng th\u00e0nh, h\u01b0\u01a1ng v\u1ecb th\u01a1m ngon d\u1ec5 \u0103n, gi\u00fap b\u1ed5 sung dinh d\u01b0\u1ee1ng v\u00e0 n\u0103ng l\u01b0\u1ee3ng cho ho\u1ea1t \u0111\u1ed9ng m\u1ed7i ng\u00e0y.\" \/>\n<meta property=\"og:url\" content=\"https:\/\/thucung.azdigi.shop\/?product=thuc-an-cho-cho-truong-thanh-ganador-thit-bo\" \/>\n<meta property=\"og:site_name\" content=\"Pobi shop\" \/>\n<meta property=\"article:modified_time\" content=\"2026-04-08T12:25:12+00:00\" \/>\n<meta property=\"og:image\" content=\"https:\/\/thucung.azdigi.shop\/wp-content\/uploads\/2026\/04\/thuc-an-cho-cho-lon-ganador-thit-bo.jpg\" \/>\n\t<meta property=\"og:image:width\" content=\"800\" \/>\n\t<meta property=\"og:image:height\" content=\"800\" \/>\n\t<meta property=\"og:image:type\" content=\"image\/jpeg\" \/>\n<meta name=\"twitter:card\" content=\"summary_large_image\" \/>\n<meta name=\"twitter:label1\" content=\"\u01af\u1edbc t\u00ednh th\u1eddi gian \u0111\u1ecdc\" \/>\n\t<meta name=\"twitter:data1\" content=\"3 ph\u00fat\" \/>\n<script type=\"application\/ld+json\" class=\"yoast-schema-graph\">{\"@context\":\"https:\/\/schema.org\",\"@graph\":[{\"@type\":\"WebPage\",\"@id\":\"https:\/\/thucung.azdigi.shop\/?product=thuc-an-cho-cho-truong-thanh-ganador-thit-bo\",\"url\":\"https:\/\/thucung.azdigi.shop\/?product=thuc-an-cho-cho-truong-thanh-ganador-thit-bo\",\"name\":\"Th\u1ee9c \u0102n Cho Ch\u00f3 Ganador Th\u1ecbt B\u00f2 - Pobi shop\",\"isPartOf\":{\"@id\":\"https:\/\/thucung.azdigi.shop\/#website\"},\"primaryImageOfPage\":{\"@id\":\"https:\/\/thucung.azdigi.shop\/?product=thuc-an-cho-cho-truong-thanh-ganador-thit-bo#primaryimage\"},\"image\":{\"@id\":\"https:\/\/thucung.azdigi.shop\/?product=thuc-an-cho-cho-truong-thanh-ganador-thit-bo#primaryimage\"},\"thumbnailUrl\":\"https:\/\/thucung.azdigi.shop\/wp-content\/uploads\/2026\/04\/thuc-an-cho-cho-lon-ganador-thit-bo.jpg\",\"datePublished\":\"2026-04-08T10:18:51+00:00\",\"dateModified\":\"2026-04-08T12:25:12+00:00\",\"description\":\"Ganador v\u1ecb th\u1ecbt b\u00f2 l\u00e0 th\u1ee9c \u0103n h\u1ea1t d\u00e0nh cho ch\u00f3 tr\u01b0\u1edfng th\u00e0nh, h\u01b0\u01a1ng v\u1ecb th\u01a1m ngon d\u1ec5 \u0103n, gi\u00fap b\u1ed5 sung dinh d\u01b0\u1ee1ng v\u00e0 n\u0103ng l\u01b0\u1ee3ng cho ho\u1ea1t \u0111\u1ed9ng m\u1ed7i ng\u00e0y.\",\"breadcrumb\":{\"@id\":\"https:\/\/thucung.azdigi.shop\/?product=thuc-an-cho-cho-truong-thanh-ganador-thit-bo#breadcrumb\"},\"inLanguage\":\"vi\",\"potentialAction\":[{\"@type\":\"ReadAction\",\"target\":[\"https:\/\/thucung.azdigi.shop\/?product=thuc-an-cho-cho-truong-thanh-ganador-thit-bo\"]}]},{\"@type\":\"ImageObject\",\"inLanguage\":\"vi\",\"@id\":\"https:\/\/thucung.azdigi.shop\/?product=thuc-an-cho-cho-truong-thanh-ganador-thit-bo#primaryimage\",\"url\":\"https:\/\/thucung.azdigi.shop\/wp-content\/uploads\/2026\/04\/thuc-an-cho-cho-lon-ganador-thit-bo.jpg\",\"contentUrl\":\"https:\/\/thucung.azdigi.shop\/wp-content\/uploads\/2026\/04\/thuc-an-cho-cho-lon-ganador-thit-bo.jpg\",\"width\":800,\"height\":800},{\"@type\":\"BreadcrumbList\",\"@id\":\"https:\/\/thucung.azdigi.shop\/?product=thuc-an-cho-cho-truong-thanh-ganador-thit-bo#breadcrumb\",\"itemListElement\":[{\"@type\":\"ListItem\",\"position\":1,\"name\":\"Trang ch\u1ee7\",\"item\":\"https:\/\/thucung.azdigi.shop\/\"},{\"@type\":\"ListItem\",\"position\":2,\"name\":\"C\u1eeda h\u00e0ng\",\"item\":\"https:\/\/thucung.azdigi.shop\/?page_id=137\"},{\"@type\":\"ListItem\",\"position\":3,\"name\":\"Th\u1ee9c \u0102n Cho Ch\u00f3 Ganador Th\u1ecbt B\u00f2\"}]},{\"@type\":\"WebSite\",\"@id\":\"https:\/\/thucung.azdigi.shop\/#website\",\"url\":\"https:\/\/thucung.azdigi.shop\/\",\"name\":\"Chuy\u00ean b\u00e1n th\u00fa c\u01b0ng, ph\u1ee5 ki\u1ec7n, th\u1ee9c \u0103n\",\"description\":\"\",\"potentialAction\":[{\"@type\":\"SearchAction\",\"target\":{\"@type\":\"EntryPoint\",\"urlTemplate\":\"https:\/\/thucung.azdigi.shop\/?s={search_term_string}\"},\"query-input\":{\"@type\":\"PropertyValueSpecification\",\"valueRequired\":true,\"valueName\":\"search_term_string\"}}],\"inLanguage\":\"vi\"}]}<\/script>\n<!-- \/ Yoast SEO plugin. -->","yoast_head_json":{"title":"Th\u1ee9c \u0102n Cho Ch\u00f3 Ganador Th\u1ecbt B\u00f2 - Pobi shop","description":"Ganador v\u1ecb th\u1ecbt b\u00f2 l\u00e0 th\u1ee9c \u0103n h\u1ea1t d\u00e0nh cho ch\u00f3 tr\u01b0\u1edfng th\u00e0nh, h\u01b0\u01a1ng v\u1ecb th\u01a1m ngon d\u1ec5 \u0103n, gi\u00fap b\u1ed5 sung dinh d\u01b0\u1ee1ng v\u00e0 n\u0103ng l\u01b0\u1ee3ng cho ho\u1ea1t \u0111\u1ed9ng m\u1ed7i ng\u00e0y.","robots":{"index":"index","follow":"follow","max-snippet":"max-snippet:-1","max-image-preview":"max-image-preview:large","max-video-preview":"max-video-preview:-1"},"canonical":"https:\/\/thucung.azdigi.shop\/?product=thuc-an-cho-cho-truong-thanh-ganador-thit-bo","og_locale":"vi_VN","og_type":"article","og_title":"Th\u1ee9c \u0102n Cho Ch\u00f3 Ganador Th\u1ecbt B\u00f2 - Pobi shop","og_description":"Ganador v\u1ecb th\u1ecbt b\u00f2 l\u00e0 th\u1ee9c \u0103n h\u1ea1t d\u00e0nh cho ch\u00f3 tr\u01b0\u1edfng th\u00e0nh, h\u01b0\u01a1ng v\u1ecb th\u01a1m ngon d\u1ec5 \u0103n, gi\u00fap b\u1ed5 sung dinh d\u01b0\u1ee1ng v\u00e0 n\u0103ng l\u01b0\u1ee3ng cho ho\u1ea1t \u0111\u1ed9ng m\u1ed7i ng\u00e0y.","og_url":"https:\/\/thucung.azdigi.shop\/?product=thuc-an-cho-cho-truong-thanh-ganador-thit-bo","og_site_name":"Pobi shop","article_modified_time":"2026-04-08T12:25:12+00:00","og_image":[{"width":800,"height":800,"url":"https:\/\/thucung.azdigi.shop\/wp-content\/uploads\/2026\/04\/thuc-an-cho-cho-lon-ganador-thit-bo.jpg","type":"image\/jpeg"}],"twitter_card":"summary_large_image","twitter_misc":{"\u01af\u1edbc t\u00ednh th\u1eddi gian \u0111\u1ecdc":"3 ph\u00fat"},"schema":{"@context":"https:\/\/schema.org","@graph":[{"@type":"WebPage","@id":"https:\/\/thucung.azdigi.shop\/?product=thuc-an-cho-cho-truong-thanh-ganador-thit-bo","url":"https:\/\/thucung.azdigi.shop\/?product=thuc-an-cho-cho-truong-thanh-ganador-thit-bo","name":"Th\u1ee9c \u0102n Cho Ch\u00f3 Ganador Th\u1ecbt B\u00f2 - Pobi shop","isPartOf":{"@id":"https:\/\/thucung.azdigi.shop\/#website"},"primaryImageOfPage":{"@id":"https:\/\/thucung.azdigi.shop\/?product=thuc-an-cho-cho-truong-thanh-ganador-thit-bo#primaryimage"},"image":{"@id":"https:\/\/thucung.azdigi.shop\/?product=thuc-an-cho-cho-truong-thanh-ganador-thit-bo#primaryimage"},"thumbnailUrl":"https:\/\/thucung.azdigi.shop\/wp-content\/uploads\/2026\/04\/thuc-an-cho-cho-lon-ganador-thit-bo.jpg","datePublished":"2026-04-08T10:18:51+00:00","dateModified":"2026-04-08T12:25:12+00:00","description":"Ganador v\u1ecb th\u1ecbt b\u00f2 l\u00e0 th\u1ee9c \u0103n h\u1ea1t d\u00e0nh cho ch\u00f3 tr\u01b0\u1edfng th\u00e0nh, h\u01b0\u01a1ng v\u1ecb th\u01a1m ngon d\u1ec5 \u0103n, gi\u00fap b\u1ed5 sung dinh d\u01b0\u1ee1ng v\u00e0 n\u0103ng l\u01b0\u1ee3ng cho ho\u1ea1t \u0111\u1ed9ng m\u1ed7i ng\u00e0y.","breadcrumb":{"@id":"https:\/\/thucung.azdigi.shop\/?product=thuc-an-cho-cho-truong-thanh-ganador-thit-bo#breadcrumb"},"inLanguage":"vi","potentialAction":[{"@type":"ReadAction","target":["https:\/\/thucung.azdigi.shop\/?product=thuc-an-cho-cho-truong-thanh-ganador-thit-bo"]}]},{"@type":"ImageObject","inLanguage":"vi","@id":"https:\/\/thucung.azdigi.shop\/?product=thuc-an-cho-cho-truong-thanh-ganador-thit-bo#primaryimage","url":"https:\/\/thucung.azdigi.shop\/wp-content\/uploads\/2026\/04\/thuc-an-cho-cho-lon-ganador-thit-bo.jpg","contentUrl":"https:\/\/thucung.azdigi.shop\/wp-content\/uploads\/2026\/04\/thuc-an-cho-cho-lon-ganador-thit-bo.jpg","width":800,"height":800},{"@type":"BreadcrumbList","@id":"https:\/\/thucung.azdigi.shop\/?product=thuc-an-cho-cho-truong-thanh-ganador-thit-bo#breadcrumb","itemListElement":[{"@type":"ListItem","position":1,"name":"Trang ch\u1ee7","item":"https:\/\/thucung.azdigi.shop\/"},{"@type":"ListItem","position":2,"name":"C\u1eeda h\u00e0ng","item":"https:\/\/thucung.azdigi.shop\/?page_id=137"},{"@type":"ListItem","position":3,"name":"Th\u1ee9c \u0102n Cho Ch\u00f3 Ganador Th\u1ecbt B\u00f2"}]},{"@type":"WebSite","@id":"https:\/\/thucung.azdigi.shop\/#website","url":"https:\/\/thucung.azdigi.shop\/","name":"Chuy\u00ean b\u00e1n th\u00fa c\u01b0ng, ph\u1ee5 ki\u1ec7n, th\u1ee9c \u0103n","description":"","potentialAction":[{"@type":"SearchAction","target":{"@type":"EntryPoint","urlTemplate":"https:\/\/thucung.azdigi.shop\/?s={search_term_string}"},"query-input":{"@type":"PropertyValueSpecification","valueRequired":true,"valueName":"search_term_string"}}],"inLanguage":"vi"}]}},"_links":{"self":[{"href":"https:\/\/thucung.azdigi.shop\/index.php?rest_route=\/wp\/v2\/product\/654","targetHints":{"allow":["GET"]}}],"collection":[{"href":"https:\/\/thucung.azdigi.shop\/index.php?rest_route=\/wp\/v2\/product"}],"about":[{"href":"https:\/\/thucung.azdigi.shop\/index.php?rest_route=\/wp\/v2\/types\/product"}],"replies":[{"embeddable":true,"href":"https:\/\/thucung.azdigi.shop\/index.php?rest_route=%2Fwp%2Fv2%2Fcomments&post=654"}],"wp:featuredmedia":[{"embeddable":true,"href":"https:\/\/thucung.azdigi.shop\/index.php?rest_route=\/wp\/v2\/media\/659"}],"wp:attachment":[{"href":"https:\/\/thucung.azdigi.shop\/index.php?rest_route=%2Fwp%2Fv2%2Fmedia&parent=654"}],"wp:term":[{"taxonomy":"product_brand","embeddable":true,"href":"https:\/\/thucung.azdigi.shop\/index.php?rest_route=%2Fwp%2Fv2%2Fproduct_brand&post=654"},{"taxonomy":"product_cat","embeddable":true,"href":"https:\/\/thucung.azdigi.shop\/index.php?rest_route=%2Fwp%2Fv2%2Fproduct_cat&post=654"},{"taxonomy":"product_tag","embeddable":true,"href":"https:\/\/thucung.azdigi.shop\/index.php?rest_route=%2Fwp%2Fv2%2Fproduct_tag&post=654"}],"curies":[{"name":"wp","href":"https:\/\/api.w.org\/{rel}","templated":true}]}}