{"id":644,"date":"2026-04-08T09:59:35","date_gmt":"2026-04-08T09:59:35","guid":{"rendered":"https:\/\/thucung.azdigi.shop\/?post_type=product&#038;p=644"},"modified":"2026-04-08T12:37:09","modified_gmt":"2026-04-08T12:37:09","slug":"hat-mem-cho-cho-truong-thanh-zenith-adult","status":"publish","type":"product","link":"https:\/\/thucung.azdigi.shop\/?product=hat-mem-cho-cho-truong-thanh-zenith-adult","title":{"rendered":"H\u1ea1t M\u1ec1m Cho Ch\u00f3 Zenith Adult"},"content":{"rendered":"<h2 data-section-id=\"1dkunbw\" data-start=\"152\" data-end=\"174\">Gi\u1edbi thi\u1ec7u s\u1ea3n ph\u1ea9m<\/h2>\n<p data-start=\"175\" data-end=\"444\">H\u1ea1t m\u1ec1m cho ch\u00f3 tr\u01b0\u1edfng th\u00e0nh Zenith Adult l\u00e0 d\u00f2ng th\u1ee9c \u0103n dinh d\u01b0\u1ee1ng cao c\u1ea5p d\u00e0nh cho ch\u00f3 \u1edf giai \u0111o\u1ea1n tr\u01b0\u1edfng th\u00e0nh. S\u1ea3n ph\u1ea9m c\u00f3 k\u1ebft c\u1ea5u h\u1ea1t m\u1ec1m, d\u1ec5 nhai, d\u1ec5 \u0103n, ph\u00f9 h\u1ee3p v\u1edbi nhi\u1ec1u gi\u1ed1ng ch\u00f3 v\u00e0 \u0111\u1eb7c bi\u1ec7t th\u00edch h\u1ee3p v\u1edbi nh\u1eefng b\u00e9 c\u00fan k\u00e9n \u0103n ho\u1eb7c kh\u00f4ng quen d\u00f9ng h\u1ea1t kh\u00f4 c\u1ee9ng.<\/p>\n<h2 data-section-id=\"1egc1x8\" data-start=\"446\" data-end=\"474\">\u0110i\u1ec3m n\u1ed5i b\u1eadt c\u1ee7a s\u1ea3n ph\u1ea9m<\/h2>\n<ul data-start=\"475\" data-end=\"697\">\n<li data-section-id=\"19a4znw\" data-start=\"475\" data-end=\"504\">D\u00e0nh cho ch\u00f3 tr\u01b0\u1edfng th\u00e0nh<\/li>\n<li data-section-id=\"prumsr\" data-start=\"505\" data-end=\"548\">K\u1ebft c\u1ea5u h\u1ea1t m\u1ec1m, d\u1ec5 nhai v\u00e0 d\u1ec5 ti\u00eau h\u00f3a<\/li>\n<li data-section-id=\"58lhwz\" data-start=\"549\" data-end=\"596\">H\u01b0\u01a1ng v\u1ecb th\u01a1m ngon, gi\u00fap k\u00edch th\u00edch v\u1ecb gi\u00e1c<\/li>\n<li data-section-id=\"1j62hk4\" data-start=\"597\" data-end=\"650\">Ph\u00f9 h\u1ee3p v\u1edbi ch\u00f3 k\u00e9n \u0103n ho\u1eb7c ch\u00f3 th\u00edch th\u1ee9c \u0103n m\u1ec1m<\/li>\n<li data-section-id=\"lzb8jq\" data-start=\"651\" data-end=\"697\">Ti\u1ec7n l\u1ee3i cho b\u1eefa \u0103n h\u1eb1ng ng\u00e0y c\u1ee7a th\u00fa c\u01b0ng<\/li>\n<\/ul>\n<h2 data-section-id=\"qcs7cz\" data-start=\"699\" data-end=\"720\">Th\u00f4ng tin chi ti\u1ebft<\/h2>\n<ul data-start=\"721\" data-end=\"913\">\n<li data-section-id=\"z7x4pi\" data-start=\"721\" data-end=\"780\">T\u00ean s\u1ea3n ph\u1ea9m: H\u1ea1t m\u1ec1m cho ch\u00f3 tr\u01b0\u1edfng th\u00e0nh Zenith Adult<\/li>\n<li data-section-id=\"1h4se2c\" data-start=\"781\" data-end=\"823\">D\u00f2ng s\u1ea3n ph\u1ea9m: Th\u1ee9c \u0103n h\u1ea1t m\u1ec1m cho ch\u00f3<\/li>\n<li data-section-id=\"oc5zb4\" data-start=\"824\" data-end=\"863\">\u0110\u1ed1i t\u01b0\u1ee3ng s\u1eed d\u1ee5ng: Ch\u00f3 tr\u01b0\u1edfng th\u00e0nh<\/li>\n<li data-section-id=\"toj5ix\" data-start=\"864\" data-end=\"889\">D\u1ea1ng th\u1ee9c \u0103n: H\u1ea1t m\u1ec1m<\/li>\n<li data-section-id=\"ky4kht\" data-start=\"890\" data-end=\"913\">Th\u01b0\u01a1ng hi\u1ec7u: Zenith<\/li>\n<\/ul>\n<h2 data-section-id=\"bwebn8\" data-start=\"915\" data-end=\"940\">C\u00f4ng d\u1ee5ng c\u1ee7a s\u1ea3n ph\u1ea9m<\/h2>\n<p data-start=\"941\" data-end=\"1228\">Zenith Adult gi\u00fap b\u1ed5 sung dinh d\u01b0\u1ee1ng c\u1ea7n thi\u1ebft cho ch\u00f3 tr\u01b0\u1edfng th\u00e0nh, h\u1ed7 tr\u1ee3 duy tr\u00ec th\u1ec3 tr\u1ea1ng \u1ed5n \u0111\u1ecbnh v\u00e0 cung c\u1ea5p n\u0103ng l\u01b0\u1ee3ng cho c\u00e1c ho\u1ea1t \u0111\u1ed9ng m\u1ed7i ng\u00e0y. V\u1edbi k\u1ebft c\u1ea5u m\u1ec1m, s\u1ea3n ph\u1ea9m gi\u00fap ch\u00f3 \u0103n ngon mi\u1ec7ng h\u01a1n, ph\u00f9 h\u1ee3p cho c\u00e1c b\u00e9 c\u00fan kh\u00f3 \u0103n ho\u1eb7c mu\u1ed1n \u0111\u1ed5i kh\u1ea9u v\u1ecb so v\u1edbi h\u1ea1t kh\u00f4 th\u00f4ng th\u01b0\u1eddng.<\/p>\n<h2 data-section-id=\"69br7c\" data-start=\"1230\" data-end=\"1250\">H\u01b0\u1edbng d\u1eabn s\u1eed d\u1ee5ng<\/h2>\n<ul data-start=\"1251\" data-end=\"1493\">\n<li data-section-id=\"1bti369\" data-start=\"1251\" data-end=\"1316\">Cho \u0103n theo kh\u1ea9u ph\u1ea7n ph\u00f9 h\u1ee3p v\u1edbi c\u00e2n n\u1eb7ng v\u00e0 nhu c\u1ea7u c\u1ee7a ch\u00f3<\/li>\n<li data-section-id=\"1crm974\" data-start=\"1317\" data-end=\"1359\">C\u00f3 th\u1ec3 chia th\u00e0nh 2 \u0111\u1ebfn 3 b\u1eefa m\u1ed7i ng\u00e0y<\/li>\n<li data-section-id=\"reegyv\" data-start=\"1360\" data-end=\"1419\">Lu\u00f4n chu\u1ea9n b\u1ecb n\u01b0\u1edbc s\u1ea1ch cho ch\u00f3 trong qu\u00e1 tr\u00ecnh s\u1eed d\u1ee5ng<\/li>\n<li data-section-id=\"15fsy6v\" data-start=\"1420\" data-end=\"1493\">N\u00ean chuy\u1ec3n \u0111\u1ed5i th\u1ee9c \u0103n t\u1eeb t\u1eeb n\u1ebfu \u0111\u1ed5i t\u1eeb s\u1ea3n ph\u1ea9m c\u0169 sang Zenith Adult<\/li>\n<\/ul>\n<h2 data-section-id=\"1cvkcll\" data-start=\"1495\" data-end=\"1516\">H\u01b0\u1edbng d\u1eabn b\u1ea3o qu\u1ea3n<\/h2>\n<ul data-start=\"1517\" data-end=\"1701\">\n<li data-section-id=\"16nvx7x\" data-start=\"1517\" data-end=\"1553\">B\u1ea3o qu\u1ea3n n\u01a1i kh\u00f4 r\u00e1o, tho\u00e1ng m\u00e1t<\/li>\n<li data-section-id=\"14b2v40\" data-start=\"1554\" data-end=\"1582\">Tr\u00e1nh \u00e1nh n\u1eafng tr\u1ef1c ti\u1ebfp<\/li>\n<li data-section-id=\"18yeaqi\" data-start=\"1583\" data-end=\"1647\">\u0110\u1eady k\u00edn bao b\u00ec sau khi m\u1edf \u0111\u1ec3 gi\u1eef \u0111\u1ed9 m\u1ec1m v\u00e0 h\u01b0\u01a1ng v\u1ecb s\u1ea3n ph\u1ea9m<\/li>\n<li data-section-id=\"pre108\" data-start=\"1648\" data-end=\"1701\">Kh\u00f4ng \u0111\u1ec3 s\u1ea3n ph\u1ea9m \u1edf n\u01a1i \u1ea9m th\u1ea5p ho\u1eb7c nhi\u1ec7t \u0111\u1ed9 cao<\/li>\n<\/ul>\n<h2 data-section-id=\"6cgz5\" data-start=\"1703\" data-end=\"1721\">Cam k\u1ebft t\u1eeb shop<\/h2>\n<ul data-start=\"1722\" data-end=\"1881\">\n<li data-section-id=\"1ytandy\" data-start=\"1722\" data-end=\"1745\">S\u1ea3n ph\u1ea9m \u0111\u00fang m\u00f4 t\u1ea3<\/li>\n<li data-section-id=\"znl1xc\" data-start=\"1746\" data-end=\"1782\">\u0110\u00f3ng g\u00f3i c\u1ea9n th\u1eadn tr\u01b0\u1edbc khi giao<\/li>\n<li data-section-id=\"3ghs6h\" data-start=\"1783\" data-end=\"1811\">H\u1ed7 tr\u1ee3 t\u01b0 v\u1ea5n nhi\u1ec7t t\u00ecnh<\/li>\n<li data-section-id=\"k0sxbk\" data-start=\"1812\" data-end=\"1881\">H\u1ed7 tr\u1ee3 \u0111\u1ed5i tr\u1ea3 theo ch\u00ednh s\u00e1ch c\u1ee7a s\u00e0n n\u1ebfu c\u00f3 l\u1ed7i t\u1eeb nh\u00e0 s\u1ea3n xu\u1ea5t<\/li>\n<\/ul>\n","protected":false},"excerpt":{"rendered":"<p>Gi\u1edbi thi\u1ec7u s\u1ea3n ph\u1ea9m H\u1ea1t m\u1ec1m cho ch\u00f3 tr\u01b0\u1edfng th\u00e0nh Zenith Adult l\u00e0 d\u00f2ng th\u1ee9c \u0103n dinh d\u01b0\u1ee1ng cao c\u1ea5p d\u00e0nh cho ch\u00f3 \u1edf giai \u0111o\u1ea1n tr\u01b0\u1edfng th\u00e0nh. S\u1ea3n ph\u1ea9m c\u00f3 k\u1ebft c\u1ea5u h\u1ea1t m\u1ec1m, d\u1ec5 nhai, d\u1ec5 \u0103n, ph\u00f9 h\u1ee3p v\u1edbi nhi\u1ec1u gi\u1ed1ng ch\u00f3 v\u00e0 \u0111\u1eb7c bi\u1ec7t th\u00edch h\u1ee3p v\u1edbi nh\u1eefng b\u00e9 c\u00fan k\u00e9n [&#8230;]\n","protected":false},"featured_media":646,"comment_status":"open","ping_status":"closed","template":"","meta":[],"product_brand":[41],"product_cat":[33,32],"product_tag":[],"class_list":{"0":"post-644","1":"product","2":"type-product","3":"status-publish","4":"has-post-thumbnail","6":"product_brand-zenith-adult","7":"product_cat-cho","8":"product_cat-thuc-an-hat","10":"first","11":"instock","12":"taxable","13":"shipping-taxable","14":"purchasable","15":"product-type-variable"},"yoast_head":"<!-- This site is optimized with the Yoast SEO plugin v26.9 - https:\/\/yoast.com\/product\/yoast-seo-wordpress\/ -->\n<title>H\u1ea1t M\u1ec1m Cho Ch\u00f3 Zenith Adult - Pobi shop<\/title>\n<meta name=\"description\" content=\"Zenith Adult l\u00e0 h\u1ea1t m\u1ec1m d\u00e0nh cho ch\u00f3 tr\u01b0\u1edfng th\u00e0nh, d\u1ec5 nhai, d\u1ec5 \u0103n, th\u01a1m ngon v\u00e0 ph\u00f9 h\u1ee3p v\u1edbi nh\u1eefng b\u00e9 c\u00fan k\u00e9n \u0103n ho\u1eb7c th\u00edch th\u1ee9c \u0103n m\u1ec1m.\" \/>\n<meta name=\"robots\" content=\"index, follow, max-snippet:-1, max-image-preview:large, max-video-preview:-1\" \/>\n<link rel=\"canonical\" href=\"https:\/\/thucung.azdigi.shop\/?product=hat-mem-cho-cho-truong-thanh-zenith-adult\" \/>\n<meta property=\"og:locale\" content=\"vi_VN\" \/>\n<meta property=\"og:type\" content=\"article\" \/>\n<meta property=\"og:title\" content=\"H\u1ea1t M\u1ec1m Cho Ch\u00f3 Zenith Adult - Pobi shop\" \/>\n<meta property=\"og:description\" content=\"Zenith Adult l\u00e0 h\u1ea1t m\u1ec1m d\u00e0nh cho ch\u00f3 tr\u01b0\u1edfng th\u00e0nh, d\u1ec5 nhai, d\u1ec5 \u0103n, th\u01a1m ngon v\u00e0 ph\u00f9 h\u1ee3p v\u1edbi nh\u1eefng b\u00e9 c\u00fan k\u00e9n \u0103n ho\u1eb7c th\u00edch th\u1ee9c \u0103n m\u1ec1m.\" \/>\n<meta property=\"og:url\" content=\"https:\/\/thucung.azdigi.shop\/?product=hat-mem-cho-cho-truong-thanh-zenith-adult\" \/>\n<meta property=\"og:site_name\" content=\"Pobi shop\" \/>\n<meta property=\"article:modified_time\" content=\"2026-04-08T12:37:09+00:00\" \/>\n<meta property=\"og:image\" content=\"https:\/\/thucung.azdigi.shop\/wp-content\/uploads\/2026\/04\/hat-mem-zenith-adult-cho-cho-truong-thanh-paddy-3.webp\" \/>\n\t<meta property=\"og:image:width\" content=\"1200\" \/>\n\t<meta property=\"og:image:height\" content=\"1200\" \/>\n\t<meta property=\"og:image:type\" content=\"image\/webp\" \/>\n<meta name=\"twitter:card\" content=\"summary_large_image\" \/>\n<meta name=\"twitter:label1\" content=\"\u01af\u1edbc t\u00ednh th\u1eddi gian \u0111\u1ecdc\" \/>\n\t<meta name=\"twitter:data1\" content=\"3 ph\u00fat\" \/>\n<script type=\"application\/ld+json\" class=\"yoast-schema-graph\">{\"@context\":\"https:\/\/schema.org\",\"@graph\":[{\"@type\":\"WebPage\",\"@id\":\"https:\/\/thucung.azdigi.shop\/?product=hat-mem-cho-cho-truong-thanh-zenith-adult\",\"url\":\"https:\/\/thucung.azdigi.shop\/?product=hat-mem-cho-cho-truong-thanh-zenith-adult\",\"name\":\"H\u1ea1t M\u1ec1m Cho Ch\u00f3 Zenith Adult - Pobi shop\",\"isPartOf\":{\"@id\":\"https:\/\/thucung.azdigi.shop\/#website\"},\"primaryImageOfPage\":{\"@id\":\"https:\/\/thucung.azdigi.shop\/?product=hat-mem-cho-cho-truong-thanh-zenith-adult#primaryimage\"},\"image\":{\"@id\":\"https:\/\/thucung.azdigi.shop\/?product=hat-mem-cho-cho-truong-thanh-zenith-adult#primaryimage\"},\"thumbnailUrl\":\"https:\/\/thucung.azdigi.shop\/wp-content\/uploads\/2026\/04\/hat-mem-zenith-adult-cho-cho-truong-thanh-paddy-3.webp\",\"datePublished\":\"2026-04-08T09:59:35+00:00\",\"dateModified\":\"2026-04-08T12:37:09+00:00\",\"description\":\"Zenith Adult l\u00e0 h\u1ea1t m\u1ec1m d\u00e0nh cho ch\u00f3 tr\u01b0\u1edfng th\u00e0nh, d\u1ec5 nhai, d\u1ec5 \u0103n, th\u01a1m ngon v\u00e0 ph\u00f9 h\u1ee3p v\u1edbi nh\u1eefng b\u00e9 c\u00fan k\u00e9n \u0103n ho\u1eb7c th\u00edch th\u1ee9c \u0103n m\u1ec1m.\",\"breadcrumb\":{\"@id\":\"https:\/\/thucung.azdigi.shop\/?product=hat-mem-cho-cho-truong-thanh-zenith-adult#breadcrumb\"},\"inLanguage\":\"vi\",\"potentialAction\":[{\"@type\":\"ReadAction\",\"target\":[\"https:\/\/thucung.azdigi.shop\/?product=hat-mem-cho-cho-truong-thanh-zenith-adult\"]}]},{\"@type\":\"ImageObject\",\"inLanguage\":\"vi\",\"@id\":\"https:\/\/thucung.azdigi.shop\/?product=hat-mem-cho-cho-truong-thanh-zenith-adult#primaryimage\",\"url\":\"https:\/\/thucung.azdigi.shop\/wp-content\/uploads\/2026\/04\/hat-mem-zenith-adult-cho-cho-truong-thanh-paddy-3.webp\",\"contentUrl\":\"https:\/\/thucung.azdigi.shop\/wp-content\/uploads\/2026\/04\/hat-mem-zenith-adult-cho-cho-truong-thanh-paddy-3.webp\",\"width\":1200,\"height\":1200},{\"@type\":\"BreadcrumbList\",\"@id\":\"https:\/\/thucung.azdigi.shop\/?product=hat-mem-cho-cho-truong-thanh-zenith-adult#breadcrumb\",\"itemListElement\":[{\"@type\":\"ListItem\",\"position\":1,\"name\":\"Trang ch\u1ee7\",\"item\":\"https:\/\/thucung.azdigi.shop\/\"},{\"@type\":\"ListItem\",\"position\":2,\"name\":\"C\u1eeda h\u00e0ng\",\"item\":\"https:\/\/thucung.azdigi.shop\/?page_id=137\"},{\"@type\":\"ListItem\",\"position\":3,\"name\":\"H\u1ea1t M\u1ec1m Cho Ch\u00f3 Zenith Adult\"}]},{\"@type\":\"WebSite\",\"@id\":\"https:\/\/thucung.azdigi.shop\/#website\",\"url\":\"https:\/\/thucung.azdigi.shop\/\",\"name\":\"Chuy\u00ean b\u00e1n th\u00fa c\u01b0ng, ph\u1ee5 ki\u1ec7n, th\u1ee9c \u0103n\",\"description\":\"\",\"potentialAction\":[{\"@type\":\"SearchAction\",\"target\":{\"@type\":\"EntryPoint\",\"urlTemplate\":\"https:\/\/thucung.azdigi.shop\/?s={search_term_string}\"},\"query-input\":{\"@type\":\"PropertyValueSpecification\",\"valueRequired\":true,\"valueName\":\"search_term_string\"}}],\"inLanguage\":\"vi\"}]}<\/script>\n<!-- \/ Yoast SEO plugin. -->","yoast_head_json":{"title":"H\u1ea1t M\u1ec1m Cho Ch\u00f3 Zenith Adult - Pobi shop","description":"Zenith Adult l\u00e0 h\u1ea1t m\u1ec1m d\u00e0nh cho ch\u00f3 tr\u01b0\u1edfng th\u00e0nh, d\u1ec5 nhai, d\u1ec5 \u0103n, th\u01a1m ngon v\u00e0 ph\u00f9 h\u1ee3p v\u1edbi nh\u1eefng b\u00e9 c\u00fan k\u00e9n \u0103n ho\u1eb7c th\u00edch th\u1ee9c \u0103n m\u1ec1m.","robots":{"index":"index","follow":"follow","max-snippet":"max-snippet:-1","max-image-preview":"max-image-preview:large","max-video-preview":"max-video-preview:-1"},"canonical":"https:\/\/thucung.azdigi.shop\/?product=hat-mem-cho-cho-truong-thanh-zenith-adult","og_locale":"vi_VN","og_type":"article","og_title":"H\u1ea1t M\u1ec1m Cho Ch\u00f3 Zenith Adult - Pobi shop","og_description":"Zenith Adult l\u00e0 h\u1ea1t m\u1ec1m d\u00e0nh cho ch\u00f3 tr\u01b0\u1edfng th\u00e0nh, d\u1ec5 nhai, d\u1ec5 \u0103n, th\u01a1m ngon v\u00e0 ph\u00f9 h\u1ee3p v\u1edbi nh\u1eefng b\u00e9 c\u00fan k\u00e9n \u0103n ho\u1eb7c th\u00edch th\u1ee9c \u0103n m\u1ec1m.","og_url":"https:\/\/thucung.azdigi.shop\/?product=hat-mem-cho-cho-truong-thanh-zenith-adult","og_site_name":"Pobi shop","article_modified_time":"2026-04-08T12:37:09+00:00","og_image":[{"width":1200,"height":1200,"url":"https:\/\/thucung.azdigi.shop\/wp-content\/uploads\/2026\/04\/hat-mem-zenith-adult-cho-cho-truong-thanh-paddy-3.webp","type":"image\/webp"}],"twitter_card":"summary_large_image","twitter_misc":{"\u01af\u1edbc t\u00ednh th\u1eddi gian \u0111\u1ecdc":"3 ph\u00fat"},"schema":{"@context":"https:\/\/schema.org","@graph":[{"@type":"WebPage","@id":"https:\/\/thucung.azdigi.shop\/?product=hat-mem-cho-cho-truong-thanh-zenith-adult","url":"https:\/\/thucung.azdigi.shop\/?product=hat-mem-cho-cho-truong-thanh-zenith-adult","name":"H\u1ea1t M\u1ec1m Cho Ch\u00f3 Zenith Adult - Pobi shop","isPartOf":{"@id":"https:\/\/thucung.azdigi.shop\/#website"},"primaryImageOfPage":{"@id":"https:\/\/thucung.azdigi.shop\/?product=hat-mem-cho-cho-truong-thanh-zenith-adult#primaryimage"},"image":{"@id":"https:\/\/thucung.azdigi.shop\/?product=hat-mem-cho-cho-truong-thanh-zenith-adult#primaryimage"},"thumbnailUrl":"https:\/\/thucung.azdigi.shop\/wp-content\/uploads\/2026\/04\/hat-mem-zenith-adult-cho-cho-truong-thanh-paddy-3.webp","datePublished":"2026-04-08T09:59:35+00:00","dateModified":"2026-04-08T12:37:09+00:00","description":"Zenith Adult l\u00e0 h\u1ea1t m\u1ec1m d\u00e0nh cho ch\u00f3 tr\u01b0\u1edfng th\u00e0nh, d\u1ec5 nhai, d\u1ec5 \u0103n, th\u01a1m ngon v\u00e0 ph\u00f9 h\u1ee3p v\u1edbi nh\u1eefng b\u00e9 c\u00fan k\u00e9n \u0103n ho\u1eb7c th\u00edch th\u1ee9c \u0103n m\u1ec1m.","breadcrumb":{"@id":"https:\/\/thucung.azdigi.shop\/?product=hat-mem-cho-cho-truong-thanh-zenith-adult#breadcrumb"},"inLanguage":"vi","potentialAction":[{"@type":"ReadAction","target":["https:\/\/thucung.azdigi.shop\/?product=hat-mem-cho-cho-truong-thanh-zenith-adult"]}]},{"@type":"ImageObject","inLanguage":"vi","@id":"https:\/\/thucung.azdigi.shop\/?product=hat-mem-cho-cho-truong-thanh-zenith-adult#primaryimage","url":"https:\/\/thucung.azdigi.shop\/wp-content\/uploads\/2026\/04\/hat-mem-zenith-adult-cho-cho-truong-thanh-paddy-3.webp","contentUrl":"https:\/\/thucung.azdigi.shop\/wp-content\/uploads\/2026\/04\/hat-mem-zenith-adult-cho-cho-truong-thanh-paddy-3.webp","width":1200,"height":1200},{"@type":"BreadcrumbList","@id":"https:\/\/thucung.azdigi.shop\/?product=hat-mem-cho-cho-truong-thanh-zenith-adult#breadcrumb","itemListElement":[{"@type":"ListItem","position":1,"name":"Trang ch\u1ee7","item":"https:\/\/thucung.azdigi.shop\/"},{"@type":"ListItem","position":2,"name":"C\u1eeda h\u00e0ng","item":"https:\/\/thucung.azdigi.shop\/?page_id=137"},{"@type":"ListItem","position":3,"name":"H\u1ea1t M\u1ec1m Cho Ch\u00f3 Zenith Adult"}]},{"@type":"WebSite","@id":"https:\/\/thucung.azdigi.shop\/#website","url":"https:\/\/thucung.azdigi.shop\/","name":"Chuy\u00ean b\u00e1n th\u00fa c\u01b0ng, ph\u1ee5 ki\u1ec7n, th\u1ee9c \u0103n","description":"","potentialAction":[{"@type":"SearchAction","target":{"@type":"EntryPoint","urlTemplate":"https:\/\/thucung.azdigi.shop\/?s={search_term_string}"},"query-input":{"@type":"PropertyValueSpecification","valueRequired":true,"valueName":"search_term_string"}}],"inLanguage":"vi"}]}},"_links":{"self":[{"href":"https:\/\/thucung.azdigi.shop\/index.php?rest_route=\/wp\/v2\/product\/644","targetHints":{"allow":["GET"]}}],"collection":[{"href":"https:\/\/thucung.azdigi.shop\/index.php?rest_route=\/wp\/v2\/product"}],"about":[{"href":"https:\/\/thucung.azdigi.shop\/index.php?rest_route=\/wp\/v2\/types\/product"}],"replies":[{"embeddable":true,"href":"https:\/\/thucung.azdigi.shop\/index.php?rest_route=%2Fwp%2Fv2%2Fcomments&post=644"}],"wp:featuredmedia":[{"embeddable":true,"href":"https:\/\/thucung.azdigi.shop\/index.php?rest_route=\/wp\/v2\/media\/646"}],"wp:attachment":[{"href":"https:\/\/thucung.azdigi.shop\/index.php?rest_route=%2Fwp%2Fv2%2Fmedia&parent=644"}],"wp:term":[{"taxonomy":"product_brand","embeddable":true,"href":"https:\/\/thucung.azdigi.shop\/index.php?rest_route=%2Fwp%2Fv2%2Fproduct_brand&post=644"},{"taxonomy":"product_cat","embeddable":true,"href":"https:\/\/thucung.azdigi.shop\/index.php?rest_route=%2Fwp%2Fv2%2Fproduct_cat&post=644"},{"taxonomy":"product_tag","embeddable":true,"href":"https:\/\/thucung.azdigi.shop\/index.php?rest_route=%2Fwp%2Fv2%2Fproduct_tag&post=644"}],"curies":[{"name":"wp","href":"https:\/\/api.w.org\/{rel}","templated":true}]}}