{"id":633,"date":"2026-04-08T09:39:14","date_gmt":"2026-04-08T09:39:14","guid":{"rendered":"https:\/\/thucung.azdigi.shop\/?post_type=product&#038;p=633"},"modified":"2026-04-09T06:08:47","modified_gmt":"2026-04-09T06:08:47","slug":"hat-cho-cho-keos","status":"publish","type":"product","link":"https:\/\/thucung.azdigi.shop\/?product=hat-cho-cho-keos","title":{"rendered":"H\u1ea1t Cho Ch\u00f3 M\u1ecdi L\u1ee9a Tu\u1ed5i Keos"},"content":{"rendered":"<h2 data-section-id=\"uaa6bi\" data-start=\"478\" data-end=\"495\"><span role=\"text\"><strong data-start=\"481\" data-end=\"495\">Gi\u1edbi thi\u1ec7u<\/strong><\/span><\/h2>\n<p data-start=\"496\" data-end=\"736\"><a href=\"https:\/\/thucung.azdigi.shop\/?product=hat-cho-cho-moi-lua-tuoi-keos\">H\u1ea1t cho ch\u00f3 Keos<\/a> l\u00e0 l\u1ef1a ch\u1ecdn ph\u00f9 h\u1ee3p cho nh\u1eefng ng\u01b0\u1eddi nu\u00f4i th\u00fa c\u01b0ng \u0111ang t\u00ecm ki\u1ebfm m\u1ed9t s\u1ea3n ph\u1ea9m dinh d\u01b0\u1ee1ng \u0111\u1ea7y \u0111\u1ee7, ti\u1ec7n l\u1ee3i v\u00e0 d\u1ec5 s\u1eed d\u1ee5ng. S\u1ea3n ph\u1ea9m \u0111\u01b0\u1ee3c thi\u1ebft k\u1ebf ph\u00f9 h\u1ee3p v\u1edbi nhi\u1ec1u giai \u0111o\u1ea1n ph\u00e1t tri\u1ec3n c\u1ee7a ch\u00f3, t\u1eeb ch\u00f3 con \u0111\u1ebfn ch\u00f3 tr\u01b0\u1edfng th\u00e0nh.<\/p>\n<hr data-start=\"738\" data-end=\"741\" \/>\n<h2 data-section-id=\"1qk09l\" data-start=\"743\" data-end=\"771\"><span role=\"text\"><strong data-start=\"746\" data-end=\"771\">Th\u00e0nh ph\u1ea7n dinh d\u01b0\u1ee1ng<\/strong><\/span><\/h2>\n<p data-start=\"772\" data-end=\"823\">H\u1ea1t cho ch\u00f3 Keos cung c\u1ea5p c\u00e1c d\u01b0\u1ee1ng ch\u1ea5t c\u1ea7n thi\u1ebft:<\/p>\n<ul data-start=\"824\" data-end=\"967\">\n<li data-section-id=\"19shi49\" data-start=\"824\" data-end=\"860\">Protein h\u1ed7 tr\u1ee3 ph\u00e1t tri\u1ec3n c\u01a1 b\u1eafp<\/li>\n<li data-section-id=\"1x2dgbl\" data-start=\"861\" data-end=\"906\">Vitamin v\u00e0 kho\u00e1ng ch\u1ea5t gi\u00fap t\u0103ng \u0111\u1ec1 kh\u00e1ng<\/li>\n<li data-section-id=\"1v71gbt\" data-start=\"907\" data-end=\"934\">Ch\u1ea5t x\u01a1 h\u1ed7 tr\u1ee3 ti\u00eau h\u00f3a<\/li>\n<li data-section-id=\"fcyjx\" data-start=\"935\" data-end=\"967\">Ch\u1ea5t b\u00e9o cung c\u1ea5p n\u0103ng l\u01b0\u1ee3ng<\/li>\n<\/ul>\n<p data-start=\"969\" data-end=\"1032\">Nh\u1edd \u0111\u00f3, th\u00fa c\u01b0ng lu\u00f4n duy tr\u00ec th\u1ec3 tr\u1ea1ng kh\u1ecfe m\u1ea1nh v\u00e0 n\u0103ng \u0111\u1ed9ng.<\/p>\n<hr data-start=\"1034\" data-end=\"1037\" \/>\n<h2 data-section-id=\"43dfjf\" data-start=\"1039\" data-end=\"1070\"><span role=\"text\"><strong data-start=\"1042\" data-end=\"1070\">Ph\u00f9 h\u1ee3p cho m\u1ecdi l\u1ee9a tu\u1ed5i<\/strong><\/span><\/h2>\n<p data-start=\"1071\" data-end=\"1117\">H\u1ea1t cho ch\u00f3 Keos \u0111\u01b0\u1ee3c thi\u1ebft k\u1ebf \u0111\u1ec3 s\u1eed d\u1ee5ng cho:<\/p>\n<ul data-start=\"1118\" data-end=\"1227\">\n<li data-section-id=\"1l6p3pg\" data-start=\"1118\" data-end=\"1145\">Ch\u00f3 con \u0111ang ph\u00e1t tri\u1ec3n<\/li>\n<li data-section-id=\"cozg5v\" data-start=\"1146\" data-end=\"1188\">Ch\u00f3 tr\u01b0\u1edfng th\u00e0nh c\u1ea7n duy tr\u00ec th\u1ec3 tr\u1ea1ng<\/li>\n<li data-section-id=\"1gvisko\" data-start=\"1189\" data-end=\"1227\">Ch\u00f3 l\u1edbn tu\u1ed5i c\u1ea7n ch\u1ebf \u0111\u1ed9 \u0103n \u1ed5n \u0111\u1ecbnh<\/li>\n<\/ul>\n<p data-start=\"1229\" data-end=\"1329\">S\u1ea3n ph\u1ea9m gi\u00fap b\u1ea1n ti\u1ebft ki\u1ec7m th\u1eddi gian khi kh\u00f4ng c\u1ea7n thay \u0111\u1ed5i nhi\u1ec1u lo\u1ea1i th\u1ee9c \u0103n theo t\u1eebng giai \u0111o\u1ea1n.<\/p>\n<hr data-start=\"1331\" data-end=\"1334\" \/>\n<h2 data-section-id=\"5fzsc9\" data-start=\"1336\" data-end=\"1362\"><span role=\"text\"><strong data-start=\"1339\" data-end=\"1362\">L\u1ee3i \u00edch khi s\u1eed d\u1ee5ng<\/strong><\/span><\/h2>\n<ul data-start=\"1363\" data-end=\"1482\">\n<li data-section-id=\"rdpo1d\" data-start=\"1363\" data-end=\"1385\">D\u1ec5 \u0103n, d\u1ec5 ti\u00eau h\u00f3a<\/li>\n<li data-section-id=\"s5cw0c\" data-start=\"1386\" data-end=\"1417\">H\u1ed7 tr\u1ee3 ph\u00e1t tri\u1ec3n to\u00e0n di\u1ec7n<\/li>\n<li data-section-id=\"1ephrf1\" data-start=\"1418\" data-end=\"1447\">Gi\u00fap l\u00f4ng m\u01b0\u1ee3t v\u00e0 da kh\u1ecfe<\/li>\n<li data-section-id=\"spkccm\" data-start=\"1448\" data-end=\"1482\">Ti\u1ec7n l\u1ee3i khi s\u1eed d\u1ee5ng h\u1eb1ng ng\u00e0y<\/li>\n<\/ul>\n<hr data-start=\"1484\" data-end=\"1487\" \/>\n<h2 data-section-id=\"1ou8prs\" data-start=\"1489\" data-end=\"1513\"><span role=\"text\"><strong data-start=\"1492\" data-end=\"1513\">H\u01b0\u1edbng d\u1eabn s\u1eed d\u1ee5ng<\/strong><\/span><\/h2>\n<ul data-start=\"1514\" data-end=\"1644\">\n<li data-section-id=\"1n2bn08\" data-start=\"1514\" data-end=\"1560\">Cho \u0103n theo kh\u1ea9u ph\u1ea7n ph\u00f9 h\u1ee3p v\u1edbi c\u00e2n n\u1eb7ng<\/li>\n<li data-section-id=\"1gv3cen\" data-start=\"1561\" data-end=\"1605\">C\u00f3 th\u1ec3 k\u1ebft h\u1ee3p v\u1edbi pate ho\u1eb7c th\u1ee9c \u0103n \u01b0\u1edbt<\/li>\n<li data-section-id=\"o1bnuf\" data-start=\"1606\" data-end=\"1644\">Lu\u00f4n cung c\u1ea5p \u0111\u1ee7 n\u01b0\u1edbc s\u1ea1ch cho ch\u00f3<\/li>\n<\/ul>\n<hr data-start=\"1646\" data-end=\"1649\" \/>\n<h2 data-section-id=\"bh4eov\" data-start=\"1651\" data-end=\"1666\"><span role=\"text\"><strong data-start=\"1654\" data-end=\"1666\">K\u1ebft lu\u1eadn<\/strong><\/span><\/h2>\n<p data-start=\"1667\" data-end=\"1846\">H\u1ea1t cho ch\u00f3 Keos l\u00e0 l\u1ef1a ch\u1ecdn ph\u00f9 h\u1ee3p cho nh\u1eefng ai mu\u1ed1n cung c\u1ea5p dinh d\u01b0\u1ee1ng \u1ed5n \u0111\u1ecbnh v\u00e0 ti\u1ec7n l\u1ee3i cho th\u00fa c\u01b0ng. S\u1ea3n ph\u1ea9m \u0111\u00e1p \u1ee9ng nhu c\u1ea7u \u0103n u\u1ed1ng h\u1eb1ng ng\u00e0y v\u00e0 h\u1ed7 tr\u1ee3 s\u1ee9c kh\u1ecfe l\u00e2u d\u00e0i.<\/p>\n","protected":false},"excerpt":{"rendered":"<div class=\"productView-moreItem\">\n<div class=\"productView-desc halo-text-format\">H\u1ea1t Cho Ch\u00f3 M\u1ecdi L\u1ee9a Tu\u1ed5i Keos Th\u01b0\u01a1ng hi\u1ec7u:\u00a0Keos Ph\u00f9 h\u1ee3p cho: Ch\u00f3 m\u1ecdi \u0111\u1ed9 tu\u1ed5i Th\u1ee9c \u0103n&#8230;<\/div>\n<\/div>\n<div class=\"productView-moreItem\">\n<div class=\"productView-info\"><\/div>\n<\/div>\n","protected":false},"featured_media":634,"comment_status":"open","ping_status":"closed","template":"","meta":[],"product_brand":[42],"product_cat":[33,32],"product_tag":[],"class_list":{"0":"post-633","1":"product","2":"type-product","3":"status-publish","4":"has-post-thumbnail","6":"product_brand-keos","7":"product_cat-cho","8":"product_cat-thuc-an-hat","10":"first","11":"instock","12":"taxable","13":"shipping-taxable","14":"purchasable","15":"product-type-variable"},"yoast_head":"<!-- This site is optimized with the Yoast SEO plugin v26.9 - https:\/\/yoast.com\/product\/yoast-seo-wordpress\/ -->\n<title>H\u1ea1t Cho Ch\u00f3 M\u1ecdi L\u1ee9a Tu\u1ed5i Keos - Pobi shop<\/title>\n<meta name=\"description\" content=\"H\u1ea1t cho ch\u00f3 Keos ph\u00f9 h\u1ee3p m\u1ecdi l\u1ee9a tu\u1ed5i, cung c\u1ea5p dinh d\u01b0\u1ee1ng c\u00e2n b\u1eb1ng, gi\u00fap ch\u00f3 ph\u00e1t tri\u1ec3n kh\u1ecfe m\u1ea1nh v\u00e0 n\u0103ng \u0111\u1ed9ng.\" \/>\n<meta name=\"robots\" content=\"index, follow, max-snippet:-1, max-image-preview:large, max-video-preview:-1\" \/>\n<link rel=\"canonical\" href=\"https:\/\/thucung.azdigi.shop\/?product=hat-cho-cho-keos\" \/>\n<meta property=\"og:locale\" content=\"vi_VN\" \/>\n<meta property=\"og:type\" content=\"article\" \/>\n<meta property=\"og:title\" content=\"H\u1ea1t Cho Ch\u00f3 M\u1ecdi L\u1ee9a Tu\u1ed5i Keos - Pobi shop\" \/>\n<meta property=\"og:description\" content=\"H\u1ea1t cho ch\u00f3 Keos ph\u00f9 h\u1ee3p m\u1ecdi l\u1ee9a tu\u1ed5i, cung c\u1ea5p dinh d\u01b0\u1ee1ng c\u00e2n b\u1eb1ng, gi\u00fap ch\u00f3 ph\u00e1t tri\u1ec3n kh\u1ecfe m\u1ea1nh v\u00e0 n\u0103ng \u0111\u1ed9ng.\" \/>\n<meta property=\"og:url\" content=\"https:\/\/thucung.azdigi.shop\/?product=hat-cho-cho-keos\" \/>\n<meta property=\"og:site_name\" content=\"Pobi shop\" \/>\n<meta property=\"article:modified_time\" content=\"2026-04-09T06:08:47+00:00\" \/>\n<meta property=\"og:image\" content=\"https:\/\/thucung.azdigi.shop\/wp-content\/uploads\/2026\/04\/thuc-an-cho-cho-keos.webp\" \/>\n\t<meta property=\"og:image:width\" content=\"1000\" \/>\n\t<meta property=\"og:image:height\" content=\"1000\" \/>\n\t<meta property=\"og:image:type\" content=\"image\/webp\" \/>\n<meta name=\"twitter:card\" content=\"summary_large_image\" \/>\n<meta name=\"twitter:label1\" content=\"\u01af\u1edbc t\u00ednh th\u1eddi gian \u0111\u1ecdc\" \/>\n\t<meta name=\"twitter:data1\" content=\"2 ph\u00fat\" \/>\n<script type=\"application\/ld+json\" class=\"yoast-schema-graph\">{\"@context\":\"https:\/\/schema.org\",\"@graph\":[{\"@type\":\"WebPage\",\"@id\":\"https:\/\/thucung.azdigi.shop\/?product=hat-cho-cho-keos\",\"url\":\"https:\/\/thucung.azdigi.shop\/?product=hat-cho-cho-keos\",\"name\":\"H\u1ea1t Cho Ch\u00f3 M\u1ecdi L\u1ee9a Tu\u1ed5i Keos - Pobi shop\",\"isPartOf\":{\"@id\":\"https:\/\/thucung.azdigi.shop\/#website\"},\"primaryImageOfPage\":{\"@id\":\"https:\/\/thucung.azdigi.shop\/?product=hat-cho-cho-keos#primaryimage\"},\"image\":{\"@id\":\"https:\/\/thucung.azdigi.shop\/?product=hat-cho-cho-keos#primaryimage\"},\"thumbnailUrl\":\"https:\/\/thucung.azdigi.shop\/wp-content\/uploads\/2026\/04\/thuc-an-cho-cho-keos.webp\",\"datePublished\":\"2026-04-08T09:39:14+00:00\",\"dateModified\":\"2026-04-09T06:08:47+00:00\",\"description\":\"H\u1ea1t cho ch\u00f3 Keos ph\u00f9 h\u1ee3p m\u1ecdi l\u1ee9a tu\u1ed5i, cung c\u1ea5p dinh d\u01b0\u1ee1ng c\u00e2n b\u1eb1ng, gi\u00fap ch\u00f3 ph\u00e1t tri\u1ec3n kh\u1ecfe m\u1ea1nh v\u00e0 n\u0103ng \u0111\u1ed9ng.\",\"breadcrumb\":{\"@id\":\"https:\/\/thucung.azdigi.shop\/?product=hat-cho-cho-keos#breadcrumb\"},\"inLanguage\":\"vi\",\"potentialAction\":[{\"@type\":\"ReadAction\",\"target\":[\"https:\/\/thucung.azdigi.shop\/?product=hat-cho-cho-keos\"]}]},{\"@type\":\"ImageObject\",\"inLanguage\":\"vi\",\"@id\":\"https:\/\/thucung.azdigi.shop\/?product=hat-cho-cho-keos#primaryimage\",\"url\":\"https:\/\/thucung.azdigi.shop\/wp-content\/uploads\/2026\/04\/thuc-an-cho-cho-keos.webp\",\"contentUrl\":\"https:\/\/thucung.azdigi.shop\/wp-content\/uploads\/2026\/04\/thuc-an-cho-cho-keos.webp\",\"width\":1000,\"height\":1000},{\"@type\":\"BreadcrumbList\",\"@id\":\"https:\/\/thucung.azdigi.shop\/?product=hat-cho-cho-keos#breadcrumb\",\"itemListElement\":[{\"@type\":\"ListItem\",\"position\":1,\"name\":\"Trang ch\u1ee7\",\"item\":\"https:\/\/thucung.azdigi.shop\/\"},{\"@type\":\"ListItem\",\"position\":2,\"name\":\"C\u1eeda h\u00e0ng\",\"item\":\"https:\/\/thucung.azdigi.shop\/?page_id=137\"},{\"@type\":\"ListItem\",\"position\":3,\"name\":\"H\u1ea1t Cho Ch\u00f3 M\u1ecdi L\u1ee9a Tu\u1ed5i Keos\"}]},{\"@type\":\"WebSite\",\"@id\":\"https:\/\/thucung.azdigi.shop\/#website\",\"url\":\"https:\/\/thucung.azdigi.shop\/\",\"name\":\"Chuy\u00ean b\u00e1n th\u00fa c\u01b0ng, ph\u1ee5 ki\u1ec7n, th\u1ee9c \u0103n\",\"description\":\"\",\"potentialAction\":[{\"@type\":\"SearchAction\",\"target\":{\"@type\":\"EntryPoint\",\"urlTemplate\":\"https:\/\/thucung.azdigi.shop\/?s={search_term_string}\"},\"query-input\":{\"@type\":\"PropertyValueSpecification\",\"valueRequired\":true,\"valueName\":\"search_term_string\"}}],\"inLanguage\":\"vi\"}]}<\/script>\n<!-- \/ Yoast SEO plugin. -->","yoast_head_json":{"title":"H\u1ea1t Cho Ch\u00f3 M\u1ecdi L\u1ee9a Tu\u1ed5i Keos - Pobi shop","description":"H\u1ea1t cho ch\u00f3 Keos ph\u00f9 h\u1ee3p m\u1ecdi l\u1ee9a tu\u1ed5i, cung c\u1ea5p dinh d\u01b0\u1ee1ng c\u00e2n b\u1eb1ng, gi\u00fap ch\u00f3 ph\u00e1t tri\u1ec3n kh\u1ecfe m\u1ea1nh v\u00e0 n\u0103ng \u0111\u1ed9ng.","robots":{"index":"index","follow":"follow","max-snippet":"max-snippet:-1","max-image-preview":"max-image-preview:large","max-video-preview":"max-video-preview:-1"},"canonical":"https:\/\/thucung.azdigi.shop\/?product=hat-cho-cho-keos","og_locale":"vi_VN","og_type":"article","og_title":"H\u1ea1t Cho Ch\u00f3 M\u1ecdi L\u1ee9a Tu\u1ed5i Keos - Pobi shop","og_description":"H\u1ea1t cho ch\u00f3 Keos ph\u00f9 h\u1ee3p m\u1ecdi l\u1ee9a tu\u1ed5i, cung c\u1ea5p dinh d\u01b0\u1ee1ng c\u00e2n b\u1eb1ng, gi\u00fap ch\u00f3 ph\u00e1t tri\u1ec3n kh\u1ecfe m\u1ea1nh v\u00e0 n\u0103ng \u0111\u1ed9ng.","og_url":"https:\/\/thucung.azdigi.shop\/?product=hat-cho-cho-keos","og_site_name":"Pobi shop","article_modified_time":"2026-04-09T06:08:47+00:00","og_image":[{"width":1000,"height":1000,"url":"https:\/\/thucung.azdigi.shop\/wp-content\/uploads\/2026\/04\/thuc-an-cho-cho-keos.webp","type":"image\/webp"}],"twitter_card":"summary_large_image","twitter_misc":{"\u01af\u1edbc t\u00ednh th\u1eddi gian \u0111\u1ecdc":"2 ph\u00fat"},"schema":{"@context":"https:\/\/schema.org","@graph":[{"@type":"WebPage","@id":"https:\/\/thucung.azdigi.shop\/?product=hat-cho-cho-keos","url":"https:\/\/thucung.azdigi.shop\/?product=hat-cho-cho-keos","name":"H\u1ea1t Cho Ch\u00f3 M\u1ecdi L\u1ee9a Tu\u1ed5i Keos - Pobi shop","isPartOf":{"@id":"https:\/\/thucung.azdigi.shop\/#website"},"primaryImageOfPage":{"@id":"https:\/\/thucung.azdigi.shop\/?product=hat-cho-cho-keos#primaryimage"},"image":{"@id":"https:\/\/thucung.azdigi.shop\/?product=hat-cho-cho-keos#primaryimage"},"thumbnailUrl":"https:\/\/thucung.azdigi.shop\/wp-content\/uploads\/2026\/04\/thuc-an-cho-cho-keos.webp","datePublished":"2026-04-08T09:39:14+00:00","dateModified":"2026-04-09T06:08:47+00:00","description":"H\u1ea1t cho ch\u00f3 Keos ph\u00f9 h\u1ee3p m\u1ecdi l\u1ee9a tu\u1ed5i, cung c\u1ea5p dinh d\u01b0\u1ee1ng c\u00e2n b\u1eb1ng, gi\u00fap ch\u00f3 ph\u00e1t tri\u1ec3n kh\u1ecfe m\u1ea1nh v\u00e0 n\u0103ng \u0111\u1ed9ng.","breadcrumb":{"@id":"https:\/\/thucung.azdigi.shop\/?product=hat-cho-cho-keos#breadcrumb"},"inLanguage":"vi","potentialAction":[{"@type":"ReadAction","target":["https:\/\/thucung.azdigi.shop\/?product=hat-cho-cho-keos"]}]},{"@type":"ImageObject","inLanguage":"vi","@id":"https:\/\/thucung.azdigi.shop\/?product=hat-cho-cho-keos#primaryimage","url":"https:\/\/thucung.azdigi.shop\/wp-content\/uploads\/2026\/04\/thuc-an-cho-cho-keos.webp","contentUrl":"https:\/\/thucung.azdigi.shop\/wp-content\/uploads\/2026\/04\/thuc-an-cho-cho-keos.webp","width":1000,"height":1000},{"@type":"BreadcrumbList","@id":"https:\/\/thucung.azdigi.shop\/?product=hat-cho-cho-keos#breadcrumb","itemListElement":[{"@type":"ListItem","position":1,"name":"Trang ch\u1ee7","item":"https:\/\/thucung.azdigi.shop\/"},{"@type":"ListItem","position":2,"name":"C\u1eeda h\u00e0ng","item":"https:\/\/thucung.azdigi.shop\/?page_id=137"},{"@type":"ListItem","position":3,"name":"H\u1ea1t Cho Ch\u00f3 M\u1ecdi L\u1ee9a Tu\u1ed5i Keos"}]},{"@type":"WebSite","@id":"https:\/\/thucung.azdigi.shop\/#website","url":"https:\/\/thucung.azdigi.shop\/","name":"Chuy\u00ean b\u00e1n th\u00fa c\u01b0ng, ph\u1ee5 ki\u1ec7n, th\u1ee9c \u0103n","description":"","potentialAction":[{"@type":"SearchAction","target":{"@type":"EntryPoint","urlTemplate":"https:\/\/thucung.azdigi.shop\/?s={search_term_string}"},"query-input":{"@type":"PropertyValueSpecification","valueRequired":true,"valueName":"search_term_string"}}],"inLanguage":"vi"}]}},"_links":{"self":[{"href":"https:\/\/thucung.azdigi.shop\/index.php?rest_route=\/wp\/v2\/product\/633","targetHints":{"allow":["GET"]}}],"collection":[{"href":"https:\/\/thucung.azdigi.shop\/index.php?rest_route=\/wp\/v2\/product"}],"about":[{"href":"https:\/\/thucung.azdigi.shop\/index.php?rest_route=\/wp\/v2\/types\/product"}],"replies":[{"embeddable":true,"href":"https:\/\/thucung.azdigi.shop\/index.php?rest_route=%2Fwp%2Fv2%2Fcomments&post=633"}],"wp:featuredmedia":[{"embeddable":true,"href":"https:\/\/thucung.azdigi.shop\/index.php?rest_route=\/wp\/v2\/media\/634"}],"wp:attachment":[{"href":"https:\/\/thucung.azdigi.shop\/index.php?rest_route=%2Fwp%2Fv2%2Fmedia&parent=633"}],"wp:term":[{"taxonomy":"product_brand","embeddable":true,"href":"https:\/\/thucung.azdigi.shop\/index.php?rest_route=%2Fwp%2Fv2%2Fproduct_brand&post=633"},{"taxonomy":"product_cat","embeddable":true,"href":"https:\/\/thucung.azdigi.shop\/index.php?rest_route=%2Fwp%2Fv2%2Fproduct_cat&post=633"},{"taxonomy":"product_tag","embeddable":true,"href":"https:\/\/thucung.azdigi.shop\/index.php?rest_route=%2Fwp%2Fv2%2Fproduct_tag&post=633"}],"curies":[{"name":"wp","href":"https:\/\/api.w.org\/{rel}","templated":true}]}}