{"id":626,"date":"2026-04-08T09:32:59","date_gmt":"2026-04-08T09:32:59","guid":{"rendered":"https:\/\/thucung.azdigi.shop\/?post_type=product&#038;p=626"},"modified":"2026-04-09T06:12:52","modified_gmt":"2026-04-09T06:12:52","slug":"royal-canin-poodle-puppy","status":"publish","type":"product","link":"https:\/\/thucung.azdigi.shop\/?product=royal-canin-poodle-puppy","title":{"rendered":"Th\u1ee9c \u0102n H\u1ea1t Cho Ch\u00f3 Con Poodle Royal Canin Poodle Puppy"},"content":{"rendered":"<h2 data-section-id=\"uaa6bi\" data-start=\"509\" data-end=\"526\"><span role=\"text\"><strong data-start=\"512\" data-end=\"526\">Gi\u1edbi thi\u1ec7u<\/strong><\/span><\/h2>\n<p data-start=\"527\" data-end=\"735\">Royal Canin Poodle Puppy l\u00e0 d\u00f2ng th\u1ee9c \u0103n h\u1ea1t \u0111\u01b0\u1ee3c thi\u1ebft k\u1ebf ri\u00eang cho ch\u00f3 Poodle con t\u1eeb 2 \u0111\u1ebfn 10 th\u00e1ng tu\u1ed5i. S\u1ea3n ph\u1ea9m cung c\u1ea5p dinh d\u01b0\u1ee1ng c\u00e2n b\u1eb1ng, gi\u00fap th\u00fa c\u01b0ng ph\u00e1t tri\u1ec3n kh\u1ecfe m\u1ea1nh ngay t\u1eeb giai \u0111o\u1ea1n \u0111\u1ea7u \u0111\u1eddi.<\/p>\n<hr data-start=\"737\" data-end=\"740\" \/>\n<h2 data-section-id=\"g2ahan\" data-start=\"742\" data-end=\"781\"><span role=\"text\"><strong data-start=\"745\" data-end=\"781\">C\u00f4ng th\u1ee9c chuy\u00ean bi\u1ec7t cho Poodle<\/strong><\/span><\/h2>\n<p data-start=\"782\" data-end=\"868\">Royal Canin Poodle Puppy \u0111\u01b0\u1ee3c nghi\u00ean c\u1ee9u d\u00e0nh ri\u00eang cho gi\u1ed1ng Poodle v\u1edbi c\u00e1c \u0111\u1eb7c \u0111i\u1ec3m:<\/p>\n<ul data-start=\"869\" data-end=\"969\">\n<li data-section-id=\"1tqt212\" data-start=\"869\" data-end=\"903\">H\u1ed7 tr\u1ee3 h\u1ec7 ti\u00eau h\u00f3a c\u00f2n non y\u1ebfu<\/li>\n<li data-section-id=\"133ebud\" data-start=\"904\" data-end=\"931\">T\u0103ng c\u01b0\u1eddng h\u1ec7 mi\u1ec5n d\u1ecbch<\/li>\n<li data-section-id=\"bh4zsd\" data-start=\"932\" data-end=\"969\">Ph\u00e1t tri\u1ec3n b\u1ed9 l\u00f4ng xo\u0103n \u0111\u1eb7c tr\u01b0ng<\/li>\n<\/ul>\n<p data-start=\"971\" data-end=\"1035\">H\u1ea1t c\u00f3 k\u00edch th\u01b0\u1edbc v\u00e0 h\u00ecnh d\u1ea1ng ph\u00f9 h\u1ee3p gi\u00fap ch\u00f3 con d\u1ec5 nhai h\u01a1n.<\/p>\n<hr data-start=\"1037\" data-end=\"1040\" \/>\n<h2 data-section-id=\"1yusdv0\" data-start=\"1042\" data-end=\"1064\"><span role=\"text\"><strong data-start=\"1045\" data-end=\"1064\">L\u1ee3i \u00edch n\u1ed5i b\u1eadt<\/strong><\/span><\/h2>\n<h3 data-section-id=\"3dv2su\" data-start=\"1066\" data-end=\"1092\"><span role=\"text\">\ud83e\uddb4 <strong data-start=\"1073\" data-end=\"1092\">H\u1ed7 tr\u1ee3 ti\u00eau h\u00f3a<\/strong><\/span><\/h3>\n<p data-start=\"1093\" data-end=\"1160\">C\u00f4ng th\u1ee9c d\u1ec5 ti\u00eau gi\u00fap gi\u1ea3m t\u00ecnh tr\u1ea1ng r\u1ed1i lo\u1ea1n ti\u00eau h\u00f3a \u1edf ch\u00f3 con.<\/p>\n<h3 data-section-id=\"1im4046\" data-start=\"1162\" data-end=\"1193\"><span role=\"text\">\u2728 <strong data-start=\"1168\" data-end=\"1193\">Nu\u00f4i d\u01b0\u1ee1ng l\u00f4ng v\u00e0 da<\/strong><\/span><\/h3>\n<p data-start=\"1194\" data-end=\"1248\">B\u1ed5 sung d\u01b0\u1ee1ng ch\u1ea5t gi\u00fap l\u00f4ng m\u1ec1m m\u01b0\u1ee3t v\u00e0 da kh\u1ecfe m\u1ea1nh.<\/p>\n<h3 data-section-id=\"8b6jmf\" data-start=\"1250\" data-end=\"1281\"><span role=\"text\">\ud83d\udee1\ufe0f <strong data-start=\"1258\" data-end=\"1281\">T\u0103ng c\u01b0\u1eddng \u0111\u1ec1 kh\u00e1ng<\/strong><\/span><\/h3>\n<p data-start=\"1282\" data-end=\"1342\">Ch\u1ee9a c\u00e1c vitamin v\u00e0 ch\u1ea5t ch\u1ed1ng oxy h\u00f3a gi\u00fap b\u1ea3o v\u1ec7 s\u1ee9c kh\u1ecfe.<\/p>\n<hr data-start=\"1344\" data-end=\"1347\" \/>\n<h2 data-section-id=\"1ou8prs\" data-start=\"1349\" data-end=\"1373\"><span role=\"text\"><strong data-start=\"1352\" data-end=\"1373\">H\u01b0\u1edbng d\u1eabn s\u1eed d\u1ee5ng<\/strong><\/span><\/h2>\n<ul data-start=\"1374\" data-end=\"1529\">\n<li data-section-id=\"1836q7f\" data-start=\"1374\" data-end=\"1416\">D\u00f9ng cho ch\u00f3 Poodle t\u1eeb 2\u201310 th\u00e1ng tu\u1ed5i<\/li>\n<li data-section-id=\"1n2bn08\" data-start=\"1417\" data-end=\"1463\">Cho \u0103n theo kh\u1ea9u ph\u1ea7n ph\u00f9 h\u1ee3p v\u1edbi c\u00e2n n\u1eb7ng<\/li>\n<li data-section-id=\"185vnb0\" data-start=\"1464\" data-end=\"1498\">C\u00f3 th\u1ec3 k\u1ebft h\u1ee3p v\u1edbi th\u1ee9c \u0103n \u01b0\u1edbt<\/li>\n<li data-section-id=\"jz8u7f\" data-start=\"1499\" data-end=\"1529\">Lu\u00f4n cung c\u1ea5p \u0111\u1ee7 n\u01b0\u1edbc s\u1ea1ch<\/li>\n<\/ul>\n<hr data-start=\"1531\" data-end=\"1534\" \/>\n<h2 data-section-id=\"bh4eov\" data-start=\"1536\" data-end=\"1551\"><span role=\"text\"><strong data-start=\"1539\" data-end=\"1551\">K\u1ebft lu\u1eadn<\/strong><\/span><\/h2>\n<p data-start=\"1552\" data-end=\"1680\">Royal Canin Poodle Puppy l\u00e0 l\u1ef1a ch\u1ecdn l\u00fd t\u01b0\u1edfng cho ch\u00f3 Poodle con. S\u1ea3n ph\u1ea9m gi\u00fap ph\u00e1t tri\u1ec3n to\u00e0n di\u1ec7n v\u00e0 h\u1ed7 tr\u1ee3 s\u1ee9c kh\u1ecfe l\u00e2u d\u00e0i.<\/p>\n","protected":false},"excerpt":{"rendered":"<div class=\"productView-moreItem\">\n<div class=\"productView-desc halo-text-format\">Th\u1ee9c \u0102n H\u1ea1t Cho Ch\u00f3 Con Poodle Royal Canin Poodle Puppy Th\u01b0\u01a1ng hi\u1ec7u: Royal Canin Ph\u00f9 h\u1ee3p cho:&#8230;<\/div>\n<div><span class=\"productView-info-name\">Th\u01b0\u01a1ng hi\u1ec7u:<\/span>\u00a0<span class=\"productView-info-value\"><a title=\"Royal Canin\" href=\"https:\/\/paddy.vn\/collections\/vendors?q=Royal%20Canin\">Royal Canin<\/a><\/span><\/div>\n<\/div>\n<div class=\"productView-moreItem\">\n<div class=\"productView-info\"><\/div>\n<\/div>\n","protected":false},"featured_media":630,"comment_status":"open","ping_status":"closed","template":"","meta":[],"product_brand":[],"product_cat":[33,32],"product_tag":[],"class_list":{"0":"post-626","1":"product","2":"type-product","3":"status-publish","4":"has-post-thumbnail","6":"product_cat-cho","7":"product_cat-thuc-an-hat","9":"first","10":"instock","11":"taxable","12":"shipping-taxable","13":"purchasable","14":"product-type-variable"},"yoast_head":"<!-- This site is optimized with the Yoast SEO plugin v26.9 - https:\/\/yoast.com\/product\/yoast-seo-wordpress\/ -->\n<title>Th\u1ee9c \u0102n H\u1ea1t Cho Ch\u00f3 Con Poodle Royal Canin Poodle Puppy - Pobi shop<\/title>\n<meta name=\"description\" content=\"Royal Canin Poodle Puppy l\u00e0 th\u1ee9c \u0103n h\u1ea1t chuy\u00ean bi\u1ec7t cho ch\u00f3 Poodle con, h\u1ed7 tr\u1ee3 ti\u00eau h\u00f3a, ph\u00e1t tri\u1ec3n l\u00f4ng v\u00e0 t\u0103ng c\u01b0\u1eddng \u0111\u1ec1 kh\u00e1ng.\" \/>\n<meta name=\"robots\" content=\"index, follow, max-snippet:-1, max-image-preview:large, max-video-preview:-1\" \/>\n<link rel=\"canonical\" href=\"https:\/\/thucung.azdigi.shop\/?product=royal-canin-poodle-puppy\" \/>\n<meta property=\"og:locale\" content=\"vi_VN\" \/>\n<meta property=\"og:type\" content=\"article\" \/>\n<meta property=\"og:title\" content=\"Th\u1ee9c \u0102n H\u1ea1t Cho Ch\u00f3 Con Poodle Royal Canin Poodle Puppy - Pobi shop\" \/>\n<meta property=\"og:description\" content=\"Royal Canin Poodle Puppy l\u00e0 th\u1ee9c \u0103n h\u1ea1t chuy\u00ean bi\u1ec7t cho ch\u00f3 Poodle con, h\u1ed7 tr\u1ee3 ti\u00eau h\u00f3a, ph\u00e1t tri\u1ec3n l\u00f4ng v\u00e0 t\u0103ng c\u01b0\u1eddng \u0111\u1ec1 kh\u00e1ng.\" \/>\n<meta property=\"og:url\" content=\"https:\/\/thucung.azdigi.shop\/?product=royal-canin-poodle-puppy\" \/>\n<meta property=\"og:site_name\" content=\"Pobi shop\" \/>\n<meta property=\"article:modified_time\" content=\"2026-04-09T06:12:52+00:00\" \/>\n<meta property=\"og:image\" content=\"https:\/\/thucung.azdigi.shop\/wp-content\/uploads\/2026\/04\/hat-royal-canin-poodle-puppy-cho-cho-con-poodle-paddy-6.webp\" \/>\n\t<meta property=\"og:image:width\" content=\"1000\" \/>\n\t<meta property=\"og:image:height\" content=\"1000\" \/>\n\t<meta property=\"og:image:type\" content=\"image\/webp\" \/>\n<meta name=\"twitter:card\" content=\"summary_large_image\" \/>\n<meta name=\"twitter:label1\" content=\"\u01af\u1edbc t\u00ednh th\u1eddi gian \u0111\u1ecdc\" \/>\n\t<meta name=\"twitter:data1\" content=\"2 ph\u00fat\" \/>\n<script type=\"application\/ld+json\" class=\"yoast-schema-graph\">{\"@context\":\"https:\/\/schema.org\",\"@graph\":[{\"@type\":\"WebPage\",\"@id\":\"https:\/\/thucung.azdigi.shop\/?product=royal-canin-poodle-puppy\",\"url\":\"https:\/\/thucung.azdigi.shop\/?product=royal-canin-poodle-puppy\",\"name\":\"Th\u1ee9c \u0102n H\u1ea1t Cho Ch\u00f3 Con Poodle Royal Canin Poodle Puppy - Pobi shop\",\"isPartOf\":{\"@id\":\"https:\/\/thucung.azdigi.shop\/#website\"},\"primaryImageOfPage\":{\"@id\":\"https:\/\/thucung.azdigi.shop\/?product=royal-canin-poodle-puppy#primaryimage\"},\"image\":{\"@id\":\"https:\/\/thucung.azdigi.shop\/?product=royal-canin-poodle-puppy#primaryimage\"},\"thumbnailUrl\":\"https:\/\/thucung.azdigi.shop\/wp-content\/uploads\/2026\/04\/hat-royal-canin-poodle-puppy-cho-cho-con-poodle-paddy-6.webp\",\"datePublished\":\"2026-04-08T09:32:59+00:00\",\"dateModified\":\"2026-04-09T06:12:52+00:00\",\"description\":\"Royal Canin Poodle Puppy l\u00e0 th\u1ee9c \u0103n h\u1ea1t chuy\u00ean bi\u1ec7t cho ch\u00f3 Poodle con, h\u1ed7 tr\u1ee3 ti\u00eau h\u00f3a, ph\u00e1t tri\u1ec3n l\u00f4ng v\u00e0 t\u0103ng c\u01b0\u1eddng \u0111\u1ec1 kh\u00e1ng.\",\"breadcrumb\":{\"@id\":\"https:\/\/thucung.azdigi.shop\/?product=royal-canin-poodle-puppy#breadcrumb\"},\"inLanguage\":\"vi\",\"potentialAction\":[{\"@type\":\"ReadAction\",\"target\":[\"https:\/\/thucung.azdigi.shop\/?product=royal-canin-poodle-puppy\"]}]},{\"@type\":\"ImageObject\",\"inLanguage\":\"vi\",\"@id\":\"https:\/\/thucung.azdigi.shop\/?product=royal-canin-poodle-puppy#primaryimage\",\"url\":\"https:\/\/thucung.azdigi.shop\/wp-content\/uploads\/2026\/04\/hat-royal-canin-poodle-puppy-cho-cho-con-poodle-paddy-6.webp\",\"contentUrl\":\"https:\/\/thucung.azdigi.shop\/wp-content\/uploads\/2026\/04\/hat-royal-canin-poodle-puppy-cho-cho-con-poodle-paddy-6.webp\",\"width\":1000,\"height\":1000},{\"@type\":\"BreadcrumbList\",\"@id\":\"https:\/\/thucung.azdigi.shop\/?product=royal-canin-poodle-puppy#breadcrumb\",\"itemListElement\":[{\"@type\":\"ListItem\",\"position\":1,\"name\":\"Trang ch\u1ee7\",\"item\":\"https:\/\/thucung.azdigi.shop\/\"},{\"@type\":\"ListItem\",\"position\":2,\"name\":\"C\u1eeda h\u00e0ng\",\"item\":\"https:\/\/thucung.azdigi.shop\/?page_id=137\"},{\"@type\":\"ListItem\",\"position\":3,\"name\":\"Th\u1ee9c \u0102n H\u1ea1t Cho Ch\u00f3 Con Poodle Royal Canin Poodle Puppy\"}]},{\"@type\":\"WebSite\",\"@id\":\"https:\/\/thucung.azdigi.shop\/#website\",\"url\":\"https:\/\/thucung.azdigi.shop\/\",\"name\":\"Chuy\u00ean b\u00e1n th\u00fa c\u01b0ng, ph\u1ee5 ki\u1ec7n, th\u1ee9c \u0103n\",\"description\":\"\",\"potentialAction\":[{\"@type\":\"SearchAction\",\"target\":{\"@type\":\"EntryPoint\",\"urlTemplate\":\"https:\/\/thucung.azdigi.shop\/?s={search_term_string}\"},\"query-input\":{\"@type\":\"PropertyValueSpecification\",\"valueRequired\":true,\"valueName\":\"search_term_string\"}}],\"inLanguage\":\"vi\"}]}<\/script>\n<!-- \/ Yoast SEO plugin. -->","yoast_head_json":{"title":"Th\u1ee9c \u0102n H\u1ea1t Cho Ch\u00f3 Con Poodle Royal Canin Poodle Puppy - Pobi shop","description":"Royal Canin Poodle Puppy l\u00e0 th\u1ee9c \u0103n h\u1ea1t chuy\u00ean bi\u1ec7t cho ch\u00f3 Poodle con, h\u1ed7 tr\u1ee3 ti\u00eau h\u00f3a, ph\u00e1t tri\u1ec3n l\u00f4ng v\u00e0 t\u0103ng c\u01b0\u1eddng \u0111\u1ec1 kh\u00e1ng.","robots":{"index":"index","follow":"follow","max-snippet":"max-snippet:-1","max-image-preview":"max-image-preview:large","max-video-preview":"max-video-preview:-1"},"canonical":"https:\/\/thucung.azdigi.shop\/?product=royal-canin-poodle-puppy","og_locale":"vi_VN","og_type":"article","og_title":"Th\u1ee9c \u0102n H\u1ea1t Cho Ch\u00f3 Con Poodle Royal Canin Poodle Puppy - Pobi shop","og_description":"Royal Canin Poodle Puppy l\u00e0 th\u1ee9c \u0103n h\u1ea1t chuy\u00ean bi\u1ec7t cho ch\u00f3 Poodle con, h\u1ed7 tr\u1ee3 ti\u00eau h\u00f3a, ph\u00e1t tri\u1ec3n l\u00f4ng v\u00e0 t\u0103ng c\u01b0\u1eddng \u0111\u1ec1 kh\u00e1ng.","og_url":"https:\/\/thucung.azdigi.shop\/?product=royal-canin-poodle-puppy","og_site_name":"Pobi shop","article_modified_time":"2026-04-09T06:12:52+00:00","og_image":[{"width":1000,"height":1000,"url":"https:\/\/thucung.azdigi.shop\/wp-content\/uploads\/2026\/04\/hat-royal-canin-poodle-puppy-cho-cho-con-poodle-paddy-6.webp","type":"image\/webp"}],"twitter_card":"summary_large_image","twitter_misc":{"\u01af\u1edbc t\u00ednh th\u1eddi gian \u0111\u1ecdc":"2 ph\u00fat"},"schema":{"@context":"https:\/\/schema.org","@graph":[{"@type":"WebPage","@id":"https:\/\/thucung.azdigi.shop\/?product=royal-canin-poodle-puppy","url":"https:\/\/thucung.azdigi.shop\/?product=royal-canin-poodle-puppy","name":"Th\u1ee9c \u0102n H\u1ea1t Cho Ch\u00f3 Con Poodle Royal Canin Poodle Puppy - Pobi shop","isPartOf":{"@id":"https:\/\/thucung.azdigi.shop\/#website"},"primaryImageOfPage":{"@id":"https:\/\/thucung.azdigi.shop\/?product=royal-canin-poodle-puppy#primaryimage"},"image":{"@id":"https:\/\/thucung.azdigi.shop\/?product=royal-canin-poodle-puppy#primaryimage"},"thumbnailUrl":"https:\/\/thucung.azdigi.shop\/wp-content\/uploads\/2026\/04\/hat-royal-canin-poodle-puppy-cho-cho-con-poodle-paddy-6.webp","datePublished":"2026-04-08T09:32:59+00:00","dateModified":"2026-04-09T06:12:52+00:00","description":"Royal Canin Poodle Puppy l\u00e0 th\u1ee9c \u0103n h\u1ea1t chuy\u00ean bi\u1ec7t cho ch\u00f3 Poodle con, h\u1ed7 tr\u1ee3 ti\u00eau h\u00f3a, ph\u00e1t tri\u1ec3n l\u00f4ng v\u00e0 t\u0103ng c\u01b0\u1eddng \u0111\u1ec1 kh\u00e1ng.","breadcrumb":{"@id":"https:\/\/thucung.azdigi.shop\/?product=royal-canin-poodle-puppy#breadcrumb"},"inLanguage":"vi","potentialAction":[{"@type":"ReadAction","target":["https:\/\/thucung.azdigi.shop\/?product=royal-canin-poodle-puppy"]}]},{"@type":"ImageObject","inLanguage":"vi","@id":"https:\/\/thucung.azdigi.shop\/?product=royal-canin-poodle-puppy#primaryimage","url":"https:\/\/thucung.azdigi.shop\/wp-content\/uploads\/2026\/04\/hat-royal-canin-poodle-puppy-cho-cho-con-poodle-paddy-6.webp","contentUrl":"https:\/\/thucung.azdigi.shop\/wp-content\/uploads\/2026\/04\/hat-royal-canin-poodle-puppy-cho-cho-con-poodle-paddy-6.webp","width":1000,"height":1000},{"@type":"BreadcrumbList","@id":"https:\/\/thucung.azdigi.shop\/?product=royal-canin-poodle-puppy#breadcrumb","itemListElement":[{"@type":"ListItem","position":1,"name":"Trang ch\u1ee7","item":"https:\/\/thucung.azdigi.shop\/"},{"@type":"ListItem","position":2,"name":"C\u1eeda h\u00e0ng","item":"https:\/\/thucung.azdigi.shop\/?page_id=137"},{"@type":"ListItem","position":3,"name":"Th\u1ee9c \u0102n H\u1ea1t Cho Ch\u00f3 Con Poodle Royal Canin Poodle Puppy"}]},{"@type":"WebSite","@id":"https:\/\/thucung.azdigi.shop\/#website","url":"https:\/\/thucung.azdigi.shop\/","name":"Chuy\u00ean b\u00e1n th\u00fa c\u01b0ng, ph\u1ee5 ki\u1ec7n, th\u1ee9c \u0103n","description":"","potentialAction":[{"@type":"SearchAction","target":{"@type":"EntryPoint","urlTemplate":"https:\/\/thucung.azdigi.shop\/?s={search_term_string}"},"query-input":{"@type":"PropertyValueSpecification","valueRequired":true,"valueName":"search_term_string"}}],"inLanguage":"vi"}]}},"_links":{"self":[{"href":"https:\/\/thucung.azdigi.shop\/index.php?rest_route=\/wp\/v2\/product\/626","targetHints":{"allow":["GET"]}}],"collection":[{"href":"https:\/\/thucung.azdigi.shop\/index.php?rest_route=\/wp\/v2\/product"}],"about":[{"href":"https:\/\/thucung.azdigi.shop\/index.php?rest_route=\/wp\/v2\/types\/product"}],"replies":[{"embeddable":true,"href":"https:\/\/thucung.azdigi.shop\/index.php?rest_route=%2Fwp%2Fv2%2Fcomments&post=626"}],"wp:featuredmedia":[{"embeddable":true,"href":"https:\/\/thucung.azdigi.shop\/index.php?rest_route=\/wp\/v2\/media\/630"}],"wp:attachment":[{"href":"https:\/\/thucung.azdigi.shop\/index.php?rest_route=%2Fwp%2Fv2%2Fmedia&parent=626"}],"wp:term":[{"taxonomy":"product_brand","embeddable":true,"href":"https:\/\/thucung.azdigi.shop\/index.php?rest_route=%2Fwp%2Fv2%2Fproduct_brand&post=626"},{"taxonomy":"product_cat","embeddable":true,"href":"https:\/\/thucung.azdigi.shop\/index.php?rest_route=%2Fwp%2Fv2%2Fproduct_cat&post=626"},{"taxonomy":"product_tag","embeddable":true,"href":"https:\/\/thucung.azdigi.shop\/index.php?rest_route=%2Fwp%2Fv2%2Fproduct_tag&post=626"}],"curies":[{"name":"wp","href":"https:\/\/api.w.org\/{rel}","templated":true}]}}