{"id":614,"date":"2026-04-08T09:27:40","date_gmt":"2026-04-08T09:27:40","guid":{"rendered":"https:\/\/thucung.azdigi.shop\/?post_type=product&#038;p=614"},"modified":"2026-04-09T06:16:11","modified_gmt":"2026-04-09T06:16:11","slug":"hat-mem-anf-soft","status":"publish","type":"product","link":"https:\/\/thucung.azdigi.shop\/?product=hat-mem-anf-soft","title":{"rendered":"Th\u1ee9c \u0102n H\u1ea1t M\u1ec1m Ch\u00f3 ANF Soft"},"content":{"rendered":"<h2 data-section-id=\"uaa6bi\" data-start=\"433\" data-end=\"450\"><span role=\"text\"><strong data-start=\"436\" data-end=\"450\">Gi\u1edbi thi\u1ec7u<\/strong><\/span><\/h2>\n<p data-start=\"451\" data-end=\"643\"><a href=\"https:\/\/thucung.azdigi.shop\/?product=thuc-an-hat-mem-cho-anf-soft\">H\u1ea1t m\u1ec1m ANF Soft<\/a> l\u00e0 d\u00f2ng th\u1ee9c \u0103n d\u00e0nh cho ch\u00f3 v\u1edbi k\u1ebft c\u1ea5u m\u1ec1m, ph\u00f9 h\u1ee3p cho nh\u1eefng b\u00e9 k\u00e9n \u0103n ho\u1eb7c c\u00f3 h\u1ec7 ti\u00eau h\u00f3a nh\u1ea1y c\u1ea3m. S\u1ea3n ph\u1ea9m gi\u00fap th\u00fa c\u01b0ng \u0103n ngon mi\u1ec7ng h\u01a1n v\u00e0 h\u1ea5p th\u1ee5 dinh d\u01b0\u1ee1ng t\u1ed1t h\u01a1n.<\/p>\n<hr data-start=\"645\" data-end=\"648\" \/>\n<h2 data-section-id=\"17gj3z2\" data-start=\"650\" data-end=\"673\"><span role=\"text\"><strong data-start=\"653\" data-end=\"673\">\u0110\u1eb7c \u0111i\u1ec3m n\u1ed5i b\u1eadt<\/strong><\/span><\/h2>\n<p data-start=\"674\" data-end=\"723\">H\u1ea1t m\u1ec1m ANF Soft \u0111\u01b0\u1ee3c thi\u1ebft k\u1ebf v\u1edbi nhi\u1ec1u \u01b0u \u0111i\u1ec3m:<\/p>\n<ul data-start=\"724\" data-end=\"841\">\n<li data-section-id=\"1cgu6ux\" data-start=\"724\" data-end=\"748\">K\u1ebft c\u1ea5u m\u1ec1m, d\u1ec5 nhai<\/li>\n<li data-section-id=\"19y32vv\" data-start=\"749\" data-end=\"797\">Ph\u00f9 h\u1ee3p cho ch\u00f3 con, ch\u00f3 nh\u1ecf v\u00e0 ch\u00f3 l\u1edbn tu\u1ed5i<\/li>\n<li data-section-id=\"9avfve\" data-start=\"798\" data-end=\"841\">H\u1ed7 tr\u1ee3 ti\u00eau h\u00f3a t\u1ed1t h\u01a1n so v\u1edbi h\u1ea1t c\u1ee9ng<\/li>\n<\/ul>\n<p data-start=\"843\" data-end=\"915\">S\u1ea3n ph\u1ea9m \u0111\u1eb7c bi\u1ec7t th\u00edch h\u1ee3p cho nh\u1eefng b\u00e9 g\u1eb7p v\u1ea5n \u0111\u1ec1 v\u1ec1 r\u0103ng ho\u1eb7c kh\u00f3 \u0103n.<\/p>\n<hr data-start=\"917\" data-end=\"920\" \/>\n<h2 data-section-id=\"5fzsc9\" data-start=\"922\" data-end=\"948\"><span role=\"text\"><strong data-start=\"925\" data-end=\"948\">L\u1ee3i \u00edch khi s\u1eed d\u1ee5ng<\/strong><\/span><\/h2>\n<h3 data-section-id=\"gbqe6t\" data-start=\"950\" data-end=\"972\"><span role=\"text\">\ud83e\uddb4 <strong data-start=\"957\" data-end=\"972\">D\u1ec5 ti\u00eau h\u00f3a<\/strong><\/span><\/h3>\n<p data-start=\"973\" data-end=\"1050\">H\u1ea1t m\u1ec1m gi\u00fap gi\u1ea3m \u00e1p l\u1ef1c l\u00ean h\u1ec7 ti\u00eau h\u00f3a, ph\u00f9 h\u1ee3p v\u1edbi ch\u00f3 c\u00f3 d\u1ea1 d\u00e0y nh\u1ea1y c\u1ea3m.<\/p>\n<h3 data-section-id=\"ar3zn4\" data-start=\"1052\" data-end=\"1087\"><span role=\"text\">\ud83c\udf57 <strong data-start=\"1059\" data-end=\"1087\">T\u0103ng c\u1ea3m gi\u00e1c ngon mi\u1ec7ng<\/strong><\/span><\/h3>\n<p data-start=\"1088\" data-end=\"1148\">K\u1ebft c\u1ea5u m\u1ec1m gi\u00fap ch\u00f3 \u0103n ngon h\u01a1n, \u0111\u1eb7c bi\u1ec7t l\u00e0 c\u00e1c b\u00e9 k\u00e9n \u0103n.<\/p>\n<h3 data-section-id=\"17js3oz\" data-start=\"1150\" data-end=\"1184\"><span role=\"text\">\u2728 <strong data-start=\"1156\" data-end=\"1184\">H\u1ed7 tr\u1ee3 s\u1ee9c kh\u1ecfe t\u1ed5ng th\u1ec3<\/strong><\/span><\/h3>\n<p data-start=\"1185\" data-end=\"1243\">Cung c\u1ea5p \u0111\u1ea7y \u0111\u1ee7 d\u01b0\u1ee1ng ch\u1ea5t gi\u00fap duy tr\u00ec th\u1ec3 tr\u1ea1ng \u1ed5n \u0111\u1ecbnh.<\/p>\n<hr data-start=\"1245\" data-end=\"1248\" \/>\n<h2 data-section-id=\"e0kb79\" data-start=\"1250\" data-end=\"1274\"><span role=\"text\"><strong data-start=\"1253\" data-end=\"1274\">\u0110\u1ed1i t\u01b0\u1ee3ng s\u1eed d\u1ee5ng<\/strong><\/span><\/h2>\n<p data-start=\"1275\" data-end=\"1304\">H\u1ea1t m\u1ec1m ANF Soft ph\u00f9 h\u1ee3p cho:<\/p>\n<ul data-start=\"1305\" data-end=\"1387\">\n<li data-section-id=\"1w7lnjj\" data-start=\"1305\" data-end=\"1328\">Ch\u00f3 con \u0111ang t\u1eadp \u0103n<\/li>\n<li data-section-id=\"r85jl7\" data-start=\"1329\" data-end=\"1356\">Ch\u00f3 tr\u01b0\u1edfng th\u00e0nh k\u00e9n \u0103n<\/li>\n<li data-section-id=\"br2ei4\" data-start=\"1357\" data-end=\"1387\">Ch\u00f3 l\u1edbn tu\u1ed5i ho\u1eb7c r\u0103ng y\u1ebfu<\/li>\n<\/ul>\n<hr data-start=\"1389\" data-end=\"1392\" \/>\n<h2 data-section-id=\"1ou8prs\" data-start=\"1394\" data-end=\"1418\"><span role=\"text\"><strong data-start=\"1397\" data-end=\"1418\">H\u01b0\u1edbng d\u1eabn s\u1eed d\u1ee5ng<\/strong><\/span><\/h2>\n<ul data-start=\"1419\" data-end=\"1553\">\n<li data-section-id=\"1n2bn08\" data-start=\"1419\" data-end=\"1465\">Cho \u0103n theo kh\u1ea9u ph\u1ea7n ph\u00f9 h\u1ee3p v\u1edbi c\u00e2n n\u1eb7ng<\/li>\n<li data-section-id=\"1wgl3m1\" data-start=\"1466\" data-end=\"1518\">C\u00f3 th\u1ec3 d\u00f9ng tr\u1ef1c ti\u1ebfp ho\u1eb7c tr\u1ed9n v\u1edbi th\u1ee9c \u0103n kh\u00e1c<\/li>\n<li data-section-id=\"zbywx0\" data-start=\"1519\" data-end=\"1553\">Lu\u00f4n cung c\u1ea5p n\u01b0\u1edbc s\u1ea1ch \u0111\u1ea7y \u0111\u1ee7<\/li>\n<\/ul>\n<hr data-start=\"1555\" data-end=\"1558\" \/>\n<h2 data-section-id=\"bh4eov\" data-start=\"1560\" data-end=\"1575\"><span role=\"text\"><strong data-start=\"1563\" data-end=\"1575\">K\u1ebft lu\u1eadn<\/strong><\/span><\/h2>\n<p data-start=\"1576\" data-end=\"1726\">H\u1ea1t m\u1ec1m ANF Soft l\u00e0 l\u1ef1a ch\u1ecdn ph\u00f9 h\u1ee3p cho nh\u1eefng ch\u00fa ch\u00f3 c\u1ea7n th\u1ee9c \u0103n d\u1ec5 nhai v\u00e0 d\u1ec5 ti\u00eau h\u00f3a. S\u1ea3n ph\u1ea9m gi\u00fap c\u1ea3i thi\u1ec7n kh\u1ea9u v\u1ecb v\u00e0 h\u1ed7 tr\u1ee3 s\u1ee9c kh\u1ecfe l\u00e2u d\u00e0i.<\/p>\n<p><a href=\"https:\/\/aquariumcare.vn\/san-pham\/339\/gio-hang.html\">https:\/\/aquariumcare.vn\/san-pham\/339\/gio-hang.html<\/a><\/p>\n","protected":false},"excerpt":{"rendered":"<p>Gi\u1edbi thi\u1ec7u H\u1ea1t m\u1ec1m ANF Soft l\u00e0 d\u00f2ng th\u1ee9c \u0103n d\u00e0nh cho ch\u00f3 v\u1edbi k\u1ebft c\u1ea5u m\u1ec1m, ph\u00f9 h\u1ee3p cho nh\u1eefng b\u00e9 k\u00e9n \u0103n ho\u1eb7c c\u00f3 h\u1ec7 ti\u00eau h\u00f3a nh\u1ea1y c\u1ea3m. S\u1ea3n ph\u1ea9m gi\u00fap th\u00fa c\u01b0ng \u0103n ngon mi\u1ec7ng h\u01a1n v\u00e0 h\u1ea5p th\u1ee5 dinh d\u01b0\u1ee1ng t\u1ed1t h\u01a1n. \u0110\u1eb7c \u0111i\u1ec3m n\u1ed5i b\u1eadt H\u1ea1t m\u1ec1m ANF Soft [&#8230;]\n","protected":false},"featured_media":621,"comment_status":"open","ping_status":"closed","template":"","meta":[],"product_brand":[],"product_cat":[33,32],"product_tag":[],"class_list":{"0":"post-614","1":"product","2":"type-product","3":"status-publish","4":"has-post-thumbnail","6":"product_cat-cho","7":"product_cat-thuc-an-hat","9":"first","10":"instock","11":"taxable","12":"shipping-taxable","13":"purchasable","14":"product-type-variable"},"yoast_head":"<!-- This site is optimized with the Yoast SEO plugin v26.9 - https:\/\/yoast.com\/product\/yoast-seo-wordpress\/ -->\n<title>Th\u1ee9c \u0102n H\u1ea1t M\u1ec1m Ch\u00f3 ANF Soft - Pobi shop<\/title>\n<meta name=\"description\" content=\"H\u1ea1t m\u1ec1m ANF Soft d\u00e0nh cho ch\u00f3 v\u1edbi k\u1ebft c\u1ea5u m\u1ec1m d\u1ec5 \u0103n, h\u1ed7 tr\u1ee3 ti\u00eau h\u00f3a v\u00e0 ph\u00f9 h\u1ee3p cho nhi\u1ec1u l\u1ee9a tu\u1ed5i.\" \/>\n<meta name=\"robots\" content=\"index, follow, max-snippet:-1, max-image-preview:large, max-video-preview:-1\" \/>\n<link rel=\"canonical\" href=\"https:\/\/thucung.azdigi.shop\/?product=hat-mem-anf-soft\" \/>\n<meta property=\"og:locale\" content=\"vi_VN\" \/>\n<meta property=\"og:type\" content=\"article\" \/>\n<meta property=\"og:title\" content=\"Th\u1ee9c \u0102n H\u1ea1t M\u1ec1m Ch\u00f3 ANF Soft - Pobi shop\" \/>\n<meta property=\"og:description\" content=\"H\u1ea1t m\u1ec1m ANF Soft d\u00e0nh cho ch\u00f3 v\u1edbi k\u1ebft c\u1ea5u m\u1ec1m d\u1ec5 \u0103n, h\u1ed7 tr\u1ee3 ti\u00eau h\u00f3a v\u00e0 ph\u00f9 h\u1ee3p cho nhi\u1ec1u l\u1ee9a tu\u1ed5i.\" \/>\n<meta property=\"og:url\" content=\"https:\/\/thucung.azdigi.shop\/?product=hat-mem-anf-soft\" \/>\n<meta property=\"og:site_name\" content=\"Pobi shop\" \/>\n<meta property=\"article:modified_time\" content=\"2026-04-09T06:16:11+00:00\" \/>\n<meta property=\"og:image\" content=\"https:\/\/thucung.azdigi.shop\/wp-content\/uploads\/2026\/04\/9_c7a5e8b5-0d48-466e-a58e-7c627488f25a-1.webp\" \/>\n\t<meta property=\"og:image:width\" content=\"1080\" \/>\n\t<meta property=\"og:image:height\" content=\"1080\" \/>\n\t<meta property=\"og:image:type\" content=\"image\/webp\" \/>\n<meta name=\"twitter:card\" content=\"summary_large_image\" \/>\n<meta name=\"twitter:label1\" content=\"\u01af\u1edbc t\u00ednh th\u1eddi gian \u0111\u1ecdc\" \/>\n\t<meta name=\"twitter:data1\" content=\"2 ph\u00fat\" \/>\n<script type=\"application\/ld+json\" class=\"yoast-schema-graph\">{\"@context\":\"https:\/\/schema.org\",\"@graph\":[{\"@type\":\"WebPage\",\"@id\":\"https:\/\/thucung.azdigi.shop\/?product=hat-mem-anf-soft\",\"url\":\"https:\/\/thucung.azdigi.shop\/?product=hat-mem-anf-soft\",\"name\":\"Th\u1ee9c \u0102n H\u1ea1t M\u1ec1m Ch\u00f3 ANF Soft - Pobi shop\",\"isPartOf\":{\"@id\":\"https:\/\/thucung.azdigi.shop\/#website\"},\"primaryImageOfPage\":{\"@id\":\"https:\/\/thucung.azdigi.shop\/?product=hat-mem-anf-soft#primaryimage\"},\"image\":{\"@id\":\"https:\/\/thucung.azdigi.shop\/?product=hat-mem-anf-soft#primaryimage\"},\"thumbnailUrl\":\"https:\/\/thucung.azdigi.shop\/wp-content\/uploads\/2026\/04\/9_c7a5e8b5-0d48-466e-a58e-7c627488f25a-1.webp\",\"datePublished\":\"2026-04-08T09:27:40+00:00\",\"dateModified\":\"2026-04-09T06:16:11+00:00\",\"description\":\"H\u1ea1t m\u1ec1m ANF Soft d\u00e0nh cho ch\u00f3 v\u1edbi k\u1ebft c\u1ea5u m\u1ec1m d\u1ec5 \u0103n, h\u1ed7 tr\u1ee3 ti\u00eau h\u00f3a v\u00e0 ph\u00f9 h\u1ee3p cho nhi\u1ec1u l\u1ee9a tu\u1ed5i.\",\"breadcrumb\":{\"@id\":\"https:\/\/thucung.azdigi.shop\/?product=hat-mem-anf-soft#breadcrumb\"},\"inLanguage\":\"vi\",\"potentialAction\":[{\"@type\":\"ReadAction\",\"target\":[\"https:\/\/thucung.azdigi.shop\/?product=hat-mem-anf-soft\"]}]},{\"@type\":\"ImageObject\",\"inLanguage\":\"vi\",\"@id\":\"https:\/\/thucung.azdigi.shop\/?product=hat-mem-anf-soft#primaryimage\",\"url\":\"https:\/\/thucung.azdigi.shop\/wp-content\/uploads\/2026\/04\/9_c7a5e8b5-0d48-466e-a58e-7c627488f25a-1.webp\",\"contentUrl\":\"https:\/\/thucung.azdigi.shop\/wp-content\/uploads\/2026\/04\/9_c7a5e8b5-0d48-466e-a58e-7c627488f25a-1.webp\",\"width\":1080,\"height\":1080},{\"@type\":\"BreadcrumbList\",\"@id\":\"https:\/\/thucung.azdigi.shop\/?product=hat-mem-anf-soft#breadcrumb\",\"itemListElement\":[{\"@type\":\"ListItem\",\"position\":1,\"name\":\"Trang ch\u1ee7\",\"item\":\"https:\/\/thucung.azdigi.shop\/\"},{\"@type\":\"ListItem\",\"position\":2,\"name\":\"C\u1eeda h\u00e0ng\",\"item\":\"https:\/\/thucung.azdigi.shop\/?page_id=137\"},{\"@type\":\"ListItem\",\"position\":3,\"name\":\"Th\u1ee9c \u0102n H\u1ea1t M\u1ec1m Ch\u00f3 ANF Soft\"}]},{\"@type\":\"WebSite\",\"@id\":\"https:\/\/thucung.azdigi.shop\/#website\",\"url\":\"https:\/\/thucung.azdigi.shop\/\",\"name\":\"Chuy\u00ean b\u00e1n th\u00fa c\u01b0ng, ph\u1ee5 ki\u1ec7n, th\u1ee9c \u0103n\",\"description\":\"\",\"potentialAction\":[{\"@type\":\"SearchAction\",\"target\":{\"@type\":\"EntryPoint\",\"urlTemplate\":\"https:\/\/thucung.azdigi.shop\/?s={search_term_string}\"},\"query-input\":{\"@type\":\"PropertyValueSpecification\",\"valueRequired\":true,\"valueName\":\"search_term_string\"}}],\"inLanguage\":\"vi\"}]}<\/script>\n<!-- \/ Yoast SEO plugin. -->","yoast_head_json":{"title":"Th\u1ee9c \u0102n H\u1ea1t M\u1ec1m Ch\u00f3 ANF Soft - Pobi shop","description":"H\u1ea1t m\u1ec1m ANF Soft d\u00e0nh cho ch\u00f3 v\u1edbi k\u1ebft c\u1ea5u m\u1ec1m d\u1ec5 \u0103n, h\u1ed7 tr\u1ee3 ti\u00eau h\u00f3a v\u00e0 ph\u00f9 h\u1ee3p cho nhi\u1ec1u l\u1ee9a tu\u1ed5i.","robots":{"index":"index","follow":"follow","max-snippet":"max-snippet:-1","max-image-preview":"max-image-preview:large","max-video-preview":"max-video-preview:-1"},"canonical":"https:\/\/thucung.azdigi.shop\/?product=hat-mem-anf-soft","og_locale":"vi_VN","og_type":"article","og_title":"Th\u1ee9c \u0102n H\u1ea1t M\u1ec1m Ch\u00f3 ANF Soft - Pobi shop","og_description":"H\u1ea1t m\u1ec1m ANF Soft d\u00e0nh cho ch\u00f3 v\u1edbi k\u1ebft c\u1ea5u m\u1ec1m d\u1ec5 \u0103n, h\u1ed7 tr\u1ee3 ti\u00eau h\u00f3a v\u00e0 ph\u00f9 h\u1ee3p cho nhi\u1ec1u l\u1ee9a tu\u1ed5i.","og_url":"https:\/\/thucung.azdigi.shop\/?product=hat-mem-anf-soft","og_site_name":"Pobi shop","article_modified_time":"2026-04-09T06:16:11+00:00","og_image":[{"width":1080,"height":1080,"url":"https:\/\/thucung.azdigi.shop\/wp-content\/uploads\/2026\/04\/9_c7a5e8b5-0d48-466e-a58e-7c627488f25a-1.webp","type":"image\/webp"}],"twitter_card":"summary_large_image","twitter_misc":{"\u01af\u1edbc t\u00ednh th\u1eddi gian \u0111\u1ecdc":"2 ph\u00fat"},"schema":{"@context":"https:\/\/schema.org","@graph":[{"@type":"WebPage","@id":"https:\/\/thucung.azdigi.shop\/?product=hat-mem-anf-soft","url":"https:\/\/thucung.azdigi.shop\/?product=hat-mem-anf-soft","name":"Th\u1ee9c \u0102n H\u1ea1t M\u1ec1m Ch\u00f3 ANF Soft - Pobi shop","isPartOf":{"@id":"https:\/\/thucung.azdigi.shop\/#website"},"primaryImageOfPage":{"@id":"https:\/\/thucung.azdigi.shop\/?product=hat-mem-anf-soft#primaryimage"},"image":{"@id":"https:\/\/thucung.azdigi.shop\/?product=hat-mem-anf-soft#primaryimage"},"thumbnailUrl":"https:\/\/thucung.azdigi.shop\/wp-content\/uploads\/2026\/04\/9_c7a5e8b5-0d48-466e-a58e-7c627488f25a-1.webp","datePublished":"2026-04-08T09:27:40+00:00","dateModified":"2026-04-09T06:16:11+00:00","description":"H\u1ea1t m\u1ec1m ANF Soft d\u00e0nh cho ch\u00f3 v\u1edbi k\u1ebft c\u1ea5u m\u1ec1m d\u1ec5 \u0103n, h\u1ed7 tr\u1ee3 ti\u00eau h\u00f3a v\u00e0 ph\u00f9 h\u1ee3p cho nhi\u1ec1u l\u1ee9a tu\u1ed5i.","breadcrumb":{"@id":"https:\/\/thucung.azdigi.shop\/?product=hat-mem-anf-soft#breadcrumb"},"inLanguage":"vi","potentialAction":[{"@type":"ReadAction","target":["https:\/\/thucung.azdigi.shop\/?product=hat-mem-anf-soft"]}]},{"@type":"ImageObject","inLanguage":"vi","@id":"https:\/\/thucung.azdigi.shop\/?product=hat-mem-anf-soft#primaryimage","url":"https:\/\/thucung.azdigi.shop\/wp-content\/uploads\/2026\/04\/9_c7a5e8b5-0d48-466e-a58e-7c627488f25a-1.webp","contentUrl":"https:\/\/thucung.azdigi.shop\/wp-content\/uploads\/2026\/04\/9_c7a5e8b5-0d48-466e-a58e-7c627488f25a-1.webp","width":1080,"height":1080},{"@type":"BreadcrumbList","@id":"https:\/\/thucung.azdigi.shop\/?product=hat-mem-anf-soft#breadcrumb","itemListElement":[{"@type":"ListItem","position":1,"name":"Trang ch\u1ee7","item":"https:\/\/thucung.azdigi.shop\/"},{"@type":"ListItem","position":2,"name":"C\u1eeda h\u00e0ng","item":"https:\/\/thucung.azdigi.shop\/?page_id=137"},{"@type":"ListItem","position":3,"name":"Th\u1ee9c \u0102n H\u1ea1t M\u1ec1m Ch\u00f3 ANF Soft"}]},{"@type":"WebSite","@id":"https:\/\/thucung.azdigi.shop\/#website","url":"https:\/\/thucung.azdigi.shop\/","name":"Chuy\u00ean b\u00e1n th\u00fa c\u01b0ng, ph\u1ee5 ki\u1ec7n, th\u1ee9c \u0103n","description":"","potentialAction":[{"@type":"SearchAction","target":{"@type":"EntryPoint","urlTemplate":"https:\/\/thucung.azdigi.shop\/?s={search_term_string}"},"query-input":{"@type":"PropertyValueSpecification","valueRequired":true,"valueName":"search_term_string"}}],"inLanguage":"vi"}]}},"_links":{"self":[{"href":"https:\/\/thucung.azdigi.shop\/index.php?rest_route=\/wp\/v2\/product\/614","targetHints":{"allow":["GET"]}}],"collection":[{"href":"https:\/\/thucung.azdigi.shop\/index.php?rest_route=\/wp\/v2\/product"}],"about":[{"href":"https:\/\/thucung.azdigi.shop\/index.php?rest_route=\/wp\/v2\/types\/product"}],"replies":[{"embeddable":true,"href":"https:\/\/thucung.azdigi.shop\/index.php?rest_route=%2Fwp%2Fv2%2Fcomments&post=614"}],"wp:featuredmedia":[{"embeddable":true,"href":"https:\/\/thucung.azdigi.shop\/index.php?rest_route=\/wp\/v2\/media\/621"}],"wp:attachment":[{"href":"https:\/\/thucung.azdigi.shop\/index.php?rest_route=%2Fwp%2Fv2%2Fmedia&parent=614"}],"wp:term":[{"taxonomy":"product_brand","embeddable":true,"href":"https:\/\/thucung.azdigi.shop\/index.php?rest_route=%2Fwp%2Fv2%2Fproduct_brand&post=614"},{"taxonomy":"product_cat","embeddable":true,"href":"https:\/\/thucung.azdigi.shop\/index.php?rest_route=%2Fwp%2Fv2%2Fproduct_cat&post=614"},{"taxonomy":"product_tag","embeddable":true,"href":"https:\/\/thucung.azdigi.shop\/index.php?rest_route=%2Fwp%2Fv2%2Fproduct_tag&post=614"}],"curies":[{"name":"wp","href":"https:\/\/api.w.org\/{rel}","templated":true}]}}