{"id":576,"date":"2026-04-08T09:04:35","date_gmt":"2026-04-08T09:04:35","guid":{"rendered":"https:\/\/thucung.azdigi.shop\/?post_type=product&#038;p=576"},"modified":"2026-04-14T14:47:52","modified_gmt":"2026-04-14T14:47:52","slug":"anf-6free-huu-co","status":"publish","type":"product","link":"https:\/\/thucung.azdigi.shop\/?product=anf-6free-huu-co","title":{"rendered":"Th\u1ee9c \u0102n Cho Ch\u00f3 Tr\u00ean 6 Th\u00e1ng ANF 6Free H\u1eefu C\u01a1"},"content":{"rendered":"<h2 data-section-id=\"uaa6bi\" data-start=\"463\" data-end=\"480\"><span role=\"text\"><strong data-start=\"466\" data-end=\"480\">Gi\u1edbi thi\u1ec7u<\/strong><\/span><\/h2>\n<p data-start=\"481\" data-end=\"684\">ANF 6Free h\u1eefu c\u01a1 l\u00e0 d\u00f2ng th\u1ee9c \u0103n h\u1ea1t d\u00e0nh cho ch\u00f3 t\u1eeb 6 th\u00e1ng tu\u1ed5i tr\u1edf l\u00ean. S\u1ea3n ph\u1ea9m \u0111\u01b0\u1ee3c thi\u1ebft k\u1ebf theo ti\u00eau chu\u1ea9n an to\u00e0n, h\u1ea1n ch\u1ebf c\u00e1c th\u00e0nh ph\u1ea7n d\u1ec5 g\u00e2y d\u1ecb \u1ee9ng v\u00e0 ph\u00f9 h\u1ee3p cho ch\u00f3 c\u00f3 h\u1ec7 ti\u00eau h\u00f3a nh\u1ea1y c\u1ea3m.<\/p>\n<hr data-start=\"686\" data-end=\"689\" \/>\n<h2 data-section-id=\"1r07el3\" data-start=\"691\" data-end=\"720\"><span role=\"text\"><strong data-start=\"694\" data-end=\"720\">C\u00f4ng th\u1ee9c 6Free l\u00e0 g\u00ec?<\/strong><\/span><\/h2>\n<p data-start=\"721\" data-end=\"779\">ANF 6Free l\u00e0 c\u00f4ng th\u1ee9c lo\u1ea1i b\u1ecf 6 th\u00e0nh ph\u1ea7n d\u1ec5 g\u00e2y d\u1ecb \u1ee9ng:<\/p>\n<ul data-start=\"780\" data-end=\"907\">\n<li data-section-id=\"17kq9e3\" data-start=\"780\" data-end=\"793\">Kh\u00f4ng ng\u00f4<\/li>\n<li data-section-id=\"3934e8\" data-start=\"794\" data-end=\"810\">Kh\u00f4ng l\u00faa m\u00ec<\/li>\n<li data-section-id=\"dzou0n\" data-start=\"811\" data-end=\"829\">Kh\u00f4ng \u0111\u1eadu n\u00e0nh<\/li>\n<li data-section-id=\"11y89w4\" data-start=\"830\" data-end=\"856\">Kh\u00f4ng ph\u1ee5 gia nh\u00e2n t\u1ea1o<\/li>\n<li data-section-id=\"i3nc00\" data-start=\"857\" data-end=\"888\">Kh\u00f4ng ch\u1ea5t b\u1ea3o qu\u1ea3n \u0111\u1ed9c h\u1ea1i<\/li>\n<li data-section-id=\"1nb2kdu\" data-start=\"889\" data-end=\"907\">Kh\u00f4ng ph\u1ea9m m\u00e0u<\/li>\n<\/ul>\n<p data-start=\"909\" data-end=\"965\">Nh\u1edd \u0111\u00f3, s\u1ea3n ph\u1ea9m an to\u00e0n v\u00e0 ph\u00f9 h\u1ee3p v\u1edbi nhi\u1ec1u gi\u1ed1ng ch\u00f3.<\/p>\n<hr data-start=\"967\" data-end=\"970\" \/>\n<h2 data-section-id=\"1yusdv0\" data-start=\"972\" data-end=\"994\"><span role=\"text\"><strong data-start=\"975\" data-end=\"994\">L\u1ee3i \u00edch n\u1ed5i b\u1eadt<\/strong><\/span><\/h2>\n<h3 data-section-id=\"3dv2su\" data-start=\"996\" data-end=\"1022\"><span role=\"text\">\ud83e\uddb4 <strong data-start=\"1003\" data-end=\"1022\">H\u1ed7 tr\u1ee3 ti\u00eau h\u00f3a<\/strong><\/span><\/h3>\n<p data-start=\"1023\" data-end=\"1079\">C\u00f4ng th\u1ee9c h\u1eefu c\u01a1 gi\u00fap h\u1ec7 ti\u00eau h\u00f3a ho\u1ea1t \u0111\u1ed9ng \u1ed5n \u0111\u1ecbnh h\u01a1n.<\/p>\n<h3 data-section-id=\"r3o715\" data-start=\"1081\" data-end=\"1109\"><span role=\"text\">\u2728 <strong data-start=\"1087\" data-end=\"1109\">T\u1ed1t cho da v\u00e0 l\u00f4ng<\/strong><\/span><\/h3>\n<p data-start=\"1110\" data-end=\"1161\">Dinh d\u01b0\u1ee1ng c\u00e2n b\u1eb1ng gi\u00fap l\u00f4ng m\u01b0\u1ee3t v\u00e0 da kh\u1ecfe m\u1ea1nh.<\/p>\n<h3 data-section-id=\"8b6jmf\" data-start=\"1163\" data-end=\"1194\"><span role=\"text\">\ud83d\udee1\ufe0f <strong data-start=\"1171\" data-end=\"1194\">T\u0103ng c\u01b0\u1eddng \u0111\u1ec1 kh\u00e1ng<\/strong><\/span><\/h3>\n<p data-start=\"1195\" data-end=\"1257\">B\u1ed5 sung vitamin v\u00e0 kho\u00e1ng ch\u1ea5t gi\u00fap duy tr\u00ec s\u1ee9c kh\u1ecfe t\u1ed5ng th\u1ec3.<\/p>\n<hr data-start=\"1259\" data-end=\"1262\" \/>\n<h2 data-section-id=\"e0kb79\" data-start=\"1264\" data-end=\"1288\"><span role=\"text\"><strong data-start=\"1267\" data-end=\"1288\">\u0110\u1ed1i t\u01b0\u1ee3ng s\u1eed d\u1ee5ng<\/strong><\/span><\/h2>\n<ul data-start=\"1289\" data-end=\"1389\">\n<li data-section-id=\"101ckml\" data-start=\"1289\" data-end=\"1314\">Ch\u00f3 tr\u00ean 6 th\u00e1ng tu\u1ed5i<\/li>\n<li data-section-id=\"1qfjs90\" data-start=\"1315\" data-end=\"1346\">Ch\u00f3 c\u00f3 h\u1ec7 ti\u00eau h\u00f3a nh\u1ea1y c\u1ea3m<\/li>\n<li data-section-id=\"2qjc4x\" data-start=\"1347\" data-end=\"1389\">Ch\u00f3 c\u1ea7n ch\u1ebf \u0111\u1ed9 \u0103n l\u00e0nh m\u1ea1nh, \u00edt d\u1ecb \u1ee9ng<\/li>\n<\/ul>\n<hr data-start=\"1391\" data-end=\"1394\" \/>\n<h2 data-section-id=\"1ou8prs\" data-start=\"1396\" data-end=\"1420\"><span role=\"text\"><strong data-start=\"1399\" data-end=\"1420\">H\u01b0\u1edbng d\u1eabn s\u1eed d\u1ee5ng<\/strong><\/span><\/h2>\n<ul data-start=\"1421\" data-end=\"1546\">\n<li data-section-id=\"1n2bn08\" data-start=\"1421\" data-end=\"1467\">Cho \u0103n theo kh\u1ea9u ph\u1ea7n ph\u00f9 h\u1ee3p v\u1edbi c\u00e2n n\u1eb7ng<\/li>\n<li data-section-id=\"1nxw3d\" data-start=\"1468\" data-end=\"1515\">C\u00f3 th\u1ec3 d\u00f9ng tr\u1ef1c ti\u1ebfp ho\u1eb7c k\u1ebft h\u1ee3p v\u1edbi pate<\/li>\n<li data-section-id=\"jz8u7f\" data-start=\"1516\" data-end=\"1546\">Lu\u00f4n cung c\u1ea5p \u0111\u1ee7 n\u01b0\u1edbc s\u1ea1ch<\/li>\n<\/ul>\n<hr data-start=\"1548\" data-end=\"1551\" \/>\n<h2 data-section-id=\"bh4eov\" data-start=\"1553\" data-end=\"1568\"><span role=\"text\"><strong data-start=\"1556\" data-end=\"1568\">K\u1ebft lu\u1eadn<\/strong><\/span><\/h2>\n<p data-start=\"1569\" data-end=\"1717\">ANF 6Free h\u1eefu c\u01a1 l\u00e0 l\u1ef1a ch\u1ecdn ph\u00f9 h\u1ee3p cho nh\u1eefng ch\u00fa ch\u00f3 c\u1ea7n ch\u1ebf \u0111\u1ed9 \u0103n an to\u00e0n v\u00e0 c\u00e2n b\u1eb1ng. S\u1ea3n ph\u1ea9m gi\u00fap h\u1ed7 tr\u1ee3 ti\u00eau h\u00f3a v\u00e0 duy tr\u00ec s\u1ee9c kh\u1ecfe l\u00e2u d\u00e0i.<\/p>\n","protected":false},"excerpt":{"rendered":"<p>Gi\u1edbi thi\u1ec7u ANF 6Free h\u1eefu c\u01a1 l\u00e0 d\u00f2ng th\u1ee9c \u0103n h\u1ea1t d\u00e0nh cho ch\u00f3 t\u1eeb 6 th\u00e1ng tu\u1ed5i tr\u1edf l\u00ean. S\u1ea3n ph\u1ea9m \u0111\u01b0\u1ee3c thi\u1ebft k\u1ebf theo ti\u00eau chu\u1ea9n an to\u00e0n, h\u1ea1n ch\u1ebf c\u00e1c th\u00e0nh ph\u1ea7n d\u1ec5 g\u00e2y d\u1ecb \u1ee9ng v\u00e0 ph\u00f9 h\u1ee3p cho ch\u00f3 c\u00f3 h\u1ec7 ti\u00eau h\u00f3a nh\u1ea1y c\u1ea3m. C\u00f4ng th\u1ee9c 6Free l\u00e0 g\u00ec? [&#8230;]\n","protected":false},"featured_media":577,"comment_status":"open","ping_status":"closed","template":"","meta":[],"product_brand":[44],"product_cat":[33,32],"product_tag":[],"class_list":{"0":"post-576","1":"product","2":"type-product","3":"status-publish","4":"has-post-thumbnail","6":"product_brand-catnip-biscuits","7":"product_cat-cho","8":"product_cat-thuc-an-hat","10":"first","11":"instock","12":"taxable","13":"shipping-taxable","14":"purchasable","15":"product-type-variable"},"yoast_head":"<!-- This site is optimized with the Yoast SEO plugin v26.9 - https:\/\/yoast.com\/product\/yoast-seo-wordpress\/ -->\n<title>Th\u1ee9c \u0102n Cho Ch\u00f3 Tr\u00ean 6 Th\u00e1ng ANF 6Free H\u1eefu C\u01a1 - Pobi shop<\/title>\n<meta name=\"description\" content=\"ANF 6Free h\u1eefu c\u01a1 d\u00e0nh cho ch\u00f3 tr\u00ean 6 th\u00e1ng tu\u1ed5i, kh\u00f4ng ch\u1ee9a th\u00e0nh ph\u1ea7n g\u00e2y d\u1ecb \u1ee9ng, h\u1ed7 tr\u1ee3 ti\u00eau h\u00f3a v\u00e0 ph\u00e1t tri\u1ec3n kh\u1ecfe m\u1ea1nh.\" \/>\n<meta name=\"robots\" content=\"index, follow, max-snippet:-1, max-image-preview:large, max-video-preview:-1\" \/>\n<link rel=\"canonical\" href=\"https:\/\/thucung.azdigi.shop\/?product=anf-6free-huu-co\" \/>\n<meta property=\"og:locale\" content=\"vi_VN\" \/>\n<meta property=\"og:type\" content=\"article\" \/>\n<meta property=\"og:title\" content=\"Th\u1ee9c \u0102n Cho Ch\u00f3 Tr\u00ean 6 Th\u00e1ng ANF 6Free H\u1eefu C\u01a1 - Pobi shop\" \/>\n<meta property=\"og:description\" content=\"ANF 6Free h\u1eefu c\u01a1 d\u00e0nh cho ch\u00f3 tr\u00ean 6 th\u00e1ng tu\u1ed5i, kh\u00f4ng ch\u1ee9a th\u00e0nh ph\u1ea7n g\u00e2y d\u1ecb \u1ee9ng, h\u1ed7 tr\u1ee3 ti\u00eau h\u00f3a v\u00e0 ph\u00e1t tri\u1ec3n kh\u1ecfe m\u1ea1nh.\" \/>\n<meta property=\"og:url\" content=\"https:\/\/thucung.azdigi.shop\/?product=anf-6free-huu-co\" \/>\n<meta property=\"og:site_name\" content=\"Pobi shop\" \/>\n<meta property=\"article:modified_time\" content=\"2026-04-14T14:47:52+00:00\" \/>\n<meta property=\"og:image\" content=\"https:\/\/thucung.azdigi.shop\/wp-content\/uploads\/2026\/04\/thuc-an-cho-cho-tren-6-thang-huu-co-anf-6free_26c77525-3957-4d52-8d28-5bde15e910b1.webp\" \/>\n\t<meta property=\"og:image:width\" content=\"800\" \/>\n\t<meta property=\"og:image:height\" content=\"800\" \/>\n\t<meta property=\"og:image:type\" content=\"image\/webp\" \/>\n<meta name=\"twitter:card\" content=\"summary_large_image\" \/>\n<meta name=\"twitter:label1\" content=\"\u01af\u1edbc t\u00ednh th\u1eddi gian \u0111\u1ecdc\" \/>\n\t<meta name=\"twitter:data1\" content=\"2 ph\u00fat\" \/>\n<script type=\"application\/ld+json\" class=\"yoast-schema-graph\">{\"@context\":\"https:\/\/schema.org\",\"@graph\":[{\"@type\":\"WebPage\",\"@id\":\"https:\/\/thucung.azdigi.shop\/?product=anf-6free-huu-co\",\"url\":\"https:\/\/thucung.azdigi.shop\/?product=anf-6free-huu-co\",\"name\":\"Th\u1ee9c \u0102n Cho Ch\u00f3 Tr\u00ean 6 Th\u00e1ng ANF 6Free H\u1eefu C\u01a1 - Pobi shop\",\"isPartOf\":{\"@id\":\"https:\/\/thucung.azdigi.shop\/#website\"},\"primaryImageOfPage\":{\"@id\":\"https:\/\/thucung.azdigi.shop\/?product=anf-6free-huu-co#primaryimage\"},\"image\":{\"@id\":\"https:\/\/thucung.azdigi.shop\/?product=anf-6free-huu-co#primaryimage\"},\"thumbnailUrl\":\"https:\/\/thucung.azdigi.shop\/wp-content\/uploads\/2026\/04\/thuc-an-cho-cho-tren-6-thang-huu-co-anf-6free_26c77525-3957-4d52-8d28-5bde15e910b1.webp\",\"datePublished\":\"2026-04-08T09:04:35+00:00\",\"dateModified\":\"2026-04-14T14:47:52+00:00\",\"description\":\"ANF 6Free h\u1eefu c\u01a1 d\u00e0nh cho ch\u00f3 tr\u00ean 6 th\u00e1ng tu\u1ed5i, kh\u00f4ng ch\u1ee9a th\u00e0nh ph\u1ea7n g\u00e2y d\u1ecb \u1ee9ng, h\u1ed7 tr\u1ee3 ti\u00eau h\u00f3a v\u00e0 ph\u00e1t tri\u1ec3n kh\u1ecfe m\u1ea1nh.\",\"breadcrumb\":{\"@id\":\"https:\/\/thucung.azdigi.shop\/?product=anf-6free-huu-co#breadcrumb\"},\"inLanguage\":\"vi\",\"potentialAction\":[{\"@type\":\"ReadAction\",\"target\":[\"https:\/\/thucung.azdigi.shop\/?product=anf-6free-huu-co\"]}]},{\"@type\":\"ImageObject\",\"inLanguage\":\"vi\",\"@id\":\"https:\/\/thucung.azdigi.shop\/?product=anf-6free-huu-co#primaryimage\",\"url\":\"https:\/\/thucung.azdigi.shop\/wp-content\/uploads\/2026\/04\/thuc-an-cho-cho-tren-6-thang-huu-co-anf-6free_26c77525-3957-4d52-8d28-5bde15e910b1.webp\",\"contentUrl\":\"https:\/\/thucung.azdigi.shop\/wp-content\/uploads\/2026\/04\/thuc-an-cho-cho-tren-6-thang-huu-co-anf-6free_26c77525-3957-4d52-8d28-5bde15e910b1.webp\",\"width\":800,\"height\":800},{\"@type\":\"BreadcrumbList\",\"@id\":\"https:\/\/thucung.azdigi.shop\/?product=anf-6free-huu-co#breadcrumb\",\"itemListElement\":[{\"@type\":\"ListItem\",\"position\":1,\"name\":\"Trang ch\u1ee7\",\"item\":\"https:\/\/thucung.azdigi.shop\/\"},{\"@type\":\"ListItem\",\"position\":2,\"name\":\"C\u1eeda h\u00e0ng\",\"item\":\"https:\/\/thucung.azdigi.shop\/?page_id=137\"},{\"@type\":\"ListItem\",\"position\":3,\"name\":\"Th\u1ee9c \u0102n Cho Ch\u00f3 Tr\u00ean 6 Th\u00e1ng ANF 6Free H\u1eefu C\u01a1\"}]},{\"@type\":\"WebSite\",\"@id\":\"https:\/\/thucung.azdigi.shop\/#website\",\"url\":\"https:\/\/thucung.azdigi.shop\/\",\"name\":\"Chuy\u00ean b\u00e1n th\u00fa c\u01b0ng, ph\u1ee5 ki\u1ec7n, th\u1ee9c \u0103n\",\"description\":\"\",\"potentialAction\":[{\"@type\":\"SearchAction\",\"target\":{\"@type\":\"EntryPoint\",\"urlTemplate\":\"https:\/\/thucung.azdigi.shop\/?s={search_term_string}\"},\"query-input\":{\"@type\":\"PropertyValueSpecification\",\"valueRequired\":true,\"valueName\":\"search_term_string\"}}],\"inLanguage\":\"vi\"}]}<\/script>\n<!-- \/ Yoast SEO plugin. -->","yoast_head_json":{"title":"Th\u1ee9c \u0102n Cho Ch\u00f3 Tr\u00ean 6 Th\u00e1ng ANF 6Free H\u1eefu C\u01a1 - Pobi shop","description":"ANF 6Free h\u1eefu c\u01a1 d\u00e0nh cho ch\u00f3 tr\u00ean 6 th\u00e1ng tu\u1ed5i, kh\u00f4ng ch\u1ee9a th\u00e0nh ph\u1ea7n g\u00e2y d\u1ecb \u1ee9ng, h\u1ed7 tr\u1ee3 ti\u00eau h\u00f3a v\u00e0 ph\u00e1t tri\u1ec3n kh\u1ecfe m\u1ea1nh.","robots":{"index":"index","follow":"follow","max-snippet":"max-snippet:-1","max-image-preview":"max-image-preview:large","max-video-preview":"max-video-preview:-1"},"canonical":"https:\/\/thucung.azdigi.shop\/?product=anf-6free-huu-co","og_locale":"vi_VN","og_type":"article","og_title":"Th\u1ee9c \u0102n Cho Ch\u00f3 Tr\u00ean 6 Th\u00e1ng ANF 6Free H\u1eefu C\u01a1 - Pobi shop","og_description":"ANF 6Free h\u1eefu c\u01a1 d\u00e0nh cho ch\u00f3 tr\u00ean 6 th\u00e1ng tu\u1ed5i, kh\u00f4ng ch\u1ee9a th\u00e0nh ph\u1ea7n g\u00e2y d\u1ecb \u1ee9ng, h\u1ed7 tr\u1ee3 ti\u00eau h\u00f3a v\u00e0 ph\u00e1t tri\u1ec3n kh\u1ecfe m\u1ea1nh.","og_url":"https:\/\/thucung.azdigi.shop\/?product=anf-6free-huu-co","og_site_name":"Pobi shop","article_modified_time":"2026-04-14T14:47:52+00:00","og_image":[{"width":800,"height":800,"url":"https:\/\/thucung.azdigi.shop\/wp-content\/uploads\/2026\/04\/thuc-an-cho-cho-tren-6-thang-huu-co-anf-6free_26c77525-3957-4d52-8d28-5bde15e910b1.webp","type":"image\/webp"}],"twitter_card":"summary_large_image","twitter_misc":{"\u01af\u1edbc t\u00ednh th\u1eddi gian \u0111\u1ecdc":"2 ph\u00fat"},"schema":{"@context":"https:\/\/schema.org","@graph":[{"@type":"WebPage","@id":"https:\/\/thucung.azdigi.shop\/?product=anf-6free-huu-co","url":"https:\/\/thucung.azdigi.shop\/?product=anf-6free-huu-co","name":"Th\u1ee9c \u0102n Cho Ch\u00f3 Tr\u00ean 6 Th\u00e1ng ANF 6Free H\u1eefu C\u01a1 - Pobi shop","isPartOf":{"@id":"https:\/\/thucung.azdigi.shop\/#website"},"primaryImageOfPage":{"@id":"https:\/\/thucung.azdigi.shop\/?product=anf-6free-huu-co#primaryimage"},"image":{"@id":"https:\/\/thucung.azdigi.shop\/?product=anf-6free-huu-co#primaryimage"},"thumbnailUrl":"https:\/\/thucung.azdigi.shop\/wp-content\/uploads\/2026\/04\/thuc-an-cho-cho-tren-6-thang-huu-co-anf-6free_26c77525-3957-4d52-8d28-5bde15e910b1.webp","datePublished":"2026-04-08T09:04:35+00:00","dateModified":"2026-04-14T14:47:52+00:00","description":"ANF 6Free h\u1eefu c\u01a1 d\u00e0nh cho ch\u00f3 tr\u00ean 6 th\u00e1ng tu\u1ed5i, kh\u00f4ng ch\u1ee9a th\u00e0nh ph\u1ea7n g\u00e2y d\u1ecb \u1ee9ng, h\u1ed7 tr\u1ee3 ti\u00eau h\u00f3a v\u00e0 ph\u00e1t tri\u1ec3n kh\u1ecfe m\u1ea1nh.","breadcrumb":{"@id":"https:\/\/thucung.azdigi.shop\/?product=anf-6free-huu-co#breadcrumb"},"inLanguage":"vi","potentialAction":[{"@type":"ReadAction","target":["https:\/\/thucung.azdigi.shop\/?product=anf-6free-huu-co"]}]},{"@type":"ImageObject","inLanguage":"vi","@id":"https:\/\/thucung.azdigi.shop\/?product=anf-6free-huu-co#primaryimage","url":"https:\/\/thucung.azdigi.shop\/wp-content\/uploads\/2026\/04\/thuc-an-cho-cho-tren-6-thang-huu-co-anf-6free_26c77525-3957-4d52-8d28-5bde15e910b1.webp","contentUrl":"https:\/\/thucung.azdigi.shop\/wp-content\/uploads\/2026\/04\/thuc-an-cho-cho-tren-6-thang-huu-co-anf-6free_26c77525-3957-4d52-8d28-5bde15e910b1.webp","width":800,"height":800},{"@type":"BreadcrumbList","@id":"https:\/\/thucung.azdigi.shop\/?product=anf-6free-huu-co#breadcrumb","itemListElement":[{"@type":"ListItem","position":1,"name":"Trang ch\u1ee7","item":"https:\/\/thucung.azdigi.shop\/"},{"@type":"ListItem","position":2,"name":"C\u1eeda h\u00e0ng","item":"https:\/\/thucung.azdigi.shop\/?page_id=137"},{"@type":"ListItem","position":3,"name":"Th\u1ee9c \u0102n Cho Ch\u00f3 Tr\u00ean 6 Th\u00e1ng ANF 6Free H\u1eefu C\u01a1"}]},{"@type":"WebSite","@id":"https:\/\/thucung.azdigi.shop\/#website","url":"https:\/\/thucung.azdigi.shop\/","name":"Chuy\u00ean b\u00e1n th\u00fa c\u01b0ng, ph\u1ee5 ki\u1ec7n, th\u1ee9c \u0103n","description":"","potentialAction":[{"@type":"SearchAction","target":{"@type":"EntryPoint","urlTemplate":"https:\/\/thucung.azdigi.shop\/?s={search_term_string}"},"query-input":{"@type":"PropertyValueSpecification","valueRequired":true,"valueName":"search_term_string"}}],"inLanguage":"vi"}]}},"_links":{"self":[{"href":"https:\/\/thucung.azdigi.shop\/index.php?rest_route=\/wp\/v2\/product\/576","targetHints":{"allow":["GET"]}}],"collection":[{"href":"https:\/\/thucung.azdigi.shop\/index.php?rest_route=\/wp\/v2\/product"}],"about":[{"href":"https:\/\/thucung.azdigi.shop\/index.php?rest_route=\/wp\/v2\/types\/product"}],"replies":[{"embeddable":true,"href":"https:\/\/thucung.azdigi.shop\/index.php?rest_route=%2Fwp%2Fv2%2Fcomments&post=576"}],"wp:featuredmedia":[{"embeddable":true,"href":"https:\/\/thucung.azdigi.shop\/index.php?rest_route=\/wp\/v2\/media\/577"}],"wp:attachment":[{"href":"https:\/\/thucung.azdigi.shop\/index.php?rest_route=%2Fwp%2Fv2%2Fmedia&parent=576"}],"wp:term":[{"taxonomy":"product_brand","embeddable":true,"href":"https:\/\/thucung.azdigi.shop\/index.php?rest_route=%2Fwp%2Fv2%2Fproduct_brand&post=576"},{"taxonomy":"product_cat","embeddable":true,"href":"https:\/\/thucung.azdigi.shop\/index.php?rest_route=%2Fwp%2Fv2%2Fproduct_cat&post=576"},{"taxonomy":"product_tag","embeddable":true,"href":"https:\/\/thucung.azdigi.shop\/index.php?rest_route=%2Fwp%2Fv2%2Fproduct_tag&post=576"}],"curies":[{"name":"wp","href":"https:\/\/api.w.org\/{rel}","templated":true}]}}