{"id":281,"date":"2026-04-04T20:18:05","date_gmt":"2026-04-04T20:18:05","guid":{"rendered":"https:\/\/thucung.azdigi.shop\/?post_type=product&#038;p=281"},"modified":"2026-04-14T14:11:32","modified_gmt":"2026-04-14T14:11:32","slug":"pate-cho-cho-soi-than-royal-canin-urinary-so-85g","status":"publish","type":"product","link":"https:\/\/thucung.azdigi.shop\/?product=pate-cho-cho-soi-than-royal-canin-urinary-so-85g","title":{"rendered":"Pate cho ch\u00f3 s\u1ecfi th\u1eadn Royal Canin Urinary S\/O 85g"},"content":{"rendered":"<h2 data-section-id=\"uaa6bi\" data-start=\"495\" data-end=\"512\"><span role=\"text\"><strong data-start=\"498\" data-end=\"512\">Gi\u1edbi thi\u1ec7u<\/strong><\/span><\/h2>\n<p data-start=\"513\" data-end=\"687\">Royal Canin Urinary S\/O 85g l\u00e0 d\u00f2ng pate d\u00e0nh cho ch\u00f3 c\u00f3 v\u1ea5n \u0111\u1ec1 v\u1ec1 h\u1ec7 ti\u1ebft ni\u1ec7u. S\u1ea3n ph\u1ea9m h\u1ed7 tr\u1ee3 gi\u1ea3m nguy c\u01a1 h\u00ecnh th\u00e0nh s\u1ecfi v\u00e0 gi\u00fap duy tr\u00ec s\u1ee9c kh\u1ecfe \u0111\u01b0\u1eddng ti\u1ebft ni\u1ec7u \u1ed5n \u0111\u1ecbnh.<\/p>\n<hr data-start=\"689\" data-end=\"692\" \/>\n<h2 data-section-id=\"acodkj\" data-start=\"694\" data-end=\"716\"><span role=\"text\"><strong data-start=\"697\" data-end=\"716\">C\u00f4ng d\u1ee5ng ch\u00ednh<\/strong><\/span><\/h2>\n<ul data-start=\"717\" data-end=\"866\">\n<li data-section-id=\"1b7m5uk\" data-start=\"717\" data-end=\"757\">H\u1ed7 tr\u1ee3 gi\u1ea3m h\u00ecnh th\u00e0nh s\u1ecfi ti\u1ebft ni\u1ec7u<\/li>\n<li data-section-id=\"13gbws0\" data-start=\"758\" data-end=\"790\">Gi\u00fap h\u00f2a tan m\u1ed9t s\u1ed1 lo\u1ea1i s\u1ecfi<\/li>\n<li data-section-id=\"6alln6\" data-start=\"791\" data-end=\"831\">Duy tr\u00ec m\u00f4i tr\u01b0\u1eddng n\u01b0\u1edbc ti\u1ec3u \u1ed5n \u0111\u1ecbnh<\/li>\n<li data-section-id=\"1oubqu5\" data-start=\"832\" data-end=\"866\">T\u0103ng l\u01b0\u1ee3ng n\u01b0\u1edbc n\u1ea1p v\u00e0o c\u01a1 th\u1ec3<\/li>\n<\/ul>\n<p data-start=\"868\" data-end=\"929\">S\u1ea3n ph\u1ea9m th\u01b0\u1eddng \u0111\u01b0\u1ee3c s\u1eed d\u1ee5ng theo h\u01b0\u1edbng d\u1eabn c\u1ee7a b\u00e1c s\u0129 th\u00fa y.<\/p>\n<hr data-start=\"931\" data-end=\"934\" \/>\n<h2 data-section-id=\"17gj3z2\" data-start=\"936\" data-end=\"959\"><span role=\"text\"><strong data-start=\"939\" data-end=\"959\">\u0110\u1eb7c \u0111i\u1ec3m n\u1ed5i b\u1eadt<\/strong><\/span><\/h2>\n<ul data-start=\"960\" data-end=\"1071\">\n<li data-section-id=\"1798jiy\" data-start=\"960\" data-end=\"987\">K\u1ebft c\u1ea5u pate m\u1ec1m, d\u1ec5 \u0103n<\/li>\n<li data-section-id=\"1xdwrxg\" data-start=\"988\" data-end=\"1033\">Ph\u00f9 h\u1ee3p cho ch\u00f3 k\u00e9n \u0103n ho\u1eb7c \u0111ang \u0111i\u1ec1u tr\u1ecb<\/li>\n<li data-section-id=\"a1rvvb\" data-start=\"1034\" data-end=\"1071\">H\u1ed7 tr\u1ee3 h\u1ea5p th\u1ee5 dinh d\u01b0\u1ee1ng t\u1ed1t h\u01a1n<\/li>\n<\/ul>\n<hr data-start=\"1073\" data-end=\"1076\" \/>\n<h2 data-section-id=\"5fzsc9\" data-start=\"1078\" data-end=\"1104\"><span role=\"text\"><strong data-start=\"1081\" data-end=\"1104\">L\u1ee3i \u00edch khi s\u1eed d\u1ee5ng<\/strong><\/span><\/h2>\n<h3 data-section-id=\"17ckwkq\" data-start=\"1106\" data-end=\"1136\"><span role=\"text\">\ud83d\udca7 <strong data-start=\"1113\" data-end=\"1136\">H\u1ed7 tr\u1ee3 h\u1ec7 ti\u1ebft ni\u1ec7u<\/strong><\/span><\/h3>\n<p data-start=\"1137\" data-end=\"1203\">C\u00f4ng th\u1ee9c gi\u00fap ki\u1ec3m so\u00e1t kho\u00e1ng ch\u1ea5t, gi\u1ea3m nguy c\u01a1 h\u00ecnh th\u00e0nh s\u1ecfi.<\/p>\n<h3 data-section-id=\"gbqe6t\" data-start=\"1205\" data-end=\"1227\"><span role=\"text\">\ud83e\uddb4 <strong data-start=\"1212\" data-end=\"1227\">D\u1ec5 ti\u00eau h\u00f3a<\/strong><\/span><\/h3>\n<p data-start=\"1228\" data-end=\"1268\">Ph\u00f9 h\u1ee3p cho ch\u00f3 c\u00f3 h\u1ec7 ti\u00eau h\u00f3a nh\u1ea1y c\u1ea3m.<\/p>\n<h3 data-section-id=\"1o0uwkx\" data-start=\"1270\" data-end=\"1293\"><span role=\"text\">\ud83c\udf57 <strong data-start=\"1277\" data-end=\"1293\">T\u0103ng kh\u1ea9u v\u1ecb<\/strong><\/span><\/h3>\n<p data-start=\"1294\" data-end=\"1349\">Pate m\u1ec1m gi\u00fap ch\u00f3 \u0103n ngon h\u01a1n trong qu\u00e1 tr\u00ecnh \u0111i\u1ec1u tr\u1ecb.<\/p>\n<hr data-start=\"1351\" data-end=\"1354\" \/>\n<h2 data-section-id=\"e0kb79\" data-start=\"1356\" data-end=\"1380\"><span role=\"text\"><strong data-start=\"1359\" data-end=\"1380\">\u0110\u1ed1i t\u01b0\u1ee3ng s\u1eed d\u1ee5ng<\/strong><\/span><\/h2>\n<ul data-start=\"1381\" data-end=\"1480\">\n<li data-section-id=\"h9tf3g\" data-start=\"1381\" data-end=\"1415\">Ch\u00f3 c\u00f3 v\u1ea5n \u0111\u1ec1 v\u1ec1 s\u1ecfi ti\u1ebft ni\u1ec7u<\/li>\n<li data-section-id=\"1y84nhs\" data-start=\"1416\" data-end=\"1453\">Ch\u00f3 c\u1ea7n ch\u1ebf \u0111\u1ed9 \u0103n h\u1ed7 tr\u1ee3 \u0111i\u1ec1u tr\u1ecb<\/li>\n<li data-section-id=\"38yu58\" data-start=\"1454\" data-end=\"1480\">Ch\u00f3 k\u00e9n \u0103n ho\u1eb7c \u0103n y\u1ebfu<\/li>\n<\/ul>\n<p data-start=\"1482\" data-end=\"1540\">\u26a0\ufe0f <strong data-start=\"1485\" data-end=\"1495\">L\u01b0u \u00fd:<\/strong> N\u00ean s\u1eed d\u1ee5ng theo h\u01b0\u1edbng d\u1eabn c\u1ee7a b\u00e1c s\u0129 th\u00fa y.<\/p>\n<hr data-start=\"1542\" data-end=\"1545\" \/>\n<h2 data-section-id=\"1ou8prs\" data-start=\"1547\" data-end=\"1571\"><span role=\"text\"><strong data-start=\"1550\" data-end=\"1571\">H\u01b0\u1edbng d\u1eabn s\u1eed d\u1ee5ng<\/strong><\/span><\/h2>\n<ul data-start=\"1572\" data-end=\"1683\">\n<li data-section-id=\"106wm5n\" data-start=\"1572\" data-end=\"1611\">D\u00f9ng tr\u1ef1c ti\u1ebfp ho\u1eb7c k\u1ebft h\u1ee3p v\u1edbi h\u1ea1t<\/li>\n<li data-section-id=\"8pmi8c\" data-start=\"1612\" data-end=\"1654\">Cho \u0103n theo kh\u1ea9u ph\u1ea7n \u0111\u01b0\u1ee3c khuy\u1ebfn ngh\u1ecb<\/li>\n<li data-section-id=\"1hg6k2j\" data-start=\"1655\" data-end=\"1683\">B\u1ea3o qu\u1ea3n l\u1ea1nh sau khi m\u1edf<\/li>\n<\/ul>\n<hr data-start=\"1685\" data-end=\"1688\" \/>\n<h2 data-section-id=\"bh4eov\" data-start=\"1690\" data-end=\"1705\"><span role=\"text\"><strong data-start=\"1693\" data-end=\"1705\">K\u1ebft lu\u1eadn<\/strong><\/span><\/h2>\n<p data-start=\"1706\" data-end=\"1858\">Royal Canin Urinary S\/O 85g l\u00e0 l\u1ef1a ch\u1ecdn ph\u00f9 h\u1ee3p cho ch\u00f3 c\u1ea7n h\u1ed7 tr\u1ee3 h\u1ec7 ti\u1ebft ni\u1ec7u. S\u1ea3n ph\u1ea9m gi\u00fap c\u1ea3i thi\u1ec7n s\u1ee9c kh\u1ecfe v\u00e0 h\u1ed7 tr\u1ee3 qu\u00e1 tr\u00ecnh \u0111i\u1ec1u tr\u1ecb hi\u1ec7u qu\u1ea3.<\/p>\n","protected":false},"excerpt":{"rendered":"<p>Gi\u1edbi thi\u1ec7u Royal Canin Urinary S\/O 85g l\u00e0 d\u00f2ng pate d\u00e0nh cho ch\u00f3 c\u00f3 v\u1ea5n \u0111\u1ec1 v\u1ec1 h\u1ec7 ti\u1ebft ni\u1ec7u. S\u1ea3n ph\u1ea9m h\u1ed7 tr\u1ee3 gi\u1ea3m nguy c\u01a1 h\u00ecnh th\u00e0nh s\u1ecfi v\u00e0 gi\u00fap duy tr\u00ec s\u1ee9c kh\u1ecfe \u0111\u01b0\u1eddng ti\u1ebft ni\u1ec7u \u1ed5n \u0111\u1ecbnh. C\u00f4ng d\u1ee5ng ch\u00ednh H\u1ed7 tr\u1ee3 gi\u1ea3m h\u00ecnh th\u00e0nh s\u1ecfi ti\u1ebft ni\u1ec7u Gi\u00fap h\u00f2a tan [&#8230;]\n","protected":false},"featured_media":276,"comment_status":"open","ping_status":"closed","template":"","meta":[],"product_brand":[39],"product_cat":[33,36],"product_tag":[],"class_list":{"0":"post-281","1":"product","2":"type-product","3":"status-publish","4":"has-post-thumbnail","6":"product_brand-royal-canin","7":"product_cat-cho","8":"product_cat-thuc-an-uot","10":"first","11":"instock","12":"sale","13":"taxable","14":"shipping-taxable","15":"purchasable","16":"product-type-variable"},"yoast_head":"<!-- This site is optimized with the Yoast SEO plugin v26.9 - https:\/\/yoast.com\/product\/yoast-seo-wordpress\/ -->\n<title>Pate cho ch\u00f3 s\u1ecfi th\u1eadn Royal Canin Urinary S\/O 85g - Pobi shop<\/title>\n<meta name=\"description\" content=\"Pate ch\u00f3 s\u1ecfi th\u1eadn Royal Canin 85g l\u00e0 th\u1ee9c \u0103n \u01b0\u1edbt d\u1ec5 \u0103n, ti\u1ec7n s\u1eed d\u1ee5ng, ph\u00f9 h\u1ee3p cho ch\u00f3 c\u1ea7n h\u1ed7 tr\u1ee3 ch\u0103m s\u00f3c \u0111\u01b0\u1eddng ti\u1ebft ni\u1ec7u m\u1ed7i ng\u00e0y.\" \/>\n<meta name=\"robots\" content=\"index, follow, max-snippet:-1, max-image-preview:large, max-video-preview:-1\" \/>\n<link rel=\"canonical\" href=\"https:\/\/thucung.azdigi.shop\/?product=pate-cho-cho-soi-than-royal-canin-urinary-so-85g\" \/>\n<meta property=\"og:locale\" content=\"vi_VN\" \/>\n<meta property=\"og:type\" content=\"article\" \/>\n<meta property=\"og:title\" content=\"Pate cho ch\u00f3 s\u1ecfi th\u1eadn Royal Canin Urinary S\/O 85g - Pobi shop\" \/>\n<meta property=\"og:description\" content=\"Pate ch\u00f3 s\u1ecfi th\u1eadn Royal Canin 85g l\u00e0 th\u1ee9c \u0103n \u01b0\u1edbt d\u1ec5 \u0103n, ti\u1ec7n s\u1eed d\u1ee5ng, ph\u00f9 h\u1ee3p cho ch\u00f3 c\u1ea7n h\u1ed7 tr\u1ee3 ch\u0103m s\u00f3c \u0111\u01b0\u1eddng ti\u1ebft ni\u1ec7u m\u1ed7i ng\u00e0y.\" \/>\n<meta property=\"og:url\" content=\"https:\/\/thucung.azdigi.shop\/?product=pate-cho-cho-soi-than-royal-canin-urinary-so-85g\" \/>\n<meta property=\"og:site_name\" content=\"Pobi shop\" \/>\n<meta property=\"article:modified_time\" content=\"2026-04-14T14:11:32+00:00\" \/>\n<meta property=\"og:image\" content=\"https:\/\/thucung.azdigi.shop\/wp-content\/uploads\/2026\/04\/pate-cho-soi-than-royal-canin-urinary-85g_1.webp\" \/>\n\t<meta property=\"og:image:width\" content=\"800\" \/>\n\t<meta property=\"og:image:height\" content=\"800\" \/>\n\t<meta property=\"og:image:type\" content=\"image\/webp\" \/>\n<meta name=\"twitter:card\" content=\"summary_large_image\" \/>\n<meta name=\"twitter:label1\" content=\"\u01af\u1edbc t\u00ednh th\u1eddi gian \u0111\u1ecdc\" \/>\n\t<meta name=\"twitter:data1\" content=\"2 ph\u00fat\" \/>\n<script type=\"application\/ld+json\" class=\"yoast-schema-graph\">{\"@context\":\"https:\/\/schema.org\",\"@graph\":[{\"@type\":\"WebPage\",\"@id\":\"https:\/\/thucung.azdigi.shop\/?product=pate-cho-cho-soi-than-royal-canin-urinary-so-85g\",\"url\":\"https:\/\/thucung.azdigi.shop\/?product=pate-cho-cho-soi-than-royal-canin-urinary-so-85g\",\"name\":\"Pate cho ch\u00f3 s\u1ecfi th\u1eadn Royal Canin Urinary S\/O 85g - Pobi shop\",\"isPartOf\":{\"@id\":\"https:\/\/thucung.azdigi.shop\/#website\"},\"primaryImageOfPage\":{\"@id\":\"https:\/\/thucung.azdigi.shop\/?product=pate-cho-cho-soi-than-royal-canin-urinary-so-85g#primaryimage\"},\"image\":{\"@id\":\"https:\/\/thucung.azdigi.shop\/?product=pate-cho-cho-soi-than-royal-canin-urinary-so-85g#primaryimage\"},\"thumbnailUrl\":\"https:\/\/thucung.azdigi.shop\/wp-content\/uploads\/2026\/04\/pate-cho-soi-than-royal-canin-urinary-85g_1.webp\",\"datePublished\":\"2026-04-04T20:18:05+00:00\",\"dateModified\":\"2026-04-14T14:11:32+00:00\",\"description\":\"Pate ch\u00f3 s\u1ecfi th\u1eadn Royal Canin 85g l\u00e0 th\u1ee9c \u0103n \u01b0\u1edbt d\u1ec5 \u0103n, ti\u1ec7n s\u1eed d\u1ee5ng, ph\u00f9 h\u1ee3p cho ch\u00f3 c\u1ea7n h\u1ed7 tr\u1ee3 ch\u0103m s\u00f3c \u0111\u01b0\u1eddng ti\u1ebft ni\u1ec7u m\u1ed7i ng\u00e0y.\",\"breadcrumb\":{\"@id\":\"https:\/\/thucung.azdigi.shop\/?product=pate-cho-cho-soi-than-royal-canin-urinary-so-85g#breadcrumb\"},\"inLanguage\":\"vi\",\"potentialAction\":[{\"@type\":\"ReadAction\",\"target\":[\"https:\/\/thucung.azdigi.shop\/?product=pate-cho-cho-soi-than-royal-canin-urinary-so-85g\"]}]},{\"@type\":\"ImageObject\",\"inLanguage\":\"vi\",\"@id\":\"https:\/\/thucung.azdigi.shop\/?product=pate-cho-cho-soi-than-royal-canin-urinary-so-85g#primaryimage\",\"url\":\"https:\/\/thucung.azdigi.shop\/wp-content\/uploads\/2026\/04\/pate-cho-soi-than-royal-canin-urinary-85g_1.webp\",\"contentUrl\":\"https:\/\/thucung.azdigi.shop\/wp-content\/uploads\/2026\/04\/pate-cho-soi-than-royal-canin-urinary-85g_1.webp\",\"width\":800,\"height\":800},{\"@type\":\"BreadcrumbList\",\"@id\":\"https:\/\/thucung.azdigi.shop\/?product=pate-cho-cho-soi-than-royal-canin-urinary-so-85g#breadcrumb\",\"itemListElement\":[{\"@type\":\"ListItem\",\"position\":1,\"name\":\"Trang ch\u1ee7\",\"item\":\"https:\/\/thucung.azdigi.shop\/\"},{\"@type\":\"ListItem\",\"position\":2,\"name\":\"C\u1eeda h\u00e0ng\",\"item\":\"https:\/\/thucung.azdigi.shop\/?page_id=137\"},{\"@type\":\"ListItem\",\"position\":3,\"name\":\"Pate cho ch\u00f3 s\u1ecfi th\u1eadn Royal Canin Urinary S\/O 85g\"}]},{\"@type\":\"WebSite\",\"@id\":\"https:\/\/thucung.azdigi.shop\/#website\",\"url\":\"https:\/\/thucung.azdigi.shop\/\",\"name\":\"Chuy\u00ean b\u00e1n th\u00fa c\u01b0ng, ph\u1ee5 ki\u1ec7n, th\u1ee9c \u0103n\",\"description\":\"\",\"potentialAction\":[{\"@type\":\"SearchAction\",\"target\":{\"@type\":\"EntryPoint\",\"urlTemplate\":\"https:\/\/thucung.azdigi.shop\/?s={search_term_string}\"},\"query-input\":{\"@type\":\"PropertyValueSpecification\",\"valueRequired\":true,\"valueName\":\"search_term_string\"}}],\"inLanguage\":\"vi\"}]}<\/script>\n<!-- \/ Yoast SEO plugin. -->","yoast_head_json":{"title":"Pate cho ch\u00f3 s\u1ecfi th\u1eadn Royal Canin Urinary S\/O 85g - Pobi shop","description":"Pate ch\u00f3 s\u1ecfi th\u1eadn Royal Canin 85g l\u00e0 th\u1ee9c \u0103n \u01b0\u1edbt d\u1ec5 \u0103n, ti\u1ec7n s\u1eed d\u1ee5ng, ph\u00f9 h\u1ee3p cho ch\u00f3 c\u1ea7n h\u1ed7 tr\u1ee3 ch\u0103m s\u00f3c \u0111\u01b0\u1eddng ti\u1ebft ni\u1ec7u m\u1ed7i ng\u00e0y.","robots":{"index":"index","follow":"follow","max-snippet":"max-snippet:-1","max-image-preview":"max-image-preview:large","max-video-preview":"max-video-preview:-1"},"canonical":"https:\/\/thucung.azdigi.shop\/?product=pate-cho-cho-soi-than-royal-canin-urinary-so-85g","og_locale":"vi_VN","og_type":"article","og_title":"Pate cho ch\u00f3 s\u1ecfi th\u1eadn Royal Canin Urinary S\/O 85g - Pobi shop","og_description":"Pate ch\u00f3 s\u1ecfi th\u1eadn Royal Canin 85g l\u00e0 th\u1ee9c \u0103n \u01b0\u1edbt d\u1ec5 \u0103n, ti\u1ec7n s\u1eed d\u1ee5ng, ph\u00f9 h\u1ee3p cho ch\u00f3 c\u1ea7n h\u1ed7 tr\u1ee3 ch\u0103m s\u00f3c \u0111\u01b0\u1eddng ti\u1ebft ni\u1ec7u m\u1ed7i ng\u00e0y.","og_url":"https:\/\/thucung.azdigi.shop\/?product=pate-cho-cho-soi-than-royal-canin-urinary-so-85g","og_site_name":"Pobi shop","article_modified_time":"2026-04-14T14:11:32+00:00","og_image":[{"width":800,"height":800,"url":"https:\/\/thucung.azdigi.shop\/wp-content\/uploads\/2026\/04\/pate-cho-soi-than-royal-canin-urinary-85g_1.webp","type":"image\/webp"}],"twitter_card":"summary_large_image","twitter_misc":{"\u01af\u1edbc t\u00ednh th\u1eddi gian \u0111\u1ecdc":"2 ph\u00fat"},"schema":{"@context":"https:\/\/schema.org","@graph":[{"@type":"WebPage","@id":"https:\/\/thucung.azdigi.shop\/?product=pate-cho-cho-soi-than-royal-canin-urinary-so-85g","url":"https:\/\/thucung.azdigi.shop\/?product=pate-cho-cho-soi-than-royal-canin-urinary-so-85g","name":"Pate cho ch\u00f3 s\u1ecfi th\u1eadn Royal Canin Urinary S\/O 85g - Pobi shop","isPartOf":{"@id":"https:\/\/thucung.azdigi.shop\/#website"},"primaryImageOfPage":{"@id":"https:\/\/thucung.azdigi.shop\/?product=pate-cho-cho-soi-than-royal-canin-urinary-so-85g#primaryimage"},"image":{"@id":"https:\/\/thucung.azdigi.shop\/?product=pate-cho-cho-soi-than-royal-canin-urinary-so-85g#primaryimage"},"thumbnailUrl":"https:\/\/thucung.azdigi.shop\/wp-content\/uploads\/2026\/04\/pate-cho-soi-than-royal-canin-urinary-85g_1.webp","datePublished":"2026-04-04T20:18:05+00:00","dateModified":"2026-04-14T14:11:32+00:00","description":"Pate ch\u00f3 s\u1ecfi th\u1eadn Royal Canin 85g l\u00e0 th\u1ee9c \u0103n \u01b0\u1edbt d\u1ec5 \u0103n, ti\u1ec7n s\u1eed d\u1ee5ng, ph\u00f9 h\u1ee3p cho ch\u00f3 c\u1ea7n h\u1ed7 tr\u1ee3 ch\u0103m s\u00f3c \u0111\u01b0\u1eddng ti\u1ebft ni\u1ec7u m\u1ed7i ng\u00e0y.","breadcrumb":{"@id":"https:\/\/thucung.azdigi.shop\/?product=pate-cho-cho-soi-than-royal-canin-urinary-so-85g#breadcrumb"},"inLanguage":"vi","potentialAction":[{"@type":"ReadAction","target":["https:\/\/thucung.azdigi.shop\/?product=pate-cho-cho-soi-than-royal-canin-urinary-so-85g"]}]},{"@type":"ImageObject","inLanguage":"vi","@id":"https:\/\/thucung.azdigi.shop\/?product=pate-cho-cho-soi-than-royal-canin-urinary-so-85g#primaryimage","url":"https:\/\/thucung.azdigi.shop\/wp-content\/uploads\/2026\/04\/pate-cho-soi-than-royal-canin-urinary-85g_1.webp","contentUrl":"https:\/\/thucung.azdigi.shop\/wp-content\/uploads\/2026\/04\/pate-cho-soi-than-royal-canin-urinary-85g_1.webp","width":800,"height":800},{"@type":"BreadcrumbList","@id":"https:\/\/thucung.azdigi.shop\/?product=pate-cho-cho-soi-than-royal-canin-urinary-so-85g#breadcrumb","itemListElement":[{"@type":"ListItem","position":1,"name":"Trang ch\u1ee7","item":"https:\/\/thucung.azdigi.shop\/"},{"@type":"ListItem","position":2,"name":"C\u1eeda h\u00e0ng","item":"https:\/\/thucung.azdigi.shop\/?page_id=137"},{"@type":"ListItem","position":3,"name":"Pate cho ch\u00f3 s\u1ecfi th\u1eadn Royal Canin Urinary S\/O 85g"}]},{"@type":"WebSite","@id":"https:\/\/thucung.azdigi.shop\/#website","url":"https:\/\/thucung.azdigi.shop\/","name":"Chuy\u00ean b\u00e1n th\u00fa c\u01b0ng, ph\u1ee5 ki\u1ec7n, th\u1ee9c \u0103n","description":"","potentialAction":[{"@type":"SearchAction","target":{"@type":"EntryPoint","urlTemplate":"https:\/\/thucung.azdigi.shop\/?s={search_term_string}"},"query-input":{"@type":"PropertyValueSpecification","valueRequired":true,"valueName":"search_term_string"}}],"inLanguage":"vi"}]}},"_links":{"self":[{"href":"https:\/\/thucung.azdigi.shop\/index.php?rest_route=\/wp\/v2\/product\/281","targetHints":{"allow":["GET"]}}],"collection":[{"href":"https:\/\/thucung.azdigi.shop\/index.php?rest_route=\/wp\/v2\/product"}],"about":[{"href":"https:\/\/thucung.azdigi.shop\/index.php?rest_route=\/wp\/v2\/types\/product"}],"replies":[{"embeddable":true,"href":"https:\/\/thucung.azdigi.shop\/index.php?rest_route=%2Fwp%2Fv2%2Fcomments&post=281"}],"wp:featuredmedia":[{"embeddable":true,"href":"https:\/\/thucung.azdigi.shop\/index.php?rest_route=\/wp\/v2\/media\/276"}],"wp:attachment":[{"href":"https:\/\/thucung.azdigi.shop\/index.php?rest_route=%2Fwp%2Fv2%2Fmedia&parent=281"}],"wp:term":[{"taxonomy":"product_brand","embeddable":true,"href":"https:\/\/thucung.azdigi.shop\/index.php?rest_route=%2Fwp%2Fv2%2Fproduct_brand&post=281"},{"taxonomy":"product_cat","embeddable":true,"href":"https:\/\/thucung.azdigi.shop\/index.php?rest_route=%2Fwp%2Fv2%2Fproduct_cat&post=281"},{"taxonomy":"product_tag","embeddable":true,"href":"https:\/\/thucung.azdigi.shop\/index.php?rest_route=%2Fwp%2Fv2%2Fproduct_tag&post=281"}],"curies":[{"name":"wp","href":"https:\/\/api.w.org\/{rel}","templated":true}]}}