{"id":270,"date":"2026-04-04T19:58:30","date_gmt":"2026-04-04T19:58:30","guid":{"rendered":"https:\/\/thucung.azdigi.shop\/?post_type=product&#038;p=270"},"modified":"2026-04-14T14:02:14","modified_gmt":"2026-04-14T14:02:14","slug":"may-an-tu-dong-petkit-mini","status":"publish","type":"product","link":"https:\/\/thucung.azdigi.shop\/?product=may-an-tu-dong-petkit-mini","title":{"rendered":"M\u00e1y \u0103n t\u1ef1 \u0111\u1ed9ng Petkit MINI 2.85L k\u00e8m b\u00e1t \u0111\u1ef1ng inox"},"content":{"rendered":"<h3>M\u00e1y \u0103n t\u1ef1 \u0111\u1ed9ng Petkit MINI 2.85L &#8211; B\u00e1t \u0111\u1ef1ng inox<\/h3>\n<div>M\u00e1y \u0103n t\u1ef1 \u0111\u1ed9ng Petkit MINI 2.85L l\u00e0 thi\u1ebft b\u1ecb h\u1ed7 tr\u1ee3 cho ch\u00f3 m\u00e8o \u0103n \u0111\u00fang b\u1eefa m\u1ed7i ng\u00e0y. S\u1ea3n ph\u1ea9m ph\u00f9 h\u1ee3p v\u1edbi ng\u01b0\u1eddi nu\u00f4i b\u1eadn r\u1ed9n, mu\u1ed1n ki\u1ec3m so\u00e1t th\u1eddi gian \u0103n v\u00e0 kh\u1ea9u ph\u1ea7n \u0103n c\u1ee7a th\u00fa c\u01b0ng t\u1ed1t h\u01a1n.<\/div>\n<div><\/div>\n<div>\u00a0c\u00f3 thi\u1ebft k\u1ebf g\u1ecdn g\u00e0ng, hi\u1ec7n \u0111\u1ea1i v\u00e0 d\u1ec5 b\u1ed1 tr\u00ed trong nhi\u1ec1u kh\u00f4ng gian s\u1ed1ng. Dung t\u00edch 2.85L ph\u00f9 h\u1ee3p cho nhu c\u1ea7u s\u1eed d\u1ee5ng h\u1eb1ng ng\u00e0y c\u1ee7a ch\u00f3 m\u00e8o. S\u1ea3n ph\u1ea9m \u0111i k\u00e8m b\u00e1t \u0111\u1ef1ng inox, gi\u00fap vi\u1ec7c cho \u0103n s\u1ea1ch s\u1ebd h\u01a1n v\u00e0 c\u0169ng d\u1ec5 v\u1ec7 sinh sau khi s\u1eed d\u1ee5ng.<\/div>\n<div><\/div>\n<div>## \u01afu \u0111i\u1ec3m<\/div>\n<div>gi\u00fap ng\u01b0\u1eddi nu\u00f4i ti\u1ebft ki\u1ec7m th\u1eddi gian ch\u0103m s\u00f3c th\u00fa c\u01b0ng. Thi\u1ebft b\u1ecb n\u00e0y h\u1ed7 tr\u1ee3 duy tr\u00ec gi\u1edd \u0103n \u1ed5n \u0111\u1ecbnh, t\u1eeb \u0111\u00f3 gi\u00fap ch\u00f3 m\u00e8o h\u00ecnh th\u00e0nh th\u00f3i quen \u0103n u\u1ed1ng \u0111\u1ec1u \u0111\u1eb7n h\u01a1n.<\/div>\n<div><\/div>\n<div>B\u00e1t \u0111\u1ef1ng inox l\u00e0 \u0111i\u1ec3m ti\u1ec7n l\u1ee3i c\u1ee7a s\u1ea3n ph\u1ea9m. Ch\u1ea5t li\u1ec7u inox d\u1ec5 lau ch\u00f9i, b\u1ec1n v\u00e0 ph\u00f9 h\u1ee3p cho vi\u1ec7c s\u1eed d\u1ee5ng h\u1eb1ng ng\u00e0y. Thi\u1ebft k\u1ebf t\u1ed5ng th\u1ec3 c\u0169ng gi\u00fap khu v\u1ef1c \u0103n u\u1ed1ng c\u1ee7a th\u00fa c\u01b0ng g\u1ecdn g\u00e0ng h\u01a1n.<\/div>\n<div><\/div>\n<div><\/div>\n","protected":false},"excerpt":{"rendered":"<p>M\u00e1y \u0103n t\u1ef1 \u0111\u1ed9ng Petkit MINI 2.85L &#8211; B\u00e1t \u0111\u1ef1ng inox M\u00e1y \u0103n t\u1ef1 \u0111\u1ed9ng Petkit MINI 2.85L l\u00e0 thi\u1ebft b\u1ecb h\u1ed7 tr\u1ee3 cho ch\u00f3 m\u00e8o \u0103n \u0111\u00fang b\u1eefa m\u1ed7i ng\u00e0y. S\u1ea3n ph\u1ea9m ph\u00f9 h\u1ee3p v\u1edbi ng\u01b0\u1eddi nu\u00f4i b\u1eadn r\u1ed9n, mu\u1ed1n ki\u1ec3m so\u00e1t th\u1eddi gian \u0103n v\u00e0 kh\u1ea9u ph\u1ea7n \u0103n c\u1ee7a th\u00fa c\u01b0ng t\u1ed1t h\u01a1n. [&#8230;]\n","protected":false},"featured_media":273,"comment_status":"open","ping_status":"closed","template":"","meta":[],"product_brand":[],"product_cat":[38,35],"product_tag":[],"class_list":{"0":"post-270","1":"product","2":"type-product","3":"status-publish","4":"has-post-thumbnail","6":"product_cat-cho-va-meo","7":"product_cat-phu-kien","9":"first","10":"instock","11":"sale","12":"taxable","13":"shipping-taxable","14":"purchasable","15":"product-type-variable"},"yoast_head":"<!-- This site is optimized with the Yoast SEO plugin v26.9 - https:\/\/yoast.com\/product\/yoast-seo-wordpress\/ -->\n<title>M\u00e1y \u0103n t\u1ef1 \u0111\u1ed9ng Petkit MINI 2.85L k\u00e8m b\u00e1t \u0111\u1ef1ng inox - Pobi shop<\/title>\n<meta name=\"description\" content=\"M\u00e1y \u0103n t\u1ef1 \u0111\u1ed9ng Petkit MINI 2.85L k\u00e8m b\u00e1t \u0111\u1ef1ng inox, ph\u00f9 h\u1ee3p cho ch\u00f3 m\u00e8o, gi\u00fap chia b\u1eefa ti\u1ec7n l\u1ee3i v\u00e0 d\u1ec5 v\u1ec7 sinh m\u1ed7i ng\u00e0y \u0111\u01a1n gi\u1ea3n.\" \/>\n<meta name=\"robots\" content=\"index, follow, max-snippet:-1, max-image-preview:large, max-video-preview:-1\" \/>\n<link rel=\"canonical\" href=\"https:\/\/thucung.azdigi.shop\/?product=may-an-tu-dong-petkit-mini\" \/>\n<meta property=\"og:locale\" content=\"vi_VN\" \/>\n<meta property=\"og:type\" content=\"article\" \/>\n<meta property=\"og:title\" content=\"M\u00e1y \u0103n t\u1ef1 \u0111\u1ed9ng Petkit MINI 2.85L k\u00e8m b\u00e1t \u0111\u1ef1ng inox - Pobi shop\" \/>\n<meta property=\"og:description\" content=\"M\u00e1y \u0103n t\u1ef1 \u0111\u1ed9ng Petkit MINI 2.85L k\u00e8m b\u00e1t \u0111\u1ef1ng inox, ph\u00f9 h\u1ee3p cho ch\u00f3 m\u00e8o, gi\u00fap chia b\u1eefa ti\u1ec7n l\u1ee3i v\u00e0 d\u1ec5 v\u1ec7 sinh m\u1ed7i ng\u00e0y \u0111\u01a1n gi\u1ea3n.\" \/>\n<meta property=\"og:url\" content=\"https:\/\/thucung.azdigi.shop\/?product=may-an-tu-dong-petkit-mini\" \/>\n<meta property=\"og:site_name\" content=\"Pobi shop\" \/>\n<meta property=\"article:modified_time\" content=\"2026-04-14T14:02:14+00:00\" \/>\n<meta property=\"og:image\" content=\"https:\/\/thucung.azdigi.shop\/wp-content\/uploads\/2026\/04\/may-an-tu-dong-petkit-mini-3l-bat-inox-bh-12t.webp\" \/>\n\t<meta property=\"og:image:width\" content=\"800\" \/>\n\t<meta property=\"og:image:height\" content=\"800\" \/>\n\t<meta property=\"og:image:type\" content=\"image\/webp\" \/>\n<meta name=\"twitter:card\" content=\"summary_large_image\" \/>\n<meta name=\"twitter:label1\" content=\"\u01af\u1edbc t\u00ednh th\u1eddi gian \u0111\u1ecdc\" \/>\n\t<meta name=\"twitter:data1\" content=\"2 ph\u00fat\" \/>\n<script type=\"application\/ld+json\" class=\"yoast-schema-graph\">{\"@context\":\"https:\/\/schema.org\",\"@graph\":[{\"@type\":\"WebPage\",\"@id\":\"https:\/\/thucung.azdigi.shop\/?product=may-an-tu-dong-petkit-mini\",\"url\":\"https:\/\/thucung.azdigi.shop\/?product=may-an-tu-dong-petkit-mini\",\"name\":\"M\u00e1y \u0103n t\u1ef1 \u0111\u1ed9ng Petkit MINI 2.85L k\u00e8m b\u00e1t \u0111\u1ef1ng inox - Pobi shop\",\"isPartOf\":{\"@id\":\"https:\/\/thucung.azdigi.shop\/#website\"},\"primaryImageOfPage\":{\"@id\":\"https:\/\/thucung.azdigi.shop\/?product=may-an-tu-dong-petkit-mini#primaryimage\"},\"image\":{\"@id\":\"https:\/\/thucung.azdigi.shop\/?product=may-an-tu-dong-petkit-mini#primaryimage\"},\"thumbnailUrl\":\"https:\/\/thucung.azdigi.shop\/wp-content\/uploads\/2026\/04\/may-an-tu-dong-petkit-mini-3l-bat-inox-bh-12t.webp\",\"datePublished\":\"2026-04-04T19:58:30+00:00\",\"dateModified\":\"2026-04-14T14:02:14+00:00\",\"description\":\"M\u00e1y \u0103n t\u1ef1 \u0111\u1ed9ng Petkit MINI 2.85L k\u00e8m b\u00e1t \u0111\u1ef1ng inox, ph\u00f9 h\u1ee3p cho ch\u00f3 m\u00e8o, gi\u00fap chia b\u1eefa ti\u1ec7n l\u1ee3i v\u00e0 d\u1ec5 v\u1ec7 sinh m\u1ed7i ng\u00e0y \u0111\u01a1n gi\u1ea3n.\",\"breadcrumb\":{\"@id\":\"https:\/\/thucung.azdigi.shop\/?product=may-an-tu-dong-petkit-mini#breadcrumb\"},\"inLanguage\":\"vi\",\"potentialAction\":[{\"@type\":\"ReadAction\",\"target\":[\"https:\/\/thucung.azdigi.shop\/?product=may-an-tu-dong-petkit-mini\"]}]},{\"@type\":\"ImageObject\",\"inLanguage\":\"vi\",\"@id\":\"https:\/\/thucung.azdigi.shop\/?product=may-an-tu-dong-petkit-mini#primaryimage\",\"url\":\"https:\/\/thucung.azdigi.shop\/wp-content\/uploads\/2026\/04\/may-an-tu-dong-petkit-mini-3l-bat-inox-bh-12t.webp\",\"contentUrl\":\"https:\/\/thucung.azdigi.shop\/wp-content\/uploads\/2026\/04\/may-an-tu-dong-petkit-mini-3l-bat-inox-bh-12t.webp\",\"width\":800,\"height\":800},{\"@type\":\"BreadcrumbList\",\"@id\":\"https:\/\/thucung.azdigi.shop\/?product=may-an-tu-dong-petkit-mini#breadcrumb\",\"itemListElement\":[{\"@type\":\"ListItem\",\"position\":1,\"name\":\"Trang ch\u1ee7\",\"item\":\"https:\/\/thucung.azdigi.shop\/\"},{\"@type\":\"ListItem\",\"position\":2,\"name\":\"C\u1eeda h\u00e0ng\",\"item\":\"https:\/\/thucung.azdigi.shop\/?page_id=137\"},{\"@type\":\"ListItem\",\"position\":3,\"name\":\"M\u00e1y \u0103n t\u1ef1 \u0111\u1ed9ng Petkit MINI 2.85L k\u00e8m b\u00e1t \u0111\u1ef1ng inox\"}]},{\"@type\":\"WebSite\",\"@id\":\"https:\/\/thucung.azdigi.shop\/#website\",\"url\":\"https:\/\/thucung.azdigi.shop\/\",\"name\":\"Chuy\u00ean b\u00e1n th\u00fa c\u01b0ng, ph\u1ee5 ki\u1ec7n, th\u1ee9c \u0103n\",\"description\":\"\",\"potentialAction\":[{\"@type\":\"SearchAction\",\"target\":{\"@type\":\"EntryPoint\",\"urlTemplate\":\"https:\/\/thucung.azdigi.shop\/?s={search_term_string}\"},\"query-input\":{\"@type\":\"PropertyValueSpecification\",\"valueRequired\":true,\"valueName\":\"search_term_string\"}}],\"inLanguage\":\"vi\"}]}<\/script>\n<!-- \/ Yoast SEO plugin. -->","yoast_head_json":{"title":"M\u00e1y \u0103n t\u1ef1 \u0111\u1ed9ng Petkit MINI 2.85L k\u00e8m b\u00e1t \u0111\u1ef1ng inox - Pobi shop","description":"M\u00e1y \u0103n t\u1ef1 \u0111\u1ed9ng Petkit MINI 2.85L k\u00e8m b\u00e1t \u0111\u1ef1ng inox, ph\u00f9 h\u1ee3p cho ch\u00f3 m\u00e8o, gi\u00fap chia b\u1eefa ti\u1ec7n l\u1ee3i v\u00e0 d\u1ec5 v\u1ec7 sinh m\u1ed7i ng\u00e0y \u0111\u01a1n gi\u1ea3n.","robots":{"index":"index","follow":"follow","max-snippet":"max-snippet:-1","max-image-preview":"max-image-preview:large","max-video-preview":"max-video-preview:-1"},"canonical":"https:\/\/thucung.azdigi.shop\/?product=may-an-tu-dong-petkit-mini","og_locale":"vi_VN","og_type":"article","og_title":"M\u00e1y \u0103n t\u1ef1 \u0111\u1ed9ng Petkit MINI 2.85L k\u00e8m b\u00e1t \u0111\u1ef1ng inox - Pobi shop","og_description":"M\u00e1y \u0103n t\u1ef1 \u0111\u1ed9ng Petkit MINI 2.85L k\u00e8m b\u00e1t \u0111\u1ef1ng inox, ph\u00f9 h\u1ee3p cho ch\u00f3 m\u00e8o, gi\u00fap chia b\u1eefa ti\u1ec7n l\u1ee3i v\u00e0 d\u1ec5 v\u1ec7 sinh m\u1ed7i ng\u00e0y \u0111\u01a1n gi\u1ea3n.","og_url":"https:\/\/thucung.azdigi.shop\/?product=may-an-tu-dong-petkit-mini","og_site_name":"Pobi shop","article_modified_time":"2026-04-14T14:02:14+00:00","og_image":[{"width":800,"height":800,"url":"https:\/\/thucung.azdigi.shop\/wp-content\/uploads\/2026\/04\/may-an-tu-dong-petkit-mini-3l-bat-inox-bh-12t.webp","type":"image\/webp"}],"twitter_card":"summary_large_image","twitter_misc":{"\u01af\u1edbc t\u00ednh th\u1eddi gian \u0111\u1ecdc":"2 ph\u00fat"},"schema":{"@context":"https:\/\/schema.org","@graph":[{"@type":"WebPage","@id":"https:\/\/thucung.azdigi.shop\/?product=may-an-tu-dong-petkit-mini","url":"https:\/\/thucung.azdigi.shop\/?product=may-an-tu-dong-petkit-mini","name":"M\u00e1y \u0103n t\u1ef1 \u0111\u1ed9ng Petkit MINI 2.85L k\u00e8m b\u00e1t \u0111\u1ef1ng inox - Pobi shop","isPartOf":{"@id":"https:\/\/thucung.azdigi.shop\/#website"},"primaryImageOfPage":{"@id":"https:\/\/thucung.azdigi.shop\/?product=may-an-tu-dong-petkit-mini#primaryimage"},"image":{"@id":"https:\/\/thucung.azdigi.shop\/?product=may-an-tu-dong-petkit-mini#primaryimage"},"thumbnailUrl":"https:\/\/thucung.azdigi.shop\/wp-content\/uploads\/2026\/04\/may-an-tu-dong-petkit-mini-3l-bat-inox-bh-12t.webp","datePublished":"2026-04-04T19:58:30+00:00","dateModified":"2026-04-14T14:02:14+00:00","description":"M\u00e1y \u0103n t\u1ef1 \u0111\u1ed9ng Petkit MINI 2.85L k\u00e8m b\u00e1t \u0111\u1ef1ng inox, ph\u00f9 h\u1ee3p cho ch\u00f3 m\u00e8o, gi\u00fap chia b\u1eefa ti\u1ec7n l\u1ee3i v\u00e0 d\u1ec5 v\u1ec7 sinh m\u1ed7i ng\u00e0y \u0111\u01a1n gi\u1ea3n.","breadcrumb":{"@id":"https:\/\/thucung.azdigi.shop\/?product=may-an-tu-dong-petkit-mini#breadcrumb"},"inLanguage":"vi","potentialAction":[{"@type":"ReadAction","target":["https:\/\/thucung.azdigi.shop\/?product=may-an-tu-dong-petkit-mini"]}]},{"@type":"ImageObject","inLanguage":"vi","@id":"https:\/\/thucung.azdigi.shop\/?product=may-an-tu-dong-petkit-mini#primaryimage","url":"https:\/\/thucung.azdigi.shop\/wp-content\/uploads\/2026\/04\/may-an-tu-dong-petkit-mini-3l-bat-inox-bh-12t.webp","contentUrl":"https:\/\/thucung.azdigi.shop\/wp-content\/uploads\/2026\/04\/may-an-tu-dong-petkit-mini-3l-bat-inox-bh-12t.webp","width":800,"height":800},{"@type":"BreadcrumbList","@id":"https:\/\/thucung.azdigi.shop\/?product=may-an-tu-dong-petkit-mini#breadcrumb","itemListElement":[{"@type":"ListItem","position":1,"name":"Trang ch\u1ee7","item":"https:\/\/thucung.azdigi.shop\/"},{"@type":"ListItem","position":2,"name":"C\u1eeda h\u00e0ng","item":"https:\/\/thucung.azdigi.shop\/?page_id=137"},{"@type":"ListItem","position":3,"name":"M\u00e1y \u0103n t\u1ef1 \u0111\u1ed9ng Petkit MINI 2.85L k\u00e8m b\u00e1t \u0111\u1ef1ng inox"}]},{"@type":"WebSite","@id":"https:\/\/thucung.azdigi.shop\/#website","url":"https:\/\/thucung.azdigi.shop\/","name":"Chuy\u00ean b\u00e1n th\u00fa c\u01b0ng, ph\u1ee5 ki\u1ec7n, th\u1ee9c \u0103n","description":"","potentialAction":[{"@type":"SearchAction","target":{"@type":"EntryPoint","urlTemplate":"https:\/\/thucung.azdigi.shop\/?s={search_term_string}"},"query-input":{"@type":"PropertyValueSpecification","valueRequired":true,"valueName":"search_term_string"}}],"inLanguage":"vi"}]}},"_links":{"self":[{"href":"https:\/\/thucung.azdigi.shop\/index.php?rest_route=\/wp\/v2\/product\/270","targetHints":{"allow":["GET"]}}],"collection":[{"href":"https:\/\/thucung.azdigi.shop\/index.php?rest_route=\/wp\/v2\/product"}],"about":[{"href":"https:\/\/thucung.azdigi.shop\/index.php?rest_route=\/wp\/v2\/types\/product"}],"replies":[{"embeddable":true,"href":"https:\/\/thucung.azdigi.shop\/index.php?rest_route=%2Fwp%2Fv2%2Fcomments&post=270"}],"wp:featuredmedia":[{"embeddable":true,"href":"https:\/\/thucung.azdigi.shop\/index.php?rest_route=\/wp\/v2\/media\/273"}],"wp:attachment":[{"href":"https:\/\/thucung.azdigi.shop\/index.php?rest_route=%2Fwp%2Fv2%2Fmedia&parent=270"}],"wp:term":[{"taxonomy":"product_brand","embeddable":true,"href":"https:\/\/thucung.azdigi.shop\/index.php?rest_route=%2Fwp%2Fv2%2Fproduct_brand&post=270"},{"taxonomy":"product_cat","embeddable":true,"href":"https:\/\/thucung.azdigi.shop\/index.php?rest_route=%2Fwp%2Fv2%2Fproduct_cat&post=270"},{"taxonomy":"product_tag","embeddable":true,"href":"https:\/\/thucung.azdigi.shop\/index.php?rest_route=%2Fwp%2Fv2%2Fproduct_tag&post=270"}],"curies":[{"name":"wp","href":"https:\/\/api.w.org\/{rel}","templated":true}]}}