{"id":186,"date":"2026-04-04T08:20:29","date_gmt":"2026-04-04T08:20:29","guid":{"rendered":"https:\/\/thucung.azdigi.shop\/?post_type=product&#038;p=186"},"modified":"2026-04-14T13:52:49","modified_gmt":"2026-04-14T13:52:49","slug":"pate-cho-cho-monge-dog-vet-solution-150g","status":"publish","type":"product","link":"https:\/\/thucung.azdigi.shop\/?product=pate-cho-cho-monge-dog-vet-solution-150g","title":{"rendered":"Pate cho ch\u00f3 Monge Dog Vet Solution ch\u0103m s\u00f3c s\u1ee9c kh\u1ecfe 150g"},"content":{"rendered":"<p style=\"text-align: center;\"><b>Pate Cho Ch\u00f3 Monge Dog Vet Solution Ch\u0103m S\u00f3c S\u1ee9c Kh\u1ecfe 150g<\/b><\/p>\n<ul>\n<li>\n<h2 data-section-id=\"uaa6bi\" data-start=\"537\" data-end=\"554\"><span role=\"text\"><strong data-start=\"540\" data-end=\"554\">Gi\u1edbi thi\u1ec7u<\/strong><\/span><\/h2>\n<p data-start=\"555\" data-end=\"744\">Monge Dog Vet Solution 150g l\u00e0 d\u00f2ng pate d\u00e0nh cho ch\u00f3 v\u1edbi c\u00f4ng th\u1ee9c h\u1ed7 tr\u1ee3 s\u1ee9c kh\u1ecfe. S\u1ea3n ph\u1ea9m ph\u00f9 h\u1ee3p cho nh\u1eefng ch\u00fa ch\u00f3 c\u1ea7n ch\u1ebf \u0111\u1ed9 \u0103n \u0111\u1eb7c bi\u1ec7t ho\u1eb7c \u0111ang trong giai \u0111o\u1ea1n ch\u0103m s\u00f3c dinh d\u01b0\u1ee1ng.<\/p>\n<hr data-start=\"746\" data-end=\"749\" \/>\n<h2 data-section-id=\"17gj3z2\" data-start=\"751\" data-end=\"774\"><span role=\"text\"><strong data-start=\"754\" data-end=\"774\">\u0110\u1eb7c \u0111i\u1ec3m n\u1ed5i b\u1eadt<\/strong><\/span><\/h2>\n<p data-start=\"775\" data-end=\"828\">Monge Dog Vet Solution \u0111\u01b0\u1ee3c thi\u1ebft k\u1ebf v\u1edbi c\u00e1c \u01b0u \u0111i\u1ec3m:<\/p>\n<ul data-start=\"829\" data-end=\"939\">\n<li data-section-id=\"1798jiy\" data-start=\"829\" data-end=\"856\">K\u1ebft c\u1ea5u pate m\u1ec1m, d\u1ec5 \u0103n<\/li>\n<li data-section-id=\"1kmxf87\" data-start=\"857\" data-end=\"897\">Ph\u00f9 h\u1ee3p cho ch\u00f3 k\u00e9n \u0103n ho\u1eb7c r\u0103ng y\u1ebfu<\/li>\n<li data-section-id=\"zs6gcv\" data-start=\"898\" data-end=\"939\">H\u1ed7 tr\u1ee3 ti\u00eau h\u00f3a v\u00e0 h\u1ea5p th\u1ee5 dinh d\u01b0\u1ee1ng<\/li>\n<\/ul>\n<p data-start=\"941\" data-end=\"1016\">S\u1ea3n ph\u1ea9m th\u00edch h\u1ee3p d\u00f9ng trong ch\u1ebf \u0111\u1ed9 \u0103n h\u1eb1ng ng\u00e0y ho\u1eb7c k\u1ebft h\u1ee3p v\u1edbi h\u1ea1t kh\u00f4.<\/p>\n<hr data-start=\"1018\" data-end=\"1021\" \/>\n<h2 data-section-id=\"5fzsc9\" data-start=\"1023\" data-end=\"1049\"><span role=\"text\"><strong data-start=\"1026\" data-end=\"1049\">L\u1ee3i \u00edch khi s\u1eed d\u1ee5ng<\/strong><\/span><\/h2>\n<h3 data-section-id=\"3dv2su\" data-start=\"1051\" data-end=\"1077\"><span role=\"text\">\ud83e\uddb4 <strong data-start=\"1058\" data-end=\"1077\">H\u1ed7 tr\u1ee3 ti\u00eau h\u00f3a<\/strong><\/span><\/h3>\n<p data-start=\"1078\" data-end=\"1132\">C\u00f4ng th\u1ee9c d\u1ec5 h\u1ea5p th\u1ee5 gi\u00fap gi\u1ea3m \u00e1p l\u1ef1c l\u00ean h\u1ec7 ti\u00eau h\u00f3a.<\/p>\n<h3 data-section-id=\"1o0uwkx\" data-start=\"1134\" data-end=\"1157\"><span role=\"text\">\ud83c\udf57 <strong data-start=\"1141\" data-end=\"1157\">T\u0103ng kh\u1ea9u v\u1ecb<\/strong><\/span><\/h3>\n<p data-start=\"1158\" data-end=\"1218\">Pate m\u1ec1m gi\u00fap ch\u00f3 \u0103n ngon h\u01a1n, \u0111\u1eb7c bi\u1ec7t v\u1edbi nh\u1eefng b\u00e9 k\u00e9n \u0103n.<\/p>\n<h3 data-section-id=\"o81w6b\" data-start=\"1220\" data-end=\"1249\"><span role=\"text\">\ud83d\udee1\ufe0f <strong data-start=\"1228\" data-end=\"1249\">Ch\u0103m s\u00f3c s\u1ee9c kh\u1ecfe<\/strong><\/span><\/h3>\n<p data-start=\"1250\" data-end=\"1310\">B\u1ed5 sung d\u01b0\u1ee1ng ch\u1ea5t c\u1ea7n thi\u1ebft gi\u00fap duy tr\u00ec th\u1ec3 tr\u1ea1ng \u1ed5n \u0111\u1ecbnh.<\/p>\n<hr data-start=\"1312\" data-end=\"1315\" \/>\n<h2 data-section-id=\"e0kb79\" data-start=\"1317\" data-end=\"1341\"><span role=\"text\"><strong data-start=\"1320\" data-end=\"1341\">\u0110\u1ed1i t\u01b0\u1ee3ng s\u1eed d\u1ee5ng<\/strong><\/span><\/h2>\n<p data-start=\"1342\" data-end=\"1363\">S\u1ea3n ph\u1ea9m ph\u00f9 h\u1ee3p cho:<\/p>\n<ul data-start=\"1364\" data-end=\"1470\">\n<li data-section-id=\"k46w6k\" data-start=\"1364\" data-end=\"1393\">Ch\u00f3 c\u1ea7n ch\u0103m s\u00f3c s\u1ee9c kh\u1ecfe<\/li>\n<li data-section-id=\"38yu58\" data-start=\"1394\" data-end=\"1420\">Ch\u00f3 k\u00e9n \u0103n ho\u1eb7c \u0103n y\u1ebfu<\/li>\n<li data-section-id=\"nl8jub\" data-start=\"1421\" data-end=\"1470\">Ch\u00f3 \u0111ang ph\u1ee5c h\u1ed3i ho\u1eb7c c\u1ea7n dinh d\u01b0\u1ee1ng b\u1ed5 sung<\/li>\n<\/ul>\n<hr data-start=\"1472\" data-end=\"1475\" \/>\n<h2 data-section-id=\"1ou8prs\" data-start=\"1477\" data-end=\"1501\"><span role=\"text\"><strong data-start=\"1480\" data-end=\"1501\">H\u01b0\u1edbng d\u1eabn s\u1eed d\u1ee5ng<\/strong><\/span><\/h2>\n<ul data-start=\"1502\" data-end=\"1639\">\n<li data-section-id=\"w0odb5\" data-start=\"1502\" data-end=\"1538\">D\u00f9ng tr\u1ef1c ti\u1ebfp ho\u1eb7c tr\u1ed9n v\u1edbi h\u1ea1t<\/li>\n<li data-section-id=\"17l2o8z\" data-start=\"1539\" data-end=\"1572\">Cho \u0103n theo kh\u1ea9u ph\u1ea7n ph\u00f9 h\u1ee3p<\/li>\n<li data-section-id=\"1dzdnyx\" data-start=\"1573\" data-end=\"1606\">B\u1ea3o qu\u1ea3n n\u01a1i kh\u00f4 r\u00e1o, s\u1ea1ch s\u1ebd<\/li>\n<li data-section-id=\"znqmfl\" data-start=\"1607\" data-end=\"1639\">Sau khi m\u1edf n\u00ean b\u1ea3o qu\u1ea3n l\u1ea1nh<\/li>\n<\/ul>\n<hr data-start=\"1641\" data-end=\"1644\" \/>\n<h2 data-section-id=\"bh4eov\" data-start=\"1646\" data-end=\"1661\"><span role=\"text\"><strong data-start=\"1649\" data-end=\"1661\">K\u1ebft lu\u1eadn<\/strong><\/span><\/h2>\n<p data-start=\"1662\" data-end=\"1823\">Monge Dog Vet Solution 150g l\u00e0 l\u1ef1a ch\u1ecdn ph\u00f9 h\u1ee3p cho nh\u1eefng ch\u00fa ch\u00f3 c\u1ea7n ch\u1ebf \u0111\u1ed9 \u0103n m\u1ec1m v\u00e0 h\u1ed7 tr\u1ee3 s\u1ee9c kh\u1ecfe. S\u1ea3n ph\u1ea9m gi\u00fap c\u1ea3i thi\u1ec7n kh\u1ea9u v\u1ecb v\u00e0 duy tr\u00ec th\u1ec3 tr\u1ea1ng t\u1ed1t.<\/p>\n<\/li>\n<\/ul>\n<div class=\"tab-showMore is-show\" data-letter=\"4681\" data-des-max=\"500\"><\/div>\n","protected":false},"excerpt":{"rendered":"<p>Pate Cho Ch\u00f3 Monge Dog Vet Solution Ch\u0103m S\u00f3c S\u1ee9c Kh\u1ecfe 150g<\/p>\n<p>Th\u01b0\u01a1ng hi\u1ec7u: Monge<\/p>\n","protected":false},"featured_media":190,"comment_status":"open","ping_status":"closed","template":"","meta":[],"product_brand":[],"product_cat":[33,36],"product_tag":[],"class_list":{"0":"post-186","1":"product","2":"type-product","3":"status-publish","4":"has-post-thumbnail","6":"product_cat-cho","7":"product_cat-thuc-an-uot","9":"first","10":"instock","11":"sale","12":"taxable","13":"shipping-taxable","14":"purchasable","15":"product-type-variable"},"yoast_head":"<!-- This site is optimized with the Yoast SEO plugin v26.9 - https:\/\/yoast.com\/product\/yoast-seo-wordpress\/ -->\n<title>Pate cho ch\u00f3 Monge Dog Vet Solution ch\u0103m s\u00f3c s\u1ee9c kh\u1ecfe 150g - Pobi shop<\/title>\n<meta name=\"description\" content=\"Pate cho ch\u00f3 Monge Dog Vet Solution 150g h\u1ed7 tr\u1ee3 ch\u0103m s\u00f3c s\u1ee9c kh\u1ecfe, ti\u00eau h\u00f3a, da l\u00f4ng v\u00e0 mi\u1ec5n d\u1ecbch. S\u1ea3n ph\u1ea9m th\u01a1m ngon, d\u1ec5 \u0103n, ph\u00f9 h\u1ee3p cho ch\u00f3.\" \/>\n<meta name=\"robots\" content=\"index, follow, max-snippet:-1, max-image-preview:large, max-video-preview:-1\" \/>\n<link rel=\"canonical\" href=\"https:\/\/thucung.azdigi.shop\/?product=pate-cho-cho-monge-dog-vet-solution-150g\" \/>\n<meta property=\"og:locale\" content=\"vi_VN\" \/>\n<meta property=\"og:type\" content=\"article\" \/>\n<meta property=\"og:title\" content=\"Pate cho ch\u00f3 Monge Dog Vet Solution ch\u0103m s\u00f3c s\u1ee9c kh\u1ecfe 150g - Pobi shop\" \/>\n<meta property=\"og:description\" content=\"Pate cho ch\u00f3 Monge Dog Vet Solution 150g h\u1ed7 tr\u1ee3 ch\u0103m s\u00f3c s\u1ee9c kh\u1ecfe, ti\u00eau h\u00f3a, da l\u00f4ng v\u00e0 mi\u1ec5n d\u1ecbch. S\u1ea3n ph\u1ea9m th\u01a1m ngon, d\u1ec5 \u0103n, ph\u00f9 h\u1ee3p cho ch\u00f3.\" \/>\n<meta property=\"og:url\" content=\"https:\/\/thucung.azdigi.shop\/?product=pate-cho-cho-monge-dog-vet-solution-150g\" \/>\n<meta property=\"og:site_name\" content=\"Pobi shop\" \/>\n<meta property=\"article:modified_time\" content=\"2026-04-14T13:52:49+00:00\" \/>\n<meta property=\"og:image\" content=\"https:\/\/thucung.azdigi.shop\/wp-content\/uploads\/2026\/04\/pate-monge-cho-vet-solution-cham-soc-suc-khoe-150g-paddy-9-Copy.jpg\" \/>\n\t<meta property=\"og:image:width\" content=\"738\" \/>\n\t<meta property=\"og:image:height\" content=\"738\" \/>\n\t<meta property=\"og:image:type\" content=\"image\/jpeg\" \/>\n<meta name=\"twitter:card\" content=\"summary_large_image\" \/>\n<meta name=\"twitter:label1\" content=\"\u01af\u1edbc t\u00ednh th\u1eddi gian \u0111\u1ecdc\" \/>\n\t<meta name=\"twitter:data1\" content=\"2 ph\u00fat\" \/>\n<script type=\"application\/ld+json\" class=\"yoast-schema-graph\">{\"@context\":\"https:\/\/schema.org\",\"@graph\":[{\"@type\":\"WebPage\",\"@id\":\"https:\/\/thucung.azdigi.shop\/?product=pate-cho-cho-monge-dog-vet-solution-150g\",\"url\":\"https:\/\/thucung.azdigi.shop\/?product=pate-cho-cho-monge-dog-vet-solution-150g\",\"name\":\"Pate cho ch\u00f3 Monge Dog Vet Solution ch\u0103m s\u00f3c s\u1ee9c kh\u1ecfe 150g - Pobi shop\",\"isPartOf\":{\"@id\":\"https:\/\/thucung.azdigi.shop\/#website\"},\"primaryImageOfPage\":{\"@id\":\"https:\/\/thucung.azdigi.shop\/?product=pate-cho-cho-monge-dog-vet-solution-150g#primaryimage\"},\"image\":{\"@id\":\"https:\/\/thucung.azdigi.shop\/?product=pate-cho-cho-monge-dog-vet-solution-150g#primaryimage\"},\"thumbnailUrl\":\"https:\/\/thucung.azdigi.shop\/wp-content\/uploads\/2026\/04\/pate-monge-cho-vet-solution-cham-soc-suc-khoe-150g-paddy-9-Copy.jpg\",\"datePublished\":\"2026-04-04T08:20:29+00:00\",\"dateModified\":\"2026-04-14T13:52:49+00:00\",\"description\":\"Pate cho ch\u00f3 Monge Dog Vet Solution 150g h\u1ed7 tr\u1ee3 ch\u0103m s\u00f3c s\u1ee9c kh\u1ecfe, ti\u00eau h\u00f3a, da l\u00f4ng v\u00e0 mi\u1ec5n d\u1ecbch. S\u1ea3n ph\u1ea9m th\u01a1m ngon, d\u1ec5 \u0103n, ph\u00f9 h\u1ee3p cho ch\u00f3.\",\"breadcrumb\":{\"@id\":\"https:\/\/thucung.azdigi.shop\/?product=pate-cho-cho-monge-dog-vet-solution-150g#breadcrumb\"},\"inLanguage\":\"vi\",\"potentialAction\":[{\"@type\":\"ReadAction\",\"target\":[\"https:\/\/thucung.azdigi.shop\/?product=pate-cho-cho-monge-dog-vet-solution-150g\"]}]},{\"@type\":\"ImageObject\",\"inLanguage\":\"vi\",\"@id\":\"https:\/\/thucung.azdigi.shop\/?product=pate-cho-cho-monge-dog-vet-solution-150g#primaryimage\",\"url\":\"https:\/\/thucung.azdigi.shop\/wp-content\/uploads\/2026\/04\/pate-monge-cho-vet-solution-cham-soc-suc-khoe-150g-paddy-9-Copy.jpg\",\"contentUrl\":\"https:\/\/thucung.azdigi.shop\/wp-content\/uploads\/2026\/04\/pate-monge-cho-vet-solution-cham-soc-suc-khoe-150g-paddy-9-Copy.jpg\",\"width\":738,\"height\":738},{\"@type\":\"BreadcrumbList\",\"@id\":\"https:\/\/thucung.azdigi.shop\/?product=pate-cho-cho-monge-dog-vet-solution-150g#breadcrumb\",\"itemListElement\":[{\"@type\":\"ListItem\",\"position\":1,\"name\":\"Trang ch\u1ee7\",\"item\":\"https:\/\/thucung.azdigi.shop\/\"},{\"@type\":\"ListItem\",\"position\":2,\"name\":\"C\u1eeda h\u00e0ng\",\"item\":\"https:\/\/thucung.azdigi.shop\/?page_id=137\"},{\"@type\":\"ListItem\",\"position\":3,\"name\":\"Pate cho ch\u00f3 Monge Dog Vet Solution ch\u0103m s\u00f3c s\u1ee9c kh\u1ecfe 150g\"}]},{\"@type\":\"WebSite\",\"@id\":\"https:\/\/thucung.azdigi.shop\/#website\",\"url\":\"https:\/\/thucung.azdigi.shop\/\",\"name\":\"Chuy\u00ean b\u00e1n th\u00fa c\u01b0ng, ph\u1ee5 ki\u1ec7n, th\u1ee9c \u0103n\",\"description\":\"\",\"potentialAction\":[{\"@type\":\"SearchAction\",\"target\":{\"@type\":\"EntryPoint\",\"urlTemplate\":\"https:\/\/thucung.azdigi.shop\/?s={search_term_string}\"},\"query-input\":{\"@type\":\"PropertyValueSpecification\",\"valueRequired\":true,\"valueName\":\"search_term_string\"}}],\"inLanguage\":\"vi\"}]}<\/script>\n<!-- \/ Yoast SEO plugin. -->","yoast_head_json":{"title":"Pate cho ch\u00f3 Monge Dog Vet Solution ch\u0103m s\u00f3c s\u1ee9c kh\u1ecfe 150g - Pobi shop","description":"Pate cho ch\u00f3 Monge Dog Vet Solution 150g h\u1ed7 tr\u1ee3 ch\u0103m s\u00f3c s\u1ee9c kh\u1ecfe, ti\u00eau h\u00f3a, da l\u00f4ng v\u00e0 mi\u1ec5n d\u1ecbch. S\u1ea3n ph\u1ea9m th\u01a1m ngon, d\u1ec5 \u0103n, ph\u00f9 h\u1ee3p cho ch\u00f3.","robots":{"index":"index","follow":"follow","max-snippet":"max-snippet:-1","max-image-preview":"max-image-preview:large","max-video-preview":"max-video-preview:-1"},"canonical":"https:\/\/thucung.azdigi.shop\/?product=pate-cho-cho-monge-dog-vet-solution-150g","og_locale":"vi_VN","og_type":"article","og_title":"Pate cho ch\u00f3 Monge Dog Vet Solution ch\u0103m s\u00f3c s\u1ee9c kh\u1ecfe 150g - Pobi shop","og_description":"Pate cho ch\u00f3 Monge Dog Vet Solution 150g h\u1ed7 tr\u1ee3 ch\u0103m s\u00f3c s\u1ee9c kh\u1ecfe, ti\u00eau h\u00f3a, da l\u00f4ng v\u00e0 mi\u1ec5n d\u1ecbch. S\u1ea3n ph\u1ea9m th\u01a1m ngon, d\u1ec5 \u0103n, ph\u00f9 h\u1ee3p cho ch\u00f3.","og_url":"https:\/\/thucung.azdigi.shop\/?product=pate-cho-cho-monge-dog-vet-solution-150g","og_site_name":"Pobi shop","article_modified_time":"2026-04-14T13:52:49+00:00","og_image":[{"width":738,"height":738,"url":"https:\/\/thucung.azdigi.shop\/wp-content\/uploads\/2026\/04\/pate-monge-cho-vet-solution-cham-soc-suc-khoe-150g-paddy-9-Copy.jpg","type":"image\/jpeg"}],"twitter_card":"summary_large_image","twitter_misc":{"\u01af\u1edbc t\u00ednh th\u1eddi gian \u0111\u1ecdc":"2 ph\u00fat"},"schema":{"@context":"https:\/\/schema.org","@graph":[{"@type":"WebPage","@id":"https:\/\/thucung.azdigi.shop\/?product=pate-cho-cho-monge-dog-vet-solution-150g","url":"https:\/\/thucung.azdigi.shop\/?product=pate-cho-cho-monge-dog-vet-solution-150g","name":"Pate cho ch\u00f3 Monge Dog Vet Solution ch\u0103m s\u00f3c s\u1ee9c kh\u1ecfe 150g - Pobi shop","isPartOf":{"@id":"https:\/\/thucung.azdigi.shop\/#website"},"primaryImageOfPage":{"@id":"https:\/\/thucung.azdigi.shop\/?product=pate-cho-cho-monge-dog-vet-solution-150g#primaryimage"},"image":{"@id":"https:\/\/thucung.azdigi.shop\/?product=pate-cho-cho-monge-dog-vet-solution-150g#primaryimage"},"thumbnailUrl":"https:\/\/thucung.azdigi.shop\/wp-content\/uploads\/2026\/04\/pate-monge-cho-vet-solution-cham-soc-suc-khoe-150g-paddy-9-Copy.jpg","datePublished":"2026-04-04T08:20:29+00:00","dateModified":"2026-04-14T13:52:49+00:00","description":"Pate cho ch\u00f3 Monge Dog Vet Solution 150g h\u1ed7 tr\u1ee3 ch\u0103m s\u00f3c s\u1ee9c kh\u1ecfe, ti\u00eau h\u00f3a, da l\u00f4ng v\u00e0 mi\u1ec5n d\u1ecbch. S\u1ea3n ph\u1ea9m th\u01a1m ngon, d\u1ec5 \u0103n, ph\u00f9 h\u1ee3p cho ch\u00f3.","breadcrumb":{"@id":"https:\/\/thucung.azdigi.shop\/?product=pate-cho-cho-monge-dog-vet-solution-150g#breadcrumb"},"inLanguage":"vi","potentialAction":[{"@type":"ReadAction","target":["https:\/\/thucung.azdigi.shop\/?product=pate-cho-cho-monge-dog-vet-solution-150g"]}]},{"@type":"ImageObject","inLanguage":"vi","@id":"https:\/\/thucung.azdigi.shop\/?product=pate-cho-cho-monge-dog-vet-solution-150g#primaryimage","url":"https:\/\/thucung.azdigi.shop\/wp-content\/uploads\/2026\/04\/pate-monge-cho-vet-solution-cham-soc-suc-khoe-150g-paddy-9-Copy.jpg","contentUrl":"https:\/\/thucung.azdigi.shop\/wp-content\/uploads\/2026\/04\/pate-monge-cho-vet-solution-cham-soc-suc-khoe-150g-paddy-9-Copy.jpg","width":738,"height":738},{"@type":"BreadcrumbList","@id":"https:\/\/thucung.azdigi.shop\/?product=pate-cho-cho-monge-dog-vet-solution-150g#breadcrumb","itemListElement":[{"@type":"ListItem","position":1,"name":"Trang ch\u1ee7","item":"https:\/\/thucung.azdigi.shop\/"},{"@type":"ListItem","position":2,"name":"C\u1eeda h\u00e0ng","item":"https:\/\/thucung.azdigi.shop\/?page_id=137"},{"@type":"ListItem","position":3,"name":"Pate cho ch\u00f3 Monge Dog Vet Solution ch\u0103m s\u00f3c s\u1ee9c kh\u1ecfe 150g"}]},{"@type":"WebSite","@id":"https:\/\/thucung.azdigi.shop\/#website","url":"https:\/\/thucung.azdigi.shop\/","name":"Chuy\u00ean b\u00e1n th\u00fa c\u01b0ng, ph\u1ee5 ki\u1ec7n, th\u1ee9c \u0103n","description":"","potentialAction":[{"@type":"SearchAction","target":{"@type":"EntryPoint","urlTemplate":"https:\/\/thucung.azdigi.shop\/?s={search_term_string}"},"query-input":{"@type":"PropertyValueSpecification","valueRequired":true,"valueName":"search_term_string"}}],"inLanguage":"vi"}]}},"_links":{"self":[{"href":"https:\/\/thucung.azdigi.shop\/index.php?rest_route=\/wp\/v2\/product\/186","targetHints":{"allow":["GET"]}}],"collection":[{"href":"https:\/\/thucung.azdigi.shop\/index.php?rest_route=\/wp\/v2\/product"}],"about":[{"href":"https:\/\/thucung.azdigi.shop\/index.php?rest_route=\/wp\/v2\/types\/product"}],"replies":[{"embeddable":true,"href":"https:\/\/thucung.azdigi.shop\/index.php?rest_route=%2Fwp%2Fv2%2Fcomments&post=186"}],"wp:featuredmedia":[{"embeddable":true,"href":"https:\/\/thucung.azdigi.shop\/index.php?rest_route=\/wp\/v2\/media\/190"}],"wp:attachment":[{"href":"https:\/\/thucung.azdigi.shop\/index.php?rest_route=%2Fwp%2Fv2%2Fmedia&parent=186"}],"wp:term":[{"taxonomy":"product_brand","embeddable":true,"href":"https:\/\/thucung.azdigi.shop\/index.php?rest_route=%2Fwp%2Fv2%2Fproduct_brand&post=186"},{"taxonomy":"product_cat","embeddable":true,"href":"https:\/\/thucung.azdigi.shop\/index.php?rest_route=%2Fwp%2Fv2%2Fproduct_cat&post=186"},{"taxonomy":"product_tag","embeddable":true,"href":"https:\/\/thucung.azdigi.shop\/index.php?rest_route=%2Fwp%2Fv2%2Fproduct_tag&post=186"}],"curies":[{"name":"wp","href":"https:\/\/api.w.org\/{rel}","templated":true}]}}