{"id":174,"date":"2026-04-04T08:03:54","date_gmt":"2026-04-04T08:03:54","guid":{"rendered":"https:\/\/thucung.azdigi.shop\/?post_type=product&#038;p=174"},"modified":"2026-04-18T10:06:55","modified_gmt":"2026-04-18T10:06:55","slug":"hat-ganador-adult-ca-hoi-gao","status":"publish","type":"product","link":"https:\/\/thucung.azdigi.shop\/?product=hat-ganador-adult-ca-hoi-gao","title":{"rendered":"H\u1ea1t Ganador Adult Cho Ch\u00f3 Tr\u01b0\u1edfng Th\u00e0nh V\u1ecb C\u00e1 H\u1ed3i &#038; G\u1ea1o"},"content":{"rendered":"<h2 data-section-id=\"uaa6bi\" data-start=\"501\" data-end=\"518\"><span role=\"text\"><strong data-start=\"504\" data-end=\"518\">Gi\u1edbi thi\u1ec7u<\/strong><\/span><\/h2>\n<p data-start=\"519\" data-end=\"728\">Ganador Adult v\u1ecb c\u00e1 h\u1ed3i &amp; g\u1ea1o l\u00e0 th\u1ee9c \u0103n h\u1ea1t d\u00e0nh cho ch\u00f3 tr\u01b0\u1edfng th\u00e0nh, cung c\u1ea5p ngu\u1ed3n dinh d\u01b0\u1ee1ng c\u00e2n b\u1eb1ng gi\u00fap duy tr\u00ec th\u1ec3 tr\u1ea1ng kh\u1ecfe m\u1ea1nh. C\u00f4ng th\u1ee9c ph\u00f9 h\u1ee3p cho c\u00e1c gi\u1ed1ng ch\u00f3 c\u1ea7n ch\u1ebf \u0111\u1ed9 \u0103n \u1ed5n \u0111\u1ecbnh h\u1eb1ng ng\u00e0y.<\/p>\n<hr data-start=\"730\" data-end=\"733\" \/>\n<h2 data-section-id=\"1osdocn\" data-start=\"735\" data-end=\"760\"><span role=\"text\"><strong data-start=\"738\" data-end=\"760\">Th\u00e0nh ph\u1ea7n n\u1ed5i b\u1eadt<\/strong><\/span><\/h2>\n<p data-start=\"761\" data-end=\"799\">S\u1ea3n ph\u1ea9m s\u1eed d\u1ee5ng c\u00e1c th\u00e0nh ph\u1ea7n ch\u00ednh:<\/p>\n<ul data-start=\"800\" data-end=\"926\">\n<li data-section-id=\"t7oi2u\" data-start=\"800\" data-end=\"838\">C\u00e1 h\u1ed3i cung c\u1ea5p protein ch\u1ea5t l\u01b0\u1ee3ng<\/li>\n<li data-section-id=\"8ay7i0\" data-start=\"839\" data-end=\"858\">G\u1ea1o d\u1ec5 ti\u00eau h\u00f3a<\/li>\n<li data-section-id=\"1yxnsl0\" data-start=\"859\" data-end=\"895\">Vitamin v\u00e0 kho\u00e1ng ch\u1ea5t c\u1ea7n thi\u1ebft<\/li>\n<li data-section-id=\"o06qqu\" data-start=\"896\" data-end=\"926\">Ch\u1ea5t x\u01a1 h\u1ed7 tr\u1ee3 h\u1ec7 ti\u00eau h\u00f3a<\/li>\n<\/ul>\n<p data-start=\"928\" data-end=\"984\">Nh\u1edd \u0111\u00f3, th\u00fa c\u01b0ng c\u00f3 th\u1ec3 h\u1ea5p th\u1ee5 dinh d\u01b0\u1ee1ng hi\u1ec7u qu\u1ea3 h\u01a1n.<\/p>\n<hr data-start=\"986\" data-end=\"989\" \/>\n<h2 data-section-id=\"5fzsc9\" data-start=\"991\" data-end=\"1017\"><span role=\"text\"><strong data-start=\"994\" data-end=\"1017\">L\u1ee3i \u00edch khi s\u1eed d\u1ee5ng<\/strong><\/span><\/h2>\n<h3 data-section-id=\"3dv2su\" data-start=\"1019\" data-end=\"1045\"><span role=\"text\">\ud83e\uddb4 <strong data-start=\"1026\" data-end=\"1045\">H\u1ed7 tr\u1ee3 ti\u00eau h\u00f3a<\/strong><\/span><\/h3>\n<p data-start=\"1046\" data-end=\"1120\">Th\u00e0nh ph\u1ea7n g\u1ea1o gi\u00fap gi\u1ea3m \u00e1p l\u1ef1c l\u00ean h\u1ec7 ti\u00eau h\u00f3a, ph\u00f9 h\u1ee3p v\u1edbi ch\u00f3 nh\u1ea1y c\u1ea3m.<\/p>\n<h3 data-section-id=\"nuz9pt\" data-start=\"1122\" data-end=\"1155\"><span role=\"text\">\u2728 <strong data-start=\"1128\" data-end=\"1155\">Gi\u00fap l\u00f4ng m\u01b0\u1ee3t, da kh\u1ecfe<\/strong><\/span><\/h3>\n<p data-start=\"1156\" data-end=\"1216\">Dinh d\u01b0\u1ee1ng t\u1eeb c\u00e1 h\u1ed3i h\u1ed7 tr\u1ee3 c\u1ea3i thi\u1ec7n ch\u1ea5t l\u01b0\u1ee3ng l\u00f4ng v\u00e0 da.<\/p>\n<h3 data-section-id=\"18qrlao\" data-start=\"1218\" data-end=\"1255\"><span role=\"text\">\ud83d\udee1\ufe0f <strong data-start=\"1226\" data-end=\"1255\">Duy tr\u00ec s\u1ee9c kh\u1ecfe t\u1ed5ng th\u1ec3<\/strong><\/span><\/h3>\n<p data-start=\"1256\" data-end=\"1315\">B\u1ed5 sung vitamin gi\u00fap t\u0103ng c\u01b0\u1eddng s\u1ee9c \u0111\u1ec1 kh\u00e1ng v\u00e0 n\u0103ng l\u01b0\u1ee3ng.<\/p>\n<hr data-start=\"1317\" data-end=\"1320\" \/>\n<h2 data-section-id=\"e0kb79\" data-start=\"1322\" data-end=\"1346\"><span role=\"text\"><strong data-start=\"1325\" data-end=\"1346\">\u0110\u1ed1i t\u01b0\u1ee3ng s\u1eed d\u1ee5ng<\/strong><\/span><\/h2>\n<p data-start=\"1347\" data-end=\"1373\">Ganador Adult ph\u00f9 h\u1ee3p cho:<\/p>\n<ul data-start=\"1374\" data-end=\"1456\">\n<li data-section-id=\"xxw5ey\" data-start=\"1374\" data-end=\"1394\">Ch\u00f3 tr\u01b0\u1edfng th\u00e0nh<\/li>\n<li data-section-id=\"63tht8\" data-start=\"1395\" data-end=\"1424\">Ch\u00f3 c\u1ea7n ch\u1ebf \u0111\u1ed9 \u0103n \u1ed5n \u0111\u1ecbnh<\/li>\n<li data-section-id=\"1qfjs90\" data-start=\"1425\" data-end=\"1456\">Ch\u00f3 c\u00f3 h\u1ec7 ti\u00eau h\u00f3a nh\u1ea1y c\u1ea3m<\/li>\n<\/ul>\n<hr data-start=\"1458\" data-end=\"1461\" \/>\n<h2 data-section-id=\"1ou8prs\" data-start=\"1463\" data-end=\"1487\"><span role=\"text\"><strong data-start=\"1466\" data-end=\"1487\">H\u01b0\u1edbng d\u1eabn s\u1eed d\u1ee5ng<\/strong><\/span><\/h2>\n<ul data-start=\"1488\" data-end=\"1610\">\n<li data-section-id=\"1n2bn08\" data-start=\"1488\" data-end=\"1534\">Cho \u0103n theo kh\u1ea9u ph\u1ea7n ph\u00f9 h\u1ee3p v\u1edbi c\u00e2n n\u1eb7ng<\/li>\n<li data-section-id=\"1gv3cen\" data-start=\"1535\" data-end=\"1579\">C\u00f3 th\u1ec3 k\u1ebft h\u1ee3p v\u1edbi pate ho\u1eb7c th\u1ee9c \u0103n \u01b0\u1edbt<\/li>\n<li data-section-id=\"jz8u7f\" data-start=\"1580\" data-end=\"1610\">Lu\u00f4n cung c\u1ea5p \u0111\u1ee7 n\u01b0\u1edbc s\u1ea1ch<\/li>\n<\/ul>\n<hr data-start=\"1612\" data-end=\"1615\" \/>\n<h2 data-section-id=\"bh4eov\" data-start=\"1617\" data-end=\"1632\"><span role=\"text\"><strong data-start=\"1620\" data-end=\"1632\">K\u1ebft lu\u1eadn<\/strong><\/span><\/h2>\n<p data-start=\"1633\" data-end=\"1765\">Ganador Adult v\u1ecb c\u00e1 h\u1ed3i &amp; g\u1ea1o l\u00e0 l\u1ef1a ch\u1ecdn ph\u00f9 h\u1ee3p cho ch\u00f3 tr\u01b0\u1edfng th\u00e0nh. S\u1ea3n ph\u1ea9m gi\u00fap duy tr\u00ec s\u1ee9c kh\u1ecfe v\u00e0 h\u1ed7 tr\u1ee3 dinh d\u01b0\u1ee1ng l\u00e2u d\u00e0i.<\/p>\n","protected":false},"excerpt":{"rendered":"<div class=\"productView-moreItem\">\n<div class=\"productView-desc halo-text-format\">* CTKM Mua 1 T\u00fai Ganador 3KG T\u1eb7ng 1 Pate Ganador s\u1ebd \u0111\u01b0\u1ee3c t\u1ef1 \u0111\u1ed9ng \u00e1p d\u1ee5ng n\u1ebfu&#8230;<\/div>\n<\/div>\n<div class=\"productView-moreItem\">\n<div class=\"productView-info\">\n<div class=\"productView-info-item\"><span class=\"productView-info-name\">Th\u01b0\u01a1ng hi\u1ec7u:<\/span>\u00a0<span class=\"productView-info-value\"><a title=\"Ganador\" href=\"https:\/\/paddy.vn\/collections\/vendors?q=Ganador\">Ganador<\/a><\/span><\/div>\n<\/div>\n<\/div>\n<p>&nbsp;<\/p>\n","protected":false},"featured_media":176,"comment_status":"open","ping_status":"closed","template":"","meta":[],"product_brand":[],"product_cat":[33,32],"product_tag":[],"class_list":{"0":"post-174","1":"product","2":"type-product","3":"status-publish","4":"has-post-thumbnail","6":"product_cat-cho","7":"product_cat-thuc-an-hat","9":"first","10":"instock","11":"sale","12":"featured","13":"taxable","14":"shipping-taxable","15":"purchasable","16":"product-type-variable"},"yoast_head":"<!-- This site is optimized with the Yoast SEO plugin v26.9 - https:\/\/yoast.com\/product\/yoast-seo-wordpress\/ -->\n<title>H\u1ea1t Ganador Adult Cho Ch\u00f3 Tr\u01b0\u1edfng Th\u00e0nh V\u1ecb C\u00e1 H\u1ed3i &amp; G\u1ea1o - Pobi shop<\/title>\n<meta name=\"description\" content=\"H\u1ea1t Ganador Adult c\u00e1 h\u1ed3i g\u1ea1o cho ch\u00f3 tr\u01b0\u1edfng th\u00e0nh tr\u00ean 12 th\u00e1ng tu\u1ed5i, b\u1ed5 sung dinh d\u01b0\u1ee1ng c\u00e2n b\u1eb1ng, h\u1ed7 tr\u1ee3 ti\u00eau h\u00f3a v\u00e0 gi\u00fap ch\u00f3 kh\u1ecfe m\u1ea1nh m\u1ed7i ng\u00e0y.\" \/>\n<meta name=\"robots\" content=\"index, follow, max-snippet:-1, max-image-preview:large, max-video-preview:-1\" \/>\n<link rel=\"canonical\" href=\"https:\/\/thucung.azdigi.shop\/?product=hat-ganador-adult-ca-hoi-gao\" \/>\n<meta property=\"og:locale\" content=\"vi_VN\" \/>\n<meta property=\"og:type\" content=\"article\" \/>\n<meta property=\"og:title\" content=\"H\u1ea1t Ganador Adult Cho Ch\u00f3 Tr\u01b0\u1edfng Th\u00e0nh V\u1ecb C\u00e1 H\u1ed3i &amp; G\u1ea1o - Pobi shop\" \/>\n<meta property=\"og:description\" content=\"H\u1ea1t Ganador Adult c\u00e1 h\u1ed3i g\u1ea1o cho ch\u00f3 tr\u01b0\u1edfng th\u00e0nh tr\u00ean 12 th\u00e1ng tu\u1ed5i, b\u1ed5 sung dinh d\u01b0\u1ee1ng c\u00e2n b\u1eb1ng, h\u1ed7 tr\u1ee3 ti\u00eau h\u00f3a v\u00e0 gi\u00fap ch\u00f3 kh\u1ecfe m\u1ea1nh m\u1ed7i ng\u00e0y.\" \/>\n<meta property=\"og:url\" content=\"https:\/\/thucung.azdigi.shop\/?product=hat-ganador-adult-ca-hoi-gao\" \/>\n<meta property=\"og:site_name\" content=\"Pobi shop\" \/>\n<meta property=\"article:modified_time\" content=\"2026-04-18T10:06:55+00:00\" \/>\n<meta property=\"og:image\" content=\"https:\/\/thucung.azdigi.shop\/wp-content\/uploads\/2026\/04\/ganadorsal.jpg\" \/>\n\t<meta property=\"og:image:width\" content=\"1000\" \/>\n\t<meta property=\"og:image:height\" content=\"1000\" \/>\n\t<meta property=\"og:image:type\" content=\"image\/jpeg\" \/>\n<meta name=\"twitter:card\" content=\"summary_large_image\" \/>\n<meta name=\"twitter:label1\" content=\"\u01af\u1edbc t\u00ednh th\u1eddi gian \u0111\u1ecdc\" \/>\n\t<meta name=\"twitter:data1\" content=\"2 ph\u00fat\" \/>\n<script type=\"application\/ld+json\" class=\"yoast-schema-graph\">{\"@context\":\"https:\/\/schema.org\",\"@graph\":[{\"@type\":\"WebPage\",\"@id\":\"https:\/\/thucung.azdigi.shop\/?product=hat-ganador-adult-ca-hoi-gao\",\"url\":\"https:\/\/thucung.azdigi.shop\/?product=hat-ganador-adult-ca-hoi-gao\",\"name\":\"H\u1ea1t Ganador Adult Cho Ch\u00f3 Tr\u01b0\u1edfng Th\u00e0nh V\u1ecb C\u00e1 H\u1ed3i & G\u1ea1o - Pobi shop\",\"isPartOf\":{\"@id\":\"https:\/\/thucung.azdigi.shop\/#website\"},\"primaryImageOfPage\":{\"@id\":\"https:\/\/thucung.azdigi.shop\/?product=hat-ganador-adult-ca-hoi-gao#primaryimage\"},\"image\":{\"@id\":\"https:\/\/thucung.azdigi.shop\/?product=hat-ganador-adult-ca-hoi-gao#primaryimage\"},\"thumbnailUrl\":\"https:\/\/thucung.azdigi.shop\/wp-content\/uploads\/2026\/04\/ganadorsal.jpg\",\"datePublished\":\"2026-04-04T08:03:54+00:00\",\"dateModified\":\"2026-04-18T10:06:55+00:00\",\"description\":\"H\u1ea1t Ganador Adult c\u00e1 h\u1ed3i g\u1ea1o cho ch\u00f3 tr\u01b0\u1edfng th\u00e0nh tr\u00ean 12 th\u00e1ng tu\u1ed5i, b\u1ed5 sung dinh d\u01b0\u1ee1ng c\u00e2n b\u1eb1ng, h\u1ed7 tr\u1ee3 ti\u00eau h\u00f3a v\u00e0 gi\u00fap ch\u00f3 kh\u1ecfe m\u1ea1nh m\u1ed7i ng\u00e0y.\",\"breadcrumb\":{\"@id\":\"https:\/\/thucung.azdigi.shop\/?product=hat-ganador-adult-ca-hoi-gao#breadcrumb\"},\"inLanguage\":\"vi\",\"potentialAction\":[{\"@type\":\"ReadAction\",\"target\":[\"https:\/\/thucung.azdigi.shop\/?product=hat-ganador-adult-ca-hoi-gao\"]}]},{\"@type\":\"ImageObject\",\"inLanguage\":\"vi\",\"@id\":\"https:\/\/thucung.azdigi.shop\/?product=hat-ganador-adult-ca-hoi-gao#primaryimage\",\"url\":\"https:\/\/thucung.azdigi.shop\/wp-content\/uploads\/2026\/04\/ganadorsal.jpg\",\"contentUrl\":\"https:\/\/thucung.azdigi.shop\/wp-content\/uploads\/2026\/04\/ganadorsal.jpg\",\"width\":1000,\"height\":1000},{\"@type\":\"BreadcrumbList\",\"@id\":\"https:\/\/thucung.azdigi.shop\/?product=hat-ganador-adult-ca-hoi-gao#breadcrumb\",\"itemListElement\":[{\"@type\":\"ListItem\",\"position\":1,\"name\":\"Trang ch\u1ee7\",\"item\":\"https:\/\/thucung.azdigi.shop\/\"},{\"@type\":\"ListItem\",\"position\":2,\"name\":\"C\u1eeda h\u00e0ng\",\"item\":\"https:\/\/thucung.azdigi.shop\/?page_id=137\"},{\"@type\":\"ListItem\",\"position\":3,\"name\":\"H\u1ea1t Ganador Adult Cho Ch\u00f3 Tr\u01b0\u1edfng Th\u00e0nh V\u1ecb C\u00e1 H\u1ed3i &#038; G\u1ea1o\"}]},{\"@type\":\"WebSite\",\"@id\":\"https:\/\/thucung.azdigi.shop\/#website\",\"url\":\"https:\/\/thucung.azdigi.shop\/\",\"name\":\"Chuy\u00ean b\u00e1n th\u00fa c\u01b0ng, ph\u1ee5 ki\u1ec7n, th\u1ee9c \u0103n\",\"description\":\"\",\"potentialAction\":[{\"@type\":\"SearchAction\",\"target\":{\"@type\":\"EntryPoint\",\"urlTemplate\":\"https:\/\/thucung.azdigi.shop\/?s={search_term_string}\"},\"query-input\":{\"@type\":\"PropertyValueSpecification\",\"valueRequired\":true,\"valueName\":\"search_term_string\"}}],\"inLanguage\":\"vi\"}]}<\/script>\n<!-- \/ Yoast SEO plugin. -->","yoast_head_json":{"title":"H\u1ea1t Ganador Adult Cho Ch\u00f3 Tr\u01b0\u1edfng Th\u00e0nh V\u1ecb C\u00e1 H\u1ed3i & G\u1ea1o - Pobi shop","description":"H\u1ea1t Ganador Adult c\u00e1 h\u1ed3i g\u1ea1o cho ch\u00f3 tr\u01b0\u1edfng th\u00e0nh tr\u00ean 12 th\u00e1ng tu\u1ed5i, b\u1ed5 sung dinh d\u01b0\u1ee1ng c\u00e2n b\u1eb1ng, h\u1ed7 tr\u1ee3 ti\u00eau h\u00f3a v\u00e0 gi\u00fap ch\u00f3 kh\u1ecfe m\u1ea1nh m\u1ed7i ng\u00e0y.","robots":{"index":"index","follow":"follow","max-snippet":"max-snippet:-1","max-image-preview":"max-image-preview:large","max-video-preview":"max-video-preview:-1"},"canonical":"https:\/\/thucung.azdigi.shop\/?product=hat-ganador-adult-ca-hoi-gao","og_locale":"vi_VN","og_type":"article","og_title":"H\u1ea1t Ganador Adult Cho Ch\u00f3 Tr\u01b0\u1edfng Th\u00e0nh V\u1ecb C\u00e1 H\u1ed3i & G\u1ea1o - Pobi shop","og_description":"H\u1ea1t Ganador Adult c\u00e1 h\u1ed3i g\u1ea1o cho ch\u00f3 tr\u01b0\u1edfng th\u00e0nh tr\u00ean 12 th\u00e1ng tu\u1ed5i, b\u1ed5 sung dinh d\u01b0\u1ee1ng c\u00e2n b\u1eb1ng, h\u1ed7 tr\u1ee3 ti\u00eau h\u00f3a v\u00e0 gi\u00fap ch\u00f3 kh\u1ecfe m\u1ea1nh m\u1ed7i ng\u00e0y.","og_url":"https:\/\/thucung.azdigi.shop\/?product=hat-ganador-adult-ca-hoi-gao","og_site_name":"Pobi shop","article_modified_time":"2026-04-18T10:06:55+00:00","og_image":[{"width":1000,"height":1000,"url":"https:\/\/thucung.azdigi.shop\/wp-content\/uploads\/2026\/04\/ganadorsal.jpg","type":"image\/jpeg"}],"twitter_card":"summary_large_image","twitter_misc":{"\u01af\u1edbc t\u00ednh th\u1eddi gian \u0111\u1ecdc":"2 ph\u00fat"},"schema":{"@context":"https:\/\/schema.org","@graph":[{"@type":"WebPage","@id":"https:\/\/thucung.azdigi.shop\/?product=hat-ganador-adult-ca-hoi-gao","url":"https:\/\/thucung.azdigi.shop\/?product=hat-ganador-adult-ca-hoi-gao","name":"H\u1ea1t Ganador Adult Cho Ch\u00f3 Tr\u01b0\u1edfng Th\u00e0nh V\u1ecb C\u00e1 H\u1ed3i & G\u1ea1o - Pobi shop","isPartOf":{"@id":"https:\/\/thucung.azdigi.shop\/#website"},"primaryImageOfPage":{"@id":"https:\/\/thucung.azdigi.shop\/?product=hat-ganador-adult-ca-hoi-gao#primaryimage"},"image":{"@id":"https:\/\/thucung.azdigi.shop\/?product=hat-ganador-adult-ca-hoi-gao#primaryimage"},"thumbnailUrl":"https:\/\/thucung.azdigi.shop\/wp-content\/uploads\/2026\/04\/ganadorsal.jpg","datePublished":"2026-04-04T08:03:54+00:00","dateModified":"2026-04-18T10:06:55+00:00","description":"H\u1ea1t Ganador Adult c\u00e1 h\u1ed3i g\u1ea1o cho ch\u00f3 tr\u01b0\u1edfng th\u00e0nh tr\u00ean 12 th\u00e1ng tu\u1ed5i, b\u1ed5 sung dinh d\u01b0\u1ee1ng c\u00e2n b\u1eb1ng, h\u1ed7 tr\u1ee3 ti\u00eau h\u00f3a v\u00e0 gi\u00fap ch\u00f3 kh\u1ecfe m\u1ea1nh m\u1ed7i ng\u00e0y.","breadcrumb":{"@id":"https:\/\/thucung.azdigi.shop\/?product=hat-ganador-adult-ca-hoi-gao#breadcrumb"},"inLanguage":"vi","potentialAction":[{"@type":"ReadAction","target":["https:\/\/thucung.azdigi.shop\/?product=hat-ganador-adult-ca-hoi-gao"]}]},{"@type":"ImageObject","inLanguage":"vi","@id":"https:\/\/thucung.azdigi.shop\/?product=hat-ganador-adult-ca-hoi-gao#primaryimage","url":"https:\/\/thucung.azdigi.shop\/wp-content\/uploads\/2026\/04\/ganadorsal.jpg","contentUrl":"https:\/\/thucung.azdigi.shop\/wp-content\/uploads\/2026\/04\/ganadorsal.jpg","width":1000,"height":1000},{"@type":"BreadcrumbList","@id":"https:\/\/thucung.azdigi.shop\/?product=hat-ganador-adult-ca-hoi-gao#breadcrumb","itemListElement":[{"@type":"ListItem","position":1,"name":"Trang ch\u1ee7","item":"https:\/\/thucung.azdigi.shop\/"},{"@type":"ListItem","position":2,"name":"C\u1eeda h\u00e0ng","item":"https:\/\/thucung.azdigi.shop\/?page_id=137"},{"@type":"ListItem","position":3,"name":"H\u1ea1t Ganador Adult Cho Ch\u00f3 Tr\u01b0\u1edfng Th\u00e0nh V\u1ecb C\u00e1 H\u1ed3i &#038; G\u1ea1o"}]},{"@type":"WebSite","@id":"https:\/\/thucung.azdigi.shop\/#website","url":"https:\/\/thucung.azdigi.shop\/","name":"Chuy\u00ean b\u00e1n th\u00fa c\u01b0ng, ph\u1ee5 ki\u1ec7n, th\u1ee9c \u0103n","description":"","potentialAction":[{"@type":"SearchAction","target":{"@type":"EntryPoint","urlTemplate":"https:\/\/thucung.azdigi.shop\/?s={search_term_string}"},"query-input":{"@type":"PropertyValueSpecification","valueRequired":true,"valueName":"search_term_string"}}],"inLanguage":"vi"}]}},"_links":{"self":[{"href":"https:\/\/thucung.azdigi.shop\/index.php?rest_route=\/wp\/v2\/product\/174","targetHints":{"allow":["GET"]}}],"collection":[{"href":"https:\/\/thucung.azdigi.shop\/index.php?rest_route=\/wp\/v2\/product"}],"about":[{"href":"https:\/\/thucung.azdigi.shop\/index.php?rest_route=\/wp\/v2\/types\/product"}],"replies":[{"embeddable":true,"href":"https:\/\/thucung.azdigi.shop\/index.php?rest_route=%2Fwp%2Fv2%2Fcomments&post=174"}],"wp:featuredmedia":[{"embeddable":true,"href":"https:\/\/thucung.azdigi.shop\/index.php?rest_route=\/wp\/v2\/media\/176"}],"wp:attachment":[{"href":"https:\/\/thucung.azdigi.shop\/index.php?rest_route=%2Fwp%2Fv2%2Fmedia&parent=174"}],"wp:term":[{"taxonomy":"product_brand","embeddable":true,"href":"https:\/\/thucung.azdigi.shop\/index.php?rest_route=%2Fwp%2Fv2%2Fproduct_brand&post=174"},{"taxonomy":"product_cat","embeddable":true,"href":"https:\/\/thucung.azdigi.shop\/index.php?rest_route=%2Fwp%2Fv2%2Fproduct_cat&post=174"},{"taxonomy":"product_tag","embeddable":true,"href":"https:\/\/thucung.azdigi.shop\/index.php?rest_route=%2Fwp%2Fv2%2Fproduct_tag&post=174"}],"curies":[{"name":"wp","href":"https:\/\/api.w.org\/{rel}","templated":true}]}}