{"id":171,"date":"2026-04-04T07:58:09","date_gmt":"2026-04-04T07:58:09","guid":{"rendered":"https:\/\/thucung.azdigi.shop\/?post_type=product&#038;p=171"},"modified":"2026-04-14T08:07:08","modified_gmt":"2026-04-14T08:07:08","slug":"hat-ganador-adult-vi-ga-quay","status":"publish","type":"product","link":"https:\/\/thucung.azdigi.shop\/?product=hat-ganador-adult-vi-ga-quay","title":{"rendered":"H\u1ea1t Ganador Adult Cho Ch\u00f3 Tr\u01b0\u1edfng Th\u00e0nh V\u1ecb G\u00e0 Quay"},"content":{"rendered":"<div class=\"productView-moreItem\"><\/div>\n<div class=\"productView-moreItem\">\n<div class=\"productView-info\">\n<div class=\"productView-info-item\"><\/div>\n<div>\n<div>## H\u01b0\u1edbng d\u1eabn s\u1eed d\u1ee5ng<\/div>\n<div><\/div>\n<div>Cho ch\u00f3 \u0103n theo kh\u1ea9u ph\u1ea7n ph\u00f9 h\u1ee3p v\u1edbi c\u00e2n n\u1eb7ng, \u0111\u1ed9 tu\u1ed5i v\u00e0 m\u1ee9c \u0111\u1ed9 v\u1eadn \u0111\u1ed9ng. N\u00ean lu\u00f4n chu\u1ea9n b\u1ecb n\u01b0\u1edbc s\u1ea1ch \u0111\u1ec3 ch\u00f3 u\u1ed1ng trong su\u1ed1t qu\u00e1 tr\u00ecnh s\u1eed d\u1ee5ng.<\/div>\n<div><\/div>\n<div>B\u1ea3o qu\u1ea3n s\u1ea3n ph\u1ea9m \u1edf n\u01a1i kh\u00f4 r\u00e1o, tho\u00e1ng m\u00e1t v\u00e0 tr\u00e1nh \u00e1nh n\u1eafng tr\u1ef1c ti\u1ebfp. Sau khi m\u1edf bao, n\u00ean bu\u1ed9c k\u00edn \u0111\u1ec3 gi\u1eef ch\u1ea5t l\u01b0\u1ee3ng h\u1ea1t t\u1ed1t h\u01a1n.<\/div>\n<div><\/div>\n<div>## V\u00ec sao n\u00ean ch\u1ecdn h\u1ea1t Ganador Adult v\u1ecb g\u00e0 quay?<\/div>\n<div><\/div>\n<div>H\u1ea1t Ganador Adult v\u1ecb g\u00e0 quay l\u00e0 l\u1ef1a ch\u1ecdn ph\u00f9 h\u1ee3p cho ng\u01b0\u1eddi nu\u00f4i mu\u1ed1n t\u00ecm th\u1ee9c \u0103n c\u00e2n b\u1eb1ng cho ch\u00f3 tr\u01b0\u1edfng th\u00e0nh. S\u1ea3n ph\u1ea9m d\u1ec5 d\u00f9ng, ti\u1ec7n b\u1ea3o qu\u1ea3n v\u00e0 ph\u00f9 h\u1ee3p v\u1edbi nhu c\u1ea7u \u0103n u\u1ed1ng m\u1ed7i ng\u00e0y c\u1ee7a nhi\u1ec1u b\u00e9 ch\u00f3.<\/div>\n<\/div>\n<\/div>\n<\/div>\n","protected":false},"excerpt":{"rendered":"<div class=\"productView-moreItem\">\n<div class=\"productView-desc halo-text-format\">** CTKM Mua 1 T\u00fai Ganado T\u1eb7ng 1 Pate Ganador s\u1ebd \u0111\u01b0\u1ee3c t\u1ef1 \u0111\u1ed9ng \u00e1p d\u1ee5ng n\u1ebfu c\u00f2n h\u00e0ng<\/div>\n<\/div>\n<div class=\"productView-moreItem\">\n<div class=\"productView-info\">\n<div class=\"productView-info-item\"><span class=\"productView-info-name\">Th\u01b0\u01a1ng hi\u1ec7u:<\/span>\u00a0<span class=\"productView-info-value\"><a title=\"Ganador\" href=\"https:\/\/paddy.vn\/collections\/vendors?q=Ganador\">Ganador<\/a><\/span><\/div>\n<\/div>\n<\/div>\n","protected":false},"featured_media":173,"comment_status":"open","ping_status":"closed","template":"","meta":[],"product_brand":[],"product_cat":[33,32],"product_tag":[],"class_list":{"0":"post-171","1":"product","2":"type-product","3":"status-publish","4":"has-post-thumbnail","6":"product_cat-cho","7":"product_cat-thuc-an-hat","9":"first","10":"instock","11":"sale","12":"taxable","13":"shipping-taxable","14":"purchasable","15":"product-type-variable"},"yoast_head":"<!-- This site is optimized with the Yoast SEO plugin v26.9 - https:\/\/yoast.com\/product\/yoast-seo-wordpress\/ -->\n<title>H\u1ea1t Ganador Adult Cho Ch\u00f3 Tr\u01b0\u1edfng Th\u00e0nh V\u1ecb G\u00e0 Quay - Pobi shop<\/title>\n<meta name=\"description\" content=\"H\u1ea1t Ganador Adult v\u1ecb g\u00e0 quay cho ch\u00f3 tr\u01b0\u1edfng th\u00e0nh, b\u1ed5 sung dinh d\u01b0\u1ee1ng c\u00e2n b\u1eb1ng, h\u1ed7 tr\u1ee3 th\u1ec3 tr\u1ea1ng v\u00e0 ph\u00f9 h\u1ee3p cho b\u1eefa \u0103n h\u1eb1ng ng\u00e0y c\u1ee7a c\u00fan.\" \/>\n<meta name=\"robots\" content=\"index, follow, max-snippet:-1, max-image-preview:large, max-video-preview:-1\" \/>\n<link rel=\"canonical\" href=\"https:\/\/thucung.azdigi.shop\/?product=hat-ganador-adult-vi-ga-quay\" \/>\n<meta property=\"og:locale\" content=\"vi_VN\" \/>\n<meta property=\"og:type\" content=\"article\" \/>\n<meta property=\"og:title\" content=\"H\u1ea1t Ganador Adult Cho Ch\u00f3 Tr\u01b0\u1edfng Th\u00e0nh V\u1ecb G\u00e0 Quay - Pobi shop\" \/>\n<meta property=\"og:description\" content=\"H\u1ea1t Ganador Adult v\u1ecb g\u00e0 quay cho ch\u00f3 tr\u01b0\u1edfng th\u00e0nh, b\u1ed5 sung dinh d\u01b0\u1ee1ng c\u00e2n b\u1eb1ng, h\u1ed7 tr\u1ee3 th\u1ec3 tr\u1ea1ng v\u00e0 ph\u00f9 h\u1ee3p cho b\u1eefa \u0103n h\u1eb1ng ng\u00e0y c\u1ee7a c\u00fan.\" \/>\n<meta property=\"og:url\" content=\"https:\/\/thucung.azdigi.shop\/?product=hat-ganador-adult-vi-ga-quay\" \/>\n<meta property=\"og:site_name\" content=\"Pobi shop\" \/>\n<meta property=\"article:modified_time\" content=\"2026-04-14T08:07:08+00:00\" \/>\n<meta property=\"og:image\" content=\"https:\/\/thucung.azdigi.shop\/wp-content\/uploads\/2026\/04\/ganadorchickern.webp\" \/>\n\t<meta property=\"og:image:width\" content=\"1000\" \/>\n\t<meta property=\"og:image:height\" content=\"1000\" \/>\n\t<meta property=\"og:image:type\" content=\"image\/webp\" \/>\n<meta name=\"twitter:card\" content=\"summary_large_image\" \/>\n<meta name=\"twitter:label1\" content=\"\u01af\u1edbc t\u00ednh th\u1eddi gian \u0111\u1ecdc\" \/>\n\t<meta name=\"twitter:data1\" content=\"1 ph\u00fat\" \/>\n<script type=\"application\/ld+json\" class=\"yoast-schema-graph\">{\"@context\":\"https:\/\/schema.org\",\"@graph\":[{\"@type\":\"WebPage\",\"@id\":\"https:\/\/thucung.azdigi.shop\/?product=hat-ganador-adult-vi-ga-quay\",\"url\":\"https:\/\/thucung.azdigi.shop\/?product=hat-ganador-adult-vi-ga-quay\",\"name\":\"H\u1ea1t Ganador Adult Cho Ch\u00f3 Tr\u01b0\u1edfng Th\u00e0nh V\u1ecb G\u00e0 Quay - Pobi shop\",\"isPartOf\":{\"@id\":\"https:\/\/thucung.azdigi.shop\/#website\"},\"primaryImageOfPage\":{\"@id\":\"https:\/\/thucung.azdigi.shop\/?product=hat-ganador-adult-vi-ga-quay#primaryimage\"},\"image\":{\"@id\":\"https:\/\/thucung.azdigi.shop\/?product=hat-ganador-adult-vi-ga-quay#primaryimage\"},\"thumbnailUrl\":\"https:\/\/thucung.azdigi.shop\/wp-content\/uploads\/2026\/04\/ganadorchickern.webp\",\"datePublished\":\"2026-04-04T07:58:09+00:00\",\"dateModified\":\"2026-04-14T08:07:08+00:00\",\"description\":\"H\u1ea1t Ganador Adult v\u1ecb g\u00e0 quay cho ch\u00f3 tr\u01b0\u1edfng th\u00e0nh, b\u1ed5 sung dinh d\u01b0\u1ee1ng c\u00e2n b\u1eb1ng, h\u1ed7 tr\u1ee3 th\u1ec3 tr\u1ea1ng v\u00e0 ph\u00f9 h\u1ee3p cho b\u1eefa \u0103n h\u1eb1ng ng\u00e0y c\u1ee7a c\u00fan.\",\"breadcrumb\":{\"@id\":\"https:\/\/thucung.azdigi.shop\/?product=hat-ganador-adult-vi-ga-quay#breadcrumb\"},\"inLanguage\":\"vi\",\"potentialAction\":[{\"@type\":\"ReadAction\",\"target\":[\"https:\/\/thucung.azdigi.shop\/?product=hat-ganador-adult-vi-ga-quay\"]}]},{\"@type\":\"ImageObject\",\"inLanguage\":\"vi\",\"@id\":\"https:\/\/thucung.azdigi.shop\/?product=hat-ganador-adult-vi-ga-quay#primaryimage\",\"url\":\"https:\/\/thucung.azdigi.shop\/wp-content\/uploads\/2026\/04\/ganadorchickern.webp\",\"contentUrl\":\"https:\/\/thucung.azdigi.shop\/wp-content\/uploads\/2026\/04\/ganadorchickern.webp\",\"width\":1000,\"height\":1000},{\"@type\":\"BreadcrumbList\",\"@id\":\"https:\/\/thucung.azdigi.shop\/?product=hat-ganador-adult-vi-ga-quay#breadcrumb\",\"itemListElement\":[{\"@type\":\"ListItem\",\"position\":1,\"name\":\"Trang ch\u1ee7\",\"item\":\"https:\/\/thucung.azdigi.shop\/\"},{\"@type\":\"ListItem\",\"position\":2,\"name\":\"C\u1eeda h\u00e0ng\",\"item\":\"https:\/\/thucung.azdigi.shop\/?page_id=137\"},{\"@type\":\"ListItem\",\"position\":3,\"name\":\"H\u1ea1t Ganador Adult Cho Ch\u00f3 Tr\u01b0\u1edfng Th\u00e0nh V\u1ecb G\u00e0 Quay\"}]},{\"@type\":\"WebSite\",\"@id\":\"https:\/\/thucung.azdigi.shop\/#website\",\"url\":\"https:\/\/thucung.azdigi.shop\/\",\"name\":\"Chuy\u00ean b\u00e1n th\u00fa c\u01b0ng, ph\u1ee5 ki\u1ec7n, th\u1ee9c \u0103n\",\"description\":\"\",\"potentialAction\":[{\"@type\":\"SearchAction\",\"target\":{\"@type\":\"EntryPoint\",\"urlTemplate\":\"https:\/\/thucung.azdigi.shop\/?s={search_term_string}\"},\"query-input\":{\"@type\":\"PropertyValueSpecification\",\"valueRequired\":true,\"valueName\":\"search_term_string\"}}],\"inLanguage\":\"vi\"}]}<\/script>\n<!-- \/ Yoast SEO plugin. -->","yoast_head_json":{"title":"H\u1ea1t Ganador Adult Cho Ch\u00f3 Tr\u01b0\u1edfng Th\u00e0nh V\u1ecb G\u00e0 Quay - Pobi shop","description":"H\u1ea1t Ganador Adult v\u1ecb g\u00e0 quay cho ch\u00f3 tr\u01b0\u1edfng th\u00e0nh, b\u1ed5 sung dinh d\u01b0\u1ee1ng c\u00e2n b\u1eb1ng, h\u1ed7 tr\u1ee3 th\u1ec3 tr\u1ea1ng v\u00e0 ph\u00f9 h\u1ee3p cho b\u1eefa \u0103n h\u1eb1ng ng\u00e0y c\u1ee7a c\u00fan.","robots":{"index":"index","follow":"follow","max-snippet":"max-snippet:-1","max-image-preview":"max-image-preview:large","max-video-preview":"max-video-preview:-1"},"canonical":"https:\/\/thucung.azdigi.shop\/?product=hat-ganador-adult-vi-ga-quay","og_locale":"vi_VN","og_type":"article","og_title":"H\u1ea1t Ganador Adult Cho Ch\u00f3 Tr\u01b0\u1edfng Th\u00e0nh V\u1ecb G\u00e0 Quay - Pobi shop","og_description":"H\u1ea1t Ganador Adult v\u1ecb g\u00e0 quay cho ch\u00f3 tr\u01b0\u1edfng th\u00e0nh, b\u1ed5 sung dinh d\u01b0\u1ee1ng c\u00e2n b\u1eb1ng, h\u1ed7 tr\u1ee3 th\u1ec3 tr\u1ea1ng v\u00e0 ph\u00f9 h\u1ee3p cho b\u1eefa \u0103n h\u1eb1ng ng\u00e0y c\u1ee7a c\u00fan.","og_url":"https:\/\/thucung.azdigi.shop\/?product=hat-ganador-adult-vi-ga-quay","og_site_name":"Pobi shop","article_modified_time":"2026-04-14T08:07:08+00:00","og_image":[{"width":1000,"height":1000,"url":"https:\/\/thucung.azdigi.shop\/wp-content\/uploads\/2026\/04\/ganadorchickern.webp","type":"image\/webp"}],"twitter_card":"summary_large_image","twitter_misc":{"\u01af\u1edbc t\u00ednh th\u1eddi gian \u0111\u1ecdc":"1 ph\u00fat"},"schema":{"@context":"https:\/\/schema.org","@graph":[{"@type":"WebPage","@id":"https:\/\/thucung.azdigi.shop\/?product=hat-ganador-adult-vi-ga-quay","url":"https:\/\/thucung.azdigi.shop\/?product=hat-ganador-adult-vi-ga-quay","name":"H\u1ea1t Ganador Adult Cho Ch\u00f3 Tr\u01b0\u1edfng Th\u00e0nh V\u1ecb G\u00e0 Quay - Pobi shop","isPartOf":{"@id":"https:\/\/thucung.azdigi.shop\/#website"},"primaryImageOfPage":{"@id":"https:\/\/thucung.azdigi.shop\/?product=hat-ganador-adult-vi-ga-quay#primaryimage"},"image":{"@id":"https:\/\/thucung.azdigi.shop\/?product=hat-ganador-adult-vi-ga-quay#primaryimage"},"thumbnailUrl":"https:\/\/thucung.azdigi.shop\/wp-content\/uploads\/2026\/04\/ganadorchickern.webp","datePublished":"2026-04-04T07:58:09+00:00","dateModified":"2026-04-14T08:07:08+00:00","description":"H\u1ea1t Ganador Adult v\u1ecb g\u00e0 quay cho ch\u00f3 tr\u01b0\u1edfng th\u00e0nh, b\u1ed5 sung dinh d\u01b0\u1ee1ng c\u00e2n b\u1eb1ng, h\u1ed7 tr\u1ee3 th\u1ec3 tr\u1ea1ng v\u00e0 ph\u00f9 h\u1ee3p cho b\u1eefa \u0103n h\u1eb1ng ng\u00e0y c\u1ee7a c\u00fan.","breadcrumb":{"@id":"https:\/\/thucung.azdigi.shop\/?product=hat-ganador-adult-vi-ga-quay#breadcrumb"},"inLanguage":"vi","potentialAction":[{"@type":"ReadAction","target":["https:\/\/thucung.azdigi.shop\/?product=hat-ganador-adult-vi-ga-quay"]}]},{"@type":"ImageObject","inLanguage":"vi","@id":"https:\/\/thucung.azdigi.shop\/?product=hat-ganador-adult-vi-ga-quay#primaryimage","url":"https:\/\/thucung.azdigi.shop\/wp-content\/uploads\/2026\/04\/ganadorchickern.webp","contentUrl":"https:\/\/thucung.azdigi.shop\/wp-content\/uploads\/2026\/04\/ganadorchickern.webp","width":1000,"height":1000},{"@type":"BreadcrumbList","@id":"https:\/\/thucung.azdigi.shop\/?product=hat-ganador-adult-vi-ga-quay#breadcrumb","itemListElement":[{"@type":"ListItem","position":1,"name":"Trang ch\u1ee7","item":"https:\/\/thucung.azdigi.shop\/"},{"@type":"ListItem","position":2,"name":"C\u1eeda h\u00e0ng","item":"https:\/\/thucung.azdigi.shop\/?page_id=137"},{"@type":"ListItem","position":3,"name":"H\u1ea1t Ganador Adult Cho Ch\u00f3 Tr\u01b0\u1edfng Th\u00e0nh V\u1ecb G\u00e0 Quay"}]},{"@type":"WebSite","@id":"https:\/\/thucung.azdigi.shop\/#website","url":"https:\/\/thucung.azdigi.shop\/","name":"Chuy\u00ean b\u00e1n th\u00fa c\u01b0ng, ph\u1ee5 ki\u1ec7n, th\u1ee9c \u0103n","description":"","potentialAction":[{"@type":"SearchAction","target":{"@type":"EntryPoint","urlTemplate":"https:\/\/thucung.azdigi.shop\/?s={search_term_string}"},"query-input":{"@type":"PropertyValueSpecification","valueRequired":true,"valueName":"search_term_string"}}],"inLanguage":"vi"}]}},"_links":{"self":[{"href":"https:\/\/thucung.azdigi.shop\/index.php?rest_route=\/wp\/v2\/product\/171","targetHints":{"allow":["GET"]}}],"collection":[{"href":"https:\/\/thucung.azdigi.shop\/index.php?rest_route=\/wp\/v2\/product"}],"about":[{"href":"https:\/\/thucung.azdigi.shop\/index.php?rest_route=\/wp\/v2\/types\/product"}],"replies":[{"embeddable":true,"href":"https:\/\/thucung.azdigi.shop\/index.php?rest_route=%2Fwp%2Fv2%2Fcomments&post=171"}],"wp:featuredmedia":[{"embeddable":true,"href":"https:\/\/thucung.azdigi.shop\/index.php?rest_route=\/wp\/v2\/media\/173"}],"wp:attachment":[{"href":"https:\/\/thucung.azdigi.shop\/index.php?rest_route=%2Fwp%2Fv2%2Fmedia&parent=171"}],"wp:term":[{"taxonomy":"product_brand","embeddable":true,"href":"https:\/\/thucung.azdigi.shop\/index.php?rest_route=%2Fwp%2Fv2%2Fproduct_brand&post=171"},{"taxonomy":"product_cat","embeddable":true,"href":"https:\/\/thucung.azdigi.shop\/index.php?rest_route=%2Fwp%2Fv2%2Fproduct_cat&post=171"},{"taxonomy":"product_tag","embeddable":true,"href":"https:\/\/thucung.azdigi.shop\/index.php?rest_route=%2Fwp%2Fv2%2Fproduct_tag&post=171"}],"curies":[{"name":"wp","href":"https:\/\/api.w.org\/{rel}","templated":true}]}}