{"id":170,"date":"2026-04-04T07:49:44","date_gmt":"2026-04-04T07:49:44","guid":{"rendered":"https:\/\/thucung.azdigi.shop\/?post_type=product&#038;p=170"},"modified":"2026-04-17T18:59:48","modified_gmt":"2026-04-17T18:59:48","slug":"pate-meo-ba-tu-royal-canin-persian-adult-85g","status":"publish","type":"product","link":"https:\/\/thucung.azdigi.shop\/?product=pate-meo-ba-tu-royal-canin-persian-adult-85g","title":{"rendered":"Pate M\u00e8o Ba T\u01b0 Tr\u01b0\u1edfng Th\u00e0nh Royal Canin Persian Adult 85g"},"content":{"rendered":"<h2>Pate m\u00e8o Ba T\u01b0 Royal Canin Persian Adult 85g<\/h2>\n<div>Pate m\u00e8o Ba T\u01b0 Royal Canin Persian Adult 85g l\u00e0 th\u1ee9c \u0103n \u01b0\u1edbt d\u00e0nh cho m\u00e8o Ba T\u01b0 tr\u01b0\u1edfng th\u00e0nh. S\u1ea3n ph\u1ea9m \u0111\u01b0\u1ee3c ph\u00e1t tri\u1ec3n \u0111\u1ec3 ph\u00f9 h\u1ee3p v\u1edbi nhu c\u1ea7u dinh d\u01b0\u1ee1ng ri\u00eang c\u1ee7a gi\u1ed1ng m\u00e8o n\u00e0y.<\/div>\n<div><\/div>\n<div>Royal Canin l\u00e0 th\u01b0\u01a1ng hi\u1ec7u th\u1ee9c \u0103n th\u00fa c\u01b0ng \u0111\u01b0\u1ee3c nhi\u1ec1u ng\u01b0\u1eddi nu\u00f4i tin ch\u1ecdn. D\u00f2ng Persian Adult 85g c\u00f3 k\u1ebft c\u1ea5u m\u1ec1m, d\u1ec5 \u0103n v\u00e0 ph\u00f9 h\u1ee3p cho b\u1eefa \u0103n h\u1eb1ng ng\u00e0y c\u1ee7a m\u00e8o tr\u01b0\u1edfng th\u00e0nh.<\/div>\n<h2>Th\u00f4ng tin s\u1ea3n ph\u1ea9m<\/h2>\n<ul>\n<li>Th\u01b0\u01a1ng hi\u1ec7u:** Royal Canin<\/li>\n<li>\u0110\u1ed1i t\u01b0\u1ee3ng s\u1eed d\u1ee5ng:** M\u00e8o Ba T\u01b0 tr\u01b0\u1edfng th\u00e0nh<\/li>\n<li>Kh\u1ed1i l\u01b0\u1ee3ng:** 85g<\/li>\n<li>D\u1ea1ng th\u1ee9c \u0103n:** Pate cho m\u00e8o<\/li>\n<\/ul>\n<div><\/div>\n<div>## H\u01b0\u1edbng d\u1eabn s\u1eed d\u1ee5ng<\/div>\n<div><\/div>\n<div>Cho m\u00e8o \u0103n theo kh\u1ea9u ph\u1ea7n ph\u00f9 h\u1ee3p v\u1edbi c\u00e2n n\u1eb7ng, \u0111\u1ed9 tu\u1ed5i v\u00e0 nhu c\u1ea7u th\u1ef1c t\u1ebf. C\u00f3 th\u1ec3 d\u00f9ng tr\u1ef1c ti\u1ebfp ho\u1eb7c k\u1ebft h\u1ee3p v\u1edbi h\u1ea1t \u0111\u1ec3 t\u0103ng \u0111\u1ed9 ngon mi\u1ec7ng.<\/div>\n<div><\/div>\n<div>Sau khi m\u1edf g\u00f3i, n\u00ean b\u1ea3o qu\u1ea3n l\u1ea1nh v\u00e0 d\u00f9ng s\u1edbm \u0111\u1ec3 gi\u1eef ch\u1ea5t l\u01b0\u1ee3ng s\u1ea3n ph\u1ea9m t\u1ed1t h\u01a1n.<\/div>\n<div><\/div>\n","protected":false},"excerpt":{"rendered":"<div class=\"productView-moreItem\">\n<div class=\"productView-desc halo-text-format\">Pate M\u00e8o Ba T\u01b0 Tr\u01b0\u1edfng Th\u00e0nh Royal Canin Persian Adult 85g Th\u01b0\u01a1ng hi\u1ec7u:\u00a0Royal Canin Ph\u00f9 h\u1ee3p cho: M\u00e8o&#8230;<\/div>\n<\/div>\n<div class=\"productView-moreItem\">\n<div class=\"productView-info\">\n<div class=\"productView-info-item\"><span class=\"productView-info-name\">Th\u01b0\u01a1ng hi\u1ec7u:<\/span>\u00a0<span class=\"productView-info-value\"><a title=\"Royal Canin\" href=\"https:\/\/paddy.vn\/collections\/vendors?q=Royal%20Canin\">Royal Canin<\/a><\/span><\/div>\n<\/div>\n<\/div>\n<div class=\"productView-moreItem\">\n<div id=\"product-price-7773657727233\" class=\"productView-price no-js-hidden clearfix\">\n<div class=\"price price--medium price--sold-out price--on-sale \">\n<div class=\"price__sale\"><\/div>\n<\/div>\n<\/div>\n<\/div>\n","protected":false},"featured_media":169,"comment_status":"open","ping_status":"closed","template":"","meta":[],"product_brand":[],"product_cat":[34,36],"product_tag":[],"class_list":{"0":"post-170","1":"product","2":"type-product","3":"status-publish","4":"has-post-thumbnail","6":"product_cat-meo","7":"product_cat-thuc-an-uot","9":"first","10":"instock","11":"sale","12":"taxable","13":"shipping-taxable","14":"purchasable","15":"product-type-simple"},"yoast_head":"<!-- This site is optimized with the Yoast SEO plugin v26.9 - https:\/\/yoast.com\/product\/yoast-seo-wordpress\/ -->\n<title>Pate M\u00e8o Ba T\u01b0 Tr\u01b0\u1edfng Th\u00e0nh Royal Canin Persian Adult 85g - Pobi shop<\/title>\n<meta name=\"description\" content=\"Pate m\u00e8o Ba T\u01b0 Royal Canin Persian Adult 85g d\u00e0nh cho m\u00e8o tr\u01b0\u1edfng th\u00e0nh, h\u1ed7 tr\u1ee3 da l\u00f4ng, ti\u00eau h\u00f3a v\u00e0 ph\u00f9 h\u1ee3p v\u1edbi nhu c\u1ea7u dinh d\u01b0\u1ee1ng c\u1ee7a m\u00e8o Ba T\u01b0.\" \/>\n<meta name=\"robots\" content=\"index, follow, max-snippet:-1, max-image-preview:large, max-video-preview:-1\" \/>\n<link rel=\"canonical\" href=\"https:\/\/thucung.azdigi.shop\/?product=pate-meo-ba-tu-royal-canin-persian-adult-85g\" \/>\n<meta property=\"og:locale\" content=\"vi_VN\" \/>\n<meta property=\"og:type\" content=\"article\" \/>\n<meta property=\"og:title\" content=\"Pate M\u00e8o Ba T\u01b0 Tr\u01b0\u1edfng Th\u00e0nh Royal Canin Persian Adult 85g - Pobi shop\" \/>\n<meta property=\"og:description\" content=\"Pate m\u00e8o Ba T\u01b0 Royal Canin Persian Adult 85g d\u00e0nh cho m\u00e8o tr\u01b0\u1edfng th\u00e0nh, h\u1ed7 tr\u1ee3 da l\u00f4ng, ti\u00eau h\u00f3a v\u00e0 ph\u00f9 h\u1ee3p v\u1edbi nhu c\u1ea7u dinh d\u01b0\u1ee1ng c\u1ee7a m\u00e8o Ba T\u01b0.\" \/>\n<meta property=\"og:url\" content=\"https:\/\/thucung.azdigi.shop\/?product=pate-meo-ba-tu-royal-canin-persian-adult-85g\" \/>\n<meta property=\"og:site_name\" content=\"Pobi shop\" \/>\n<meta property=\"article:modified_time\" content=\"2026-04-17T18:59:48+00:00\" \/>\n<meta property=\"og:image\" content=\"https:\/\/thucung.azdigi.shop\/wp-content\/uploads\/2026\/04\/pate-meo-royal-canin-persian-85g_4.webp\" \/>\n\t<meta property=\"og:image:width\" content=\"800\" \/>\n\t<meta property=\"og:image:height\" content=\"800\" \/>\n\t<meta property=\"og:image:type\" content=\"image\/webp\" \/>\n<meta name=\"twitter:card\" content=\"summary_large_image\" \/>\n<meta name=\"twitter:label1\" content=\"\u01af\u1edbc t\u00ednh th\u1eddi gian \u0111\u1ecdc\" \/>\n\t<meta name=\"twitter:data1\" content=\"2 ph\u00fat\" \/>\n<script type=\"application\/ld+json\" class=\"yoast-schema-graph\">{\"@context\":\"https:\/\/schema.org\",\"@graph\":[{\"@type\":\"WebPage\",\"@id\":\"https:\/\/thucung.azdigi.shop\/?product=pate-meo-ba-tu-royal-canin-persian-adult-85g\",\"url\":\"https:\/\/thucung.azdigi.shop\/?product=pate-meo-ba-tu-royal-canin-persian-adult-85g\",\"name\":\"Pate M\u00e8o Ba T\u01b0 Tr\u01b0\u1edfng Th\u00e0nh Royal Canin Persian Adult 85g - Pobi shop\",\"isPartOf\":{\"@id\":\"https:\/\/thucung.azdigi.shop\/#website\"},\"primaryImageOfPage\":{\"@id\":\"https:\/\/thucung.azdigi.shop\/?product=pate-meo-ba-tu-royal-canin-persian-adult-85g#primaryimage\"},\"image\":{\"@id\":\"https:\/\/thucung.azdigi.shop\/?product=pate-meo-ba-tu-royal-canin-persian-adult-85g#primaryimage\"},\"thumbnailUrl\":\"https:\/\/thucung.azdigi.shop\/wp-content\/uploads\/2026\/04\/pate-meo-royal-canin-persian-85g_4.webp\",\"datePublished\":\"2026-04-04T07:49:44+00:00\",\"dateModified\":\"2026-04-17T18:59:48+00:00\",\"description\":\"Pate m\u00e8o Ba T\u01b0 Royal Canin Persian Adult 85g d\u00e0nh cho m\u00e8o tr\u01b0\u1edfng th\u00e0nh, h\u1ed7 tr\u1ee3 da l\u00f4ng, ti\u00eau h\u00f3a v\u00e0 ph\u00f9 h\u1ee3p v\u1edbi nhu c\u1ea7u dinh d\u01b0\u1ee1ng c\u1ee7a m\u00e8o Ba T\u01b0.\",\"breadcrumb\":{\"@id\":\"https:\/\/thucung.azdigi.shop\/?product=pate-meo-ba-tu-royal-canin-persian-adult-85g#breadcrumb\"},\"inLanguage\":\"vi\",\"potentialAction\":[{\"@type\":\"ReadAction\",\"target\":[\"https:\/\/thucung.azdigi.shop\/?product=pate-meo-ba-tu-royal-canin-persian-adult-85g\"]}]},{\"@type\":\"ImageObject\",\"inLanguage\":\"vi\",\"@id\":\"https:\/\/thucung.azdigi.shop\/?product=pate-meo-ba-tu-royal-canin-persian-adult-85g#primaryimage\",\"url\":\"https:\/\/thucung.azdigi.shop\/wp-content\/uploads\/2026\/04\/pate-meo-royal-canin-persian-85g_4.webp\",\"contentUrl\":\"https:\/\/thucung.azdigi.shop\/wp-content\/uploads\/2026\/04\/pate-meo-royal-canin-persian-85g_4.webp\",\"width\":800,\"height\":800},{\"@type\":\"BreadcrumbList\",\"@id\":\"https:\/\/thucung.azdigi.shop\/?product=pate-meo-ba-tu-royal-canin-persian-adult-85g#breadcrumb\",\"itemListElement\":[{\"@type\":\"ListItem\",\"position\":1,\"name\":\"Trang ch\u1ee7\",\"item\":\"https:\/\/thucung.azdigi.shop\/\"},{\"@type\":\"ListItem\",\"position\":2,\"name\":\"C\u1eeda h\u00e0ng\",\"item\":\"https:\/\/thucung.azdigi.shop\/?page_id=137\"},{\"@type\":\"ListItem\",\"position\":3,\"name\":\"Pate M\u00e8o Ba T\u01b0 Tr\u01b0\u1edfng Th\u00e0nh Royal Canin Persian Adult 85g\"}]},{\"@type\":\"WebSite\",\"@id\":\"https:\/\/thucung.azdigi.shop\/#website\",\"url\":\"https:\/\/thucung.azdigi.shop\/\",\"name\":\"Chuy\u00ean b\u00e1n th\u00fa c\u01b0ng, ph\u1ee5 ki\u1ec7n, th\u1ee9c \u0103n\",\"description\":\"\",\"potentialAction\":[{\"@type\":\"SearchAction\",\"target\":{\"@type\":\"EntryPoint\",\"urlTemplate\":\"https:\/\/thucung.azdigi.shop\/?s={search_term_string}\"},\"query-input\":{\"@type\":\"PropertyValueSpecification\",\"valueRequired\":true,\"valueName\":\"search_term_string\"}}],\"inLanguage\":\"vi\"}]}<\/script>\n<!-- \/ Yoast SEO plugin. -->","yoast_head_json":{"title":"Pate M\u00e8o Ba T\u01b0 Tr\u01b0\u1edfng Th\u00e0nh Royal Canin Persian Adult 85g - Pobi shop","description":"Pate m\u00e8o Ba T\u01b0 Royal Canin Persian Adult 85g d\u00e0nh cho m\u00e8o tr\u01b0\u1edfng th\u00e0nh, h\u1ed7 tr\u1ee3 da l\u00f4ng, ti\u00eau h\u00f3a v\u00e0 ph\u00f9 h\u1ee3p v\u1edbi nhu c\u1ea7u dinh d\u01b0\u1ee1ng c\u1ee7a m\u00e8o Ba T\u01b0.","robots":{"index":"index","follow":"follow","max-snippet":"max-snippet:-1","max-image-preview":"max-image-preview:large","max-video-preview":"max-video-preview:-1"},"canonical":"https:\/\/thucung.azdigi.shop\/?product=pate-meo-ba-tu-royal-canin-persian-adult-85g","og_locale":"vi_VN","og_type":"article","og_title":"Pate M\u00e8o Ba T\u01b0 Tr\u01b0\u1edfng Th\u00e0nh Royal Canin Persian Adult 85g - Pobi shop","og_description":"Pate m\u00e8o Ba T\u01b0 Royal Canin Persian Adult 85g d\u00e0nh cho m\u00e8o tr\u01b0\u1edfng th\u00e0nh, h\u1ed7 tr\u1ee3 da l\u00f4ng, ti\u00eau h\u00f3a v\u00e0 ph\u00f9 h\u1ee3p v\u1edbi nhu c\u1ea7u dinh d\u01b0\u1ee1ng c\u1ee7a m\u00e8o Ba T\u01b0.","og_url":"https:\/\/thucung.azdigi.shop\/?product=pate-meo-ba-tu-royal-canin-persian-adult-85g","og_site_name":"Pobi shop","article_modified_time":"2026-04-17T18:59:48+00:00","og_image":[{"width":800,"height":800,"url":"https:\/\/thucung.azdigi.shop\/wp-content\/uploads\/2026\/04\/pate-meo-royal-canin-persian-85g_4.webp","type":"image\/webp"}],"twitter_card":"summary_large_image","twitter_misc":{"\u01af\u1edbc t\u00ednh th\u1eddi gian \u0111\u1ecdc":"2 ph\u00fat"},"schema":{"@context":"https:\/\/schema.org","@graph":[{"@type":"WebPage","@id":"https:\/\/thucung.azdigi.shop\/?product=pate-meo-ba-tu-royal-canin-persian-adult-85g","url":"https:\/\/thucung.azdigi.shop\/?product=pate-meo-ba-tu-royal-canin-persian-adult-85g","name":"Pate M\u00e8o Ba T\u01b0 Tr\u01b0\u1edfng Th\u00e0nh Royal Canin Persian Adult 85g - Pobi shop","isPartOf":{"@id":"https:\/\/thucung.azdigi.shop\/#website"},"primaryImageOfPage":{"@id":"https:\/\/thucung.azdigi.shop\/?product=pate-meo-ba-tu-royal-canin-persian-adult-85g#primaryimage"},"image":{"@id":"https:\/\/thucung.azdigi.shop\/?product=pate-meo-ba-tu-royal-canin-persian-adult-85g#primaryimage"},"thumbnailUrl":"https:\/\/thucung.azdigi.shop\/wp-content\/uploads\/2026\/04\/pate-meo-royal-canin-persian-85g_4.webp","datePublished":"2026-04-04T07:49:44+00:00","dateModified":"2026-04-17T18:59:48+00:00","description":"Pate m\u00e8o Ba T\u01b0 Royal Canin Persian Adult 85g d\u00e0nh cho m\u00e8o tr\u01b0\u1edfng th\u00e0nh, h\u1ed7 tr\u1ee3 da l\u00f4ng, ti\u00eau h\u00f3a v\u00e0 ph\u00f9 h\u1ee3p v\u1edbi nhu c\u1ea7u dinh d\u01b0\u1ee1ng c\u1ee7a m\u00e8o Ba T\u01b0.","breadcrumb":{"@id":"https:\/\/thucung.azdigi.shop\/?product=pate-meo-ba-tu-royal-canin-persian-adult-85g#breadcrumb"},"inLanguage":"vi","potentialAction":[{"@type":"ReadAction","target":["https:\/\/thucung.azdigi.shop\/?product=pate-meo-ba-tu-royal-canin-persian-adult-85g"]}]},{"@type":"ImageObject","inLanguage":"vi","@id":"https:\/\/thucung.azdigi.shop\/?product=pate-meo-ba-tu-royal-canin-persian-adult-85g#primaryimage","url":"https:\/\/thucung.azdigi.shop\/wp-content\/uploads\/2026\/04\/pate-meo-royal-canin-persian-85g_4.webp","contentUrl":"https:\/\/thucung.azdigi.shop\/wp-content\/uploads\/2026\/04\/pate-meo-royal-canin-persian-85g_4.webp","width":800,"height":800},{"@type":"BreadcrumbList","@id":"https:\/\/thucung.azdigi.shop\/?product=pate-meo-ba-tu-royal-canin-persian-adult-85g#breadcrumb","itemListElement":[{"@type":"ListItem","position":1,"name":"Trang ch\u1ee7","item":"https:\/\/thucung.azdigi.shop\/"},{"@type":"ListItem","position":2,"name":"C\u1eeda h\u00e0ng","item":"https:\/\/thucung.azdigi.shop\/?page_id=137"},{"@type":"ListItem","position":3,"name":"Pate M\u00e8o Ba T\u01b0 Tr\u01b0\u1edfng Th\u00e0nh Royal Canin Persian Adult 85g"}]},{"@type":"WebSite","@id":"https:\/\/thucung.azdigi.shop\/#website","url":"https:\/\/thucung.azdigi.shop\/","name":"Chuy\u00ean b\u00e1n th\u00fa c\u01b0ng, ph\u1ee5 ki\u1ec7n, th\u1ee9c \u0103n","description":"","potentialAction":[{"@type":"SearchAction","target":{"@type":"EntryPoint","urlTemplate":"https:\/\/thucung.azdigi.shop\/?s={search_term_string}"},"query-input":{"@type":"PropertyValueSpecification","valueRequired":true,"valueName":"search_term_string"}}],"inLanguage":"vi"}]}},"_links":{"self":[{"href":"https:\/\/thucung.azdigi.shop\/index.php?rest_route=\/wp\/v2\/product\/170","targetHints":{"allow":["GET"]}}],"collection":[{"href":"https:\/\/thucung.azdigi.shop\/index.php?rest_route=\/wp\/v2\/product"}],"about":[{"href":"https:\/\/thucung.azdigi.shop\/index.php?rest_route=\/wp\/v2\/types\/product"}],"replies":[{"embeddable":true,"href":"https:\/\/thucung.azdigi.shop\/index.php?rest_route=%2Fwp%2Fv2%2Fcomments&post=170"}],"wp:featuredmedia":[{"embeddable":true,"href":"https:\/\/thucung.azdigi.shop\/index.php?rest_route=\/wp\/v2\/media\/169"}],"wp:attachment":[{"href":"https:\/\/thucung.azdigi.shop\/index.php?rest_route=%2Fwp%2Fv2%2Fmedia&parent=170"}],"wp:term":[{"taxonomy":"product_brand","embeddable":true,"href":"https:\/\/thucung.azdigi.shop\/index.php?rest_route=%2Fwp%2Fv2%2Fproduct_brand&post=170"},{"taxonomy":"product_cat","embeddable":true,"href":"https:\/\/thucung.azdigi.shop\/index.php?rest_route=%2Fwp%2Fv2%2Fproduct_cat&post=170"},{"taxonomy":"product_tag","embeddable":true,"href":"https:\/\/thucung.azdigi.shop\/index.php?rest_route=%2Fwp%2Fv2%2Fproduct_tag&post=170"}],"curies":[{"name":"wp","href":"https:\/\/api.w.org\/{rel}","templated":true}]}}