{"id":138,"date":"2026-03-29T09:11:34","date_gmt":"2026-03-29T09:11:34","guid":{"rendered":"https:\/\/thucung.azdigi.shop\/?page_id=138"},"modified":"2026-04-04T09:44:39","modified_gmt":"2026-04-04T09:44:39","slug":"gio-hang","status":"publish","type":"page","link":"https:\/\/thucung.azdigi.shop\/?page_id=138","title":{"rendered":"Gi\u1ecf h\u00e0ng"},"content":{"rendered":"\n<div data-block-name=\"woocommerce\/cart\" class=\"wp-block-woocommerce-cart alignwide is-loading\">\n<div data-block-name=\"woocommerce\/filled-cart-block\" class=\"wp-block-woocommerce-filled-cart-block\">\n<div data-block-name=\"woocommerce\/cart-items-block\" class=\"wp-block-woocommerce-cart-items-block\">\n<div data-block-name=\"woocommerce\/cart-line-items-block\" class=\"wp-block-woocommerce-cart-line-items-block\"><\/div>\n\n\n<\/div>\n\n\n\n\n<div data-block-name=\"woocommerce\/cart-totals-block\" class=\"wp-block-woocommerce-cart-totals-block\">\n<div data-block-name=\"woocommerce\/cart-order-summary-block\" class=\"wp-block-woocommerce-cart-order-summary-block\">\n<div data-block-name=\"woocommerce\/cart-order-summary-heading-block\" class=\"wp-block-woocommerce-cart-order-summary-heading-block\"><\/div><div data-block-name=\"woocommerce\/cart-order-summary-coupon-form-block\" class=\"wp-block-woocommerce-cart-order-summary-coupon-form-block\"><\/div><div data-block-name=\"woocommerce\/cart-order-summary-totals-block\" class=\"wp-block-woocommerce-cart-order-summary-totals-block\">\n<div data-block-name=\"woocommerce\/cart-order-summary-subtotal-block\" class=\"wp-block-woocommerce-cart-order-summary-subtotal-block\"><\/div>\n<div data-block-name=\"woocommerce\/cart-order-summary-discount-block\" class=\"wp-block-woocommerce-cart-order-summary-discount-block\"><\/div>\n<div data-block-name=\"woocommerce\/cart-order-summary-fee-block\" class=\"wp-block-woocommerce-cart-order-summary-fee-block\"><\/div>\n<div data-block-name=\"woocommerce\/cart-order-summary-shipping-block\" class=\"wp-block-woocommerce-cart-order-summary-shipping-block\"><\/div>\n<div data-block-name=\"woocommerce\/cart-order-summary-taxes-block\" class=\"wp-block-woocommerce-cart-order-summary-taxes-block\"><\/div><\/div>\n<\/div>\n\n\n\n<div data-block-name=\"woocommerce\/cart-express-payment-block\" class=\"wp-block-woocommerce-cart-express-payment-block\"><\/div>\n\n\n\n<div data-block-name=\"woocommerce\/proceed-to-checkout-block\" class=\"wp-block-woocommerce-proceed-to-checkout-block\"><\/div>\n\n\n\n<div data-block-name=\"woocommerce\/cart-accepted-payment-methods-block\" class=\"wp-block-woocommerce-cart-accepted-payment-methods-block\"><\/div>\n<\/div>\n<\/div>\n\n\n\n<div data-block-name=\"woocommerce\/empty-cart-block\" class=\"wp-block-woocommerce-empty-cart-block\">\n<h2 class=\"wp-block-heading has-text-align-center with-empty-cart-icon wc-block-cart__empty-cart__title\">Gi\u1ecf h\u00e0ng hi\u1ec7n t\u1ea1i ch\u01b0a c\u00f3 s\u1ea3n ph\u1ea9m n\u00e0o!<\/h2>\n\n\n\n<hr class=\"wp-block-separator has-alpha-channel-opacity is-style-dots\"\/>\n\n\n\n<h2 class=\"wp-block-heading has-text-align-center\">M\u1edbi trong c\u1eeda h\u00e0ng<\/h2>\n\n\n<div data-block-name=\"woocommerce\/product-new\" data-columns=\"4\" data-rows=\"1\" class=\"wc-block-grid wp-block-product-new wp-block-woocommerce-product-new wc-block-product-new has-4-columns\"><ul class=\"wc-block-grid__products\"><li class=\"wc-block-grid__product\">\n\t\t\t\t<a href=\"https:\/\/thucung.azdigi.shop\/?product=pate-nutri-plan-holic-85g\" class=\"wc-block-grid__product-link\">\n\t\t\t\t\t<div class=\"wc-block-grid__product-onsale\">\n\t\t\t<span aria-hidden=\"true\">Khuy\u1ebfn m\u1ea1i<\/span>\n\t\t\t<span class=\"screen-reader-text\">S\u1ea3n ph\u1ea9m \u0111ang gi\u1ea3m gi\u00e1<\/span>\n\t\t<\/div>\n\t\t\t\t\t<div class=\"wc-block-grid__product-image\"><img loading=\"lazy\" decoding=\"async\" width=\"300\" height=\"300\" src=\"https:\/\/thucung.azdigi.shop\/wp-content\/uploads\/2026\/04\/pate-cho--300x300.png\" class=\"attachment-woocommerce_thumbnail size-woocommerce_thumbnail\" alt=\"Pate Cho Ch\u00f3 Th\u1ecbt &amp; Rau C\u1ee7 Nutri Plan Holic (Lon 85g)\" srcset=\"https:\/\/thucung.azdigi.shop\/wp-content\/uploads\/2026\/04\/pate-cho--300x300.png 300w, https:\/\/thucung.azdigi.shop\/wp-content\/uploads\/2026\/04\/pate-cho--150x150.png 150w, https:\/\/thucung.azdigi.shop\/wp-content\/uploads\/2026\/04\/pate-cho--100x100.png 100w\" sizes=\"auto, (max-width: 300px) 100vw, 300px\" \/><\/div>\n\t\t\t\t\t<div class=\"wc-block-grid__product-title\">Pate Cho Ch\u00f3 Th\u1ecbt &amp; Rau C\u1ee7 Nutri Plan Holic (Lon 85g)<\/div>\n\t\t\t\t<\/a>\n\t\t\t\t<div class=\"wc-block-grid__product-price price\"><del aria-hidden=\"true\"><span class=\"woocommerce-Price-amount amount\">30.000&nbsp;<span class=\"woocommerce-Price-currencySymbol\">&#8363;<\/span><\/span><\/del> <span class=\"screen-reader-text\">Gi\u00e1 g\u1ed1c l\u00e0: 30.000&nbsp;&#8363;.<\/span><ins aria-hidden=\"true\"><span class=\"woocommerce-Price-amount amount\">25.000&nbsp;<span class=\"woocommerce-Price-currencySymbol\">&#8363;<\/span><\/span><\/ins><span class=\"screen-reader-text\">Gi\u00e1 hi\u1ec7n t\u1ea1i l\u00e0: 25.000&nbsp;&#8363;.<\/span><\/div>\n\t\t\t\t\n\t\t\t\t<div class=\"wp-block-button wc-block-grid__product-add-to-cart\"><a href=\"https:\/\/thucung.azdigi.shop\/?product=pate-nutri-plan-holic-85g\" aria-label=\"L\u1ef1a ch\u1ecdn cho &ldquo;Pate Cho Ch\u00f3 Th\u1ecbt &amp; Rau C\u1ee7 Nutri Plan Holic (Lon 85g)&rdquo;\" data-quantity=\"1\" data-product_id=\"697\" data-product_sku=\"\" data-price=\"25000\" rel=\"nofollow\" class=\"wp-block-button__link  add_to_cart_button\">Ch\u1ecdn<\/a><\/div>\n\t\t\t<\/li><li class=\"wc-block-grid__product\">\n\t\t\t\t<a href=\"https:\/\/thucung.azdigi.shop\/?product=pate-cho-cho-meo-royal-canin-recovery-lon-195g\" class=\"wc-block-grid__product-link\">\n\t\t\t\t\t\n\t\t\t\t\t<div class=\"wc-block-grid__product-image\"><img loading=\"lazy\" decoding=\"async\" width=\"300\" height=\"300\" src=\"https:\/\/thucung.azdigi.shop\/wp-content\/uploads\/2026\/04\/pate-cho-cho-meo-royal-canin-recovery-lon-195g-300x300.webp\" class=\"attachment-woocommerce_thumbnail size-woocommerce_thumbnail\" alt=\"Pate Cho Ch\u00f3 M\u00e8o Royal Canin Recovery Lon 195g\" srcset=\"https:\/\/thucung.azdigi.shop\/wp-content\/uploads\/2026\/04\/pate-cho-cho-meo-royal-canin-recovery-lon-195g-300x300.webp 300w, https:\/\/thucung.azdigi.shop\/wp-content\/uploads\/2026\/04\/pate-cho-cho-meo-royal-canin-recovery-lon-195g-150x150.webp 150w, https:\/\/thucung.azdigi.shop\/wp-content\/uploads\/2026\/04\/pate-cho-cho-meo-royal-canin-recovery-lon-195g-768x768.webp 768w, https:\/\/thucung.azdigi.shop\/wp-content\/uploads\/2026\/04\/pate-cho-cho-meo-royal-canin-recovery-lon-195g-600x600.webp 600w, https:\/\/thucung.azdigi.shop\/wp-content\/uploads\/2026\/04\/pate-cho-cho-meo-royal-canin-recovery-lon-195g-100x100.webp 100w, https:\/\/thucung.azdigi.shop\/wp-content\/uploads\/2026\/04\/pate-cho-cho-meo-royal-canin-recovery-lon-195g.webp 800w\" sizes=\"auto, (max-width: 300px) 100vw, 300px\" \/><\/div>\n\t\t\t\t\t<div class=\"wc-block-grid__product-title\">Pate Cho Ch\u00f3 M\u00e8o Royal Canin Recovery Lon 195g<\/div>\n\t\t\t\t<\/a>\n\t\t\t\t<div class=\"wc-block-grid__product-price price\"><span class=\"woocommerce-Price-amount amount\" aria-hidden=\"true\">30.000&nbsp;<span class=\"woocommerce-Price-currencySymbol\">&#8363;<\/span><\/span> <span aria-hidden=\"true\">&ndash;<\/span> <span class=\"woocommerce-Price-amount amount\" aria-hidden=\"true\">290.000&nbsp;<span class=\"woocommerce-Price-currencySymbol\">&#8363;<\/span><\/span><span class=\"screen-reader-text\">Kho\u1ea3ng gi\u00e1: t\u1eeb 30.000&nbsp;&#8363; \u0111\u1ebfn 290.000&nbsp;&#8363;<\/span><\/div>\n\t\t\t\t\n\t\t\t\t<div class=\"wp-block-button wc-block-grid__product-add-to-cart\"><a href=\"https:\/\/thucung.azdigi.shop\/?product=pate-cho-cho-meo-royal-canin-recovery-lon-195g\" aria-label=\"L\u1ef1a ch\u1ecdn cho &ldquo;Pate Cho Ch\u00f3 M\u00e8o Royal Canin Recovery Lon 195g&rdquo;\" data-quantity=\"1\" data-product_id=\"694\" data-product_sku=\"\" data-price=\"30000\" rel=\"nofollow\" class=\"wp-block-button__link  add_to_cart_button\">Ch\u1ecdn<\/a><\/div>\n\t\t\t<\/li><li class=\"wc-block-grid__product\">\n\t\t\t\t<a href=\"https:\/\/thucung.azdigi.shop\/?product=pate-cho-cho-pate-monge-nhieu-vi-100g\" class=\"wc-block-grid__product-link\">\n\t\t\t\t\t<div class=\"wc-block-grid__product-onsale\">\n\t\t\t<span aria-hidden=\"true\">Khuy\u1ebfn m\u1ea1i<\/span>\n\t\t\t<span class=\"screen-reader-text\">S\u1ea3n ph\u1ea9m \u0111ang gi\u1ea3m gi\u00e1<\/span>\n\t\t<\/div>\n\t\t\t\t\t<div class=\"wc-block-grid__product-image\"><img loading=\"lazy\" decoding=\"async\" width=\"300\" height=\"300\" src=\"https:\/\/thucung.azdigi.shop\/wp-content\/uploads\/2026\/04\/pate-monge-cho-nhieu-vi-300x300.jpg\" class=\"attachment-woocommerce_thumbnail size-woocommerce_thumbnail\" alt=\"Pate Cho Ch\u00f3 Pate Monge Nhi\u1ec1u V\u1ecb 100g\" srcset=\"https:\/\/thucung.azdigi.shop\/wp-content\/uploads\/2026\/04\/pate-monge-cho-nhieu-vi-300x300.jpg 300w, https:\/\/thucung.azdigi.shop\/wp-content\/uploads\/2026\/04\/pate-monge-cho-nhieu-vi-150x150.jpg 150w, https:\/\/thucung.azdigi.shop\/wp-content\/uploads\/2026\/04\/pate-monge-cho-nhieu-vi-768x768.jpg 768w, https:\/\/thucung.azdigi.shop\/wp-content\/uploads\/2026\/04\/pate-monge-cho-nhieu-vi-600x600.jpg 600w, https:\/\/thucung.azdigi.shop\/wp-content\/uploads\/2026\/04\/pate-monge-cho-nhieu-vi-100x100.jpg 100w, https:\/\/thucung.azdigi.shop\/wp-content\/uploads\/2026\/04\/pate-monge-cho-nhieu-vi.jpg 1000w\" sizes=\"auto, (max-width: 300px) 100vw, 300px\" \/><\/div>\n\t\t\t\t\t<div class=\"wc-block-grid__product-title\">Pate Cho Ch\u00f3 Pate Monge Nhi\u1ec1u V\u1ecb 100g<\/div>\n\t\t\t\t<\/a>\n\t\t\t\t<div class=\"wc-block-grid__product-price price\"><del aria-hidden=\"true\"><span class=\"woocommerce-Price-amount amount\">25.000&nbsp;<span class=\"woocommerce-Price-currencySymbol\">&#8363;<\/span><\/span><\/del> <span class=\"screen-reader-text\">Gi\u00e1 g\u1ed1c l\u00e0: 25.000&nbsp;&#8363;.<\/span><ins aria-hidden=\"true\"><span class=\"woocommerce-Price-amount amount\">22.000&nbsp;<span class=\"woocommerce-Price-currencySymbol\">&#8363;<\/span><\/span><\/ins><span class=\"screen-reader-text\">Gi\u00e1 hi\u1ec7n t\u1ea1i l\u00e0: 22.000&nbsp;&#8363;.<\/span><\/div>\n\t\t\t\t\n\t\t\t\t<div class=\"wp-block-button wc-block-grid__product-add-to-cart\"><a href=\"https:\/\/thucung.azdigi.shop\/?product=pate-cho-cho-pate-monge-nhieu-vi-100g\" aria-label=\"L\u1ef1a ch\u1ecdn cho &ldquo;Pate Cho Ch\u00f3 Pate Monge Nhi\u1ec1u V\u1ecb 100g&rdquo;\" data-quantity=\"1\" data-product_id=\"678\" data-product_sku=\"\" data-price=\"22000\" rel=\"nofollow\" class=\"wp-block-button__link  add_to_cart_button\">Ch\u1ecdn<\/a><\/div>\n\t\t\t<\/li><li class=\"wc-block-grid__product\">\n\t\t\t\t<a href=\"https:\/\/thucung.azdigi.shop\/?product=hat-cho-cho-poodle-truong-thanh-royal-canin-poodle-adult\" class=\"wc-block-grid__product-link\">\n\t\t\t\t\t\n\t\t\t\t\t<div class=\"wc-block-grid__product-image\"><img loading=\"lazy\" decoding=\"async\" width=\"300\" height=\"300\" src=\"https:\/\/thucung.azdigi.shop\/wp-content\/uploads\/2026\/04\/hat-royal-canin-poodle-adult-cho-cho-poodle-truong-thanh-paddy-2-300x300.webp\" class=\"attachment-woocommerce_thumbnail size-woocommerce_thumbnail\" alt=\"H\u1ea1t Cho Ch\u00f3 Royal Canin Poodle Adult\" srcset=\"https:\/\/thucung.azdigi.shop\/wp-content\/uploads\/2026\/04\/hat-royal-canin-poodle-adult-cho-cho-poodle-truong-thanh-paddy-2-300x300.webp 300w, https:\/\/thucung.azdigi.shop\/wp-content\/uploads\/2026\/04\/hat-royal-canin-poodle-adult-cho-cho-poodle-truong-thanh-paddy-2-1024x1024.webp 1024w, https:\/\/thucung.azdigi.shop\/wp-content\/uploads\/2026\/04\/hat-royal-canin-poodle-adult-cho-cho-poodle-truong-thanh-paddy-2-150x150.webp 150w, https:\/\/thucung.azdigi.shop\/wp-content\/uploads\/2026\/04\/hat-royal-canin-poodle-adult-cho-cho-poodle-truong-thanh-paddy-2-768x768.webp 768w, https:\/\/thucung.azdigi.shop\/wp-content\/uploads\/2026\/04\/hat-royal-canin-poodle-adult-cho-cho-poodle-truong-thanh-paddy-2-1536x1536.webp 1536w, https:\/\/thucung.azdigi.shop\/wp-content\/uploads\/2026\/04\/hat-royal-canin-poodle-adult-cho-cho-poodle-truong-thanh-paddy-2-600x600.webp 600w, https:\/\/thucung.azdigi.shop\/wp-content\/uploads\/2026\/04\/hat-royal-canin-poodle-adult-cho-cho-poodle-truong-thanh-paddy-2-100x100.webp 100w, https:\/\/thucung.azdigi.shop\/wp-content\/uploads\/2026\/04\/hat-royal-canin-poodle-adult-cho-cho-poodle-truong-thanh-paddy-2.webp 1876w\" sizes=\"auto, (max-width: 300px) 100vw, 300px\" \/><\/div>\n\t\t\t\t\t<div class=\"wc-block-grid__product-title\">H\u1ea1t Cho Ch\u00f3 Royal Canin Poodle Adult<\/div>\n\t\t\t\t<\/a>\n\t\t\t\t<div class=\"wc-block-grid__product-price price\"><span class=\"woocommerce-Price-amount amount\" aria-hidden=\"true\">179.000&nbsp;<span class=\"woocommerce-Price-currencySymbol\">&#8363;<\/span><\/span> <span aria-hidden=\"true\">&ndash;<\/span> <span class=\"woocommerce-Price-amount amount\" aria-hidden=\"true\">1.959.000&nbsp;<span class=\"woocommerce-Price-currencySymbol\">&#8363;<\/span><\/span><span class=\"screen-reader-text\">Kho\u1ea3ng gi\u00e1: t\u1eeb 179.000&nbsp;&#8363; \u0111\u1ebfn 1.959.000&nbsp;&#8363;<\/span><\/div>\n\t\t\t\t\n\t\t\t\t<div class=\"wp-block-button wc-block-grid__product-add-to-cart\"><a href=\"https:\/\/thucung.azdigi.shop\/?product=hat-cho-cho-poodle-truong-thanh-royal-canin-poodle-adult\" aria-label=\"L\u1ef1a ch\u1ecdn cho &ldquo;H\u1ea1t Cho Ch\u00f3 Royal Canin Poodle Adult&rdquo;\" data-quantity=\"1\" data-product_id=\"666\" data-product_sku=\"\" data-price=\"179000\" rel=\"nofollow\" class=\"wp-block-button__link  add_to_cart_button\">Ch\u1ecdn<\/a><\/div>\n\t\t\t<\/li><\/ul><\/div><\/div>\n<\/div>\n","protected":false},"excerpt":{"rendered":"","protected":false},"author":1,"featured_media":0,"parent":0,"menu_order":0,"comment_status":"closed","ping_status":"closed","template":"","meta":{"footnotes":""},"class_list":["post-138","page","type-page","status-publish","hentry"],"yoast_head":"<!-- This site is optimized with the Yoast SEO plugin v26.9 - https:\/\/yoast.com\/product\/yoast-seo-wordpress\/ -->\n<title>Gi\u1ecf h\u00e0ng - Pobi shop<\/title>\n<meta name=\"robots\" content=\"index, follow, max-snippet:-1, max-image-preview:large, max-video-preview:-1\" \/>\n<link rel=\"canonical\" href=\"https:\/\/thucung.azdigi.shop\/?page_id=138\" \/>\n<meta property=\"og:locale\" content=\"vi_VN\" \/>\n<meta property=\"og:type\" content=\"article\" \/>\n<meta property=\"og:title\" content=\"Gi\u1ecf h\u00e0ng - Pobi shop\" \/>\n<meta property=\"og:url\" content=\"https:\/\/thucung.azdigi.shop\/?page_id=138\" \/>\n<meta property=\"og:site_name\" content=\"Pobi shop\" \/>\n<meta property=\"article:modified_time\" content=\"2026-04-04T09:44:39+00:00\" \/>\n<meta name=\"twitter:card\" content=\"summary_large_image\" \/>\n<script type=\"application\/ld+json\" class=\"yoast-schema-graph\">{\"@context\":\"https:\/\/schema.org\",\"@graph\":[{\"@type\":\"WebPage\",\"@id\":\"https:\/\/thucung.azdigi.shop\/?page_id=138\",\"url\":\"https:\/\/thucung.azdigi.shop\/?page_id=138\",\"name\":\"Gi\u1ecf h\u00e0ng - Pobi shop\",\"isPartOf\":{\"@id\":\"https:\/\/thucung.azdigi.shop\/#website\"},\"datePublished\":\"2026-03-29T09:11:34+00:00\",\"dateModified\":\"2026-04-04T09:44:39+00:00\",\"breadcrumb\":{\"@id\":\"https:\/\/thucung.azdigi.shop\/?page_id=138#breadcrumb\"},\"inLanguage\":\"vi\",\"potentialAction\":[{\"@type\":\"ReadAction\",\"target\":[\"https:\/\/thucung.azdigi.shop\/?page_id=138\"]}]},{\"@type\":\"BreadcrumbList\",\"@id\":\"https:\/\/thucung.azdigi.shop\/?page_id=138#breadcrumb\",\"itemListElement\":[{\"@type\":\"ListItem\",\"position\":1,\"name\":\"Trang ch\u1ee7\",\"item\":\"https:\/\/thucung.azdigi.shop\/\"},{\"@type\":\"ListItem\",\"position\":2,\"name\":\"Gi\u1ecf h\u00e0ng\"}]},{\"@type\":\"WebSite\",\"@id\":\"https:\/\/thucung.azdigi.shop\/#website\",\"url\":\"https:\/\/thucung.azdigi.shop\/\",\"name\":\"Chuy\u00ean b\u00e1n th\u00fa c\u01b0ng, ph\u1ee5 ki\u1ec7n, th\u1ee9c \u0103n\",\"description\":\"\",\"potentialAction\":[{\"@type\":\"SearchAction\",\"target\":{\"@type\":\"EntryPoint\",\"urlTemplate\":\"https:\/\/thucung.azdigi.shop\/?s={search_term_string}\"},\"query-input\":{\"@type\":\"PropertyValueSpecification\",\"valueRequired\":true,\"valueName\":\"search_term_string\"}}],\"inLanguage\":\"vi\"}]}<\/script>\n<!-- \/ Yoast SEO plugin. -->","yoast_head_json":{"title":"Gi\u1ecf h\u00e0ng - Pobi shop","robots":{"index":"index","follow":"follow","max-snippet":"max-snippet:-1","max-image-preview":"max-image-preview:large","max-video-preview":"max-video-preview:-1"},"canonical":"https:\/\/thucung.azdigi.shop\/?page_id=138","og_locale":"vi_VN","og_type":"article","og_title":"Gi\u1ecf h\u00e0ng - Pobi shop","og_url":"https:\/\/thucung.azdigi.shop\/?page_id=138","og_site_name":"Pobi shop","article_modified_time":"2026-04-04T09:44:39+00:00","twitter_card":"summary_large_image","schema":{"@context":"https:\/\/schema.org","@graph":[{"@type":"WebPage","@id":"https:\/\/thucung.azdigi.shop\/?page_id=138","url":"https:\/\/thucung.azdigi.shop\/?page_id=138","name":"Gi\u1ecf h\u00e0ng - Pobi shop","isPartOf":{"@id":"https:\/\/thucung.azdigi.shop\/#website"},"datePublished":"2026-03-29T09:11:34+00:00","dateModified":"2026-04-04T09:44:39+00:00","breadcrumb":{"@id":"https:\/\/thucung.azdigi.shop\/?page_id=138#breadcrumb"},"inLanguage":"vi","potentialAction":[{"@type":"ReadAction","target":["https:\/\/thucung.azdigi.shop\/?page_id=138"]}]},{"@type":"BreadcrumbList","@id":"https:\/\/thucung.azdigi.shop\/?page_id=138#breadcrumb","itemListElement":[{"@type":"ListItem","position":1,"name":"Trang ch\u1ee7","item":"https:\/\/thucung.azdigi.shop\/"},{"@type":"ListItem","position":2,"name":"Gi\u1ecf h\u00e0ng"}]},{"@type":"WebSite","@id":"https:\/\/thucung.azdigi.shop\/#website","url":"https:\/\/thucung.azdigi.shop\/","name":"Chuy\u00ean b\u00e1n th\u00fa c\u01b0ng, ph\u1ee5 ki\u1ec7n, th\u1ee9c \u0103n","description":"","potentialAction":[{"@type":"SearchAction","target":{"@type":"EntryPoint","urlTemplate":"https:\/\/thucung.azdigi.shop\/?s={search_term_string}"},"query-input":{"@type":"PropertyValueSpecification","valueRequired":true,"valueName":"search_term_string"}}],"inLanguage":"vi"}]}},"_links":{"self":[{"href":"https:\/\/thucung.azdigi.shop\/index.php?rest_route=\/wp\/v2\/pages\/138","targetHints":{"allow":["GET"]}}],"collection":[{"href":"https:\/\/thucung.azdigi.shop\/index.php?rest_route=\/wp\/v2\/pages"}],"about":[{"href":"https:\/\/thucung.azdigi.shop\/index.php?rest_route=\/wp\/v2\/types\/page"}],"author":[{"embeddable":true,"href":"https:\/\/thucung.azdigi.shop\/index.php?rest_route=\/wp\/v2\/users\/1"}],"replies":[{"embeddable":true,"href":"https:\/\/thucung.azdigi.shop\/index.php?rest_route=%2Fwp%2Fv2%2Fcomments&post=138"}],"version-history":[{"count":1,"href":"https:\/\/thucung.azdigi.shop\/index.php?rest_route=\/wp\/v2\/pages\/138\/revisions"}],"predecessor-version":[{"id":217,"href":"https:\/\/thucung.azdigi.shop\/index.php?rest_route=\/wp\/v2\/pages\/138\/revisions\/217"}],"wp:attachment":[{"href":"https:\/\/thucung.azdigi.shop\/index.php?rest_route=%2Fwp%2Fv2%2Fmedia&parent=138"}],"curies":[{"name":"wp","href":"https:\/\/api.w.org\/{rel}","templated":true}]}}